{"id":9872,"date":"2024-06-17T14:29:03","date_gmt":"2024-06-17T07:29:03","guid":{"rendered":"https:\/\/taylormade-golf.vn\/?post_type=product&#038;p=9872"},"modified":"2024-06-17T15:03:26","modified_gmt":"2024-06-17T08:03:26","slug":"putter-spider-gtx-silver","status":"publish","type":"product","link":"https:\/\/taylormade-golf.vn\/en\/product\/putter-spider-gtx-silver\/","title":{"rendered":"Putter Spider GTX Silver"},"content":{"rendered":"<p>SHAPED FOR STABILITY<\/p>\n<p>The Spider GTX boasts a sleek, modern design that pays homage to the classic high-MOI Spider shape. Its fluid lines and sharp angles come together to create a visually striking frame that perfectly cradles the golf ball at address. In addition to its aesthetic appeal, the Spider GTX offers exceptional stability and forgiveness thanks to its high-MOI construction.<\/p>\n<p>PRECISION WEIGHTING<\/p>\n<p>Spider GTX is expertly crafted from lightweight 6061 aluminum and features a hollowed-out core, which redistributes weight to the perimeter for improved stability. The heavy stainless steel backbar, which accounts for a significant portion of the putter's overall mass, adds to its stability by creating a deep center of gravity. This design helps the putter resist twisting at impact for more consistent results.<\/p>\n<p>ADVANCED ALIGNMENT<\/p>\n<p>The True Path\u2122 feature, a beloved staple of the Spider family, has been refined and enhanced with Spider GTX. This optically engineered design allows for easy and precise alignment with your target, while also perfectly framing the ball and helping you visualize the path to the hole.<\/p>","protected":false},"excerpt":{"rendered":"<p>KI\u1ec2U D\u00c1NG CHO S\u1ef0 \u1ed4N \u0110\u1ecaNH Spider GTX t\u1ef1 h\u00e0o c\u00f3 thi\u1ebft k\u1ebf hi\u1ec7n \u0111\u1ea1i, b\u00f3ng b\u1ea9y, t\u00f4n vinh h\u00ecnh d\u1ea1ng Spider MOI cao c\u1ed5 \u0111i\u1ec3n. C\u00e1c \u0111\u01b0\u1eddng n\u00e9t m\u01b0\u1ee3t m\u00e0 v\u00e0 c\u00e1c g\u00f3c nh\u1ecdn c\u1ee7a n\u00f3 k\u1ebft h\u1ee3p v\u1edbi nhau \u0111\u1ec3 t\u1ea1o ra m\u1ed9t h\u00ecnh d\u1ea1ng n\u1ed5i b\u1eadt v\u1ec1 m\u1eb7t tr\u1ef1c quan gi\u00fap g\u1ea1t [&hellip;]<\/p>","protected":false},"featured_media":9899,"comment_status":"open","ping_status":"closed","template":"","meta":{"_acf_changed":false,"site-sidebar-layout":"default","site-content-layout":"","ast-site-content-layout":"default","site-content-style":"default","site-sidebar-style":"default","ast-global-header-display":"","ast-banner-title-visibility":"","ast-main-header-display":"","ast-hfb-above-header-display":"","ast-hfb-below-header-display":"","ast-hfb-mobile-header-display":"","site-post-title":"","ast-breadcrumbs-content":"","ast-featured-img":"","footer-sml-layout":"","theme-transparent-header-meta":"default","adv-header-id-meta":"","stick-header-meta":"default","header-above-stick-meta":"","header-main-stick-meta":"","header-below-stick-meta":"","astra-migrate-meta-layouts":"set","ast-page-background-enabled":"default","ast-page-background-meta":{"desktop":{"background-color":"","background-image":"","background-repeat":"repeat","background-position":"center center","background-size":"auto","background-attachment":"scroll","background-type":"","background-media":"","overlay-type":"","overlay-color":"","overlay-opacity":"","overlay-gradient":""},"tablet":{"background-color":"","background-image":"","background-repeat":"repeat","background-position":"center center","background-size":"auto","background-attachment":"scroll","background-type":"","background-media":"","overlay-type":"","overlay-color":"","overlay-opacity":"","overlay-gradient":""},"mobile":{"background-color":"","background-image":"","background-repeat":"repeat","background-position":"center center","background-size":"auto","background-attachment":"scroll","background-type":"","background-media":"","overlay-type":"","overlay-color":"","overlay-opacity":"","overlay-gradient":""}},"ast-content-background-meta":{"desktop":{"background-color":"var(--ast-global-color-5)","background-image":"","background-repeat":"repeat","background-position":"center center","background-size":"auto","background-attachment":"scroll","background-type":"","background-media":"","overlay-type":"","overlay-color":"","overlay-opacity":"","overlay-gradient":""},"tablet":{"background-color":"var(--ast-global-color-5)","background-image":"","background-repeat":"repeat","background-position":"center center","background-size":"auto","background-attachment":"scroll","background-type":"","background-media":"","overlay-type":"","overlay-color":"","overlay-opacity":"","overlay-gradient":""},"mobile":{"background-color":"var(--ast-global-color-5)","background-image":"","background-repeat":"repeat","background-position":"center center","background-size":"auto","background-attachment":"scroll","background-type":"","background-media":"","overlay-type":"","overlay-color":"","overlay-opacity":"","overlay-gradient":""}}},"product_brand":[],"product_cat":[262,263,77],"product_tag":[320],"class_list":{"0":"post-9872","1":"product","2":"type-product","3":"status-publish","4":"has-post-thumbnail","6":"product_cat-nam","7":"product_cat-nu","8":"product_cat-putter","9":"product_tag-320","10":"desktop-align-center","11":"tablet-align-center","12":"mobile-align-center","13":"ast-product-gallery-layout-first-image-large","14":"ast-product-single-variable","15":"ast-product-tabs-layout-distributed","17":"first","18":"instock","19":"shipping-taxable","20":"purchasable","21":"product-type-variable"},"acf":[],"_links":{"self":[{"href":"https:\/\/taylormade-golf.vn\/en\/wp-json\/wp\/v2\/product\/9872","targetHints":{"allow":["GET"]}}],"collection":[{"href":"https:\/\/taylormade-golf.vn\/en\/wp-json\/wp\/v2\/product"}],"about":[{"href":"https:\/\/taylormade-golf.vn\/en\/wp-json\/wp\/v2\/types\/product"}],"replies":[{"embeddable":true,"href":"https:\/\/taylormade-golf.vn\/en\/wp-json\/wp\/v2\/comments?post=9872"}],"wp:featuredmedia":[{"embeddable":true,"href":"https:\/\/taylormade-golf.vn\/en\/wp-json\/wp\/v2\/media\/9899"}],"wp:attachment":[{"href":"https:\/\/taylormade-golf.vn\/en\/wp-json\/wp\/v2\/media?parent=9872"}],"wp:term":[{"taxonomy":"product_brand","embeddable":true,"href":"https:\/\/taylormade-golf.vn\/en\/wp-json\/wp\/v2\/product_brand?post=9872"},{"taxonomy":"product_cat","embeddable":true,"href":"https:\/\/taylormade-golf.vn\/en\/wp-json\/wp\/v2\/product_cat?post=9872"},{"taxonomy":"product_tag","embeddable":true,"href":"https:\/\/taylormade-golf.vn\/en\/wp-json\/wp\/v2\/product_tag?post=9872"}],"curies":[{"name":"wp","href":"https:\/\/api.w.org\/{rel}","templated":true}]}}