{"id":9544,"date":"2023-06-17T15:00:00","date_gmt":"2023-06-17T08:00:00","guid":{"rendered":"https:\/\/taylormade-golf.vn\/?post_type=product&#038;p=9544"},"modified":"2024-06-25T14:28:21","modified_gmt":"2024-06-25T07:28:21","slug":"irons-set-stealth-hd","status":"publish","type":"product","link":"https:\/\/taylormade-golf.vn\/en\/product\/irons-set-stealth-hd\/","title":{"rendered":"Irons set Stealth HD"},"content":{"rendered":"<p>DESIGNED FOR SUCCESS<\/p>\n<p>Engineered to deliver high launching distance with draw bias, the Stealth HD iron has been designed for the golfer looking to hit more successful shots more often.<\/p>\n<p>PERFORMANCE DRIVEN SHAPING<\/p>\n<p>The low profile head has a shallow face height and a wide sole with a large step down to keep CG low for easier launch. Increased sold curvature assists with turf interaction.<\/p>\n<p>CAP BACKTM DESIGN<\/p>\n<p>The multi-material Cap Backtm Design utilizes high-strength stainless steel and ultralight weight polymers. Designed to maximized distance, forgiveness and feel with an extremely low CG.<\/p>\n<p>ECHO\u00ae DAMPING SYSTEM<\/p>\n<p>Positioned inside the iron head, Echo\u00ae Damping System uses a solf polymer blend and multiple contact points across the face to channel away harsh vibrations.<\/p>\n<p>THRU-SLOT SPEED POCKET<\/p>\n<p>Patented TaylorMade\u00ae technology engineered to maximize face flexibility for increased ball speed and forgiveness for mis-hits low on the face.<\/p>","protected":false},"excerpt":{"rendered":"<p>THI\u1ebeT K\u1ebe \u0110EM L\u1ea0I NHI\u1ec0U C\u00da \u0110\u00c1NH TH\u00c0NH C\u00d4NG \u0110\u01b0\u1ee3c c\u00e1c k\u1ef9 s\u01b0 nghi\u00ean c\u1ee9u thi\u1ebft k\u1ebf mang \u0111\u1ebfn kho\u1ea3ng c\u00e1ch launch cao c\u00f9ng drawbias, g\u1eady s\u1eaft Stealth HD gi\u00fap c\u00e1c golfer ng\u1eafm v\u00e0 th\u1ef1c hi\u1ec7n \u0111\u01b0\u1ee3c nhi\u1ec1u c\u00fa \u0111\u00e1nh th\u00e0nh c\u00f4ng v\u1edbi t\u1ea7n su\u1ea5t th\u01b0\u1eddng xuy\u00ean h\u01a1n. THI\u1ebeT K\u1ebe D\u00c1NG G\u1eacY TH\u00daC \u0110\u1ea8Y HI\u1ec6U [&hellip;]<\/p>","protected":false},"featured_media":9721,"comment_status":"open","ping_status":"closed","template":"","meta":{"_acf_changed":false,"site-sidebar-layout":"default","site-content-layout":"","ast-site-content-layout":"default","site-content-style":"default","site-sidebar-style":"default","ast-global-header-display":"","ast-banner-title-visibility":"","ast-main-header-display":"","ast-hfb-above-header-display":"","ast-hfb-below-header-display":"","ast-hfb-mobile-header-display":"","site-post-title":"","ast-breadcrumbs-content":"","ast-featured-img":"","footer-sml-layout":"","theme-transparent-header-meta":"default","adv-header-id-meta":"","stick-header-meta":"default","header-above-stick-meta":"","header-main-stick-meta":"","header-below-stick-meta":"","astra-migrate-meta-layouts":"set","ast-page-background-enabled":"default","ast-page-background-meta":{"desktop":{"background-color":"","background-image":"","background-repeat":"repeat","background-position":"center center","background-size":"auto","background-attachment":"scroll","background-type":"","background-media":"","overlay-type":"","overlay-color":"","overlay-opacity":"","overlay-gradient":""},"tablet":{"background-color":"","background-image":"","background-repeat":"repeat","background-position":"center center","background-size":"auto","background-attachment":"scroll","background-type":"","background-media":"","overlay-type":"","overlay-color":"","overlay-opacity":"","overlay-gradient":""},"mobile":{"background-color":"","background-image":"","background-repeat":"repeat","background-position":"center center","background-size":"auto","background-attachment":"scroll","background-type":"","background-media":"","overlay-type":"","overlay-color":"","overlay-opacity":"","overlay-gradient":""}},"ast-content-background-meta":{"desktop":{"background-color":"var(--ast-global-color-5)","background-image":"","background-repeat":"repeat","background-position":"center center","background-size":"auto","background-attachment":"scroll","background-type":"","background-media":"","overlay-type":"","overlay-color":"","overlay-opacity":"","overlay-gradient":""},"tablet":{"background-color":"var(--ast-global-color-5)","background-image":"","background-repeat":"repeat","background-position":"center center","background-size":"auto","background-attachment":"scroll","background-type":"","background-media":"","overlay-type":"","overlay-color":"","overlay-opacity":"","overlay-gradient":""},"mobile":{"background-color":"var(--ast-global-color-5)","background-image":"","background-repeat":"repeat","background-position":"center center","background-size":"auto","background-attachment":"scroll","background-type":"","background-media":"","overlay-type":"","overlay-color":"","overlay-opacity":"","overlay-gradient":""}}},"product_brand":[],"product_cat":[262,75],"product_tag":[320],"class_list":{"0":"post-9544","1":"product","2":"type-product","3":"status-publish","4":"has-post-thumbnail","6":"product_cat-nam","7":"product_cat-iron","8":"product_tag-320","9":"desktop-align-center","10":"tablet-align-center","11":"mobile-align-center","12":"ast-product-gallery-layout-first-image-large","13":"ast-product-single-variable","14":"ast-product-tabs-layout-distributed","16":"first","17":"instock","18":"shipping-taxable","19":"purchasable","20":"product-type-variable","21":"has-default-attributes"},"acf":[],"_links":{"self":[{"href":"https:\/\/taylormade-golf.vn\/en\/wp-json\/wp\/v2\/product\/9544","targetHints":{"allow":["GET"]}}],"collection":[{"href":"https:\/\/taylormade-golf.vn\/en\/wp-json\/wp\/v2\/product"}],"about":[{"href":"https:\/\/taylormade-golf.vn\/en\/wp-json\/wp\/v2\/types\/product"}],"replies":[{"embeddable":true,"href":"https:\/\/taylormade-golf.vn\/en\/wp-json\/wp\/v2\/comments?post=9544"}],"wp:featuredmedia":[{"embeddable":true,"href":"https:\/\/taylormade-golf.vn\/en\/wp-json\/wp\/v2\/media\/9721"}],"wp:attachment":[{"href":"https:\/\/taylormade-golf.vn\/en\/wp-json\/wp\/v2\/media?parent=9544"}],"wp:term":[{"taxonomy":"product_brand","embeddable":true,"href":"https:\/\/taylormade-golf.vn\/en\/wp-json\/wp\/v2\/product_brand?post=9544"},{"taxonomy":"product_cat","embeddable":true,"href":"https:\/\/taylormade-golf.vn\/en\/wp-json\/wp\/v2\/product_cat?post=9544"},{"taxonomy":"product_tag","embeddable":true,"href":"https:\/\/taylormade-golf.vn\/en\/wp-json\/wp\/v2\/product_tag?post=9544"}],"curies":[{"name":"wp","href":"https:\/\/api.w.org\/{rel}","templated":true}]}}