{"id":9321,"date":"2023-06-17T08:59:02","date_gmt":"2023-06-17T01:59:02","guid":{"rendered":"https:\/\/taylormade-golf.vn\/?post_type=product&#038;p=9321"},"modified":"2024-06-17T16:03:31","modified_gmt":"2024-06-17T09:03:31","slug":"driver-stealth-2","status":"publish","type":"product","link":"https:\/\/taylormade-golf.vn\/en\/product\/driver-stealth-2\/","title":{"rendered":"Driver Stealth 2"},"content":{"rendered":"<div class=\"ewa-rteLine\">NEW 60X CARBON TWIST FACE<\/div>\n<div class=\"ewa-rteLine\">Building on the speed producing success of the original 60X Carbon Twist Face\u2122, the new face design features an enhanced take on Inverted Cone Technology to help maintain ball speed on off-center strikes and increase forgiveness.<\/div>\n<div class=\"ewa-rteLine\"><\/div>\n<div class=\"ewa-rteLine\">MORE CARBON THAN EVER BEFORE<\/div>\n<div class=\"ewa-rteLine\">So v\u1edbi Carbonwood ban \u0111\u1ea7u, Stealth 2 c\u00f3 l\u01b0\u1ee3ng carbon g\u1ea7n g\u1ea5p \u0111\u00f4i. D\u00f2ng g\u1eady n\u00e0y \u0111\u01b0\u1ee3c ch\u1ebf t\u1ea1o b\u1eb1ng c\u00e1ch s\u1eed d\u1ee5ng V\u00f2ng composite gia c\u1ed1 b\u1eb1ng carbon v\u00e0 c\u00f3 nhi\u1ec1u v\u1eadt li\u1ec7u nh\u1eb9 h\u01a1n b\u1ea5t k\u1ef3 driver n\u00e0o t\u1eeb tr\u01b0\u1edbc \u0111\u1ebfn nay c\u1ee7a TaylorMade. \u1ee8ng d\u1ee5ng carbon ti\u00ean ti\u1ebfn c\u1ee7a ch\u00fang t\u00f4i cho ph\u00e9p ph\u00e2n ph\u1ed1i l\u1ea1i kh\u1ed1i l\u01b0\u1ee3ng \u0111\u1ec3 c\u00f3 \u0111\u1ed9 \u1ed5n \u0111\u1ecbnh cao h\u01a1n.<\/div>\n<div class=\"ewa-rteLine\"><\/div>\n<div class=\"ewa-rteLine\">PREMIUM SOUND\u202f<\/div>\n<div class=\"ewa-rteLine\">A combination of curvature, shape, and internal stiffening ribs to finely tune acoustics, delivering a sound profile that is both bright and powerful.<\/div>\n<div class=\"ewa-rteLine\"><\/div>\n<div class=\"ewa-rteLine\">HIGHER MOI, OPTIMAL LAUNCH<\/div>\n<div class=\"ewa-rteLine\">The reconstructed Stealth 2 Driver delivers higher MOI than Stealth with a heavy 25g weight positioned on the Inertia Generator for added forgiveness. The TPS Front Weight is strategically located on the sole to encourage optimal launch and spin properties, delivering complete performance and max forgiveness.<\/div>\n<div class=\"ewa-rteLine\"><\/div>","protected":false},"excerpt":{"rendered":"<p>C\u00d4NG NGH\u1ec6 CARBON 60X TWIST FACE M\u1edaI D\u1ef1a tr\u00ean s\u1ef1 th\u00e0nh c\u00f4ng v\u1ec1 t\u1ed1c \u0111\u1ed9 \u0111\u1ea1t \u0111\u01b0\u1ee3c c\u1ee7a 60X Carbon Twist Face\u2122 ban \u0111\u1ea7u, thi\u1ebft k\u1ebf m\u1eb7t g\u1eady m\u1edbi n\u00e2ng cao C\u00f4ng ngh\u1ec7 h\u00ecnh n\u00f3n \u0111\u1ea3o ng\u01b0\u1ee3c Inverted Cone Technology \u0111\u1ec3 gi\u00fap duy tr\u00ec t\u1ed1c \u0111\u1ed9 b\u00f3ng trong c\u00e1c c\u00fa \u0111\u00e1nh l\u1ec7ch t\u00e2m v\u00e0 t\u0103ng [&hellip;]<\/p>","protected":false},"featured_media":9483,"comment_status":"open","ping_status":"closed","template":"","meta":{"_acf_changed":false,"site-sidebar-layout":"default","site-content-layout":"","ast-site-content-layout":"default","site-content-style":"default","site-sidebar-style":"default","ast-global-header-display":"","ast-banner-title-visibility":"","ast-main-header-display":"","ast-hfb-above-header-display":"","ast-hfb-below-header-display":"","ast-hfb-mobile-header-display":"","site-post-title":"","ast-breadcrumbs-content":"","ast-featured-img":"","footer-sml-layout":"","theme-transparent-header-meta":"default","adv-header-id-meta":"","stick-header-meta":"default","header-above-stick-meta":"","header-main-stick-meta":"","header-below-stick-meta":"","astra-migrate-meta-layouts":"set","ast-page-background-enabled":"default","ast-page-background-meta":{"desktop":{"background-color":"","background-image":"","background-repeat":"repeat","background-position":"center center","background-size":"auto","background-attachment":"scroll","background-type":"","background-media":"","overlay-type":"","overlay-color":"","overlay-opacity":"","overlay-gradient":""},"tablet":{"background-color":"","background-image":"","background-repeat":"repeat","background-position":"center center","background-size":"auto","background-attachment":"scroll","background-type":"","background-media":"","overlay-type":"","overlay-color":"","overlay-opacity":"","overlay-gradient":""},"mobile":{"background-color":"","background-image":"","background-repeat":"repeat","background-position":"center center","background-size":"auto","background-attachment":"scroll","background-type":"","background-media":"","overlay-type":"","overlay-color":"","overlay-opacity":"","overlay-gradient":""}},"ast-content-background-meta":{"desktop":{"background-color":"var(--ast-global-color-5)","background-image":"","background-repeat":"repeat","background-position":"center center","background-size":"auto","background-attachment":"scroll","background-type":"","background-media":"","overlay-type":"","overlay-color":"","overlay-opacity":"","overlay-gradient":""},"tablet":{"background-color":"var(--ast-global-color-5)","background-image":"","background-repeat":"repeat","background-position":"center center","background-size":"auto","background-attachment":"scroll","background-type":"","background-media":"","overlay-type":"","overlay-color":"","overlay-opacity":"","overlay-gradient":""},"mobile":{"background-color":"var(--ast-global-color-5)","background-image":"","background-repeat":"repeat","background-position":"center center","background-size":"auto","background-attachment":"scroll","background-type":"","background-media":"","overlay-type":"","overlay-color":"","overlay-opacity":"","overlay-gradient":""}}},"product_brand":[],"product_cat":[72,262,79],"product_tag":[320],"class_list":{"0":"post-9321","1":"product","2":"type-product","3":"status-publish","4":"has-post-thumbnail","6":"product_cat-driver","7":"product_cat-nam","8":"product_cat-stealth-2-gay-gon","9":"product_tag-320","10":"desktop-align-center","11":"tablet-align-center","12":"mobile-align-center","13":"ast-product-gallery-layout-first-image-large","14":"ast-product-single-variable","15":"ast-product-tabs-layout-distributed","17":"first","18":"instock","19":"shipping-taxable","20":"purchasable","21":"product-type-variable","22":"has-default-attributes"},"acf":[],"_links":{"self":[{"href":"https:\/\/taylormade-golf.vn\/en\/wp-json\/wp\/v2\/product\/9321","targetHints":{"allow":["GET"]}}],"collection":[{"href":"https:\/\/taylormade-golf.vn\/en\/wp-json\/wp\/v2\/product"}],"about":[{"href":"https:\/\/taylormade-golf.vn\/en\/wp-json\/wp\/v2\/types\/product"}],"replies":[{"embeddable":true,"href":"https:\/\/taylormade-golf.vn\/en\/wp-json\/wp\/v2\/comments?post=9321"}],"wp:featuredmedia":[{"embeddable":true,"href":"https:\/\/taylormade-golf.vn\/en\/wp-json\/wp\/v2\/media\/9483"}],"wp:attachment":[{"href":"https:\/\/taylormade-golf.vn\/en\/wp-json\/wp\/v2\/media?parent=9321"}],"wp:term":[{"taxonomy":"product_brand","embeddable":true,"href":"https:\/\/taylormade-golf.vn\/en\/wp-json\/wp\/v2\/product_brand?post=9321"},{"taxonomy":"product_cat","embeddable":true,"href":"https:\/\/taylormade-golf.vn\/en\/wp-json\/wp\/v2\/product_cat?post=9321"},{"taxonomy":"product_tag","embeddable":true,"href":"https:\/\/taylormade-golf.vn\/en\/wp-json\/wp\/v2\/product_tag?post=9321"}],"curies":[{"name":"wp","href":"https:\/\/api.w.org\/{rel}","templated":true}]}}