{"id":9090,"date":"2024-06-14T15:37:25","date_gmt":"2024-06-14T08:37:25","guid":{"rendered":"https:\/\/taylormade-golf.vn\/?post_type=product&#038;p=9090"},"modified":"2024-06-24T08:24:48","modified_gmt":"2024-06-24T01:24:48","slug":"rescue-qi10-max-2","status":"publish","type":"product","link":"https:\/\/taylormade-golf.vn\/en\/product\/rescue-qi10-max-2\/","title":{"rendered":"Rescue Qi10 Max"},"content":{"rendered":"<p>CARBON CROWN W\/ ENHANCED ALIGNMENT<\/p>\n<p>The new larger Carbon Crown frees up mass to enable lower CG and added forgiveness.<\/p>\n<p>Advanced laser alignment feature allows for precision aim.<\/p>\n<p>OPTIMIZED FOR EASY LAUNCH AND FORGIVENESS<\/p>\n<p>Extreme perimeter weighting and ultra-low CG creates a versatile Rescue engineered for high launch, long carry distance and max forgiveness.<\/p>\n<p>The shallower face height allows golfers to launch it high from anywhere.<\/p>\n<p>Available in lofts up to 35\u00b0 for maximum versatility in set composition.<\/p>\n<p>PROVEN TAYLORMADE TECHNOLOGIES<\/p>\n<p>V Steel\u2122 sole improves turf interaction and versatility.<\/p>\n<p>Protect ball speed with the Thru-Slot Speed Pocket, designed to increase low face flexibility designed to optimize ball speed on low face hits.<\/p>\n<p>Twist Face uses corrective face angles designed to overcome inherent golfer tendencies on mis-hits and to produce straighter shots.<\/p>","protected":false},"excerpt":{"rendered":"<p>CARBON CROWN W\/ C\u0102N CH\u1ec8NH TI\u00caN TI\u1ebeN M\u1eb7t Carbon Crown m\u1edbi l\u1edbn h\u01a1n, \u0111\u1ed3ng th\u1eddi gi\u1ea3i ph\u00f3ng kh\u1ed1i l\u01b0\u1ee3ng gi\u00fap CG th\u1ea5p h\u01a1n v\u00e0 t\u0103ng th\u00eam \u0111\u1ed9 \u1ed5n \u0111\u1ecbnh. T\u00ednh n\u0103ng c\u0103n ch\u1ec9nh laser ti\u00ean ti\u1ebfn gi\u00fap nh\u1eafm h\u01b0\u1edbng \u0111\u00e1nh ch\u00ednh x\u00e1c. \u0110\u01af\u1ee2C T\u1ed0I \u01afU H\u00d3A GI\u00daP C\u00da PH\u00d3NG B\u00d3NG D\u1ec4 D\u00c0NG V\u00c0 \u1ed4N \u0110\u1ecaNH [&hellip;]<\/p>","protected":false},"featured_media":9137,"comment_status":"open","ping_status":"closed","template":"","meta":{"_acf_changed":false,"site-sidebar-layout":"default","site-content-layout":"","ast-site-content-layout":"default","site-content-style":"default","site-sidebar-style":"default","ast-global-header-display":"","ast-banner-title-visibility":"","ast-main-header-display":"","ast-hfb-above-header-display":"","ast-hfb-below-header-display":"","ast-hfb-mobile-header-display":"","site-post-title":"","ast-breadcrumbs-content":"","ast-featured-img":"","footer-sml-layout":"","theme-transparent-header-meta":"default","adv-header-id-meta":"","stick-header-meta":"default","header-above-stick-meta":"","header-main-stick-meta":"","header-below-stick-meta":"","astra-migrate-meta-layouts":"set","ast-page-background-enabled":"default","ast-page-background-meta":{"desktop":{"background-color":"","background-image":"","background-repeat":"repeat","background-position":"center center","background-size":"auto","background-attachment":"scroll","background-type":"","background-media":"","overlay-type":"","overlay-color":"","overlay-opacity":"","overlay-gradient":""},"tablet":{"background-color":"","background-image":"","background-repeat":"repeat","background-position":"center center","background-size":"auto","background-attachment":"scroll","background-type":"","background-media":"","overlay-type":"","overlay-color":"","overlay-opacity":"","overlay-gradient":""},"mobile":{"background-color":"","background-image":"","background-repeat":"repeat","background-position":"center center","background-size":"auto","background-attachment":"scroll","background-type":"","background-media":"","overlay-type":"","overlay-color":"","overlay-opacity":"","overlay-gradient":""}},"ast-content-background-meta":{"desktop":{"background-color":"var(--ast-global-color-5)","background-image":"","background-repeat":"repeat","background-position":"center center","background-size":"auto","background-attachment":"scroll","background-type":"","background-media":"","overlay-type":"","overlay-color":"","overlay-opacity":"","overlay-gradient":""},"tablet":{"background-color":"var(--ast-global-color-5)","background-image":"","background-repeat":"repeat","background-position":"center center","background-size":"auto","background-attachment":"scroll","background-type":"","background-media":"","overlay-type":"","overlay-color":"","overlay-opacity":"","overlay-gradient":""},"mobile":{"background-color":"var(--ast-global-color-5)","background-image":"","background-repeat":"repeat","background-position":"center center","background-size":"auto","background-attachment":"scroll","background-type":"","background-media":"","overlay-type":"","overlay-color":"","overlay-opacity":"","overlay-gradient":""}}},"product_brand":[],"product_cat":[263,74],"product_tag":[318],"class_list":{"0":"post-9090","1":"product","2":"type-product","3":"status-publish","4":"has-post-thumbnail","6":"product_cat-nu","7":"product_cat-hybrid","8":"product_tag-318","9":"desktop-align-center","10":"tablet-align-center","11":"mobile-align-center","12":"ast-product-gallery-layout-first-image-large","13":"ast-product-single-variable","14":"ast-product-tabs-layout-distributed","16":"first","17":"instock","18":"featured","19":"shipping-taxable","20":"purchasable","21":"product-type-variable","22":"has-default-attributes"},"acf":[],"_links":{"self":[{"href":"https:\/\/taylormade-golf.vn\/en\/wp-json\/wp\/v2\/product\/9090","targetHints":{"allow":["GET"]}}],"collection":[{"href":"https:\/\/taylormade-golf.vn\/en\/wp-json\/wp\/v2\/product"}],"about":[{"href":"https:\/\/taylormade-golf.vn\/en\/wp-json\/wp\/v2\/types\/product"}],"replies":[{"embeddable":true,"href":"https:\/\/taylormade-golf.vn\/en\/wp-json\/wp\/v2\/comments?post=9090"}],"wp:featuredmedia":[{"embeddable":true,"href":"https:\/\/taylormade-golf.vn\/en\/wp-json\/wp\/v2\/media\/9137"}],"wp:attachment":[{"href":"https:\/\/taylormade-golf.vn\/en\/wp-json\/wp\/v2\/media?parent=9090"}],"wp:term":[{"taxonomy":"product_brand","embeddable":true,"href":"https:\/\/taylormade-golf.vn\/en\/wp-json\/wp\/v2\/product_brand?post=9090"},{"taxonomy":"product_cat","embeddable":true,"href":"https:\/\/taylormade-golf.vn\/en\/wp-json\/wp\/v2\/product_cat?post=9090"},{"taxonomy":"product_tag","embeddable":true,"href":"https:\/\/taylormade-golf.vn\/en\/wp-json\/wp\/v2\/product_tag?post=9090"}],"curies":[{"name":"wp","href":"https:\/\/api.w.org\/{rel}","templated":true}]}}