{"id":9086,"date":"2022-06-14T15:25:51","date_gmt":"2022-06-14T08:25:51","guid":{"rendered":"https:\/\/taylormade-golf.vn\/?post_type=product&#038;p=9086"},"modified":"2024-06-14T15:36:12","modified_gmt":"2024-06-14T08:36:12","slug":"wedge-mg3-chrome","status":"publish","type":"product","link":"https:\/\/taylormade-golf.vn\/en\/product\/wedge-mg3-chrome\/","title":{"rendered":"Wedge MG3 Chrome"},"content":{"rendered":"<div class=\"ewa-rteLine\">RAW FACE TECHNOLOGY<\/div>\n<p><div><\/div>\n<div class=\"ewa-rteLine\">RAW Face Technology designed for increased spin and feel with sharper, narrower and deeper grooves in the face, as well as laser etched precision. The face rusts* over time, preserving spin properties and providing the time-honored look preferred by many Tour professionals.<\/div>\n<p><div class=\"ewa-rteLine\">* Extent and speed of club face rusting may vary.<\/div>\n<p><div class=\"ewa-rteLine\"><\/div>\n<div class=\"ewa-rteLine\">MILLED GRIND<\/div>\n<p><div><\/div>\n<div class=\"ewa-rteLine\">Milled Grind wedges ensure precision where it matters most. The process maximizes consistency when crafting each sole for repeatable performance and turf interaction.<\/div>\n<p><div class=\"ewa-rteLine\"><\/div>\n<div class=\"ewa-rteLine\">ZTP-17 Groove<\/div>\n<p><div><\/div>\n<div class=\"ewa-rteLine\">This groove features steep side walls and a sharp edge radius to maximize spin.<\/div>\n<p><div class=\"ewa-rteLine\"><\/div>\n<div class=\"ewa-rteLine\">THICK-THIN DESIGN<\/div>\n<p><div><\/div>\n<div class=\"ewa-rteLine\">By redistributing mass, we are able to optimize CG location for precise flight and enhanced feel.<\/div>\n<p><div class=\"ewa-rteLine\"><\/div>\n<div class=\"ewa-rteLine\">RAISED MICRO-RIBS<\/div>\n<p><div><\/div>\n<div class=\"ewa-rteLine\">Raised Micro-Ribs are positioned between full grooves for added texture on the face. They are designed to increase spin and improve performance on shots around the green.<\/div>\n<p><div class=\"ewa-rteLine\"><\/div>","protected":false},"excerpt":{"rendered":"<p>C\u00d4NG NGH\u1ec6 RAW FACE C\u00f4ng ngh\u1ec7 RAW Face \u0111\u01b0\u1ee3c thi\u1ebft k\u1ebf \u0111\u1ec3 t\u0103ng \u0111\u1ed9 xo\u00e1y v\u1edbi c\u00e1c r\u00e3nh s\u1eafc, h\u1eb9p v\u00e0 s\u00e2u h\u01a1n tr\u00ean m\u1eb7t g\u1eady, v\u1edbi \u0111\u1ed9 ch\u00ednh x\u00e1c \u0111\u01b0\u1ee3c kh\u1eafc b\u1eb1ng laser. M\u1eb7t g\u1eady s\u1ebd r\u1ec9 s\u00e9t* theo th\u1eddi gian, gi\u1eef v\u1eefng \u0111\u1ed9 xo\u00e1y v\u00e0 mang l\u1ea1i v\u1ebb ngo\u00e0i c\u1ed5 \u0111i\u1ec3n \u0111\u01b0\u1ee3c nhi\u1ec1u [&hellip;]<\/p>","protected":false},"featured_media":9143,"comment_status":"open","ping_status":"closed","template":"","meta":{"_acf_changed":false,"site-sidebar-layout":"default","site-content-layout":"","ast-site-content-layout":"default","site-content-style":"default","site-sidebar-style":"default","ast-global-header-display":"","ast-banner-title-visibility":"","ast-main-header-display":"","ast-hfb-above-header-display":"","ast-hfb-below-header-display":"","ast-hfb-mobile-header-display":"","site-post-title":"","ast-breadcrumbs-content":"","ast-featured-img":"","footer-sml-layout":"","theme-transparent-header-meta":"default","adv-header-id-meta":"","stick-header-meta":"default","header-above-stick-meta":"","header-main-stick-meta":"","header-below-stick-meta":"","astra-migrate-meta-layouts":"set","ast-page-background-enabled":"default","ast-page-background-meta":{"desktop":{"background-color":"","background-image":"","background-repeat":"repeat","background-position":"center center","background-size":"auto","background-attachment":"scroll","background-type":"","background-media":"","overlay-type":"","overlay-color":"","overlay-opacity":"","overlay-gradient":""},"tablet":{"background-color":"","background-image":"","background-repeat":"repeat","background-position":"center center","background-size":"auto","background-attachment":"scroll","background-type":"","background-media":"","overlay-type":"","overlay-color":"","overlay-opacity":"","overlay-gradient":""},"mobile":{"background-color":"","background-image":"","background-repeat":"repeat","background-position":"center center","background-size":"auto","background-attachment":"scroll","background-type":"","background-media":"","overlay-type":"","overlay-color":"","overlay-opacity":"","overlay-gradient":""}},"ast-content-background-meta":{"desktop":{"background-color":"var(--ast-global-color-5)","background-image":"","background-repeat":"repeat","background-position":"center center","background-size":"auto","background-attachment":"scroll","background-type":"","background-media":"","overlay-type":"","overlay-color":"","overlay-opacity":"","overlay-gradient":""},"tablet":{"background-color":"var(--ast-global-color-5)","background-image":"","background-repeat":"repeat","background-position":"center center","background-size":"auto","background-attachment":"scroll","background-type":"","background-media":"","overlay-type":"","overlay-color":"","overlay-opacity":"","overlay-gradient":""},"mobile":{"background-color":"var(--ast-global-color-5)","background-image":"","background-repeat":"repeat","background-position":"center center","background-size":"auto","background-attachment":"scroll","background-type":"","background-media":"","overlay-type":"","overlay-color":"","overlay-opacity":"","overlay-gradient":""}}},"product_brand":[],"product_cat":[262,263,76],"product_tag":[322],"class_list":{"0":"post-9086","1":"product","2":"type-product","3":"status-publish","4":"has-post-thumbnail","6":"product_cat-nam","7":"product_cat-nu","8":"product_cat-wedge","9":"product_tag-322","10":"desktop-align-center","11":"tablet-align-center","12":"mobile-align-center","13":"ast-product-gallery-layout-first-image-large","14":"ast-product-single-variable","15":"ast-product-tabs-layout-distributed","17":"first","18":"instock","19":"shipping-taxable","20":"purchasable","21":"product-type-variable","22":"has-default-attributes"},"acf":[],"_links":{"self":[{"href":"https:\/\/taylormade-golf.vn\/en\/wp-json\/wp\/v2\/product\/9086","targetHints":{"allow":["GET"]}}],"collection":[{"href":"https:\/\/taylormade-golf.vn\/en\/wp-json\/wp\/v2\/product"}],"about":[{"href":"https:\/\/taylormade-golf.vn\/en\/wp-json\/wp\/v2\/types\/product"}],"replies":[{"embeddable":true,"href":"https:\/\/taylormade-golf.vn\/en\/wp-json\/wp\/v2\/comments?post=9086"}],"wp:featuredmedia":[{"embeddable":true,"href":"https:\/\/taylormade-golf.vn\/en\/wp-json\/wp\/v2\/media\/9143"}],"wp:attachment":[{"href":"https:\/\/taylormade-golf.vn\/en\/wp-json\/wp\/v2\/media?parent=9086"}],"wp:term":[{"taxonomy":"product_brand","embeddable":true,"href":"https:\/\/taylormade-golf.vn\/en\/wp-json\/wp\/v2\/product_brand?post=9086"},{"taxonomy":"product_cat","embeddable":true,"href":"https:\/\/taylormade-golf.vn\/en\/wp-json\/wp\/v2\/product_cat?post=9086"},{"taxonomy":"product_tag","embeddable":true,"href":"https:\/\/taylormade-golf.vn\/en\/wp-json\/wp\/v2\/product_tag?post=9086"}],"curies":[{"name":"wp","href":"https:\/\/api.w.org\/{rel}","templated":true}]}}