{"id":9027,"date":"2024-06-14T15:49:03","date_gmt":"2024-06-14T08:49:03","guid":{"rendered":"https:\/\/taylormade-golf.vn\/?post_type=product&#038;p=9027"},"modified":"2024-06-24T08:24:53","modified_gmt":"2024-06-24T01:24:53","slug":"rescue-qi10","status":"publish","type":"product","link":"https:\/\/taylormade-golf.vn\/en\/product\/rescue-qi10\/","title":{"rendered":"Rescue Qi10"},"content":{"rendered":"<p>CARBON CROWN W\/ ENHANCED ALIGNMENT<\/p>\n<p>The new larger Carbon Crown frees up mass to enable lower CG and added forgiveness.<br \/>\nAdvanced laser alignment feature allows for precision aim.<\/p>\n<p>LONG AND VERSATILE<\/p>\n<p>Internal front-back split weighting creates a versatile Rescue with extremely long distance and easy, high launch.<br \/>\nMid-face height allows for versatility with easy launch from even the tightest lies and with confidence off the tee.<br \/>\nCan be used by a wide array of players from touring pros to the recreational golfers.<\/p>\n<p>PROVEN TAYLORMADE TECHNOLOGIES<\/p>\n<p>V Steel\u2122 sole improves turf interaction and versatility.<br \/>\nProtect ball speed with the Thru-Slot Speed Pocket, designed to increase low face flexibility designed to optimize ball speed on low face hits.<br \/>\nA wide array of lofts are available to gap any player type and bag set up.<br \/>\nTwist Face uses corrective face angles designed to overcome inherent golfer tendencies on mis-hits and to produce straighter shots.<\/p>\n<p>&nbsp;<\/p>","protected":false},"excerpt":{"rendered":"<p>CARBON CROWN W\/ C\u0102N CH\u1ec8NH TI\u00caN TI\u1ebeN M\u1eb7t Carbon Crown m\u1edbi l\u1edbn h\u01a1n, \u0111\u1ed3ng th\u1eddi gi\u1ea3i ph\u00f3ng kh\u1ed1i l\u01b0\u1ee3ng gi\u00fap CG th\u1ea5p h\u01a1n v\u00e0 t\u0103ng th\u00eam \u0111\u1ed9 \u1ed5n \u0111\u1ecbnh. T\u00ednh n\u0103ng c\u0103n ch\u1ec9nh laser ti\u00ean ti\u1ebfn gi\u00fap nh\u1eafm h\u01b0\u1edbng \u0111\u00e1nh ch\u00ednh x\u00e1c. KH\u1ea2 N\u0102NG \u0110\u00c1NH XA V\u00c0 LINH HO\u1ea0T Tr\u1ecdng l\u01b0\u1ee3ng ph\u00e2n chia tr\u01b0\u1edbc-sau b\u00ean [&hellip;]<\/p>","protected":false},"featured_media":9047,"comment_status":"open","ping_status":"closed","template":"","meta":{"_acf_changed":false,"site-sidebar-layout":"default","site-content-layout":"","ast-site-content-layout":"default","site-content-style":"default","site-sidebar-style":"default","ast-global-header-display":"","ast-banner-title-visibility":"","ast-main-header-display":"","ast-hfb-above-header-display":"","ast-hfb-below-header-display":"","ast-hfb-mobile-header-display":"","site-post-title":"","ast-breadcrumbs-content":"","ast-featured-img":"","footer-sml-layout":"","theme-transparent-header-meta":"default","adv-header-id-meta":"","stick-header-meta":"default","header-above-stick-meta":"","header-main-stick-meta":"","header-below-stick-meta":"","astra-migrate-meta-layouts":"set","ast-page-background-enabled":"default","ast-page-background-meta":{"desktop":{"background-color":"","background-image":"","background-repeat":"repeat","background-position":"center center","background-size":"auto","background-attachment":"scroll","background-type":"","background-media":"","overlay-type":"","overlay-color":"","overlay-opacity":"","overlay-gradient":""},"tablet":{"background-color":"","background-image":"","background-repeat":"repeat","background-position":"center center","background-size":"auto","background-attachment":"scroll","background-type":"","background-media":"","overlay-type":"","overlay-color":"","overlay-opacity":"","overlay-gradient":""},"mobile":{"background-color":"","background-image":"","background-repeat":"repeat","background-position":"center center","background-size":"auto","background-attachment":"scroll","background-type":"","background-media":"","overlay-type":"","overlay-color":"","overlay-opacity":"","overlay-gradient":""}},"ast-content-background-meta":{"desktop":{"background-color":"var(--ast-global-color-5)","background-image":"","background-repeat":"repeat","background-position":"center center","background-size":"auto","background-attachment":"scroll","background-type":"","background-media":"","overlay-type":"","overlay-color":"","overlay-opacity":"","overlay-gradient":""},"tablet":{"background-color":"var(--ast-global-color-5)","background-image":"","background-repeat":"repeat","background-position":"center center","background-size":"auto","background-attachment":"scroll","background-type":"","background-media":"","overlay-type":"","overlay-color":"","overlay-opacity":"","overlay-gradient":""},"mobile":{"background-color":"var(--ast-global-color-5)","background-image":"","background-repeat":"repeat","background-position":"center center","background-size":"auto","background-attachment":"scroll","background-type":"","background-media":"","overlay-type":"","overlay-color":"","overlay-opacity":"","overlay-gradient":""}}},"product_brand":[],"product_cat":[262,74],"product_tag":[318],"class_list":{"0":"post-9027","1":"product","2":"type-product","3":"status-publish","4":"has-post-thumbnail","6":"product_cat-nam","7":"product_cat-hybrid","8":"product_tag-318","9":"desktop-align-center","10":"tablet-align-center","11":"mobile-align-center","12":"ast-product-gallery-layout-first-image-large","13":"ast-product-single-variable","14":"ast-product-tabs-layout-distributed","16":"first","17":"instock","18":"featured","19":"shipping-taxable","20":"purchasable","21":"product-type-variable"},"acf":[],"_links":{"self":[{"href":"https:\/\/taylormade-golf.vn\/en\/wp-json\/wp\/v2\/product\/9027","targetHints":{"allow":["GET"]}}],"collection":[{"href":"https:\/\/taylormade-golf.vn\/en\/wp-json\/wp\/v2\/product"}],"about":[{"href":"https:\/\/taylormade-golf.vn\/en\/wp-json\/wp\/v2\/types\/product"}],"replies":[{"embeddable":true,"href":"https:\/\/taylormade-golf.vn\/en\/wp-json\/wp\/v2\/comments?post=9027"}],"wp:featuredmedia":[{"embeddable":true,"href":"https:\/\/taylormade-golf.vn\/en\/wp-json\/wp\/v2\/media\/9047"}],"wp:attachment":[{"href":"https:\/\/taylormade-golf.vn\/en\/wp-json\/wp\/v2\/media?parent=9027"}],"wp:term":[{"taxonomy":"product_brand","embeddable":true,"href":"https:\/\/taylormade-golf.vn\/en\/wp-json\/wp\/v2\/product_brand?post=9027"},{"taxonomy":"product_cat","embeddable":true,"href":"https:\/\/taylormade-golf.vn\/en\/wp-json\/wp\/v2\/product_cat?post=9027"},{"taxonomy":"product_tag","embeddable":true,"href":"https:\/\/taylormade-golf.vn\/en\/wp-json\/wp\/v2\/product_tag?post=9027"}],"curies":[{"name":"wp","href":"https:\/\/api.w.org\/{rel}","templated":true}]}}