{"id":8974,"date":"2024-06-14T15:00:31","date_gmt":"2024-06-14T08:00:31","guid":{"rendered":"https:\/\/taylormade-golf.vn\/?post_type=product&#038;p=8974"},"modified":"2024-06-24T08:24:30","modified_gmt":"2024-06-24T01:24:30","slug":"fairway-qi10-max","status":"publish","type":"product","link":"https:\/\/taylormade-golf.vn\/en\/product\/fairway-qi10-max\/","title":{"rendered":"Fairway Qi10 Max"},"content":{"rendered":"<p>NEW INFINITY CARBON CROWN W\/ ENHANCED ALIGNMENT<\/p>\n<p>The new Infinity Carbon Crown and sleek hosel design frees up mass for optimal weight distribution and lower CG to deliver longer distance.<br \/>\nThe clean address view highlights the advanced laser alignment feature that allows for precision aim.<\/p>\n<p>EFFORTLESS PERFORMANCE<\/p>\n<p>The larger 200cc head size and infinity carbon crown provides the platform to move mass to the far perimeter of the club for extreme forgiveness with the highest MOI fairway TaylorMade has produced.<br \/>\nA very low CG and additional loft is provided for a fairway wood designed for extremely high launch and optimized for carry distance.<\/p>\n<p>CONFIDENCE INSPIRING ADDRESS SHAPE<\/p>\n<p>A slightly shallower, oversized 200cc head provides confidence for players who typically struggle to hit fairway woods off the deck or from the tee.<\/p>\n<p>PROVEN TAYLORMADE TECHNOLOGIES<\/p>\n<p>V Steel\u2122 is a modern classic. This iconic TaylorMade technology stays true to its heritage by improving turf interaction and versatility.<br \/>\nProtect ball speed with the Thru-Slot Speed Pocket, designed to optimize ball speed on low face hits.<br \/>\nTwist Face uses corrective face angles designed to overcome inherent golfer tendencies on mis-hits and to produce straighter shots.<\/p>","protected":false},"excerpt":{"rendered":"<p>M\u1eb6T TR\u00caN \u0110\u1ea6U G\u1eacY INFINITY CARBON M\u1edaI V\u1edaI C\u0102N CH\u1ec8NH N\u00c2NG CAO M\u1eb7t tr\u00ean \u0111\u1ea7u g\u1eady \u0111\u01b0\u1ee3c ph\u1ee7 m\u1ed9t l\u1edbp Infinity Carbon m\u1edbi v\u00e0 c\u1ed5 g\u1eady \u0111\u01b0\u1ee3c thi\u1ebft k\u1ebf m\u01b0\u1ee3t m\u00e0 \u0111\u00e3 g\u00f3p ph\u1ea7n gi\u1ea3i ph\u00f3ng kh\u1ed1i l\u01b0\u1ee3ng, gi\u00fap vi\u1ec7c ph\u00e2n b\u1ed5 tr\u1ecdng l\u01b0\u1ee3ng t\u1ed1i \u01b0u v\u00e0 khi\u1ebfn cho g\u1eady c\u00f3 tr\u1ecdng t\u00e2m th\u1ea5p, gi\u00fap [&hellip;]<\/p>","protected":false},"featured_media":8983,"comment_status":"open","ping_status":"closed","template":"","meta":{"_acf_changed":false,"site-sidebar-layout":"default","site-content-layout":"","ast-site-content-layout":"default","site-content-style":"default","site-sidebar-style":"default","ast-global-header-display":"","ast-banner-title-visibility":"","ast-main-header-display":"","ast-hfb-above-header-display":"","ast-hfb-below-header-display":"","ast-hfb-mobile-header-display":"","site-post-title":"","ast-breadcrumbs-content":"","ast-featured-img":"","footer-sml-layout":"","theme-transparent-header-meta":"default","adv-header-id-meta":"","stick-header-meta":"default","header-above-stick-meta":"","header-main-stick-meta":"","header-below-stick-meta":"","astra-migrate-meta-layouts":"set","ast-page-background-enabled":"default","ast-page-background-meta":{"desktop":{"background-color":"","background-image":"","background-repeat":"repeat","background-position":"center center","background-size":"auto","background-attachment":"scroll","background-type":"","background-media":"","overlay-type":"","overlay-color":"","overlay-opacity":"","overlay-gradient":""},"tablet":{"background-color":"","background-image":"","background-repeat":"repeat","background-position":"center center","background-size":"auto","background-attachment":"scroll","background-type":"","background-media":"","overlay-type":"","overlay-color":"","overlay-opacity":"","overlay-gradient":""},"mobile":{"background-color":"","background-image":"","background-repeat":"repeat","background-position":"center center","background-size":"auto","background-attachment":"scroll","background-type":"","background-media":"","overlay-type":"","overlay-color":"","overlay-opacity":"","overlay-gradient":""}},"ast-content-background-meta":{"desktop":{"background-color":"var(--ast-global-color-5)","background-image":"","background-repeat":"repeat","background-position":"center center","background-size":"auto","background-attachment":"scroll","background-type":"","background-media":"","overlay-type":"","overlay-color":"","overlay-opacity":"","overlay-gradient":""},"tablet":{"background-color":"var(--ast-global-color-5)","background-image":"","background-repeat":"repeat","background-position":"center center","background-size":"auto","background-attachment":"scroll","background-type":"","background-media":"","overlay-type":"","overlay-color":"","overlay-opacity":"","overlay-gradient":""},"mobile":{"background-color":"var(--ast-global-color-5)","background-image":"","background-repeat":"repeat","background-position":"center center","background-size":"auto","background-attachment":"scroll","background-type":"","background-media":"","overlay-type":"","overlay-color":"","overlay-opacity":"","overlay-gradient":""}}},"product_brand":[],"product_cat":[262,73],"product_tag":[318],"class_list":{"0":"post-8974","1":"product","2":"type-product","3":"status-publish","4":"has-post-thumbnail","6":"product_cat-nam","7":"product_cat-fairway-wood","8":"product_tag-318","9":"desktop-align-center","10":"tablet-align-center","11":"mobile-align-center","12":"ast-product-gallery-layout-first-image-large","13":"ast-product-single-variable","14":"ast-product-tabs-layout-distributed","16":"first","17":"instock","18":"featured","19":"shipping-taxable","20":"purchasable","21":"product-type-variable","22":"has-default-attributes"},"acf":[],"_links":{"self":[{"href":"https:\/\/taylormade-golf.vn\/en\/wp-json\/wp\/v2\/product\/8974","targetHints":{"allow":["GET"]}}],"collection":[{"href":"https:\/\/taylormade-golf.vn\/en\/wp-json\/wp\/v2\/product"}],"about":[{"href":"https:\/\/taylormade-golf.vn\/en\/wp-json\/wp\/v2\/types\/product"}],"replies":[{"embeddable":true,"href":"https:\/\/taylormade-golf.vn\/en\/wp-json\/wp\/v2\/comments?post=8974"}],"wp:featuredmedia":[{"embeddable":true,"href":"https:\/\/taylormade-golf.vn\/en\/wp-json\/wp\/v2\/media\/8983"}],"wp:attachment":[{"href":"https:\/\/taylormade-golf.vn\/en\/wp-json\/wp\/v2\/media?parent=8974"}],"wp:term":[{"taxonomy":"product_brand","embeddable":true,"href":"https:\/\/taylormade-golf.vn\/en\/wp-json\/wp\/v2\/product_brand?post=8974"},{"taxonomy":"product_cat","embeddable":true,"href":"https:\/\/taylormade-golf.vn\/en\/wp-json\/wp\/v2\/product_cat?post=8974"},{"taxonomy":"product_tag","embeddable":true,"href":"https:\/\/taylormade-golf.vn\/en\/wp-json\/wp\/v2\/product_tag?post=8974"}],"curies":[{"name":"wp","href":"https:\/\/api.w.org\/{rel}","templated":true}]}}