{"id":8914,"date":"2024-06-14T14:17:23","date_gmt":"2024-06-14T07:17:23","guid":{"rendered":"https:\/\/taylormade-golf.vn\/?post_type=product&#038;p=8914"},"modified":"2024-06-24T08:24:13","modified_gmt":"2024-06-24T01:24:13","slug":"driver-qi10-max-2","status":"publish","type":"product","link":"https:\/\/taylormade-golf.vn\/en\/product\/driver-qi10-max-2\/","title":{"rendered":"Driver Qi10 Max"},"content":{"rendered":"<p>TAYLORMADE SPEED WITH A NEW LEVEL OF FORGIVENESS<\/p>\n<p>Unprecedented 10K MOI. This driver has the highest combined inertia (MOI) in TaylorMade history at 10,000 g\/cm. This amazing feat of engineering will provide an unprecedent level of forgiveness in a TaylorMade driver.<\/p>\n<p>Maximize straight distance. Using strategic mass placement, this driver is engineered to \nprovide the golfer with the ability to more easily square up the head at impact for straighter drives.<\/p>\n<p>Max address size provides additional head size to push mass even farther towards the perimeter of the head, creating additional MOI.<\/p>\n<p>BETTER ENERGY TRANSFER<\/p>\n<p>The re-engineered 60X Carbon Twist Face is significantly lighter than traditional titanium faces and creates a more efficient energy transfer.<\/p>\n<p>New supporting structure promotes faster ball speeds while also improving durability.<\/p>\n<p>Designed for improved preservation of ball speed on off-center shots.<\/p>\n<p>NEW INFINITY CARBON CROWN W\/ ENHANCED ALIGNMENT<\/p>\n<p>The new Infinity Carbon Crown covers 97% of the total crown area, freeing up more mass for better weight distribution and forgiveness.<\/p>\n<p>Provides a clean address view with enhanced alignment thanks to the high contrast topline embedded in the 60-layer Carbon Twist Face.<\/p>\n<p>MAXIMUM ADDRESS SHAPE<\/p>\n<p>The new oversized address shape provides an attractive and extremely confidence-inspiring look for every level of golfer.<\/p>\n<p>PROVEN TAYLORMADE TECHNOLOGIES<\/p>\n<p>Adjust loft by using the included 4\u00b0 loft sleeve (+\/-2\u00b0).<\/p>\n<p>Protect ball speed with the Thru-Slot Speed Pocket, designed to optimize ball speed on low face hits.<\/p>\n<p>A clean and powerful sound is a cornerstone of TaylorMade driver performance.<\/p>\n<p>Twist Face uses corrective face angles designed to overcome inherent golfer tendencies on mis-hits and to produce straighter shots.<\/p>","protected":false},"excerpt":{"rendered":"<p>TAYLORMADE SPEED V\u1edaI M\u1ed8T M\u1ee8C \u0110\u1ed8 \u1ed4N \u0110\u1ecaNH HO\u00c0N TO\u00c0N M\u1edaI MOI 10K ch\u01b0a t\u1eebng c\u00f3. M\u1eabu g\u1eady Driver n\u00e0y c\u00f3 m\u1ee9c m\u00f4 men qu\u00e1n t\u00ednh (MOI: moment of inertia) l\u1edbn nh\u1ea5t trong l\u1ecbch s\u1eed c\u1ee7a TaylorMade, \u0111\u1ea1t m\u1ee9c 10,000 g\/cm. Th\u00e0nh t\u1ef1u k\u1ef9 thu\u1eadt \u0111\u00e1ng kinh ng\u1ea1c n\u00e0y s\u1ebd mang t\u1edbi m\u1ee9c \u0111\u1ed9 \u1ed5n [&hellip;]<\/p>","protected":false},"featured_media":8926,"comment_status":"open","ping_status":"closed","template":"","meta":{"_acf_changed":false,"site-sidebar-layout":"default","site-content-layout":"","ast-site-content-layout":"default","site-content-style":"default","site-sidebar-style":"default","ast-global-header-display":"","ast-banner-title-visibility":"","ast-main-header-display":"","ast-hfb-above-header-display":"","ast-hfb-below-header-display":"","ast-hfb-mobile-header-display":"","site-post-title":"","ast-breadcrumbs-content":"","ast-featured-img":"","footer-sml-layout":"","theme-transparent-header-meta":"default","adv-header-id-meta":"","stick-header-meta":"default","header-above-stick-meta":"","header-main-stick-meta":"","header-below-stick-meta":"","astra-migrate-meta-layouts":"set","ast-page-background-enabled":"default","ast-page-background-meta":{"desktop":{"background-color":"","background-image":"","background-repeat":"repeat","background-position":"center center","background-size":"auto","background-attachment":"scroll","background-type":"","background-media":"","overlay-type":"","overlay-color":"","overlay-opacity":"","overlay-gradient":""},"tablet":{"background-color":"","background-image":"","background-repeat":"repeat","background-position":"center center","background-size":"auto","background-attachment":"scroll","background-type":"","background-media":"","overlay-type":"","overlay-color":"","overlay-opacity":"","overlay-gradient":""},"mobile":{"background-color":"","background-image":"","background-repeat":"repeat","background-position":"center center","background-size":"auto","background-attachment":"scroll","background-type":"","background-media":"","overlay-type":"","overlay-color":"","overlay-opacity":"","overlay-gradient":""}},"ast-content-background-meta":{"desktop":{"background-color":"var(--ast-global-color-5)","background-image":"","background-repeat":"repeat","background-position":"center center","background-size":"auto","background-attachment":"scroll","background-type":"","background-media":"","overlay-type":"","overlay-color":"","overlay-opacity":"","overlay-gradient":""},"tablet":{"background-color":"var(--ast-global-color-5)","background-image":"","background-repeat":"repeat","background-position":"center center","background-size":"auto","background-attachment":"scroll","background-type":"","background-media":"","overlay-type":"","overlay-color":"","overlay-opacity":"","overlay-gradient":""},"mobile":{"background-color":"var(--ast-global-color-5)","background-image":"","background-repeat":"repeat","background-position":"center center","background-size":"auto","background-attachment":"scroll","background-type":"","background-media":"","overlay-type":"","overlay-color":"","overlay-opacity":"","overlay-gradient":""}}},"product_brand":[],"product_cat":[263,72],"product_tag":[318],"class_list":{"0":"post-8914","1":"product","2":"type-product","3":"status-publish","4":"has-post-thumbnail","6":"product_cat-nu","7":"product_cat-driver","8":"product_tag-318","9":"desktop-align-center","10":"tablet-align-center","11":"mobile-align-center","12":"ast-product-gallery-layout-first-image-large","13":"ast-product-single-variable","14":"ast-product-tabs-layout-distributed","16":"first","17":"instock","18":"featured","19":"shipping-taxable","20":"purchasable","21":"product-type-variable","22":"has-default-attributes"},"acf":[],"_links":{"self":[{"href":"https:\/\/taylormade-golf.vn\/en\/wp-json\/wp\/v2\/product\/8914","targetHints":{"allow":["GET"]}}],"collection":[{"href":"https:\/\/taylormade-golf.vn\/en\/wp-json\/wp\/v2\/product"}],"about":[{"href":"https:\/\/taylormade-golf.vn\/en\/wp-json\/wp\/v2\/types\/product"}],"replies":[{"embeddable":true,"href":"https:\/\/taylormade-golf.vn\/en\/wp-json\/wp\/v2\/comments?post=8914"}],"wp:featuredmedia":[{"embeddable":true,"href":"https:\/\/taylormade-golf.vn\/en\/wp-json\/wp\/v2\/media\/8926"}],"wp:attachment":[{"href":"https:\/\/taylormade-golf.vn\/en\/wp-json\/wp\/v2\/media?parent=8914"}],"wp:term":[{"taxonomy":"product_brand","embeddable":true,"href":"https:\/\/taylormade-golf.vn\/en\/wp-json\/wp\/v2\/product_brand?post=8914"},{"taxonomy":"product_cat","embeddable":true,"href":"https:\/\/taylormade-golf.vn\/en\/wp-json\/wp\/v2\/product_cat?post=8914"},{"taxonomy":"product_tag","embeddable":true,"href":"https:\/\/taylormade-golf.vn\/en\/wp-json\/wp\/v2\/product_tag?post=8914"}],"curies":[{"name":"wp","href":"https:\/\/api.w.org\/{rel}","templated":true}]}}