{"id":8802,"date":"2024-06-14T12:01:41","date_gmt":"2024-06-14T05:01:41","guid":{"rendered":"https:\/\/taylormade-golf.vn\/?post_type=product&#038;p=8802"},"modified":"2024-06-14T12:01:41","modified_gmt":"2024-06-14T05:01:41","slug":"putter-tp-reserve-b11","status":"publish","type":"product","link":"https:\/\/taylormade-golf.vn\/en\/product\/putter-tp-reserve-b11\/","title":{"rendered":"Putter TP Reserve B11"},"content":{"rendered":"<p>FINE MILLED PUTTERS<\/p>\n<p>Machine milling creates the best details and elevates the putter\u2019s overall character.<\/p>\n<p>MACHINED IN GROOVE<\/p>\n<p>Machined milled grooves on the face reduce surface area impacting the ball, for a softer feel and crisp sound.<\/p>\n<p>3 CLASSIC BLADES AND 3 REFINED MALLETS<\/p>\n<p>Premium style matters as much as performance. Each model is a blend of art and precision,crafted with classic styling and awe- inspiring aesthetics.<\/p>\n<p>EFINED TOP LINES AND PROFILES<\/p>\n<p>TP Reserve features refinements to top line thickness, face heights, blade lengths and radius shaping for premium styling andTour- inspired details.<\/p>\n<p>303 SOLID STAINLESS STEEL<\/p>\n<p>Designed and machined with soft 303 stainless steel for sound and feel.<\/p>\n<p>PERFORMANCE SOLE WEIGHTING<\/p>\n<p>Use sole weights to fine tune swingweight to match putter length for optimal stability and performance.<\/p>","protected":false},"excerpt":{"rendered":"<p>FINE MILLED PUTTERS C\u00f4ng ngh\u1ec7 m\u00e0i gi\u0169a t\u1ea1o ra c\u00e1c chi ti\u1ebft t\u1ed1t nh\u1ea5t v\u00e0 n\u00e2ng cao \u0111\u1eb7c t\u00ednh t\u1ed5ng th\u1ec3 c\u1ee7a g\u1eady putter. THI\u1ebeT K\u1ebe R\u00c3NH C\u00e1c r\u00e3nh \u0111\u01b0\u1ee3c gia c\u00f4ng tr\u00ean b\u1ec1 m\u1eb7t gi\u00fap gi\u1ea3m di\u1ec7n t\u00edch b\u1ec1 m\u1eb7t ti\u1ebfp x\u00fac l\u00ean b\u00f3ng, \u0111em l\u1ea1i c\u1ea3m gi\u00e1c m\u1ec1m m\u1ea1i v\u00e0 \u00e2m thanh s\u1eafc [&hellip;]<\/p>","protected":false},"featured_media":8811,"comment_status":"open","ping_status":"closed","template":"","meta":{"_acf_changed":false,"site-sidebar-layout":"default","site-content-layout":"","ast-site-content-layout":"default","site-content-style":"default","site-sidebar-style":"default","ast-global-header-display":"","ast-banner-title-visibility":"","ast-main-header-display":"","ast-hfb-above-header-display":"","ast-hfb-below-header-display":"","ast-hfb-mobile-header-display":"","site-post-title":"","ast-breadcrumbs-content":"","ast-featured-img":"","footer-sml-layout":"","theme-transparent-header-meta":"default","adv-header-id-meta":"","stick-header-meta":"default","header-above-stick-meta":"","header-main-stick-meta":"","header-below-stick-meta":"","astra-migrate-meta-layouts":"set","ast-page-background-enabled":"default","ast-page-background-meta":{"desktop":{"background-color":"","background-image":"","background-repeat":"repeat","background-position":"center center","background-size":"auto","background-attachment":"scroll","background-type":"","background-media":"","overlay-type":"","overlay-color":"","overlay-opacity":"","overlay-gradient":""},"tablet":{"background-color":"","background-image":"","background-repeat":"repeat","background-position":"center center","background-size":"auto","background-attachment":"scroll","background-type":"","background-media":"","overlay-type":"","overlay-color":"","overlay-opacity":"","overlay-gradient":""},"mobile":{"background-color":"","background-image":"","background-repeat":"repeat","background-position":"center center","background-size":"auto","background-attachment":"scroll","background-type":"","background-media":"","overlay-type":"","overlay-color":"","overlay-opacity":"","overlay-gradient":""}},"ast-content-background-meta":{"desktop":{"background-color":"var(--ast-global-color-5)","background-image":"","background-repeat":"repeat","background-position":"center center","background-size":"auto","background-attachment":"scroll","background-type":"","background-media":"","overlay-type":"","overlay-color":"","overlay-opacity":"","overlay-gradient":""},"tablet":{"background-color":"var(--ast-global-color-5)","background-image":"","background-repeat":"repeat","background-position":"center center","background-size":"auto","background-attachment":"scroll","background-type":"","background-media":"","overlay-type":"","overlay-color":"","overlay-opacity":"","overlay-gradient":""},"mobile":{"background-color":"var(--ast-global-color-5)","background-image":"","background-repeat":"repeat","background-position":"center center","background-size":"auto","background-attachment":"scroll","background-type":"","background-media":"","overlay-type":"","overlay-color":"","overlay-opacity":"","overlay-gradient":""}}},"product_brand":[],"product_cat":[262,263,77],"product_tag":[318],"class_list":{"0":"post-8802","1":"product","2":"type-product","3":"status-publish","4":"has-post-thumbnail","6":"product_cat-nam","7":"product_cat-nu","8":"product_cat-putter","9":"product_tag-318","10":"desktop-align-center","11":"tablet-align-center","12":"mobile-align-center","13":"ast-product-gallery-layout-first-image-large","14":"ast-product-single-variable","15":"ast-product-tabs-layout-distributed","17":"first","18":"instock","19":"shipping-taxable","20":"purchasable","21":"product-type-variable","22":"has-default-attributes"},"acf":[],"_links":{"self":[{"href":"https:\/\/taylormade-golf.vn\/en\/wp-json\/wp\/v2\/product\/8802","targetHints":{"allow":["GET"]}}],"collection":[{"href":"https:\/\/taylormade-golf.vn\/en\/wp-json\/wp\/v2\/product"}],"about":[{"href":"https:\/\/taylormade-golf.vn\/en\/wp-json\/wp\/v2\/types\/product"}],"replies":[{"embeddable":true,"href":"https:\/\/taylormade-golf.vn\/en\/wp-json\/wp\/v2\/comments?post=8802"}],"wp:featuredmedia":[{"embeddable":true,"href":"https:\/\/taylormade-golf.vn\/en\/wp-json\/wp\/v2\/media\/8811"}],"wp:attachment":[{"href":"https:\/\/taylormade-golf.vn\/en\/wp-json\/wp\/v2\/media?parent=8802"}],"wp:term":[{"taxonomy":"product_brand","embeddable":true,"href":"https:\/\/taylormade-golf.vn\/en\/wp-json\/wp\/v2\/product_brand?post=8802"},{"taxonomy":"product_cat","embeddable":true,"href":"https:\/\/taylormade-golf.vn\/en\/wp-json\/wp\/v2\/product_cat?post=8802"},{"taxonomy":"product_tag","embeddable":true,"href":"https:\/\/taylormade-golf.vn\/en\/wp-json\/wp\/v2\/product_tag?post=8802"}],"curies":[{"name":"wp","href":"https:\/\/api.w.org\/{rel}","templated":true}]}}