{"id":8785,"date":"2024-06-14T11:43:48","date_gmt":"2024-06-14T04:43:48","guid":{"rendered":"https:\/\/taylormade-golf.vn\/?post_type=product&#038;p=8785"},"modified":"2024-06-14T11:56:46","modified_gmt":"2024-06-14T04:56:46","slug":"putter-tp-black-palisades","status":"publish","type":"product","link":"https:\/\/taylormade-golf.vn\/en\/product\/putter-tp-black-palisades\/","title":{"rendered":"Putter TP Black Palisades"},"content":{"rendered":"<p>HOSEL OPTIONS<\/p>\n<p>The Palisades\u2122 is offered in two different hosel options. The single bend hosel will provide players a face balanced option, while the short slant hosel will provide players more toe hang making the face easier to rotate throughout the stroke.<\/p>\n<p>DURABLE &amp; GLARE RESISTANT FINISH<\/p>\n<p>The anodization process adds a durable and premium finish to this classically shaped putter. Beyond the enhanced protective coating, the dark finish prevents glare at address helping the golfer better focus on the line and executing the putt.<\/p>\n<p>PURE ROLL\u2122<\/p>\n<p>Validated year after year on TOUR, the Pure Roll\u2122 Insert boasts strategically positioned grooves set at a 45\u00b0 angle. This promotes optimal forward roll and topspin helping the ball to stay on the intended target line.<\/p>","protected":false},"excerpt":{"rendered":"<p>T\u00d9Y CH\u1eccN HOSEL Palisades\u2122 c\u00f3 hai t\u00f9y ch\u1ecdn hosel kh\u00e1c nhau. Hosel u\u1ed1n cong \u0111\u01a1n s\u1ebd mang \u0111\u1ebfn cho ng\u01b0\u1eddi ch\u01a1i m\u1ed9t l\u1ef1a ch\u1ecdn c\u00e2n b\u1eb1ng, trong khi hosel nghi\u00eang ng\u1eafn c\u00f3 toe hang nhi\u1ec1u h\u01a1n khi\u1ebfn m\u1eb7t g\u1eady d\u1ec5 xoay h\u01a1n trong su\u1ed1t c\u00fa \u0111\u00e1nh. B\u1ec0N V\u00c0 CH\u1ed0NG L\u00d3T Qu\u00e1 tr\u00ecnh anod h\u00f3a t\u1ea1o [&hellip;]<\/p>","protected":false},"featured_media":8795,"comment_status":"open","ping_status":"closed","template":"","meta":{"_acf_changed":false,"site-sidebar-layout":"default","site-content-layout":"","ast-site-content-layout":"default","site-content-style":"default","site-sidebar-style":"default","ast-global-header-display":"","ast-banner-title-visibility":"","ast-main-header-display":"","ast-hfb-above-header-display":"","ast-hfb-below-header-display":"","ast-hfb-mobile-header-display":"","site-post-title":"","ast-breadcrumbs-content":"","ast-featured-img":"","footer-sml-layout":"","theme-transparent-header-meta":"default","adv-header-id-meta":"","stick-header-meta":"default","header-above-stick-meta":"","header-main-stick-meta":"","header-below-stick-meta":"","astra-migrate-meta-layouts":"set","ast-page-background-enabled":"default","ast-page-background-meta":{"desktop":{"background-color":"","background-image":"","background-repeat":"repeat","background-position":"center center","background-size":"auto","background-attachment":"scroll","background-type":"","background-media":"","overlay-type":"","overlay-color":"","overlay-opacity":"","overlay-gradient":""},"tablet":{"background-color":"","background-image":"","background-repeat":"repeat","background-position":"center center","background-size":"auto","background-attachment":"scroll","background-type":"","background-media":"","overlay-type":"","overlay-color":"","overlay-opacity":"","overlay-gradient":""},"mobile":{"background-color":"","background-image":"","background-repeat":"repeat","background-position":"center center","background-size":"auto","background-attachment":"scroll","background-type":"","background-media":"","overlay-type":"","overlay-color":"","overlay-opacity":"","overlay-gradient":""}},"ast-content-background-meta":{"desktop":{"background-color":"var(--ast-global-color-5)","background-image":"","background-repeat":"repeat","background-position":"center center","background-size":"auto","background-attachment":"scroll","background-type":"","background-media":"","overlay-type":"","overlay-color":"","overlay-opacity":"","overlay-gradient":""},"tablet":{"background-color":"var(--ast-global-color-5)","background-image":"","background-repeat":"repeat","background-position":"center center","background-size":"auto","background-attachment":"scroll","background-type":"","background-media":"","overlay-type":"","overlay-color":"","overlay-opacity":"","overlay-gradient":""},"mobile":{"background-color":"var(--ast-global-color-5)","background-image":"","background-repeat":"repeat","background-position":"center center","background-size":"auto","background-attachment":"scroll","background-type":"","background-media":"","overlay-type":"","overlay-color":"","overlay-opacity":"","overlay-gradient":""}}},"product_brand":[],"product_cat":[262,263,77],"product_tag":[318],"class_list":{"0":"post-8785","1":"product","2":"type-product","3":"status-publish","4":"has-post-thumbnail","6":"product_cat-nam","7":"product_cat-nu","8":"product_cat-putter","9":"product_tag-318","10":"desktop-align-center","11":"tablet-align-center","12":"mobile-align-center","13":"ast-product-gallery-layout-first-image-large","14":"ast-product-single-variable","15":"ast-product-tabs-layout-distributed","17":"first","18":"instock","19":"shipping-taxable","20":"purchasable","21":"product-type-variable","22":"has-default-attributes"},"acf":[],"_links":{"self":[{"href":"https:\/\/taylormade-golf.vn\/en\/wp-json\/wp\/v2\/product\/8785","targetHints":{"allow":["GET"]}}],"collection":[{"href":"https:\/\/taylormade-golf.vn\/en\/wp-json\/wp\/v2\/product"}],"about":[{"href":"https:\/\/taylormade-golf.vn\/en\/wp-json\/wp\/v2\/types\/product"}],"replies":[{"embeddable":true,"href":"https:\/\/taylormade-golf.vn\/en\/wp-json\/wp\/v2\/comments?post=8785"}],"wp:featuredmedia":[{"embeddable":true,"href":"https:\/\/taylormade-golf.vn\/en\/wp-json\/wp\/v2\/media\/8795"}],"wp:attachment":[{"href":"https:\/\/taylormade-golf.vn\/en\/wp-json\/wp\/v2\/media?parent=8785"}],"wp:term":[{"taxonomy":"product_brand","embeddable":true,"href":"https:\/\/taylormade-golf.vn\/en\/wp-json\/wp\/v2\/product_brand?post=8785"},{"taxonomy":"product_cat","embeddable":true,"href":"https:\/\/taylormade-golf.vn\/en\/wp-json\/wp\/v2\/product_cat?post=8785"},{"taxonomy":"product_tag","embeddable":true,"href":"https:\/\/taylormade-golf.vn\/en\/wp-json\/wp\/v2\/product_tag?post=8785"}],"curies":[{"name":"wp","href":"https:\/\/api.w.org\/{rel}","templated":true}]}}