{"id":8773,"date":"2024-06-14T11:40:50","date_gmt":"2024-06-14T04:40:50","guid":{"rendered":"https:\/\/taylormade-golf.vn\/?post_type=product&#038;p=8773"},"modified":"2025-03-17T15:24:33","modified_gmt":"2025-03-17T08:24:33","slug":"putter-spd-tour-t","status":"publish","type":"product","link":"https:\/\/taylormade-golf.vn\/en\/product\/putter-spd-tour-t\/","title":{"rendered":"Putter Spider Tour T"},"content":{"rendered":"<p>As one of the most recognized and distinguished putter shapes, Spider Tour is an icon in the world of putting. It is the epitome of high-MOI performance and delivers stability, consistency and forgiveness. Spider Tour\u2019s stable design is especially impactful on off-center strikes, as it helps maintain the direction and control of the putt.<\/p>\n<p>TRUE PATH\u2122 ALIGNMENT | SEE YOUR LINE<\/p>\n<p>Navigate the greens with clarity with the optically-engineered True Path\u2122 Alignment system. This legacy tech from TaylorMade helps you better visualize the line to the hole while also making it easier to aim the putter towards your target.<\/p>\n<p>WHITE TPU PURE ROLL\u2122 INSERT | FEEL THE DIFFERENCE<\/p>\n<p>Experience a softer feel with our White TPU Pure Roll\u2122 insert. Crafted from a blend of surlyn and aluminum, it features grooves angled at 45\u00b0 for optimal forward roll and better overall roll characteristics. The white insert also ensures symmetry with the white True Path Alignment.<\/p>","protected":false},"excerpt":{"rendered":"<p>Spider Tour l\u00e0 m\u1ed9t bi\u1ec3u t\u01b0\u1ee3ng \u0111\u01b0\u1ee3c c\u00f4ng nh\u1eadn trong t\u1ea5t c\u1ea3 c\u00e1c d\u00f2ng Putter. \u0110\u00f3 l\u00e0 s\u1ea3n ph\u1ea9m thu nh\u1ecf c\u1ee7a hi\u1ec7u su\u1ea5t MOI mang l\u1ea1i s\u1ef1 \u1ed5n \u0111\u1ecbnh cao. Thi\u1ebft k\u1ebf c\u1ee7a Spider Tour \u0111\u1eb7c bi\u1ec7t c\u00f3 t\u00e1c \u0111\u1ed9ng \u0111\u1ebfn nh\u1eefng c\u00fa \u0111\u00e1nh l\u1ec7ch t\u00e2m v\u00ec n\u00f3 gi\u00fap duy tr\u00ec h\u01b0\u1edbng b\u00f3ng v\u00e0 [&hellip;]<\/p>","protected":false},"featured_media":8784,"comment_status":"open","ping_status":"closed","template":"","meta":{"_acf_changed":false,"site-sidebar-layout":"default","site-content-layout":"","ast-site-content-layout":"default","site-content-style":"default","site-sidebar-style":"default","ast-global-header-display":"","ast-banner-title-visibility":"","ast-main-header-display":"","ast-hfb-above-header-display":"","ast-hfb-below-header-display":"","ast-hfb-mobile-header-display":"","site-post-title":"","ast-breadcrumbs-content":"","ast-featured-img":"","footer-sml-layout":"","theme-transparent-header-meta":"default","adv-header-id-meta":"","stick-header-meta":"default","header-above-stick-meta":"","header-main-stick-meta":"","header-below-stick-meta":"","astra-migrate-meta-layouts":"set","ast-page-background-enabled":"default","ast-page-background-meta":{"desktop":{"background-color":"","background-image":"","background-repeat":"repeat","background-position":"center center","background-size":"auto","background-attachment":"scroll","background-type":"","background-media":"","overlay-type":"","overlay-color":"","overlay-opacity":"","overlay-gradient":""},"tablet":{"background-color":"","background-image":"","background-repeat":"repeat","background-position":"center center","background-size":"auto","background-attachment":"scroll","background-type":"","background-media":"","overlay-type":"","overlay-color":"","overlay-opacity":"","overlay-gradient":""},"mobile":{"background-color":"","background-image":"","background-repeat":"repeat","background-position":"center center","background-size":"auto","background-attachment":"scroll","background-type":"","background-media":"","overlay-type":"","overlay-color":"","overlay-opacity":"","overlay-gradient":""}},"ast-content-background-meta":{"desktop":{"background-color":"var(--ast-global-color-5)","background-image":"","background-repeat":"repeat","background-position":"center center","background-size":"auto","background-attachment":"scroll","background-type":"","background-media":"","overlay-type":"","overlay-color":"","overlay-opacity":"","overlay-gradient":""},"tablet":{"background-color":"var(--ast-global-color-5)","background-image":"","background-repeat":"repeat","background-position":"center center","background-size":"auto","background-attachment":"scroll","background-type":"","background-media":"","overlay-type":"","overlay-color":"","overlay-opacity":"","overlay-gradient":""},"mobile":{"background-color":"var(--ast-global-color-5)","background-image":"","background-repeat":"repeat","background-position":"center center","background-size":"auto","background-attachment":"scroll","background-type":"","background-media":"","overlay-type":"","overlay-color":"","overlay-opacity":"","overlay-gradient":""}}},"product_brand":[],"product_cat":[262,263,77],"product_tag":[318],"class_list":{"0":"post-8773","1":"product","2":"type-product","3":"status-publish","4":"has-post-thumbnail","6":"product_cat-nam","7":"product_cat-nu","8":"product_cat-putter","9":"product_tag-318","10":"desktop-align-center","11":"tablet-align-center","12":"mobile-align-center","13":"ast-product-gallery-layout-first-image-large","14":"ast-product-single-variable","15":"ast-product-tabs-layout-distributed","17":"first","18":"instock","19":"shipping-taxable","20":"purchasable","21":"product-type-variable","22":"has-default-attributes"},"acf":[],"_links":{"self":[{"href":"https:\/\/taylormade-golf.vn\/en\/wp-json\/wp\/v2\/product\/8773","targetHints":{"allow":["GET"]}}],"collection":[{"href":"https:\/\/taylormade-golf.vn\/en\/wp-json\/wp\/v2\/product"}],"about":[{"href":"https:\/\/taylormade-golf.vn\/en\/wp-json\/wp\/v2\/types\/product"}],"replies":[{"embeddable":true,"href":"https:\/\/taylormade-golf.vn\/en\/wp-json\/wp\/v2\/comments?post=8773"}],"wp:featuredmedia":[{"embeddable":true,"href":"https:\/\/taylormade-golf.vn\/en\/wp-json\/wp\/v2\/media\/8784"}],"wp:attachment":[{"href":"https:\/\/taylormade-golf.vn\/en\/wp-json\/wp\/v2\/media?parent=8773"}],"wp:term":[{"taxonomy":"product_brand","embeddable":true,"href":"https:\/\/taylormade-golf.vn\/en\/wp-json\/wp\/v2\/product_brand?post=8773"},{"taxonomy":"product_cat","embeddable":true,"href":"https:\/\/taylormade-golf.vn\/en\/wp-json\/wp\/v2\/product_cat?post=8773"},{"taxonomy":"product_tag","embeddable":true,"href":"https:\/\/taylormade-golf.vn\/en\/wp-json\/wp\/v2\/product_tag?post=8773"}],"curies":[{"name":"wp","href":"https:\/\/api.w.org\/{rel}","templated":true}]}}