{"id":8743,"date":"2024-06-14T11:37:39","date_gmt":"2024-06-14T04:37:39","guid":{"rendered":"https:\/\/taylormade-golf.vn\/?post_type=product&#038;p=8743"},"modified":"2024-06-14T11:55:49","modified_gmt":"2024-06-14T04:55:49","slug":"putter-tp-black-balboa","status":"publish","type":"product","link":"https:\/\/taylormade-golf.vn\/en\/product\/putter-tp-black-balboa\/","title":{"rendered":"Putter TP Black Balboa"},"content":{"rendered":"<p>DURABLE &amp; GLARE RESISTANT FINISH<\/p>\n<p>The anodization process adds a durable and premium finish to this classically shaped putter. Beyond the enhanced protective coating, the dark finish prevents glare at address helping the golfer better focus on the line and executing the putt.<\/p>\n<p>MAXIMUM FACE ROTATION<\/p>\n<p>With a half-shaft offset and more toe hang (65\u00b0) than any putter in the TP Black collection, Balboa presents a generationally popular design for the creative minded golfer with active hand rotation through the putting motion.<\/p>\n<p>PURE ROLL\u2122<\/p>\n<p>Validated year after year on TOUR, the Pure Roll\u2122 Insert boasts strategically positioned grooves set at a 45\u00b0 angle. This promotes optimal forward roll and topspin helping the ball to stay on the intended target line.<\/p>","protected":false},"excerpt":{"rendered":"<p>B\u1ec0N V\u00c0 CH\u1ed0NG CH\u00d3I M\u1eaeT Qu\u00e1 tr\u00ecnh anod h\u00f3a t\u1ea1o th\u00eam l\u1edbp ph\u1ee7 b\u1ec1n, cao c\u1ea5p cho chi\u1ebfc g\u1eady putter c\u00f3 h\u00ecnh d\u00e1ng c\u1ed5 \u0111i\u1ec3n n\u00e0y. Ngo\u00e0i l\u1edbp ph\u1ee7 b\u1ea3o v\u1ec7 n\u00e2ng cao, l\u1edbp ph\u1ee7 t\u1ed1i m\u00e0u gi\u00fap ng\u0103n ch\u1eb7n \u00e1nh s\u00e1ng ch\u00f3i khi \u0111\u00e1nh b\u00f3ng, gi\u00fap ng\u01b0\u1eddi \u0111\u00e1nh golf t\u1eadp trung t\u1ed1t h\u01a1n v\u00e0o [&hellip;]<\/p>","protected":false},"featured_media":8772,"comment_status":"open","ping_status":"closed","template":"","meta":{"_acf_changed":false,"site-sidebar-layout":"default","site-content-layout":"","ast-site-content-layout":"default","site-content-style":"default","site-sidebar-style":"default","ast-global-header-display":"","ast-banner-title-visibility":"","ast-main-header-display":"","ast-hfb-above-header-display":"","ast-hfb-below-header-display":"","ast-hfb-mobile-header-display":"","site-post-title":"","ast-breadcrumbs-content":"","ast-featured-img":"","footer-sml-layout":"","theme-transparent-header-meta":"default","adv-header-id-meta":"","stick-header-meta":"default","header-above-stick-meta":"","header-main-stick-meta":"","header-below-stick-meta":"","astra-migrate-meta-layouts":"set","ast-page-background-enabled":"default","ast-page-background-meta":{"desktop":{"background-color":"","background-image":"","background-repeat":"repeat","background-position":"center center","background-size":"auto","background-attachment":"scroll","background-type":"","background-media":"","overlay-type":"","overlay-color":"","overlay-opacity":"","overlay-gradient":""},"tablet":{"background-color":"","background-image":"","background-repeat":"repeat","background-position":"center center","background-size":"auto","background-attachment":"scroll","background-type":"","background-media":"","overlay-type":"","overlay-color":"","overlay-opacity":"","overlay-gradient":""},"mobile":{"background-color":"","background-image":"","background-repeat":"repeat","background-position":"center center","background-size":"auto","background-attachment":"scroll","background-type":"","background-media":"","overlay-type":"","overlay-color":"","overlay-opacity":"","overlay-gradient":""}},"ast-content-background-meta":{"desktop":{"background-color":"var(--ast-global-color-5)","background-image":"","background-repeat":"repeat","background-position":"center center","background-size":"auto","background-attachment":"scroll","background-type":"","background-media":"","overlay-type":"","overlay-color":"","overlay-opacity":"","overlay-gradient":""},"tablet":{"background-color":"var(--ast-global-color-5)","background-image":"","background-repeat":"repeat","background-position":"center center","background-size":"auto","background-attachment":"scroll","background-type":"","background-media":"","overlay-type":"","overlay-color":"","overlay-opacity":"","overlay-gradient":""},"mobile":{"background-color":"var(--ast-global-color-5)","background-image":"","background-repeat":"repeat","background-position":"center center","background-size":"auto","background-attachment":"scroll","background-type":"","background-media":"","overlay-type":"","overlay-color":"","overlay-opacity":"","overlay-gradient":""}}},"product_brand":[],"product_cat":[262,263,77],"product_tag":[318],"class_list":{"0":"post-8743","1":"product","2":"type-product","3":"status-publish","4":"has-post-thumbnail","6":"product_cat-nam","7":"product_cat-nu","8":"product_cat-putter","9":"product_tag-318","10":"desktop-align-center","11":"tablet-align-center","12":"mobile-align-center","13":"ast-product-gallery-layout-first-image-large","14":"ast-product-single-variable","15":"ast-product-tabs-layout-distributed","17":"first","18":"instock","19":"shipping-taxable","20":"purchasable","21":"product-type-variable","22":"has-default-attributes"},"acf":[],"_links":{"self":[{"href":"https:\/\/taylormade-golf.vn\/en\/wp-json\/wp\/v2\/product\/8743","targetHints":{"allow":["GET"]}}],"collection":[{"href":"https:\/\/taylormade-golf.vn\/en\/wp-json\/wp\/v2\/product"}],"about":[{"href":"https:\/\/taylormade-golf.vn\/en\/wp-json\/wp\/v2\/types\/product"}],"replies":[{"embeddable":true,"href":"https:\/\/taylormade-golf.vn\/en\/wp-json\/wp\/v2\/comments?post=8743"}],"wp:featuredmedia":[{"embeddable":true,"href":"https:\/\/taylormade-golf.vn\/en\/wp-json\/wp\/v2\/media\/8772"}],"wp:attachment":[{"href":"https:\/\/taylormade-golf.vn\/en\/wp-json\/wp\/v2\/media?parent=8743"}],"wp:term":[{"taxonomy":"product_brand","embeddable":true,"href":"https:\/\/taylormade-golf.vn\/en\/wp-json\/wp\/v2\/product_brand?post=8743"},{"taxonomy":"product_cat","embeddable":true,"href":"https:\/\/taylormade-golf.vn\/en\/wp-json\/wp\/v2\/product_cat?post=8743"},{"taxonomy":"product_tag","embeddable":true,"href":"https:\/\/taylormade-golf.vn\/en\/wp-json\/wp\/v2\/product_tag?post=8743"}],"curies":[{"name":"wp","href":"https:\/\/api.w.org\/{rel}","templated":true}]}}