{"id":8705,"date":"2024-06-14T11:35:03","date_gmt":"2024-06-14T04:35:03","guid":{"rendered":"https:\/\/taylormade-golf.vn\/?post_type=product&#038;p=8705"},"modified":"2025-03-17T15:25:57","modified_gmt":"2025-03-17T08:25:57","slug":"putter-spd-tour-z","status":"publish","type":"product","link":"https:\/\/taylormade-golf.vn\/en\/product\/putter-spd-tour-z\/","title":{"rendered":"Putter Spider Tour Z"},"content":{"rendered":"<p>Spider Tour Z is one of two new shapes in the Spider Tour Series. It features a wing-shaped back and low-profile design for a comfortable setup that precisely frames the ball. Shaped for effortless alignment, this mallet putter is strategically weighted to promote face rotation and a blade-like feel with maintained stability.<\/p>\n<p>TRUE PATH\u2122 ALIGNMENT | SEE YOUR LINE<\/p>\n<p>Navigate the greens with clarity with the optically-engineered True Path\u2122 Alignment system. This legacy tech from TaylorMade helps you better visualize the line to the hole while also making it easier to aim the putter towards your target.<\/p>\n<p>WHITE TPU PURE ROLL\u2122 INSERT | FEEL THE DIFFERENCE<\/p>\n<p>Experience a softer feel with our White TPU Pure Roll\u2122 insert. Crafted from a blend of surlyn and aluminum, it features grooves angled at 45\u00b0 for optimal forward roll and better overall roll characteristics. The white insert also ensures symmetry with the white True Path Alignment.<\/p>","protected":false},"excerpt":{"rendered":"<p>Spider Tour Z c\u00f3 m\u1eb7t sau h\u00ecnh c\u00e1nh v\u00e0 thi\u1ebft k\u1ebf c\u1ea5u h\u00ecnh th\u1ea5p t\u1ea1o s\u1ef1 tho\u1ea3i m\u00e1i, v\u00e0 cho khung b\u00f3ng ch\u00ednh x\u00e1c. V\u1edbi h\u00ecnh d\u00e1ng gi\u00fap c\u0103n ch\u1ec9nh d\u1ec5 d\u00e0ng, chi\u1ebfc g\u1eady putter n\u00e0y c\u00f3 tr\u1ecdng l\u01b0\u1ee3ng chi\u1ebfn l\u01b0\u1ee3c \u0111\u1ec3 th\u00fac \u0111\u1ea9y kh\u1ea3 n\u0103ng xoay m\u1eb7t g\u1eady v\u1edbi \u0111\u1ed9 \u1ed5n \u0111\u1ecbnh \u0111\u01b0\u1ee3c duy [&hellip;]<\/p>","protected":false},"featured_media":8741,"comment_status":"open","ping_status":"closed","template":"","meta":{"_acf_changed":false,"site-sidebar-layout":"default","site-content-layout":"","ast-site-content-layout":"default","site-content-style":"default","site-sidebar-style":"default","ast-global-header-display":"","ast-banner-title-visibility":"","ast-main-header-display":"","ast-hfb-above-header-display":"","ast-hfb-below-header-display":"","ast-hfb-mobile-header-display":"","site-post-title":"","ast-breadcrumbs-content":"","ast-featured-img":"","footer-sml-layout":"","theme-transparent-header-meta":"default","adv-header-id-meta":"","stick-header-meta":"default","header-above-stick-meta":"","header-main-stick-meta":"","header-below-stick-meta":"","astra-migrate-meta-layouts":"set","ast-page-background-enabled":"default","ast-page-background-meta":{"desktop":{"background-color":"","background-image":"","background-repeat":"repeat","background-position":"center center","background-size":"auto","background-attachment":"scroll","background-type":"","background-media":"","overlay-type":"","overlay-color":"","overlay-opacity":"","overlay-gradient":""},"tablet":{"background-color":"","background-image":"","background-repeat":"repeat","background-position":"center center","background-size":"auto","background-attachment":"scroll","background-type":"","background-media":"","overlay-type":"","overlay-color":"","overlay-opacity":"","overlay-gradient":""},"mobile":{"background-color":"","background-image":"","background-repeat":"repeat","background-position":"center center","background-size":"auto","background-attachment":"scroll","background-type":"","background-media":"","overlay-type":"","overlay-color":"","overlay-opacity":"","overlay-gradient":""}},"ast-content-background-meta":{"desktop":{"background-color":"var(--ast-global-color-5)","background-image":"","background-repeat":"repeat","background-position":"center center","background-size":"auto","background-attachment":"scroll","background-type":"","background-media":"","overlay-type":"","overlay-color":"","overlay-opacity":"","overlay-gradient":""},"tablet":{"background-color":"var(--ast-global-color-5)","background-image":"","background-repeat":"repeat","background-position":"center center","background-size":"auto","background-attachment":"scroll","background-type":"","background-media":"","overlay-type":"","overlay-color":"","overlay-opacity":"","overlay-gradient":""},"mobile":{"background-color":"var(--ast-global-color-5)","background-image":"","background-repeat":"repeat","background-position":"center center","background-size":"auto","background-attachment":"scroll","background-type":"","background-media":"","overlay-type":"","overlay-color":"","overlay-opacity":"","overlay-gradient":""}}},"product_brand":[],"product_cat":[262,263,77],"product_tag":[318],"class_list":{"0":"post-8705","1":"product","2":"type-product","3":"status-publish","4":"has-post-thumbnail","6":"product_cat-nam","7":"product_cat-nu","8":"product_cat-putter","9":"product_tag-318","10":"desktop-align-center","11":"tablet-align-center","12":"mobile-align-center","13":"ast-product-gallery-layout-first-image-large","14":"ast-product-single-variable","15":"ast-product-tabs-layout-distributed","17":"first","18":"instock","19":"shipping-taxable","20":"purchasable","21":"product-type-variable","22":"has-default-attributes"},"acf":[],"_links":{"self":[{"href":"https:\/\/taylormade-golf.vn\/en\/wp-json\/wp\/v2\/product\/8705","targetHints":{"allow":["GET"]}}],"collection":[{"href":"https:\/\/taylormade-golf.vn\/en\/wp-json\/wp\/v2\/product"}],"about":[{"href":"https:\/\/taylormade-golf.vn\/en\/wp-json\/wp\/v2\/types\/product"}],"replies":[{"embeddable":true,"href":"https:\/\/taylormade-golf.vn\/en\/wp-json\/wp\/v2\/comments?post=8705"}],"wp:featuredmedia":[{"embeddable":true,"href":"https:\/\/taylormade-golf.vn\/en\/wp-json\/wp\/v2\/media\/8741"}],"wp:attachment":[{"href":"https:\/\/taylormade-golf.vn\/en\/wp-json\/wp\/v2\/media?parent=8705"}],"wp:term":[{"taxonomy":"product_brand","embeddable":true,"href":"https:\/\/taylormade-golf.vn\/en\/wp-json\/wp\/v2\/product_brand?post=8705"},{"taxonomy":"product_cat","embeddable":true,"href":"https:\/\/taylormade-golf.vn\/en\/wp-json\/wp\/v2\/product_cat?post=8705"},{"taxonomy":"product_tag","embeddable":true,"href":"https:\/\/taylormade-golf.vn\/en\/wp-json\/wp\/v2\/product_tag?post=8705"}],"curies":[{"name":"wp","href":"https:\/\/api.w.org\/{rel}","templated":true}]}}