{"id":8649,"date":"2024-06-14T11:12:29","date_gmt":"2024-06-14T04:12:29","guid":{"rendered":"https:\/\/taylormade-golf.vn\/?post_type=product&#038;p=8649"},"modified":"2024-06-17T08:52:13","modified_gmt":"2024-06-17T01:52:13","slug":"putter-tp-black-soto","status":"publish","type":"product","link":"https:\/\/taylormade-golf.vn\/en\/product\/putter-tp-black-soto\/","title":{"rendered":"Putter TP Black Soto"},"content":{"rendered":"<p>FLOWING LINES &amp; CLASSIC SHAPE<\/p>\n<p>A clean build with geometric shaping to fit the precision-minded golfer.<\/p>\n<p>HEAVY FACE ROTATION<\/p>\n<p>An L-neck hosel and traditional blade shape generate 39\u00b0 of toe hang, delivering a putter that best fits players who create heavy face rotation throughout the putting motion.<\/p>\n<p>DURABLE &amp; GLARE RESISTANT FINISH<\/p>\n<p>The anodization process adds a durable and premium finish to this classically shaped putter. Beyond the enhanced protective coating, the dark finish prevents glare at address helping the golfer better focus on the line and executing the putt.<\/p>\n<p>PURE ROLL\u2122<\/p>\n<p>Validated year after year on TOUR, the Pure Roll\u2122 Insert boasts strategically positioned grooves set at a 45\u00b0 angle. This promotes optimal forward roll and topspin helping the ball to stay on the intended target line.<\/p>","protected":false},"excerpt":{"rendered":"<p>C\u1ea0NH S\u1eaeC N\u00c9T V\u1edaI H\u00ccNH D\u00c1NG C\u1ed4 \u0110I\u1ec2N C\u1ea5u tr\u00fac g\u1ecdn g\u00e0ng v\u1edbi h\u00ecnh d\u00e1ng ph\u00f9 h\u1ee3p v\u1edbi ng\u01b0\u1eddi ch\u01a1i golf. HEAVY FACE ROTATION Hosel L v\u00e0 h\u00ecnh d\u1ea1ng blade truy\u1ec1n th\u1ed1ng t\u1ea1o ra g\u00f3c nghi\u00eang 39\u00b0, mang \u0111\u1ebfn m\u1ed9t c\u00fa g\u1ea1t b\u00f3ng ph\u00f9 h\u1ee3p nh\u1ea5t v\u1edbi golfer. B\u1ec0N V\u00c0 CH\u1ed0NG CH\u00d3I M\u1eaeT Qu\u00e1 tr\u00ecnh [&hellip;]<\/p>","protected":false},"featured_media":8655,"comment_status":"open","ping_status":"closed","template":"","meta":{"_acf_changed":false,"site-sidebar-layout":"default","site-content-layout":"","ast-site-content-layout":"default","site-content-style":"default","site-sidebar-style":"default","ast-global-header-display":"","ast-banner-title-visibility":"","ast-main-header-display":"","ast-hfb-above-header-display":"","ast-hfb-below-header-display":"","ast-hfb-mobile-header-display":"","site-post-title":"","ast-breadcrumbs-content":"","ast-featured-img":"","footer-sml-layout":"","theme-transparent-header-meta":"default","adv-header-id-meta":"","stick-header-meta":"default","header-above-stick-meta":"","header-main-stick-meta":"","header-below-stick-meta":"","astra-migrate-meta-layouts":"set","ast-page-background-enabled":"default","ast-page-background-meta":{"desktop":{"background-color":"","background-image":"","background-repeat":"repeat","background-position":"center center","background-size":"auto","background-attachment":"scroll","background-type":"","background-media":"","overlay-type":"","overlay-color":"","overlay-opacity":"","overlay-gradient":""},"tablet":{"background-color":"","background-image":"","background-repeat":"repeat","background-position":"center center","background-size":"auto","background-attachment":"scroll","background-type":"","background-media":"","overlay-type":"","overlay-color":"","overlay-opacity":"","overlay-gradient":""},"mobile":{"background-color":"","background-image":"","background-repeat":"repeat","background-position":"center center","background-size":"auto","background-attachment":"scroll","background-type":"","background-media":"","overlay-type":"","overlay-color":"","overlay-opacity":"","overlay-gradient":""}},"ast-content-background-meta":{"desktop":{"background-color":"var(--ast-global-color-5)","background-image":"","background-repeat":"repeat","background-position":"center center","background-size":"auto","background-attachment":"scroll","background-type":"","background-media":"","overlay-type":"","overlay-color":"","overlay-opacity":"","overlay-gradient":""},"tablet":{"background-color":"var(--ast-global-color-5)","background-image":"","background-repeat":"repeat","background-position":"center center","background-size":"auto","background-attachment":"scroll","background-type":"","background-media":"","overlay-type":"","overlay-color":"","overlay-opacity":"","overlay-gradient":""},"mobile":{"background-color":"var(--ast-global-color-5)","background-image":"","background-repeat":"repeat","background-position":"center center","background-size":"auto","background-attachment":"scroll","background-type":"","background-media":"","overlay-type":"","overlay-color":"","overlay-opacity":"","overlay-gradient":""}}},"product_brand":[],"product_cat":[262,263,77],"product_tag":[318],"class_list":{"0":"post-8649","1":"product","2":"type-product","3":"status-publish","4":"has-post-thumbnail","6":"product_cat-nam","7":"product_cat-nu","8":"product_cat-putter","9":"product_tag-318","10":"desktop-align-center","11":"tablet-align-center","12":"mobile-align-center","13":"ast-product-gallery-layout-first-image-large","14":"ast-product-single-variable","15":"ast-product-tabs-layout-distributed","17":"first","18":"instock","19":"sold-individually","20":"shipping-taxable","21":"purchasable","22":"product-type-variable","23":"has-default-attributes"},"acf":[],"_links":{"self":[{"href":"https:\/\/taylormade-golf.vn\/en\/wp-json\/wp\/v2\/product\/8649","targetHints":{"allow":["GET"]}}],"collection":[{"href":"https:\/\/taylormade-golf.vn\/en\/wp-json\/wp\/v2\/product"}],"about":[{"href":"https:\/\/taylormade-golf.vn\/en\/wp-json\/wp\/v2\/types\/product"}],"replies":[{"embeddable":true,"href":"https:\/\/taylormade-golf.vn\/en\/wp-json\/wp\/v2\/comments?post=8649"}],"wp:featuredmedia":[{"embeddable":true,"href":"https:\/\/taylormade-golf.vn\/en\/wp-json\/wp\/v2\/media\/8655"}],"wp:attachment":[{"href":"https:\/\/taylormade-golf.vn\/en\/wp-json\/wp\/v2\/media?parent=8649"}],"wp:term":[{"taxonomy":"product_brand","embeddable":true,"href":"https:\/\/taylormade-golf.vn\/en\/wp-json\/wp\/v2\/product_brand?post=8649"},{"taxonomy":"product_cat","embeddable":true,"href":"https:\/\/taylormade-golf.vn\/en\/wp-json\/wp\/v2\/product_cat?post=8649"},{"taxonomy":"product_tag","embeddable":true,"href":"https:\/\/taylormade-golf.vn\/en\/wp-json\/wp\/v2\/product_tag?post=8649"}],"curies":[{"name":"wp","href":"https:\/\/api.w.org\/{rel}","templated":true}]}}