{"id":8556,"date":"2024-06-14T10:47:52","date_gmt":"2024-06-14T03:47:52","guid":{"rendered":"https:\/\/taylormade-golf.vn\/?post_type=product&#038;p=8556"},"modified":"2024-06-17T14:28:27","modified_gmt":"2024-06-17T07:28:27","slug":"milled-grind-hi-toe-wedge","status":"publish","type":"product","link":"https:\/\/taylormade-golf.vn\/en\/product\/milled-grind-hi-toe-wedge\/","title":{"rendered":"Milled Grind Hi-Toe Wedge"},"content":{"rendered":"<p>FULL-FACE SCORE LINES<\/p>\n<p>Full-face scoring lines on 56\u00b0-64\u00b0 to ensure consistent ball contact out of the deep rough.<\/p>\n<p>HI-TOE DESIGN<\/p>\n<p>Increasing the toe height upwards of 5mm allows a higher center of gravity that was engineered for a lower launch and more spin.<\/p>","protected":false},"excerpt":{"rendered":"<p>LINE GHI \u0110I\u1ec2M TO\u00c0N M\u1eb6T G\u1eacY C\u00e1c line ghi \u0111i\u1ec3m to\u00e0n m\u1eb7t tr\u00ean g\u00f3c 56\u00b0-64\u00b0 \u0111\u1ec3 \u0111\u1ea3m b\u1ea3o b\u00f3ng ti\u1ebfp x\u00fac \u1ed5n \u0111\u1ecbnh \u1edf v\u00f9ng g\u1ed3 gh\u1ec1 s\u00e2u. THI\u1ebeT K\u1ebe HI-TOE Vi\u1ec7c t\u0103ng chi\u1ec1u cao toe l\u00ean l\u00ean 5 mm gi\u00fap tr\u1ecdng t\u00e2m cao h\u01a1n cho c\u00e1c c\u00fa ph\u00f3ng b\u00f3ng th\u1ea5p h\u01a1n v\u00e0 xo\u00e1y nhi\u1ec1u [&hellip;]<\/p>","protected":false},"featured_media":8592,"comment_status":"open","ping_status":"closed","template":"","meta":{"_acf_changed":false,"site-sidebar-layout":"default","site-content-layout":"","ast-site-content-layout":"default","site-content-style":"default","site-sidebar-style":"default","ast-global-header-display":"","ast-banner-title-visibility":"","ast-main-header-display":"","ast-hfb-above-header-display":"","ast-hfb-below-header-display":"","ast-hfb-mobile-header-display":"","site-post-title":"","ast-breadcrumbs-content":"","ast-featured-img":"","footer-sml-layout":"","theme-transparent-header-meta":"default","adv-header-id-meta":"","stick-header-meta":"default","header-above-stick-meta":"","header-main-stick-meta":"","header-below-stick-meta":"","astra-migrate-meta-layouts":"set","ast-page-background-enabled":"default","ast-page-background-meta":{"desktop":{"background-color":"","background-image":"","background-repeat":"repeat","background-position":"center center","background-size":"auto","background-attachment":"scroll","background-type":"","background-media":"","overlay-type":"","overlay-color":"","overlay-opacity":"","overlay-gradient":""},"tablet":{"background-color":"","background-image":"","background-repeat":"repeat","background-position":"center center","background-size":"auto","background-attachment":"scroll","background-type":"","background-media":"","overlay-type":"","overlay-color":"","overlay-opacity":"","overlay-gradient":""},"mobile":{"background-color":"","background-image":"","background-repeat":"repeat","background-position":"center center","background-size":"auto","background-attachment":"scroll","background-type":"","background-media":"","overlay-type":"","overlay-color":"","overlay-opacity":"","overlay-gradient":""}},"ast-content-background-meta":{"desktop":{"background-color":"var(--ast-global-color-5)","background-image":"","background-repeat":"repeat","background-position":"center center","background-size":"auto","background-attachment":"scroll","background-type":"","background-media":"","overlay-type":"","overlay-color":"","overlay-opacity":"","overlay-gradient":""},"tablet":{"background-color":"var(--ast-global-color-5)","background-image":"","background-repeat":"repeat","background-position":"center center","background-size":"auto","background-attachment":"scroll","background-type":"","background-media":"","overlay-type":"","overlay-color":"","overlay-opacity":"","overlay-gradient":""},"mobile":{"background-color":"var(--ast-global-color-5)","background-image":"","background-repeat":"repeat","background-position":"center center","background-size":"auto","background-attachment":"scroll","background-type":"","background-media":"","overlay-type":"","overlay-color":"","overlay-opacity":"","overlay-gradient":""}}},"product_brand":[],"product_cat":[262,263,76],"product_tag":[322],"class_list":{"0":"post-8556","1":"product","2":"type-product","3":"status-publish","4":"has-post-thumbnail","6":"product_cat-nam","7":"product_cat-nu","8":"product_cat-wedge","9":"product_tag-322","10":"desktop-align-center","11":"tablet-align-center","12":"mobile-align-center","13":"ast-product-gallery-layout-first-image-large","14":"ast-product-single-variable","15":"ast-product-tabs-layout-distributed","17":"first","18":"instock","19":"shipping-taxable","20":"purchasable","21":"product-type-variable"},"acf":[],"_links":{"self":[{"href":"https:\/\/taylormade-golf.vn\/en\/wp-json\/wp\/v2\/product\/8556","targetHints":{"allow":["GET"]}}],"collection":[{"href":"https:\/\/taylormade-golf.vn\/en\/wp-json\/wp\/v2\/product"}],"about":[{"href":"https:\/\/taylormade-golf.vn\/en\/wp-json\/wp\/v2\/types\/product"}],"replies":[{"embeddable":true,"href":"https:\/\/taylormade-golf.vn\/en\/wp-json\/wp\/v2\/comments?post=8556"}],"wp:featuredmedia":[{"embeddable":true,"href":"https:\/\/taylormade-golf.vn\/en\/wp-json\/wp\/v2\/media\/8592"}],"wp:attachment":[{"href":"https:\/\/taylormade-golf.vn\/en\/wp-json\/wp\/v2\/media?parent=8556"}],"wp:term":[{"taxonomy":"product_brand","embeddable":true,"href":"https:\/\/taylormade-golf.vn\/en\/wp-json\/wp\/v2\/product_brand?post=8556"},{"taxonomy":"product_cat","embeddable":true,"href":"https:\/\/taylormade-golf.vn\/en\/wp-json\/wp\/v2\/product_cat?post=8556"},{"taxonomy":"product_tag","embeddable":true,"href":"https:\/\/taylormade-golf.vn\/en\/wp-json\/wp\/v2\/product_tag?post=8556"}],"curies":[{"name":"wp","href":"https:\/\/api.w.org\/{rel}","templated":true}]}}