{"id":8341,"date":"2024-06-14T09:29:31","date_gmt":"2024-06-14T02:29:31","guid":{"rendered":"https:\/\/taylormade-golf.vn\/?post_type=product&#038;p=8341"},"modified":"2024-06-14T09:35:43","modified_gmt":"2024-06-14T02:35:43","slug":"bong-tp5x-pix3-0-taco","status":"publish","type":"product","link":"https:\/\/taylormade-golf.vn\/en\/product\/bong-tp5x-pix3-0-taco\/","title":{"rendered":"TP5x pix3.0 Taco Ball"},"content":{"rendered":"<p>The spicy, limited-edition \"pix Taco\" will inspire your performance. The limited-edition \"pix\" ball features colorful graphics of \"tacos\" and \"salsa sauce\" printed on it to help with alignment and putting on the green, stimulating your desire to take on the game and improving your performance!<\/p>","protected":false},"excerpt":{"rendered":"<p>Phi\u00ean b\u1ea3n gi\u1edbi h\u1ea1n &#8220;pix Taco&#8221; cay s\u1ebd truy\u1ec1n c\u1ea3m h\u1ee9ng cho tr\u1eadn \u0111\u1ea5u c\u1ee7a b\u1ea1n. B\u00f3ng &#8220;pix&#8221; phi\u00ean b\u1ea3n gi\u1edbi h\u1ea1n v\u1edbi thi\u1ebft k\u1ebf \u0111\u1ea7y m\u00e0u s\u1eafc v\u1ec1 &#8220;tacos&#8221; v\u00e0 &#8220;s\u1ed1t salsa&#8221; \u0111\u01b0\u1ee3c in tr\u00ean b\u00f3ng gi\u00fap c\u0103n ch\u1ec9nh v\u00e0 ph\u1ee7 b\u00f3ng l\u00ean m\u1eb7t c\u1ecf, k\u00edch th\u00edch mong mu\u1ed1n tham gia tr\u1eadn \u0111\u1ea5u v\u00e0 [&hellip;]<\/p>","protected":false},"featured_media":8348,"comment_status":"open","ping_status":"closed","template":"","meta":{"_acf_changed":false,"site-sidebar-layout":"default","site-content-layout":"","ast-site-content-layout":"default","site-content-style":"default","site-sidebar-style":"default","ast-global-header-display":"","ast-banner-title-visibility":"","ast-main-header-display":"","ast-hfb-above-header-display":"","ast-hfb-below-header-display":"","ast-hfb-mobile-header-display":"","site-post-title":"","ast-breadcrumbs-content":"","ast-featured-img":"","footer-sml-layout":"","theme-transparent-header-meta":"default","adv-header-id-meta":"","stick-header-meta":"default","header-above-stick-meta":"","header-main-stick-meta":"","header-below-stick-meta":"","astra-migrate-meta-layouts":"set","ast-page-background-enabled":"default","ast-page-background-meta":{"desktop":{"background-color":"","background-image":"","background-repeat":"repeat","background-position":"center center","background-size":"auto","background-attachment":"scroll","background-type":"","background-media":"","overlay-type":"","overlay-color":"","overlay-opacity":"","overlay-gradient":""},"tablet":{"background-color":"","background-image":"","background-repeat":"repeat","background-position":"center center","background-size":"auto","background-attachment":"scroll","background-type":"","background-media":"","overlay-type":"","overlay-color":"","overlay-opacity":"","overlay-gradient":""},"mobile":{"background-color":"","background-image":"","background-repeat":"repeat","background-position":"center center","background-size":"auto","background-attachment":"scroll","background-type":"","background-media":"","overlay-type":"","overlay-color":"","overlay-opacity":"","overlay-gradient":""}},"ast-content-background-meta":{"desktop":{"background-color":"var(--ast-global-color-5)","background-image":"","background-repeat":"repeat","background-position":"center center","background-size":"auto","background-attachment":"scroll","background-type":"","background-media":"","overlay-type":"","overlay-color":"","overlay-opacity":"","overlay-gradient":""},"tablet":{"background-color":"var(--ast-global-color-5)","background-image":"","background-repeat":"repeat","background-position":"center center","background-size":"auto","background-attachment":"scroll","background-type":"","background-media":"","overlay-type":"","overlay-color":"","overlay-opacity":"","overlay-gradient":""},"mobile":{"background-color":"var(--ast-global-color-5)","background-image":"","background-repeat":"repeat","background-position":"center center","background-size":"auto","background-attachment":"scroll","background-type":"","background-media":"","overlay-type":"","overlay-color":"","overlay-opacity":"","overlay-gradient":""}}},"product_brand":[],"product_cat":[319],"product_tag":[318],"class_list":{"0":"post-8341","1":"product","2":"type-product","3":"status-publish","4":"has-post-thumbnail","6":"product_cat-limited-edition-bong-gon","7":"product_tag-318","8":"desktop-align-center","9":"tablet-align-center","10":"mobile-align-center","11":"ast-product-gallery-layout-first-image-large","12":"ast-product-tabs-layout-distributed","14":"first","15":"instock","16":"shipping-taxable","17":"purchasable","18":"product-type-simple"},"acf":[],"_links":{"self":[{"href":"https:\/\/taylormade-golf.vn\/en\/wp-json\/wp\/v2\/product\/8341","targetHints":{"allow":["GET"]}}],"collection":[{"href":"https:\/\/taylormade-golf.vn\/en\/wp-json\/wp\/v2\/product"}],"about":[{"href":"https:\/\/taylormade-golf.vn\/en\/wp-json\/wp\/v2\/types\/product"}],"replies":[{"embeddable":true,"href":"https:\/\/taylormade-golf.vn\/en\/wp-json\/wp\/v2\/comments?post=8341"}],"wp:featuredmedia":[{"embeddable":true,"href":"https:\/\/taylormade-golf.vn\/en\/wp-json\/wp\/v2\/media\/8348"}],"wp:attachment":[{"href":"https:\/\/taylormade-golf.vn\/en\/wp-json\/wp\/v2\/media?parent=8341"}],"wp:term":[{"taxonomy":"product_brand","embeddable":true,"href":"https:\/\/taylormade-golf.vn\/en\/wp-json\/wp\/v2\/product_brand?post=8341"},{"taxonomy":"product_cat","embeddable":true,"href":"https:\/\/taylormade-golf.vn\/en\/wp-json\/wp\/v2\/product_cat?post=8341"},{"taxonomy":"product_tag","embeddable":true,"href":"https:\/\/taylormade-golf.vn\/en\/wp-json\/wp\/v2\/product_tag?post=8341"}],"curies":[{"name":"wp","href":"https:\/\/api.w.org\/{rel}","templated":true}]}}