{"id":8307,"date":"2024-06-14T09:12:11","date_gmt":"2024-06-14T02:12:11","guid":{"rendered":"https:\/\/taylormade-golf.vn\/?post_type=product&#038;p=8307"},"modified":"2024-06-14T09:35:13","modified_gmt":"2024-06-14T02:35:13","slug":"bong-distance","status":"publish","type":"product","link":"https:\/\/taylormade-golf.vn\/en\/product\/bong-distance\/","title":{"rendered":"Distance + Ball"},"content":{"rendered":"<p>T\u1ed0C \u0110\u1ed8<\/p>\n<p>Distance+ mang l\u1ea1i hi\u1ec7u su\u1ea5t t\u1ed1c \u0111\u1ed9 cao v\u1ec1 kho\u1ea3ng c\u00e1ch cho m\u1ecdi c\u00fa \u0111\u00e1nh. Vi\u1ec7c k\u1ebft h\u1ee3p L\u00f5i t\u1ed1c \u0111\u1ed9 REACT \u2122 v\u00e0 kh\u00ed \u0111\u1ed9ng h\u1ecdc t\u1ed1c \u0111\u1ed9 cao, ng\u01b0\u1eddi ch\u01a1i golf s\u1ebd \u0111\u01b0\u1ee3c tr\u1ea3i nghi\u1ec7m qu\u1ea3 b\u00f3ng \u0111\u01b0\u1ee3c thi\u1ebft k\u1ebf v\u1edbi t\u1ed1c \u0111\u1ed9 tuy\u1ec7t v\u1eddi nh\u01b0 v\u1eady.<\/p>\n<p>NH\u1eb8<\/p>\n<p>Distance + mang l\u1ea1i c\u1ea3m gi\u00e1c c\u1ef1c k\u1ef3 nh\u1eb9 v\u1edbi c\u1ea5u tr\u00fac hai l\u1edbp v\u00e0 \u0111\u1ed9 n\u00e9n 77, \u0111\u01b0\u1ee3c thi\u1ebft k\u1ebf \u0111\u1ec3 t\u1ed1i \u0111a h\u00f3a t\u1ed1c \u0111\u1ed9 b\u00f3ng c\u1ee7a b\u1ea1n.<\/p>\n<p>H\u1ed7 tr\u1ee3 c\u0103n ch\u1ec9nh<\/p>\n<p>Hai nguy\u00ean t\u1eafc c\u01a1 b\u1ea3n gi\u00fap b\u1ea1n th\u1ef1c hi\u1ec7n \u0111\u01b0\u1ee3c nhi\u1ec1u c\u00fa g\u1ea1t b\u00f3ng t\u1ed1t h\u01a1n.<br \/>\n1) H\u00e3y ch\u1eafc ch\u1eafn r\u1eb1ng b\u1ea1n \u0111ang nh\u1eafm chu\u1ea9n line.<br \/>\n2) L\u0103n b\u00f3ng theo line \u0111\u1ecbnh tr\u01b0\u1edbc.<br \/>\nV\u1edbi Plus Alignment Aid b\u1ea1n c\u00f3 th\u1ec3 d\u1ec5 d\u00e0ng l\u00e0m c\u1ea3 hai nguy\u00ean t\u1eafc n\u00e0y.<\/p>\n<p>Thi\u1ebft k\u1ebf dimple kh\u00ed \u0111\u1ed9ng h\u1ecdc<\/p>\n<p>Thi\u1ebft k\u1ebf dimple kh\u00ed \u0111\u1ed9ng h\u1ecdc 342 \u0111\u01b0\u1ee3c thi\u1ebft k\u1ebf \u0111\u1ec3 gi\u1ea3m l\u1ef1c c\u1ea3n v\u00e0 th\u00fac \u0111\u1ea9y t\u1ed1c \u0111\u1ed9 b\u00f3ng nhanh khi ph\u00e1t b\u00f3ng.<\/p>","protected":false},"excerpt":{"rendered":"<p>T\u1ed0C \u0110\u1ed8 Distance+ mang l\u1ea1i hi\u1ec7u su\u1ea5t t\u1ed1c \u0111\u1ed9 cao v\u1ec1 kho\u1ea3ng c\u00e1ch cho m\u1ecdi c\u00fa \u0111\u00e1nh. Vi\u1ec7c k\u1ebft h\u1ee3p L\u00f5i t\u1ed1c \u0111\u1ed9 REACT \u2122 v\u00e0 kh\u00ed \u0111\u1ed9ng h\u1ecdc t\u1ed1c \u0111\u1ed9 cao, ng\u01b0\u1eddi ch\u01a1i golf s\u1ebd \u0111\u01b0\u1ee3c tr\u1ea3i nghi\u1ec7m qu\u1ea3 b\u00f3ng \u0111\u01b0\u1ee3c thi\u1ebft k\u1ebf v\u1edbi t\u1ed1c \u0111\u1ed9 tuy\u1ec7t v\u1eddi nh\u01b0 v\u1eady. NH\u1eb8 Distance + mang [&hellip;]<\/p>","protected":false},"featured_media":8315,"comment_status":"open","ping_status":"closed","template":"","meta":{"_acf_changed":false,"site-sidebar-layout":"default","site-content-layout":"","ast-site-content-layout":"default","site-content-style":"default","site-sidebar-style":"default","ast-global-header-display":"","ast-banner-title-visibility":"","ast-main-header-display":"","ast-hfb-above-header-display":"","ast-hfb-below-header-display":"","ast-hfb-mobile-header-display":"","site-post-title":"","ast-breadcrumbs-content":"","ast-featured-img":"","footer-sml-layout":"","theme-transparent-header-meta":"default","adv-header-id-meta":"","stick-header-meta":"default","header-above-stick-meta":"","header-main-stick-meta":"","header-below-stick-meta":"","astra-migrate-meta-layouts":"set","ast-page-background-enabled":"default","ast-page-background-meta":{"desktop":{"background-color":"","background-image":"","background-repeat":"repeat","background-position":"center center","background-size":"auto","background-attachment":"scroll","background-type":"","background-media":"","overlay-type":"","overlay-color":"","overlay-opacity":"","overlay-gradient":""},"tablet":{"background-color":"","background-image":"","background-repeat":"repeat","background-position":"center center","background-size":"auto","background-attachment":"scroll","background-type":"","background-media":"","overlay-type":"","overlay-color":"","overlay-opacity":"","overlay-gradient":""},"mobile":{"background-color":"","background-image":"","background-repeat":"repeat","background-position":"center center","background-size":"auto","background-attachment":"scroll","background-type":"","background-media":"","overlay-type":"","overlay-color":"","overlay-opacity":"","overlay-gradient":""}},"ast-content-background-meta":{"desktop":{"background-color":"var(--ast-global-color-5)","background-image":"","background-repeat":"repeat","background-position":"center center","background-size":"auto","background-attachment":"scroll","background-type":"","background-media":"","overlay-type":"","overlay-color":"","overlay-opacity":"","overlay-gradient":""},"tablet":{"background-color":"var(--ast-global-color-5)","background-image":"","background-repeat":"repeat","background-position":"center center","background-size":"auto","background-attachment":"scroll","background-type":"","background-media":"","overlay-type":"","overlay-color":"","overlay-opacity":"","overlay-gradient":""},"mobile":{"background-color":"var(--ast-global-color-5)","background-image":"","background-repeat":"repeat","background-position":"center center","background-size":"auto","background-attachment":"scroll","background-type":"","background-media":"","overlay-type":"","overlay-color":"","overlay-opacity":"","overlay-gradient":""}}},"product_brand":[],"product_cat":[62],"product_tag":[321],"class_list":{"0":"post-8307","1":"product","2":"type-product","3":"status-publish","4":"has-post-thumbnail","6":"product_cat-distance-bong-gon","7":"product_tag-321","8":"desktop-align-center","9":"tablet-align-center","10":"mobile-align-center","11":"ast-product-gallery-layout-first-image-large","12":"ast-product-tabs-layout-distributed","14":"first","15":"instock","16":"shipping-taxable","17":"purchasable","18":"product-type-simple"},"acf":[],"_links":{"self":[{"href":"https:\/\/taylormade-golf.vn\/en\/wp-json\/wp\/v2\/product\/8307","targetHints":{"allow":["GET"]}}],"collection":[{"href":"https:\/\/taylormade-golf.vn\/en\/wp-json\/wp\/v2\/product"}],"about":[{"href":"https:\/\/taylormade-golf.vn\/en\/wp-json\/wp\/v2\/types\/product"}],"replies":[{"embeddable":true,"href":"https:\/\/taylormade-golf.vn\/en\/wp-json\/wp\/v2\/comments?post=8307"}],"wp:featuredmedia":[{"embeddable":true,"href":"https:\/\/taylormade-golf.vn\/en\/wp-json\/wp\/v2\/media\/8315"}],"wp:attachment":[{"href":"https:\/\/taylormade-golf.vn\/en\/wp-json\/wp\/v2\/media?parent=8307"}],"wp:term":[{"taxonomy":"product_brand","embeddable":true,"href":"https:\/\/taylormade-golf.vn\/en\/wp-json\/wp\/v2\/product_brand?post=8307"},{"taxonomy":"product_cat","embeddable":true,"href":"https:\/\/taylormade-golf.vn\/en\/wp-json\/wp\/v2\/product_cat?post=8307"},{"taxonomy":"product_tag","embeddable":true,"href":"https:\/\/taylormade-golf.vn\/en\/wp-json\/wp\/v2\/product_tag?post=8307"}],"curies":[{"name":"wp","href":"https:\/\/api.w.org\/{rel}","templated":true}]}}