{"id":8301,"date":"2021-06-14T08:47:20","date_gmt":"2021-06-14T01:47:20","guid":{"rendered":"https:\/\/taylormade-golf.vn\/?post_type=product&#038;p=8301"},"modified":"2024-06-27T17:26:15","modified_gmt":"2024-06-27T10:26:15","slug":"bong-tp5-vang","status":"publish","type":"product","link":"https:\/\/taylormade-golf.vn\/en\/product\/bong-tp5-vang\/","title":{"rendered":"TP5 Yellow Ball"},"content":{"rendered":"<div class=\"ewa-rteLine\">\n<div class=\"ewa-rteLine\">\n<div class=\"ewa-rteLine\">5-layer construction<\/div>\n<div class=\"ewa-rteLine\">Dual-Spin Cover offers increased groove interaction for greenside spin<\/div>\n<div class=\"ewa-rteLine\">Larger, more reactive core for increased ball speed<\/div>\n<div class=\"ewa-rteLine\">Tour Flight Dimple Pattern enhances aerodynamics for longer carry<\/div>\n<div class=\"ewa-rteLine\">Cast Urethane cover<\/div>\n<div class=\"ewa-rteLine\">Ball Speed: Fast<\/div>\n<div class=\"ewa-rteLine\">Iron Distance: Long<\/div>\n<div class=\"ewa-rteLine\">Launch: High<\/div>\n<div class=\"ewa-rteLine\">Wedge Spin:: Highest<\/div>\n<div class=\"ewa-rteLine\">Feel: Softer<\/div>\n<div class=\"ewa-rteLine\"><\/div>\n<\/div>\n<\/div>","protected":false},"excerpt":{"rendered":"<p>C\u1ea5u tr\u00fac 5 l\u1edbp Dual-Spin Cover t\u0103ng kh\u1ea3 n\u0103ng t\u01b0\u01a1ng t\u00e1c r\u00e3nh l\u00ean v\u00f9ng quanh green L\u00f5i l\u1edbn h\u01a1n, ph\u1ea3n \u1ee9ng nhanh h\u01a1n gi\u00fap t\u0103ng t\u1ed1c \u0111\u1ed9 b\u00f3ng Thi\u1ebft k\u1ebf Dimple Tour Flight t\u0103ng c\u01b0\u1eddng t\u00ednh kh\u00ed \u0111\u1ed9ng h\u1ecdc gi\u00fap Carry d\u00e0i h\u01a1n V\u1ecf Urethane \u0111\u00fac T\u1ed1c \u0111\u1ed9 b\u00f3ng: Nhanh Kho\u1ea3ng c\u00e1ch g\u1eady s\u1eaft: D\u00e0i [&hellip;]<\/p>","protected":false},"featured_media":8339,"comment_status":"open","ping_status":"closed","template":"","meta":{"_acf_changed":false,"site-sidebar-layout":"default","site-content-layout":"","ast-site-content-layout":"default","site-content-style":"default","site-sidebar-style":"default","ast-global-header-display":"","ast-banner-title-visibility":"","ast-main-header-display":"","ast-hfb-above-header-display":"","ast-hfb-below-header-display":"","ast-hfb-mobile-header-display":"","site-post-title":"","ast-breadcrumbs-content":"","ast-featured-img":"","footer-sml-layout":"","theme-transparent-header-meta":"default","adv-header-id-meta":"","stick-header-meta":"default","header-above-stick-meta":"","header-main-stick-meta":"","header-below-stick-meta":"","astra-migrate-meta-layouts":"set","ast-page-background-enabled":"default","ast-page-background-meta":{"desktop":{"background-color":"","background-image":"","background-repeat":"repeat","background-position":"center center","background-size":"auto","background-attachment":"scroll","background-type":"","background-media":"","overlay-type":"","overlay-color":"","overlay-opacity":"","overlay-gradient":""},"tablet":{"background-color":"","background-image":"","background-repeat":"repeat","background-position":"center center","background-size":"auto","background-attachment":"scroll","background-type":"","background-media":"","overlay-type":"","overlay-color":"","overlay-opacity":"","overlay-gradient":""},"mobile":{"background-color":"","background-image":"","background-repeat":"repeat","background-position":"center center","background-size":"auto","background-attachment":"scroll","background-type":"","background-media":"","overlay-type":"","overlay-color":"","overlay-opacity":"","overlay-gradient":""}},"ast-content-background-meta":{"desktop":{"background-color":"var(--ast-global-color-5)","background-image":"","background-repeat":"repeat","background-position":"center center","background-size":"auto","background-attachment":"scroll","background-type":"","background-media":"","overlay-type":"","overlay-color":"","overlay-opacity":"","overlay-gradient":""},"tablet":{"background-color":"var(--ast-global-color-5)","background-image":"","background-repeat":"repeat","background-position":"center center","background-size":"auto","background-attachment":"scroll","background-type":"","background-media":"","overlay-type":"","overlay-color":"","overlay-opacity":"","overlay-gradient":""},"mobile":{"background-color":"var(--ast-global-color-5)","background-image":"","background-repeat":"repeat","background-position":"center center","background-size":"auto","background-attachment":"scroll","background-type":"","background-media":"","overlay-type":"","overlay-color":"","overlay-opacity":"","overlay-gradient":""}}},"product_brand":[],"product_cat":[85],"product_tag":[321],"class_list":{"0":"post-8301","1":"product","2":"type-product","3":"status-publish","4":"has-post-thumbnail","6":"product_cat-tp5-tp5pix-bong-gon","7":"product_tag-321","8":"desktop-align-center","9":"tablet-align-center","10":"mobile-align-center","11":"ast-product-gallery-layout-first-image-large","12":"ast-product-tabs-layout-distributed","14":"first","15":"instock","16":"shipping-taxable","17":"purchasable","18":"product-type-simple"},"acf":[],"_links":{"self":[{"href":"https:\/\/taylormade-golf.vn\/en\/wp-json\/wp\/v2\/product\/8301","targetHints":{"allow":["GET"]}}],"collection":[{"href":"https:\/\/taylormade-golf.vn\/en\/wp-json\/wp\/v2\/product"}],"about":[{"href":"https:\/\/taylormade-golf.vn\/en\/wp-json\/wp\/v2\/types\/product"}],"replies":[{"embeddable":true,"href":"https:\/\/taylormade-golf.vn\/en\/wp-json\/wp\/v2\/comments?post=8301"}],"wp:featuredmedia":[{"embeddable":true,"href":"https:\/\/taylormade-golf.vn\/en\/wp-json\/wp\/v2\/media\/8339"}],"wp:attachment":[{"href":"https:\/\/taylormade-golf.vn\/en\/wp-json\/wp\/v2\/media?parent=8301"}],"wp:term":[{"taxonomy":"product_brand","embeddable":true,"href":"https:\/\/taylormade-golf.vn\/en\/wp-json\/wp\/v2\/product_brand?post=8301"},{"taxonomy":"product_cat","embeddable":true,"href":"https:\/\/taylormade-golf.vn\/en\/wp-json\/wp\/v2\/product_cat?post=8301"},{"taxonomy":"product_tag","embeddable":true,"href":"https:\/\/taylormade-golf.vn\/en\/wp-json\/wp\/v2\/product_tag?post=8301"}],"curies":[{"name":"wp","href":"https:\/\/api.w.org\/{rel}","templated":true}]}}