{"id":8299,"date":"2024-06-14T08:55:27","date_gmt":"2024-06-14T01:55:27","guid":{"rendered":"https:\/\/taylormade-golf.vn\/?post_type=product&#038;p=8299"},"modified":"2024-06-14T16:46:20","modified_gmt":"2024-06-14T09:46:20","slug":"bong-tp5x-pix","status":"publish","type":"product","link":"https:\/\/taylormade-golf.vn\/en\/product\/bong-tp5x-pix\/","title":{"rendered":"[New] TP5x Ball"},"content":{"rendered":"<p>ADVANCED CLEARPATH ALIGNMENT\u2122<\/p>\n<p>The all-new TP5x is the fastest ball speed of any TaylorMade tour ball with a 5-layer structure, and is recommended for players looking for a faster initial ball speed. It provides low spin performance on drivers and long irons, helping to increase distance, while maintaining excellent control on the green side. The evolved Speed \u200b\u200bWrap Core provides a softer sound while increasing ball speed.<\/p>","protected":false},"excerpt":{"rendered":"<p>CLEARPATH ALIGNMENT\u2122 TI\u00caN TI\u1ebeN B\u00f3ng TP5x pix\u2122 m\u1edbi \u0111\u01b0\u1ee3c trang b\u1ecb Clear Path Alignment\u2122, m\u1ed9t c\u00f4ng ngh\u1ec7 h\u00ecnh \u1ea3nh mang t\u00ednh c\u00e1ch m\u1ea1ng \u0111\u01b0\u1ee3c nhi\u1ec1u chuy\u00ean gia s\u1eed d\u1ee5ng trong gi\u1ea3i \u0111\u1ea5u. D\u1ef1a tr\u00ean ph\u1ea3n h\u1ed3i t\u1eeb c\u00e1c Tour-Pro, thi\u1ebft k\u1ebf m\u1edbi \u0111\u00e3 \u0111\u01b0\u1ee3c thay \u0111\u1ed5i t\u1eeb h\u00ecnh tam gi\u00e1c tr\u01b0\u1edbc \u0111\u00e2y sang h\u00ecnh vu\u00f4ng, [&hellip;]<\/p>","protected":false},"featured_media":8304,"comment_status":"open","ping_status":"closed","template":"","meta":{"_acf_changed":false,"site-sidebar-layout":"default","site-content-layout":"","ast-site-content-layout":"default","site-content-style":"default","site-sidebar-style":"default","ast-global-header-display":"","ast-banner-title-visibility":"","ast-main-header-display":"","ast-hfb-above-header-display":"","ast-hfb-below-header-display":"","ast-hfb-mobile-header-display":"","site-post-title":"","ast-breadcrumbs-content":"","ast-featured-img":"","footer-sml-layout":"","theme-transparent-header-meta":"default","adv-header-id-meta":"","stick-header-meta":"default","header-above-stick-meta":"","header-main-stick-meta":"","header-below-stick-meta":"","astra-migrate-meta-layouts":"set","ast-page-background-enabled":"default","ast-page-background-meta":{"desktop":{"background-color":"","background-image":"","background-repeat":"repeat","background-position":"center center","background-size":"auto","background-attachment":"scroll","background-type":"","background-media":"","overlay-type":"","overlay-color":"","overlay-opacity":"","overlay-gradient":""},"tablet":{"background-color":"","background-image":"","background-repeat":"repeat","background-position":"center center","background-size":"auto","background-attachment":"scroll","background-type":"","background-media":"","overlay-type":"","overlay-color":"","overlay-opacity":"","overlay-gradient":""},"mobile":{"background-color":"","background-image":"","background-repeat":"repeat","background-position":"center center","background-size":"auto","background-attachment":"scroll","background-type":"","background-media":"","overlay-type":"","overlay-color":"","overlay-opacity":"","overlay-gradient":""}},"ast-content-background-meta":{"desktop":{"background-color":"var(--ast-global-color-5)","background-image":"","background-repeat":"repeat","background-position":"center center","background-size":"auto","background-attachment":"scroll","background-type":"","background-media":"","overlay-type":"","overlay-color":"","overlay-opacity":"","overlay-gradient":""},"tablet":{"background-color":"var(--ast-global-color-5)","background-image":"","background-repeat":"repeat","background-position":"center center","background-size":"auto","background-attachment":"scroll","background-type":"","background-media":"","overlay-type":"","overlay-color":"","overlay-opacity":"","overlay-gradient":""},"mobile":{"background-color":"var(--ast-global-color-5)","background-image":"","background-repeat":"repeat","background-position":"center center","background-size":"auto","background-attachment":"scroll","background-type":"","background-media":"","overlay-type":"","overlay-color":"","overlay-opacity":"","overlay-gradient":""}}},"product_brand":[],"product_cat":[86],"product_tag":[318],"class_list":{"0":"post-8299","1":"product","2":"type-product","3":"status-publish","4":"has-post-thumbnail","6":"product_cat-tp5x-tp5x-pix-bong-gon","7":"product_tag-318","8":"desktop-align-center","9":"tablet-align-center","10":"mobile-align-center","11":"ast-product-gallery-layout-first-image-large","12":"ast-product-tabs-layout-distributed","14":"first","15":"instock","16":"shipping-taxable","17":"purchasable","18":"product-type-simple"},"acf":[],"_links":{"self":[{"href":"https:\/\/taylormade-golf.vn\/en\/wp-json\/wp\/v2\/product\/8299","targetHints":{"allow":["GET"]}}],"collection":[{"href":"https:\/\/taylormade-golf.vn\/en\/wp-json\/wp\/v2\/product"}],"about":[{"href":"https:\/\/taylormade-golf.vn\/en\/wp-json\/wp\/v2\/types\/product"}],"replies":[{"embeddable":true,"href":"https:\/\/taylormade-golf.vn\/en\/wp-json\/wp\/v2\/comments?post=8299"}],"wp:featuredmedia":[{"embeddable":true,"href":"https:\/\/taylormade-golf.vn\/en\/wp-json\/wp\/v2\/media\/8304"}],"wp:attachment":[{"href":"https:\/\/taylormade-golf.vn\/en\/wp-json\/wp\/v2\/media?parent=8299"}],"wp:term":[{"taxonomy":"product_brand","embeddable":true,"href":"https:\/\/taylormade-golf.vn\/en\/wp-json\/wp\/v2\/product_brand?post=8299"},{"taxonomy":"product_cat","embeddable":true,"href":"https:\/\/taylormade-golf.vn\/en\/wp-json\/wp\/v2\/product_cat?post=8299"},{"taxonomy":"product_tag","embeddable":true,"href":"https:\/\/taylormade-golf.vn\/en\/wp-json\/wp\/v2\/product_tag?post=8299"}],"curies":[{"name":"wp","href":"https:\/\/api.w.org\/{rel}","templated":true}]}}