{"id":8279,"date":"2024-06-14T08:34:48","date_gmt":"2024-06-14T01:34:48","guid":{"rendered":"https:\/\/taylormade-golf.vn\/?post_type=product&#038;p=8279"},"modified":"2024-06-14T16:43:00","modified_gmt":"2024-06-14T09:43:00","slug":"bong-tp5-2","status":"publish","type":"product","link":"https:\/\/taylormade-golf.vn\/en\/product\/bong-tp5-2\/","title":{"rendered":"[New] TP5 Ball"},"content":{"rendered":"<p>TAYLORMADE'S SOFTEST FEELING TOUR BALL EVER IS BORN<\/p>\n<p>Equipped with the new \"Speed \u200b\u200bWrap Core\"<br \/>\n5-layer construction<br \/>\nCast urethane cover<\/p>\n<p>EQUIPPED WITH AN EVOLVED \"SPEED \u200b\u200bWRAP CORE\"<\/p>\n<p>The all-new TP5 ball is TaylorMade's softest 5-layer tour ball, with less driver spin than the previous model, creating the softest feel and providing optimal spin around the green. The improved Speed \u200b\u200bWrap Core allows for a softer sound while increasing ball speed. Recommended for players who value sound and feel, the TP5 provides optimal performance on the greenside.<\/p>","protected":false},"excerpt":{"rendered":"<p>B\u00d3NG TOUR M\u1ec0M NH\u1ea4T C\u1ee6A TAYLORMADE \u0110\u01b0\u1ee3c trang b\u1ecb &#8220;L\u00f5i b\u1ecdc t\u1ed1c \u0111\u1ed9&#8221; m\u1edbi C\u1ea5u tr\u00fac 5 l\u1edbp V\u1ecf urethane \u0111\u00fac TRANG B\u1eca &#8220;L\u00d5I T\u1ed0C \u0110\u1ed8&#8221; C\u1ea2I TI\u1ebeN B\u00f3ng TP5 n\u00e0y l\u00e0 b\u00f3ng Tour 5 l\u1edbp m\u1ec1m nh\u1ea5t c\u1ee7a TaylorMade, v\u1edbi \u0111\u1ed9 xo\u00e1y c\u1ee7a driver \u00edt h\u01a1n so v\u1edbi c\u00e1c lo\u1ea1i b\u00f3ng tr\u01b0\u1edbc \u0111\u00f3, t\u1ea1o [&hellip;]<\/p>","protected":false},"featured_media":8282,"comment_status":"open","ping_status":"closed","template":"","meta":{"_acf_changed":false,"site-sidebar-layout":"default","site-content-layout":"","ast-site-content-layout":"default","site-content-style":"default","site-sidebar-style":"default","ast-global-header-display":"","ast-banner-title-visibility":"","ast-main-header-display":"","ast-hfb-above-header-display":"","ast-hfb-below-header-display":"","ast-hfb-mobile-header-display":"","site-post-title":"","ast-breadcrumbs-content":"","ast-featured-img":"","footer-sml-layout":"","theme-transparent-header-meta":"default","adv-header-id-meta":"","stick-header-meta":"default","header-above-stick-meta":"","header-main-stick-meta":"","header-below-stick-meta":"","astra-migrate-meta-layouts":"set","ast-page-background-enabled":"default","ast-page-background-meta":{"desktop":{"background-color":"","background-image":"","background-repeat":"repeat","background-position":"center center","background-size":"auto","background-attachment":"scroll","background-type":"","background-media":"","overlay-type":"","overlay-color":"","overlay-opacity":"","overlay-gradient":""},"tablet":{"background-color":"","background-image":"","background-repeat":"repeat","background-position":"center center","background-size":"auto","background-attachment":"scroll","background-type":"","background-media":"","overlay-type":"","overlay-color":"","overlay-opacity":"","overlay-gradient":""},"mobile":{"background-color":"","background-image":"","background-repeat":"repeat","background-position":"center center","background-size":"auto","background-attachment":"scroll","background-type":"","background-media":"","overlay-type":"","overlay-color":"","overlay-opacity":"","overlay-gradient":""}},"ast-content-background-meta":{"desktop":{"background-color":"var(--ast-global-color-5)","background-image":"","background-repeat":"repeat","background-position":"center center","background-size":"auto","background-attachment":"scroll","background-type":"","background-media":"","overlay-type":"","overlay-color":"","overlay-opacity":"","overlay-gradient":""},"tablet":{"background-color":"var(--ast-global-color-5)","background-image":"","background-repeat":"repeat","background-position":"center center","background-size":"auto","background-attachment":"scroll","background-type":"","background-media":"","overlay-type":"","overlay-color":"","overlay-opacity":"","overlay-gradient":""},"mobile":{"background-color":"var(--ast-global-color-5)","background-image":"","background-repeat":"repeat","background-position":"center center","background-size":"auto","background-attachment":"scroll","background-type":"","background-media":"","overlay-type":"","overlay-color":"","overlay-opacity":"","overlay-gradient":""}}},"product_brand":[],"product_cat":[85],"product_tag":[318],"class_list":{"0":"post-8279","1":"product","2":"type-product","3":"status-publish","4":"has-post-thumbnail","6":"product_cat-tp5-tp5pix-bong-gon","7":"product_tag-318","8":"desktop-align-center","9":"tablet-align-center","10":"mobile-align-center","11":"ast-product-gallery-layout-first-image-large","12":"ast-product-tabs-layout-distributed","14":"first","15":"instock","16":"shipping-taxable","17":"purchasable","18":"product-type-simple"},"acf":[],"_links":{"self":[{"href":"https:\/\/taylormade-golf.vn\/en\/wp-json\/wp\/v2\/product\/8279","targetHints":{"allow":["GET"]}}],"collection":[{"href":"https:\/\/taylormade-golf.vn\/en\/wp-json\/wp\/v2\/product"}],"about":[{"href":"https:\/\/taylormade-golf.vn\/en\/wp-json\/wp\/v2\/types\/product"}],"replies":[{"embeddable":true,"href":"https:\/\/taylormade-golf.vn\/en\/wp-json\/wp\/v2\/comments?post=8279"}],"wp:featuredmedia":[{"embeddable":true,"href":"https:\/\/taylormade-golf.vn\/en\/wp-json\/wp\/v2\/media\/8282"}],"wp:attachment":[{"href":"https:\/\/taylormade-golf.vn\/en\/wp-json\/wp\/v2\/media?parent=8279"}],"wp:term":[{"taxonomy":"product_brand","embeddable":true,"href":"https:\/\/taylormade-golf.vn\/en\/wp-json\/wp\/v2\/product_brand?post=8279"},{"taxonomy":"product_cat","embeddable":true,"href":"https:\/\/taylormade-golf.vn\/en\/wp-json\/wp\/v2\/product_cat?post=8279"},{"taxonomy":"product_tag","embeddable":true,"href":"https:\/\/taylormade-golf.vn\/en\/wp-json\/wp\/v2\/product_tag?post=8279"}],"curies":[{"name":"wp","href":"https:\/\/api.w.org\/{rel}","templated":true}]}}