{"id":8271,"date":"2021-06-14T08:27:56","date_gmt":"2021-06-14T01:27:56","guid":{"rendered":"https:\/\/taylormade-golf.vn\/?post_type=product&#038;p=8271"},"modified":"2024-06-27T17:26:19","modified_gmt":"2024-06-27T10:26:19","slug":"bong-tp5-pix","status":"publish","type":"product","link":"https:\/\/taylormade-golf.vn\/en\/product\/bong-tp5-pix\/","title":{"rendered":"TP5 pix Ball"},"content":{"rendered":"<p>TOUR-PRO APPROVED, HIGHLY VISIBLE DESIGN<\/p>\n<p>The latest tour ball designed under the supervision of Rickie Fowler has been further improved. A multi-colored, high-contrast ball has been created using Clear Path Alignment\u2122 in the same five-layer structure as the New TP5\/New TP5x, which are used by the world's top pros.<\/p>\n<p>INNOVATIVE LINES<\/p>\n<p>The \"\"Clear Path Alignment\u2122\"\" features a distinctive design and a \"\"TaylorMade\"\" logo that has been adjusted to correctly set the target direction. It not only creates a decorative effect, but also supports alignment and putting movements on the green.<\/p>\n<p>NEW DIMPLE SHAPE<\/p>\n<p>The new Tour Flight Dimple Pattern delivers a new level of aerodynamics. The new dimple shape, the first in about 10 years, reduces drag (air resistance) immediately after impact, the ball is successfully extended in carry distance.<\/p>","protected":false},"excerpt":{"rendered":"<p>THI\u1ebeT K\u1ebe \u0110\u01af\u1ee2C TOUR-PRO KI\u1ec2M DUY\u1ec6T, KH\u1ea2 N\u0102NG HI\u1ec2N D\u1ec4 TH\u1ea4Y CAO B\u00f3ng Tour \u0111\u01b0\u1ee3c thi\u1ebft k\u1ebf d\u01b0\u1edbi s\u1ef1 gi\u00e1m s\u00e1t c\u1ee7a Rickie Fowler \u0111\u00e3 \u0111\u01b0\u1ee3c c\u1ea3i ti\u1ebfn h\u01a1n. Lo\u1ea1i b\u00f3ng nhi\u1ec1u m\u00e0u, c\u00f3 \u0111\u1ed9 t\u01b0\u01a1ng ph\u1ea3n cao \u0111\u00e3 \u0111\u01b0\u1ee3c t\u1ea1o ra b\u1eb3ng vi\u1ec7c s\u1eed d\u1ee5ng Clear Path Alignment\u2122 v\u1edbi c\u1ea5u tr\u00fac n\u0103m l\u1edbp nh\u01b0 [&hellip;]<\/p>","protected":false},"featured_media":8277,"comment_status":"open","ping_status":"closed","template":"","meta":{"_acf_changed":false,"site-sidebar-layout":"default","site-content-layout":"","ast-site-content-layout":"default","site-content-style":"default","site-sidebar-style":"default","ast-global-header-display":"","ast-banner-title-visibility":"","ast-main-header-display":"","ast-hfb-above-header-display":"","ast-hfb-below-header-display":"","ast-hfb-mobile-header-display":"","site-post-title":"","ast-breadcrumbs-content":"","ast-featured-img":"","footer-sml-layout":"","theme-transparent-header-meta":"default","adv-header-id-meta":"","stick-header-meta":"default","header-above-stick-meta":"","header-main-stick-meta":"","header-below-stick-meta":"","astra-migrate-meta-layouts":"set","ast-page-background-enabled":"default","ast-page-background-meta":{"desktop":{"background-color":"","background-image":"","background-repeat":"repeat","background-position":"center center","background-size":"auto","background-attachment":"scroll","background-type":"","background-media":"","overlay-type":"","overlay-color":"","overlay-opacity":"","overlay-gradient":""},"tablet":{"background-color":"","background-image":"","background-repeat":"repeat","background-position":"center center","background-size":"auto","background-attachment":"scroll","background-type":"","background-media":"","overlay-type":"","overlay-color":"","overlay-opacity":"","overlay-gradient":""},"mobile":{"background-color":"","background-image":"","background-repeat":"repeat","background-position":"center center","background-size":"auto","background-attachment":"scroll","background-type":"","background-media":"","overlay-type":"","overlay-color":"","overlay-opacity":"","overlay-gradient":""}},"ast-content-background-meta":{"desktop":{"background-color":"var(--ast-global-color-5)","background-image":"","background-repeat":"repeat","background-position":"center center","background-size":"auto","background-attachment":"scroll","background-type":"","background-media":"","overlay-type":"","overlay-color":"","overlay-opacity":"","overlay-gradient":""},"tablet":{"background-color":"var(--ast-global-color-5)","background-image":"","background-repeat":"repeat","background-position":"center center","background-size":"auto","background-attachment":"scroll","background-type":"","background-media":"","overlay-type":"","overlay-color":"","overlay-opacity":"","overlay-gradient":""},"mobile":{"background-color":"var(--ast-global-color-5)","background-image":"","background-repeat":"repeat","background-position":"center center","background-size":"auto","background-attachment":"scroll","background-type":"","background-media":"","overlay-type":"","overlay-color":"","overlay-opacity":"","overlay-gradient":""}}},"product_brand":[],"product_cat":[85],"product_tag":[321],"class_list":{"0":"post-8271","1":"product","2":"type-product","3":"status-publish","4":"has-post-thumbnail","6":"product_cat-tp5-tp5pix-bong-gon","7":"product_tag-321","8":"desktop-align-center","9":"tablet-align-center","10":"mobile-align-center","11":"ast-product-gallery-layout-first-image-large","12":"ast-product-tabs-layout-distributed","14":"first","15":"instock","16":"shipping-taxable","17":"purchasable","18":"product-type-simple"},"acf":[],"_links":{"self":[{"href":"https:\/\/taylormade-golf.vn\/en\/wp-json\/wp\/v2\/product\/8271","targetHints":{"allow":["GET"]}}],"collection":[{"href":"https:\/\/taylormade-golf.vn\/en\/wp-json\/wp\/v2\/product"}],"about":[{"href":"https:\/\/taylormade-golf.vn\/en\/wp-json\/wp\/v2\/types\/product"}],"replies":[{"embeddable":true,"href":"https:\/\/taylormade-golf.vn\/en\/wp-json\/wp\/v2\/comments?post=8271"}],"wp:featuredmedia":[{"embeddable":true,"href":"https:\/\/taylormade-golf.vn\/en\/wp-json\/wp\/v2\/media\/8277"}],"wp:attachment":[{"href":"https:\/\/taylormade-golf.vn\/en\/wp-json\/wp\/v2\/media?parent=8271"}],"wp:term":[{"taxonomy":"product_brand","embeddable":true,"href":"https:\/\/taylormade-golf.vn\/en\/wp-json\/wp\/v2\/product_brand?post=8271"},{"taxonomy":"product_cat","embeddable":true,"href":"https:\/\/taylormade-golf.vn\/en\/wp-json\/wp\/v2\/product_cat?post=8271"},{"taxonomy":"product_tag","embeddable":true,"href":"https:\/\/taylormade-golf.vn\/en\/wp-json\/wp\/v2\/product_tag?post=8271"}],"curies":[{"name":"wp","href":"https:\/\/api.w.org\/{rel}","templated":true}]}}