{"id":8262,"date":"2021-06-14T08:16:16","date_gmt":"2021-06-14T01:16:16","guid":{"rendered":"https:\/\/taylormade-golf.vn\/?post_type=product&#038;p=8262"},"modified":"2024-06-27T17:26:26","modified_gmt":"2024-06-27T10:26:26","slug":"bong-tp5","status":"publish","type":"product","link":"https:\/\/taylormade-golf.vn\/en\/product\/bong-tp5\/","title":{"rendered":"TP5 Ball"},"content":{"rendered":"<p>ADVANCED TOUR BALL THAT PERFORMS WITH EVERY CLUB<\/p>\n<p>The TP5 is used by the world's top professionals. There is a reason why they choose the TP5. It is TaylorMade's unique 5-layer structure that delivers performance in all clubs. Equipped with the newly designed \"Tour Flight Dimples\" that have been born for the first time in about 10 years, the further evolved TP5 will be an ally for all golfers.<\/p>\n<p>NEW DIMPLE SHAPE<\/p>\n<p>The new Tour Flight Dimple Pattern delivers a new level of aerodynamics. The new dimple shape, the first in about 10 years, reduces drag (air resistance) immediately after impact, the ball is successfully extended in carry distance.<\/p>\n<p>PRECISE CONTROL<\/p>\n<p>The TP5 is the softest tour ball in TaylorMade history and boasts strong backspin performance on approach shots within 100 yards. The soft cast urethane (TSU: Thermoset Urethane) cover enhances backspin performance around the green, providing precise control on shots aimed at the pin, which is the key to the game.<\/p>\n<p>BIGGER CORE FOR GREATER INITIAL VELOCITY<\/p>\n<p>The key to generating the initial velocity of the TP5 is its larger, more resilient core (the central layer of the five-layer structure). The Try-Fast Core (layers 1-3), including the core, and the fourth layer increases the initial velocity of the ball, improving distance performance from the tee shot and control performance that minimizes the effects of wind.<\/p>","protected":false},"excerpt":{"rendered":"<p>B\u00d3NG TOUR HI\u1ec6U SU\u1ea4T CAO CHO M\u1eccI LO\u1ea0I G\u1eacY TP5 \u0111\u01b0\u1ee3c c\u00e1c chuy\u00ean gia h\u00e0ng \u0111\u1ea7u th\u1ebf gi\u1edbi tin d\u00f9ng. \u0110\u00e2u l\u00e0 l\u00fd do \u0111\u1ec3 h\u1ecd tin d\u00f9ng d\u00f2ng TP5 n\u00e0y? V\u1edbi c\u1ea5u tr\u00fac 5 l\u1edbp \u0111\u1ed9c \u0111\u00e1o c\u1ee7a TaylorMade mang l\u1ea1i hi\u1ec7u su\u1ea5t cho m\u1ecdi lo\u1ea1i g\u1eady. V\u1edbi thi\u1ebft k\u1ebf &#8220;Dimple Tour Flight&#8221; l\u1ea7n [&hellip;]<\/p>","protected":false},"featured_media":8265,"comment_status":"open","ping_status":"closed","template":"","meta":{"_acf_changed":false,"site-sidebar-layout":"default","site-content-layout":"","ast-site-content-layout":"default","site-content-style":"default","site-sidebar-style":"default","ast-global-header-display":"","ast-banner-title-visibility":"","ast-main-header-display":"","ast-hfb-above-header-display":"","ast-hfb-below-header-display":"","ast-hfb-mobile-header-display":"","site-post-title":"","ast-breadcrumbs-content":"","ast-featured-img":"","footer-sml-layout":"","theme-transparent-header-meta":"default","adv-header-id-meta":"","stick-header-meta":"default","header-above-stick-meta":"","header-main-stick-meta":"","header-below-stick-meta":"","astra-migrate-meta-layouts":"set","ast-page-background-enabled":"default","ast-page-background-meta":{"desktop":{"background-color":"","background-image":"","background-repeat":"repeat","background-position":"center center","background-size":"auto","background-attachment":"scroll","background-type":"","background-media":"","overlay-type":"","overlay-color":"","overlay-opacity":"","overlay-gradient":""},"tablet":{"background-color":"","background-image":"","background-repeat":"repeat","background-position":"center center","background-size":"auto","background-attachment":"scroll","background-type":"","background-media":"","overlay-type":"","overlay-color":"","overlay-opacity":"","overlay-gradient":""},"mobile":{"background-color":"","background-image":"","background-repeat":"repeat","background-position":"center center","background-size":"auto","background-attachment":"scroll","background-type":"","background-media":"","overlay-type":"","overlay-color":"","overlay-opacity":"","overlay-gradient":""}},"ast-content-background-meta":{"desktop":{"background-color":"var(--ast-global-color-5)","background-image":"","background-repeat":"repeat","background-position":"center center","background-size":"auto","background-attachment":"scroll","background-type":"","background-media":"","overlay-type":"","overlay-color":"","overlay-opacity":"","overlay-gradient":""},"tablet":{"background-color":"var(--ast-global-color-5)","background-image":"","background-repeat":"repeat","background-position":"center center","background-size":"auto","background-attachment":"scroll","background-type":"","background-media":"","overlay-type":"","overlay-color":"","overlay-opacity":"","overlay-gradient":""},"mobile":{"background-color":"var(--ast-global-color-5)","background-image":"","background-repeat":"repeat","background-position":"center center","background-size":"auto","background-attachment":"scroll","background-type":"","background-media":"","overlay-type":"","overlay-color":"","overlay-opacity":"","overlay-gradient":""}}},"product_brand":[],"product_cat":[85],"product_tag":[321],"class_list":{"0":"post-8262","1":"product","2":"type-product","3":"status-publish","4":"has-post-thumbnail","6":"product_cat-tp5-tp5pix-bong-gon","7":"product_tag-321","8":"desktop-align-center","9":"tablet-align-center","10":"mobile-align-center","11":"ast-product-gallery-layout-first-image-large","12":"ast-product-tabs-layout-distributed","14":"first","15":"instock","16":"shipping-taxable","17":"purchasable","18":"product-type-simple"},"acf":[],"_links":{"self":[{"href":"https:\/\/taylormade-golf.vn\/en\/wp-json\/wp\/v2\/product\/8262","targetHints":{"allow":["GET"]}}],"collection":[{"href":"https:\/\/taylormade-golf.vn\/en\/wp-json\/wp\/v2\/product"}],"about":[{"href":"https:\/\/taylormade-golf.vn\/en\/wp-json\/wp\/v2\/types\/product"}],"replies":[{"embeddable":true,"href":"https:\/\/taylormade-golf.vn\/en\/wp-json\/wp\/v2\/comments?post=8262"}],"wp:featuredmedia":[{"embeddable":true,"href":"https:\/\/taylormade-golf.vn\/en\/wp-json\/wp\/v2\/media\/8265"}],"wp:attachment":[{"href":"https:\/\/taylormade-golf.vn\/en\/wp-json\/wp\/v2\/media?parent=8262"}],"wp:term":[{"taxonomy":"product_brand","embeddable":true,"href":"https:\/\/taylormade-golf.vn\/en\/wp-json\/wp\/v2\/product_brand?post=8262"},{"taxonomy":"product_cat","embeddable":true,"href":"https:\/\/taylormade-golf.vn\/en\/wp-json\/wp\/v2\/product_cat?post=8262"},{"taxonomy":"product_tag","embeddable":true,"href":"https:\/\/taylormade-golf.vn\/en\/wp-json\/wp\/v2\/product_tag?post=8262"}],"curies":[{"name":"wp","href":"https:\/\/api.w.org\/{rel}","templated":true}]}}