{"id":7731,"date":"2024-06-13T11:36:32","date_gmt":"2024-06-13T04:36:32","guid":{"rendered":"https:\/\/taylormade-golf.vn\/?post_type=product&#038;p=7731"},"modified":"2024-06-16T16:53:27","modified_gmt":"2024-06-16T09:53:27","slug":"vay-tour-tm-lined","status":"publish","type":"product","link":"https:\/\/taylormade-golf.vn\/en\/product\/vay-tour-tm-lined\/","title":{"rendered":"Tour TM Lined Skort"},"content":{"rendered":"<p>A sporty and cool skort with a diagonal logo line. A subtle slit has been added to increase ease of movement. The clean design creates a beautiful leg style and provides a comfortable fit. It also has water repellency, anti-see-through, and UV protection functions.<\/p>\n<p>MATERIAL<br \/>\nSkirt: 86% polyester, 14% polyurethane; Inner pants: 87% polyester, 13% polyurethane<\/p>","protected":false},"excerpt":{"rendered":"<p>M\u1ed9t chi\u1ebfc ch\u00e2n v\u00e1y ng\u1eafn sporty v\u00e0 m\u00e1t m\u1ebb v\u1edbi m\u1ed9t \u0111\u01b0\u1eddng logo ch\u00e9o. M\u1ed9t khe h\u1edf nh\u1ecf \u0111\u01b0\u1ee3c b\u1ed5 sung \u0111\u1ec3 t\u0103ng kh\u1ea3 n\u0103ng di chuy\u1ec3n. Thi\u1ebft k\u1ebf \u0111\u01a1n gi\u1ea3n v\u00e0 phong c\u00e1ch, mang l\u1ea1i s\u1ef1 tho\u1ea3i m\u00e1i khi m\u1eb7c. V\u00e1y c\u0169ng c\u00f3 c\u00e1c ch\u1ee9c n\u0103ng ch\u1ed1ng n\u01b0\u1edbc, ch\u1ed1ng xuy\u00ean th\u1ea5u v\u00e0 b\u1ea3o v\u1ec7 [&hellip;]<\/p>","protected":false},"featured_media":7741,"comment_status":"open","ping_status":"closed","template":"","meta":{"_acf_changed":false,"site-sidebar-layout":"default","site-content-layout":"","ast-site-content-layout":"default","site-content-style":"default","site-sidebar-style":"default","ast-global-header-display":"","ast-banner-title-visibility":"","ast-main-header-display":"","ast-hfb-above-header-display":"","ast-hfb-below-header-display":"","ast-hfb-mobile-header-display":"","site-post-title":"","ast-breadcrumbs-content":"","ast-featured-img":"","footer-sml-layout":"","theme-transparent-header-meta":"default","adv-header-id-meta":"","stick-header-meta":"default","header-above-stick-meta":"","header-main-stick-meta":"","header-below-stick-meta":"","astra-migrate-meta-layouts":"set","ast-page-background-enabled":"default","ast-page-background-meta":{"desktop":{"background-color":"","background-image":"","background-repeat":"repeat","background-position":"center center","background-size":"auto","background-attachment":"scroll","background-type":"","background-media":"","overlay-type":"","overlay-color":"","overlay-opacity":"","overlay-gradient":""},"tablet":{"background-color":"","background-image":"","background-repeat":"repeat","background-position":"center center","background-size":"auto","background-attachment":"scroll","background-type":"","background-media":"","overlay-type":"","overlay-color":"","overlay-opacity":"","overlay-gradient":""},"mobile":{"background-color":"","background-image":"","background-repeat":"repeat","background-position":"center center","background-size":"auto","background-attachment":"scroll","background-type":"","background-media":"","overlay-type":"","overlay-color":"","overlay-opacity":"","overlay-gradient":""}},"ast-content-background-meta":{"desktop":{"background-color":"var(--ast-global-color-5)","background-image":"","background-repeat":"repeat","background-position":"center center","background-size":"auto","background-attachment":"scroll","background-type":"","background-media":"","overlay-type":"","overlay-color":"","overlay-opacity":"","overlay-gradient":""},"tablet":{"background-color":"var(--ast-global-color-5)","background-image":"","background-repeat":"repeat","background-position":"center center","background-size":"auto","background-attachment":"scroll","background-type":"","background-media":"","overlay-type":"","overlay-color":"","overlay-opacity":"","overlay-gradient":""},"mobile":{"background-color":"var(--ast-global-color-5)","background-image":"","background-repeat":"repeat","background-position":"center center","background-size":"auto","background-attachment":"scroll","background-type":"","background-media":"","overlay-type":"","overlay-color":"","overlay-opacity":"","overlay-gradient":""}}},"product_brand":[],"product_cat":[263,101,384],"product_tag":[318],"class_list":{"0":"post-7731","1":"product","2":"type-product","3":"status-publish","4":"has-post-thumbnail","6":"product_cat-nu","7":"product_cat-quan-ao","8":"product_cat-vay","9":"product_tag-318","10":"desktop-align-center","11":"tablet-align-center","12":"mobile-align-center","13":"ast-product-gallery-layout-first-image-large","14":"ast-product-single-variable","15":"ast-product-tabs-layout-distributed","17":"first","18":"instock","19":"shipping-taxable","20":"purchasable","21":"product-type-variable"},"acf":[],"_links":{"self":[{"href":"https:\/\/taylormade-golf.vn\/en\/wp-json\/wp\/v2\/product\/7731","targetHints":{"allow":["GET"]}}],"collection":[{"href":"https:\/\/taylormade-golf.vn\/en\/wp-json\/wp\/v2\/product"}],"about":[{"href":"https:\/\/taylormade-golf.vn\/en\/wp-json\/wp\/v2\/types\/product"}],"replies":[{"embeddable":true,"href":"https:\/\/taylormade-golf.vn\/en\/wp-json\/wp\/v2\/comments?post=7731"}],"wp:featuredmedia":[{"embeddable":true,"href":"https:\/\/taylormade-golf.vn\/en\/wp-json\/wp\/v2\/media\/7741"}],"wp:attachment":[{"href":"https:\/\/taylormade-golf.vn\/en\/wp-json\/wp\/v2\/media?parent=7731"}],"wp:term":[{"taxonomy":"product_brand","embeddable":true,"href":"https:\/\/taylormade-golf.vn\/en\/wp-json\/wp\/v2\/product_brand?post=7731"},{"taxonomy":"product_cat","embeddable":true,"href":"https:\/\/taylormade-golf.vn\/en\/wp-json\/wp\/v2\/product_cat?post=7731"},{"taxonomy":"product_tag","embeddable":true,"href":"https:\/\/taylormade-golf.vn\/en\/wp-json\/wp\/v2\/product_tag?post=7731"}],"curies":[{"name":"wp","href":"https:\/\/api.w.org\/{rel}","templated":true}]}}