{"id":6635,"date":"2024-06-12T16:21:37","date_gmt":"2024-06-12T09:21:37","guid":{"rendered":"https:\/\/taylormade-golf.vn\/?post_type=product&#038;p=6635"},"modified":"2024-06-17T17:13:13","modified_gmt":"2024-06-17T10:13:13","slug":"ao-dai-tay","status":"publish","type":"product","link":"https:\/\/taylormade-golf.vn\/en\/product\/ao-dai-tay\/","title":{"rendered":"Side logo L\/S polo"},"content":{"rendered":"<p>A long-sleeved polo shirt with a cool side logo that catches your eye. A simple design with subtle accents that give it a unique look. The sides are made of mesh, so it is moderately breathable. It is not only highly stretchable, but also has UV protection and moisture-wicking properties.<\/p>\n<p>MATERIAL<br \/>\nBody: 72% nylon, 28% polyurethane; Mesh: 90% nylon, 10% polyurethane<\/p>","protected":false},"excerpt":{"rendered":"<p>M\u1ed9t chi\u1ebfc \u00e1o polo d\u00e0i tay v\u1edbi logo ph\u00eda h\u00f4ng t\u1ea1o \u0111i\u1ec3m nh\u1ea5n thu h\u00fat \u00e1nh nh\u00ecn. Thi\u1ebft k\u1ebf \u0111\u01a1n gi\u1ea3n v\u1edbi c\u00e1c chi ti\u1ebft nh\u1ecf nh\u1eb9 t\u1ea1o n\u00ean v\u1ebb ngo\u1ea1i h\u00ecnh \u0111\u1ed9c \u0111\u00e1o. Hai b\u00ean \u0111\u01b0\u1ee3c l\u00e0m b\u1eb1ng v\u1ea3i l\u01b0\u1edbi, gi\u00fap th\u00f4ng h\u01a1i m\u1ed9t c\u00e1ch v\u1eeba ph\u1ea3i. N\u00f3 kh\u00f4ng ch\u1ec9 co gi\u00e3n t\u1ed1t m\u00e0 [&hellip;]<\/p>","protected":false},"featured_media":6647,"comment_status":"open","ping_status":"closed","template":"","meta":{"_acf_changed":false,"site-sidebar-layout":"default","site-content-layout":"","ast-site-content-layout":"default","site-content-style":"default","site-sidebar-style":"default","ast-global-header-display":"","ast-banner-title-visibility":"","ast-main-header-display":"","ast-hfb-above-header-display":"","ast-hfb-below-header-display":"","ast-hfb-mobile-header-display":"","site-post-title":"","ast-breadcrumbs-content":"","ast-featured-img":"","footer-sml-layout":"","theme-transparent-header-meta":"default","adv-header-id-meta":"","stick-header-meta":"default","header-above-stick-meta":"","header-main-stick-meta":"","header-below-stick-meta":"","astra-migrate-meta-layouts":"set","ast-page-background-enabled":"default","ast-page-background-meta":{"desktop":{"background-color":"","background-image":"","background-repeat":"repeat","background-position":"center center","background-size":"auto","background-attachment":"scroll","background-type":"","background-media":"","overlay-type":"","overlay-color":"","overlay-opacity":"","overlay-gradient":""},"tablet":{"background-color":"","background-image":"","background-repeat":"repeat","background-position":"center center","background-size":"auto","background-attachment":"scroll","background-type":"","background-media":"","overlay-type":"","overlay-color":"","overlay-opacity":"","overlay-gradient":""},"mobile":{"background-color":"","background-image":"","background-repeat":"repeat","background-position":"center center","background-size":"auto","background-attachment":"scroll","background-type":"","background-media":"","overlay-type":"","overlay-color":"","overlay-opacity":"","overlay-gradient":""}},"ast-content-background-meta":{"desktop":{"background-color":"var(--ast-global-color-5)","background-image":"","background-repeat":"repeat","background-position":"center center","background-size":"auto","background-attachment":"scroll","background-type":"","background-media":"","overlay-type":"","overlay-color":"","overlay-opacity":"","overlay-gradient":""},"tablet":{"background-color":"var(--ast-global-color-5)","background-image":"","background-repeat":"repeat","background-position":"center center","background-size":"auto","background-attachment":"scroll","background-type":"","background-media":"","overlay-type":"","overlay-color":"","overlay-opacity":"","overlay-gradient":""},"mobile":{"background-color":"var(--ast-global-color-5)","background-image":"","background-repeat":"repeat","background-position":"center center","background-size":"auto","background-attachment":"scroll","background-type":"","background-media":"","overlay-type":"","overlay-color":"","overlay-opacity":"","overlay-gradient":""}}},"product_brand":[],"product_cat":[262,104],"product_tag":[318],"class_list":{"0":"post-6635","1":"product","2":"type-product","3":"status-publish","4":"has-post-thumbnail","6":"product_cat-nam","7":"product_cat-ao-dai-tay","8":"product_tag-318","9":"desktop-align-center","10":"tablet-align-center","11":"mobile-align-center","12":"ast-product-gallery-layout-first-image-large","13":"ast-product-single-variable","14":"ast-product-tabs-layout-distributed","16":"first","17":"instock","18":"shipping-taxable","19":"purchasable","20":"product-type-variable","21":"has-default-attributes"},"acf":[],"_links":{"self":[{"href":"https:\/\/taylormade-golf.vn\/en\/wp-json\/wp\/v2\/product\/6635","targetHints":{"allow":["GET"]}}],"collection":[{"href":"https:\/\/taylormade-golf.vn\/en\/wp-json\/wp\/v2\/product"}],"about":[{"href":"https:\/\/taylormade-golf.vn\/en\/wp-json\/wp\/v2\/types\/product"}],"replies":[{"embeddable":true,"href":"https:\/\/taylormade-golf.vn\/en\/wp-json\/wp\/v2\/comments?post=6635"}],"wp:featuredmedia":[{"embeddable":true,"href":"https:\/\/taylormade-golf.vn\/en\/wp-json\/wp\/v2\/media\/6647"}],"wp:attachment":[{"href":"https:\/\/taylormade-golf.vn\/en\/wp-json\/wp\/v2\/media?parent=6635"}],"wp:term":[{"taxonomy":"product_brand","embeddable":true,"href":"https:\/\/taylormade-golf.vn\/en\/wp-json\/wp\/v2\/product_brand?post=6635"},{"taxonomy":"product_cat","embeddable":true,"href":"https:\/\/taylormade-golf.vn\/en\/wp-json\/wp\/v2\/product_cat?post=6635"},{"taxonomy":"product_tag","embeddable":true,"href":"https:\/\/taylormade-golf.vn\/en\/wp-json\/wp\/v2\/product_tag?post=6635"}],"curies":[{"name":"wp","href":"https:\/\/api.w.org\/{rel}","templated":true}]}}