{"id":6075,"date":"2024-06-11T17:30:38","date_gmt":"2024-06-11T10:30:38","guid":{"rendered":"https:\/\/taylormade-golf.vn\/?post_type=product&#038;p=6075"},"modified":"2024-06-27T17:11:52","modified_gmt":"2024-06-27T10:11:52","slug":"tui-dung-gay-sports-modern","status":"publish","type":"product","link":"https:\/\/taylormade-golf.vn\/en\/product\/tui-dung-gay-sports-modern\/","title":{"rendered":"Sports Modern Club Case"},"content":{"rendered":"<p>A sporty and modern series with an impressive metal T logo. A club case with a calm design and a luxurious feel, made by combining three types of synthetic leather. The embossed metal T logo is eye-catching but not overly assertive, making it a design that matches a wide range of golfers. The synthetic leather material provides excellent protection for your clubs. A club case that combines functionality and luxury.<\/p>\n<p>Size: 47 inch compatible<\/p>\n<p>Material: Synthetic leather<\/p>","protected":false},"excerpt":{"rendered":"<p>M\u1ed9t d\u00f2ng s\u1ea3n ph\u1ea9m th\u1ec3 thao v\u00e0 hi\u1ec7n \u0111\u1ea1i v\u1edbi logo Metal T \u1ea5n t\u01b0\u1ee3ng. M\u1ed9t t\u00fai \u0111\u1ef1ng g\u1eady v\u1edbi thi\u1ebft k\u1ebf t\u0129nh l\u1eb7ng v\u00e0 c\u1ea3m gi\u00e1c sang tr\u1ecdng, \u0111\u01b0\u1ee3c l\u00e0m b\u1eb1ng s\u1ef1 k\u1ebft h\u1ee3p c\u1ee7a ba lo\u1ea1i da t\u1ed5ng h\u1ee3p. Logo Metal T \u0111\u01b0\u1ee3c \u00e9p n\u1ed5i l\u00e0m n\u1ed5i b\u1eadt m\u00e0 kh\u00f4ng qu\u00e1 ch\u00f3i l\u00f3a, [&hellip;]<\/p>","protected":false},"featured_media":6082,"comment_status":"open","ping_status":"closed","template":"","meta":{"_acf_changed":false,"site-sidebar-layout":"default","site-content-layout":"","ast-site-content-layout":"default","site-content-style":"default","site-sidebar-style":"default","ast-global-header-display":"","ast-banner-title-visibility":"","ast-main-header-display":"","ast-hfb-above-header-display":"","ast-hfb-below-header-display":"","ast-hfb-mobile-header-display":"","site-post-title":"","ast-breadcrumbs-content":"","ast-featured-img":"","footer-sml-layout":"","theme-transparent-header-meta":"default","adv-header-id-meta":"","stick-header-meta":"default","header-above-stick-meta":"","header-main-stick-meta":"","header-below-stick-meta":"","astra-migrate-meta-layouts":"set","ast-page-background-enabled":"default","ast-page-background-meta":{"desktop":{"background-color":"","background-image":"","background-repeat":"repeat","background-position":"center center","background-size":"auto","background-attachment":"scroll","background-type":"","background-media":"","overlay-type":"","overlay-color":"","overlay-opacity":"","overlay-gradient":""},"tablet":{"background-color":"","background-image":"","background-repeat":"repeat","background-position":"center center","background-size":"auto","background-attachment":"scroll","background-type":"","background-media":"","overlay-type":"","overlay-color":"","overlay-opacity":"","overlay-gradient":""},"mobile":{"background-color":"","background-image":"","background-repeat":"repeat","background-position":"center center","background-size":"auto","background-attachment":"scroll","background-type":"","background-media":"","overlay-type":"","overlay-color":"","overlay-opacity":"","overlay-gradient":""}},"ast-content-background-meta":{"desktop":{"background-color":"var(--ast-global-color-5)","background-image":"","background-repeat":"repeat","background-position":"center center","background-size":"auto","background-attachment":"scroll","background-type":"","background-media":"","overlay-type":"","overlay-color":"","overlay-opacity":"","overlay-gradient":""},"tablet":{"background-color":"var(--ast-global-color-5)","background-image":"","background-repeat":"repeat","background-position":"center center","background-size":"auto","background-attachment":"scroll","background-type":"","background-media":"","overlay-type":"","overlay-color":"","overlay-opacity":"","overlay-gradient":""},"mobile":{"background-color":"var(--ast-global-color-5)","background-image":"","background-repeat":"repeat","background-position":"center center","background-size":"auto","background-attachment":"scroll","background-type":"","background-media":"","overlay-type":"","overlay-color":"","overlay-opacity":"","overlay-gradient":""}}},"product_brand":[],"product_cat":[262,382],"product_tag":[318],"class_list":{"0":"post-6075","1":"product","2":"type-product","3":"status-publish","4":"has-post-thumbnail","6":"product_cat-nam","7":"product_cat-tui-gay-tap-golf-mini","8":"product_tag-318","9":"desktop-align-center","10":"tablet-align-center","11":"mobile-align-center","12":"ast-product-gallery-layout-first-image-large","13":"ast-product-single-variable","14":"ast-product-tabs-layout-distributed","16":"first","17":"instock","18":"shipping-taxable","19":"purchasable","20":"product-type-variable","21":"has-default-attributes"},"acf":[],"_links":{"self":[{"href":"https:\/\/taylormade-golf.vn\/en\/wp-json\/wp\/v2\/product\/6075","targetHints":{"allow":["GET"]}}],"collection":[{"href":"https:\/\/taylormade-golf.vn\/en\/wp-json\/wp\/v2\/product"}],"about":[{"href":"https:\/\/taylormade-golf.vn\/en\/wp-json\/wp\/v2\/types\/product"}],"replies":[{"embeddable":true,"href":"https:\/\/taylormade-golf.vn\/en\/wp-json\/wp\/v2\/comments?post=6075"}],"wp:featuredmedia":[{"embeddable":true,"href":"https:\/\/taylormade-golf.vn\/en\/wp-json\/wp\/v2\/media\/6082"}],"wp:attachment":[{"href":"https:\/\/taylormade-golf.vn\/en\/wp-json\/wp\/v2\/media?parent=6075"}],"wp:term":[{"taxonomy":"product_brand","embeddable":true,"href":"https:\/\/taylormade-golf.vn\/en\/wp-json\/wp\/v2\/product_brand?post=6075"},{"taxonomy":"product_cat","embeddable":true,"href":"https:\/\/taylormade-golf.vn\/en\/wp-json\/wp\/v2\/product_cat?post=6075"},{"taxonomy":"product_tag","embeddable":true,"href":"https:\/\/taylormade-golf.vn\/en\/wp-json\/wp\/v2\/product_tag?post=6075"}],"curies":[{"name":"wp","href":"https:\/\/api.w.org\/{rel}","templated":true}]}}