{"id":6057,"date":"2024-06-11T17:21:34","date_gmt":"2024-06-11T10:21:34","guid":{"rendered":"https:\/\/taylormade-golf.vn\/?post_type=product&#038;p=6057"},"modified":"2024-06-18T08:51:24","modified_gmt":"2024-06-18T01:51:24","slug":"tui-tote-tron-sports-modern","status":"publish","type":"product","link":"https:\/\/taylormade-golf.vn\/en\/product\/tui-tote-tron-sports-modern\/","title":{"rendered":"Sport Modern Round Tote"},"content":{"rendered":"<p>A sporty and modern series with an impressive metal T logo. A round tote bag with a calm design and a luxurious feel, made by combining three types of synthetic leather. The embossed metal T logo is eye-catching but not too overbearing, making it a design that matches a wide range of golfers. A round tote bag that combines functionality and luxury.<\/p>\n<p>Size: L37 x W25 x H23cm<\/p>\n<p>Material: Synthetic leather<\/p>","protected":false},"excerpt":{"rendered":"<p>M\u1ed9t d\u00f2ng s\u1ea3n ph\u1ea9m th\u1ec3 thao v\u00e0 hi\u1ec7n \u0111\u1ea1i v\u1edbi logo Metal T \u1ea5n t\u01b0\u1ee3ng. M\u1ed9t chi\u1ebfc t\u00fai tote tr\u00f2n v\u1edbi thi\u1ebft k\u1ebf t\u0129nh l\u1eb7ng v\u00e0 c\u1ea3m gi\u00e1c sang tr\u1ecdng, \u0111\u01b0\u1ee3c t\u1ea1o n\u00ean b\u1edfi s\u1ef1 k\u1ebft h\u1ee3p c\u1ee7a ba lo\u1ea1i da t\u1ed5ng h\u1ee3p. Logo Metal T \u0111\u01b0\u1ee3c \u00e9p n\u1ed5i l\u00e0m n\u1ed5i b\u1eadt m\u00e0 kh\u00f4ng qu\u00e1 [&hellip;]<\/p>","protected":false},"featured_media":6058,"comment_status":"open","ping_status":"closed","template":"","meta":{"_acf_changed":false,"site-sidebar-layout":"default","site-content-layout":"","ast-site-content-layout":"default","site-content-style":"default","site-sidebar-style":"default","ast-global-header-display":"","ast-banner-title-visibility":"","ast-main-header-display":"","ast-hfb-above-header-display":"","ast-hfb-below-header-display":"","ast-hfb-mobile-header-display":"","site-post-title":"","ast-breadcrumbs-content":"","ast-featured-img":"","footer-sml-layout":"","theme-transparent-header-meta":"default","adv-header-id-meta":"","stick-header-meta":"default","header-above-stick-meta":"","header-main-stick-meta":"","header-below-stick-meta":"","astra-migrate-meta-layouts":"set","ast-page-background-enabled":"default","ast-page-background-meta":{"desktop":{"background-color":"","background-image":"","background-repeat":"repeat","background-position":"center center","background-size":"auto","background-attachment":"scroll","background-type":"","background-media":"","overlay-type":"","overlay-color":"","overlay-opacity":"","overlay-gradient":""},"tablet":{"background-color":"","background-image":"","background-repeat":"repeat","background-position":"center center","background-size":"auto","background-attachment":"scroll","background-type":"","background-media":"","overlay-type":"","overlay-color":"","overlay-opacity":"","overlay-gradient":""},"mobile":{"background-color":"","background-image":"","background-repeat":"repeat","background-position":"center center","background-size":"auto","background-attachment":"scroll","background-type":"","background-media":"","overlay-type":"","overlay-color":"","overlay-opacity":"","overlay-gradient":""}},"ast-content-background-meta":{"desktop":{"background-color":"var(--ast-global-color-5)","background-image":"","background-repeat":"repeat","background-position":"center center","background-size":"auto","background-attachment":"scroll","background-type":"","background-media":"","overlay-type":"","overlay-color":"","overlay-opacity":"","overlay-gradient":""},"tablet":{"background-color":"var(--ast-global-color-5)","background-image":"","background-repeat":"repeat","background-position":"center center","background-size":"auto","background-attachment":"scroll","background-type":"","background-media":"","overlay-type":"","overlay-color":"","overlay-opacity":"","overlay-gradient":""},"mobile":{"background-color":"var(--ast-global-color-5)","background-image":"","background-repeat":"repeat","background-position":"center center","background-size":"auto","background-attachment":"scroll","background-type":"","background-media":"","overlay-type":"","overlay-color":"","overlay-opacity":"","overlay-gradient":""}}},"product_brand":[],"product_cat":[262,268],"product_tag":[318],"class_list":{"0":"post-6057","1":"product","2":"type-product","3":"status-publish","4":"has-post-thumbnail","6":"product_cat-nam","7":"product_cat-tui-tote","8":"product_tag-318","9":"desktop-align-center","10":"tablet-align-center","11":"mobile-align-center","12":"ast-product-gallery-layout-first-image-large","13":"ast-product-single-variable","14":"ast-product-tabs-layout-distributed","16":"first","17":"instock","18":"shipping-taxable","19":"purchasable","20":"product-type-variable","21":"has-default-attributes"},"acf":[],"_links":{"self":[{"href":"https:\/\/taylormade-golf.vn\/en\/wp-json\/wp\/v2\/product\/6057","targetHints":{"allow":["GET"]}}],"collection":[{"href":"https:\/\/taylormade-golf.vn\/en\/wp-json\/wp\/v2\/product"}],"about":[{"href":"https:\/\/taylormade-golf.vn\/en\/wp-json\/wp\/v2\/types\/product"}],"replies":[{"embeddable":true,"href":"https:\/\/taylormade-golf.vn\/en\/wp-json\/wp\/v2\/comments?post=6057"}],"wp:featuredmedia":[{"embeddable":true,"href":"https:\/\/taylormade-golf.vn\/en\/wp-json\/wp\/v2\/media\/6058"}],"wp:attachment":[{"href":"https:\/\/taylormade-golf.vn\/en\/wp-json\/wp\/v2\/media?parent=6057"}],"wp:term":[{"taxonomy":"product_brand","embeddable":true,"href":"https:\/\/taylormade-golf.vn\/en\/wp-json\/wp\/v2\/product_brand?post=6057"},{"taxonomy":"product_cat","embeddable":true,"href":"https:\/\/taylormade-golf.vn\/en\/wp-json\/wp\/v2\/product_cat?post=6057"},{"taxonomy":"product_tag","embeddable":true,"href":"https:\/\/taylormade-golf.vn\/en\/wp-json\/wp\/v2\/product_tag?post=6057"}],"curies":[{"name":"wp","href":"https:\/\/api.w.org\/{rel}","templated":true}]}}