{"id":3925,"date":"2023-05-28T13:53:27","date_gmt":"2023-05-28T06:53:27","guid":{"rendered":"https:\/\/taylormade-golf.vn\/?post_type=product&#038;p=3925"},"modified":"2024-06-17T11:28:16","modified_gmt":"2024-06-17T04:28:16","slug":"stealth-2-fairway","status":"publish","type":"product","link":"https:\/\/taylormade-golf.vn\/en\/product\/stealth-2-fairway\/","title":{"rendered":"Stealth 2 Fairway"},"content":{"rendered":"<p><strong>STEALTH 2 FAIRWAY WITH UPGRADED INVERTED CONE TECHNOLOGY<\/strong><\/p>\n<p>Variable face thickness is engineered to maximize ball speed across the face while maintaining playability in a confidence inspiring shape.<\/p>\n<p><strong>ULTRA LOW-CG DESIGN<\/strong><\/p>\n<p>Center of gravity is positioned lower compared to the original Stealth\u2122 Fairway, delivering a more centered CG projection for better performance off the deck without sacrificing distance. To accomplish this feat, engineers lowered CG by placing a heavy internal mass toward the rear of the club and lowering the crown by 2mm.<\/p>\n<p><strong>3D CARBON CROWN<\/strong><\/p>\n<p>3D carbon crown pulls mass away from the high toe area, allowing more weight to be positioned rearward for optimal forgiveness and maximum playability.<\/p>\n<p><strong>V STEEL\u2122 SOLE DESIGN<\/strong><\/p>\n<p>This iconic TaylorMade technology stays true to its heritage by improving turf interaction and versatility.<\/p>\n<p><strong>ADVANCED LASER ALIGNMENT<\/strong><\/p>\n<p>The 60X Carbon Twist Faceis encased by a polyurethane cover, featuring a revolutionary nanotexture technology. The nanotexture cover is used to fine tune launch and spin to optimize total distance regardless of playing conditions.<\/p>\n<p><strong>THRU-SLOT SPEED POCKET<\/strong><\/p>\n<p>Our flexible Speed Pocket*\u2122 design is engineered to maximize ball speeds and produce additional forgiveness on low-face strikes.<\/p>","protected":false},"excerpt":{"rendered":"<p>STEALTH 2 FAIRWAY V\u1edaI C\u00d4NG NGH\u1ec6 H\u00ccNH N\u00d3N NGH\u1ecaCH \u0110\u1ea2O N\u00c2NG C\u1ea4P \u0110\u1ed9 d\u00e0y m\u1eb7t g\u1eady \u0111\u01b0\u1ee3c thay \u0111\u1ed5i \u0111\u1ec3 t\u1ed1i \u0111a h\u00f3a v\u1eadn t\u1ed1c b\u00f3ng qua m\u1eb7t g\u1eady \u0111\u1ed3ng th\u1eddi v\u1eabn duy tr\u00ec kh\u1ea3 n\u0103ng ch\u01a1i t\u1ef1 tin c\u00f9ng t\u01b0 th\u1ebf \u0111\u00e1nh l\u00f4i cu\u1ed1n. THI\u1ebeT K\u1ebe CG C\u1ef0C TH\u1ea4P Tr\u1ecdng t\u00e2m \u0111\u01b0\u1ee3c \u0111\u1ecbnh v\u1ecb [&hellip;]<\/p>","protected":false},"featured_media":3926,"comment_status":"open","ping_status":"closed","template":"","meta":{"_acf_changed":false,"site-sidebar-layout":"default","site-content-layout":"","ast-site-content-layout":"default","site-content-style":"default","site-sidebar-style":"default","ast-global-header-display":"","ast-banner-title-visibility":"","ast-main-header-display":"","ast-hfb-above-header-display":"","ast-hfb-below-header-display":"","ast-hfb-mobile-header-display":"","site-post-title":"","ast-breadcrumbs-content":"","ast-featured-img":"","footer-sml-layout":"","theme-transparent-header-meta":"default","adv-header-id-meta":"","stick-header-meta":"default","header-above-stick-meta":"","header-main-stick-meta":"","header-below-stick-meta":"","astra-migrate-meta-layouts":"set","ast-page-background-enabled":"default","ast-page-background-meta":{"desktop":{"background-color":"","background-image":"","background-repeat":"repeat","background-position":"center center","background-size":"auto","background-attachment":"scroll","background-type":"","background-media":"","overlay-type":"","overlay-color":"","overlay-opacity":"","overlay-gradient":""},"tablet":{"background-color":"","background-image":"","background-repeat":"repeat","background-position":"center center","background-size":"auto","background-attachment":"scroll","background-type":"","background-media":"","overlay-type":"","overlay-color":"","overlay-opacity":"","overlay-gradient":""},"mobile":{"background-color":"","background-image":"","background-repeat":"repeat","background-position":"center center","background-size":"auto","background-attachment":"scroll","background-type":"","background-media":"","overlay-type":"","overlay-color":"","overlay-opacity":"","overlay-gradient":""}},"ast-content-background-meta":{"desktop":{"background-color":"var(--ast-global-color-5)","background-image":"","background-repeat":"repeat","background-position":"center center","background-size":"auto","background-attachment":"scroll","background-type":"","background-media":"","overlay-type":"","overlay-color":"","overlay-opacity":"","overlay-gradient":""},"tablet":{"background-color":"var(--ast-global-color-5)","background-image":"","background-repeat":"repeat","background-position":"center center","background-size":"auto","background-attachment":"scroll","background-type":"","background-media":"","overlay-type":"","overlay-color":"","overlay-opacity":"","overlay-gradient":""},"mobile":{"background-color":"var(--ast-global-color-5)","background-image":"","background-repeat":"repeat","background-position":"center center","background-size":"auto","background-attachment":"scroll","background-type":"","background-media":"","overlay-type":"","overlay-color":"","overlay-opacity":"","overlay-gradient":""}}},"product_brand":[],"product_cat":[73,262,79],"product_tag":[320],"class_list":{"0":"post-3925","1":"product","2":"type-product","3":"status-publish","4":"has-post-thumbnail","6":"product_cat-fairway-wood","7":"product_cat-nam","8":"product_cat-stealth-2-gay-gon","9":"product_tag-320","10":"desktop-align-center","11":"tablet-align-center","12":"mobile-align-center","13":"ast-product-gallery-layout-first-image-large","14":"ast-product-single-variable","15":"ast-product-tabs-layout-distributed","17":"first","18":"instock","19":"shipping-taxable","20":"purchasable","21":"product-type-variable","22":"has-default-attributes"},"acf":[],"_links":{"self":[{"href":"https:\/\/taylormade-golf.vn\/en\/wp-json\/wp\/v2\/product\/3925","targetHints":{"allow":["GET"]}}],"collection":[{"href":"https:\/\/taylormade-golf.vn\/en\/wp-json\/wp\/v2\/product"}],"about":[{"href":"https:\/\/taylormade-golf.vn\/en\/wp-json\/wp\/v2\/types\/product"}],"replies":[{"embeddable":true,"href":"https:\/\/taylormade-golf.vn\/en\/wp-json\/wp\/v2\/comments?post=3925"}],"wp:featuredmedia":[{"embeddable":true,"href":"https:\/\/taylormade-golf.vn\/en\/wp-json\/wp\/v2\/media\/3926"}],"wp:attachment":[{"href":"https:\/\/taylormade-golf.vn\/en\/wp-json\/wp\/v2\/media?parent=3925"}],"wp:term":[{"taxonomy":"product_brand","embeddable":true,"href":"https:\/\/taylormade-golf.vn\/en\/wp-json\/wp\/v2\/product_brand?post=3925"},{"taxonomy":"product_cat","embeddable":true,"href":"https:\/\/taylormade-golf.vn\/en\/wp-json\/wp\/v2\/product_cat?post=3925"},{"taxonomy":"product_tag","embeddable":true,"href":"https:\/\/taylormade-golf.vn\/en\/wp-json\/wp\/v2\/product_tag?post=3925"}],"curies":[{"name":"wp","href":"https:\/\/api.w.org\/{rel}","templated":true}]}}