{"id":3832,"date":"2023-05-28T11:27:23","date_gmt":"2023-05-28T04:27:23","guid":{"rendered":"https:\/\/taylormade-golf.vn\/?post_type=product&#038;p=3832"},"modified":"2024-06-24T08:19:36","modified_gmt":"2024-06-24T01:19:36","slug":"stealth-2-rescue","status":"publish","type":"product","link":"https:\/\/taylormade-golf.vn\/en\/product\/stealth-2-rescue\/","title":{"rendered":"Stealth 2 Rescue"},"content":{"rendered":"<p><strong>ADVANCED INVERTED CONE TECHNOLOGY<\/strong><\/p>\n<p>Variable face thickness engineered to maximize ball speed across the face while maintaining conformance and improving durability in each individual hybrid.<\/p>\n<p><strong>REFINED CG PLACEMENT<\/strong><\/p>\n<p>Center of gravity is positioned lower compared to the original Stealth Rescue, delivering a more centered CG projection to improve performance on middle-face strikes. Engineers used weight savings from the infinity carbon crown to redistribute mass towards the rear of the club for enhanced MOl and forgiveness.<\/p>\n<p><strong>V STEEL\u2122 SOLE DESIGN<\/strong><\/p>\n<p>This iconic TaylorMade technology stays true to its heritage by improving turf interaction and versatility.<\/p>\n<p><strong>TWIST FACE\u00ae<\/strong><\/p>\n<p>The proven Twist Face\u00ae design helps golfers overcome inherent mis-hit tendencies for straighter shots.<\/p>\n<p><strong>THRU-SLOT SPEED POCKET<\/strong><\/p>\n<p>Our flexible Speed Pocket*\u2122 design is engineered to maximize ball speeds and produce additional forgiveness on low-face strikes.<\/p>","protected":false},"excerpt":{"rendered":"<p>C\u00d4NG NGH\u1ec6 H\u00ccNH N\u00d3N NGH\u1ecaCH \u0110\u1ea2O N\u00c2NG C\u1ea4P \u0110\u1ed9 d\u00e0y m\u1eb7t g\u1eady \u0111\u01b0\u1ee3c thay \u0111\u1ed5i \u0111\u1ec3 t\u1ed1i \u0111a h\u00f3a t\u1ed1c \u0111\u1ed9 b\u00f3ng qua m\u1eb7t g\u1eady \u0111\u1ed3ng th\u1eddi v\u0103n duy tr\u00ec \u0111\u01b0\u1ee3c s\u1ef1 t\u01b0\u01a1ng h\u1ee3p v\u00e0 v\u1eabn c\u1ea3i thi\u1ec7n \u0111\u01b0\u1ee3c \u0111\u1ed9 b\u1ec1n \u1edf m\u1ed7i c\u00e2y g\u1eady hybrid. V\u1eca TR\u00cd CG G\u1eccN NH\u1eb8 Tr\u1ecdng t\u00e2m \u0111\u01b0\u1ee3c \u0111\u1eb7t [&hellip;]<\/p>","protected":false},"featured_media":3834,"comment_status":"open","ping_status":"closed","template":"","meta":{"_acf_changed":false,"site-sidebar-layout":"default","site-content-layout":"","ast-site-content-layout":"default","site-content-style":"default","site-sidebar-style":"default","ast-global-header-display":"","ast-banner-title-visibility":"","ast-main-header-display":"","ast-hfb-above-header-display":"","ast-hfb-below-header-display":"","ast-hfb-mobile-header-display":"","site-post-title":"","ast-breadcrumbs-content":"","ast-featured-img":"","footer-sml-layout":"","theme-transparent-header-meta":"default","adv-header-id-meta":"","stick-header-meta":"default","header-above-stick-meta":"","header-main-stick-meta":"","header-below-stick-meta":"","astra-migrate-meta-layouts":"set","ast-page-background-enabled":"default","ast-page-background-meta":{"desktop":{"background-color":"","background-image":"","background-repeat":"repeat","background-position":"center center","background-size":"auto","background-attachment":"scroll","background-type":"","background-media":"","overlay-type":"","overlay-color":"","overlay-opacity":"","overlay-gradient":""},"tablet":{"background-color":"","background-image":"","background-repeat":"repeat","background-position":"center center","background-size":"auto","background-attachment":"scroll","background-type":"","background-media":"","overlay-type":"","overlay-color":"","overlay-opacity":"","overlay-gradient":""},"mobile":{"background-color":"","background-image":"","background-repeat":"repeat","background-position":"center center","background-size":"auto","background-attachment":"scroll","background-type":"","background-media":"","overlay-type":"","overlay-color":"","overlay-opacity":"","overlay-gradient":""}},"ast-content-background-meta":{"desktop":{"background-color":"var(--ast-global-color-5)","background-image":"","background-repeat":"repeat","background-position":"center center","background-size":"auto","background-attachment":"scroll","background-type":"","background-media":"","overlay-type":"","overlay-color":"","overlay-opacity":"","overlay-gradient":""},"tablet":{"background-color":"var(--ast-global-color-5)","background-image":"","background-repeat":"repeat","background-position":"center center","background-size":"auto","background-attachment":"scroll","background-type":"","background-media":"","overlay-type":"","overlay-color":"","overlay-opacity":"","overlay-gradient":""},"mobile":{"background-color":"var(--ast-global-color-5)","background-image":"","background-repeat":"repeat","background-position":"center center","background-size":"auto","background-attachment":"scroll","background-type":"","background-media":"","overlay-type":"","overlay-color":"","overlay-opacity":"","overlay-gradient":""}}},"product_brand":[],"product_cat":[262,74,79],"product_tag":[320],"class_list":{"0":"post-3832","1":"product","2":"type-product","3":"status-publish","4":"has-post-thumbnail","6":"product_cat-nam","7":"product_cat-hybrid","8":"product_cat-stealth-2-gay-gon","9":"product_tag-320","10":"desktop-align-center","11":"tablet-align-center","12":"mobile-align-center","13":"ast-product-gallery-layout-first-image-large","14":"ast-product-single-variable","15":"ast-product-tabs-layout-distributed","17":"first","18":"instock","19":"shipping-taxable","20":"purchasable","21":"product-type-variable","22":"has-default-attributes"},"acf":[],"_links":{"self":[{"href":"https:\/\/taylormade-golf.vn\/en\/wp-json\/wp\/v2\/product\/3832","targetHints":{"allow":["GET"]}}],"collection":[{"href":"https:\/\/taylormade-golf.vn\/en\/wp-json\/wp\/v2\/product"}],"about":[{"href":"https:\/\/taylormade-golf.vn\/en\/wp-json\/wp\/v2\/types\/product"}],"replies":[{"embeddable":true,"href":"https:\/\/taylormade-golf.vn\/en\/wp-json\/wp\/v2\/comments?post=3832"}],"wp:featuredmedia":[{"embeddable":true,"href":"https:\/\/taylormade-golf.vn\/en\/wp-json\/wp\/v2\/media\/3834"}],"wp:attachment":[{"href":"https:\/\/taylormade-golf.vn\/en\/wp-json\/wp\/v2\/media?parent=3832"}],"wp:term":[{"taxonomy":"product_brand","embeddable":true,"href":"https:\/\/taylormade-golf.vn\/en\/wp-json\/wp\/v2\/product_brand?post=3832"},{"taxonomy":"product_cat","embeddable":true,"href":"https:\/\/taylormade-golf.vn\/en\/wp-json\/wp\/v2\/product_cat?post=3832"},{"taxonomy":"product_tag","embeddable":true,"href":"https:\/\/taylormade-golf.vn\/en\/wp-json\/wp\/v2\/product_tag?post=3832"}],"curies":[{"name":"wp","href":"https:\/\/api.w.org\/{rel}","templated":true}]}}