{"id":3792,"date":"2023-05-28T11:18:07","date_gmt":"2023-05-28T04:18:07","guid":{"rendered":"https:\/\/taylormade-golf.vn\/?post_type=product&#038;p=3792"},"modified":"2024-06-24T08:19:41","modified_gmt":"2024-06-24T01:19:41","slug":"stealth-2-hd-rescue","status":"publish","type":"product","link":"https:\/\/taylormade-golf.vn\/en\/product\/stealth-2-hd-rescue\/","title":{"rendered":"Stealth 2 HD Rescue"},"content":{"rendered":"<p><strong>ADVANCED INVERTED CONE TECHNOLOGY<\/strong><\/p>\n<p>Variable face thickness engineered to maximize ball speed across the face while maintaining conformance and improving durability in each individual club.<\/p>\n<p><strong>HIGHER LAUNCH &amp; EASY PLAYABILITY<\/strong><\/p>\n<p>A slightly larger overall profile with a low and deep CG promotes a high launch with easier playability for a wide range of golfers. Higher lofted heads also encourage launch and greater on course success.<\/p>\n<p><strong>V STEEL\u2122 SOLE DESIGN<\/strong><\/p>\n<p>This iconic TaylorMade technology stays true to its heritage by improving turf interaction and versatility.<\/p>\n<p><strong>TWIST FACE\u00ae<\/strong><\/p>\n<p>The proven Twist Face\u00ae design helps golfers overcome inherent mis-hit tendencies for straighter shots.<\/p>\n<p><strong>THRU-SLOT SPEED POCKET<\/strong><\/p>\n<p>Our flexible Speed Pocket\u2122 design is engineered to maximize ball speeds and produce additional forgiveness on low-face strikes.<\/p>","protected":false},"excerpt":{"rendered":"<p>C\u00d4NG NGH\u1ec6 H\u00ccNH N\u00d3N NGH\u1ecaCH \u0110\u00c1O N\u00c2NG C\u1ea4P \u0110\u1ed9 d\u00e0y m\u1eb7t g\u00e2y \u0111\u01b0\u1ee3c thay \u0111\u1ed5i \u0111\u1ec3 t\u1ed1i \u0111a ho\u00e1 t\u1ed1c \u0111\u1ed9 b\u00f3ng qua m\u1eb7t g\u1eady \u0111\u1ed3ng th\u1eddi v\u1eabn duy tr\u00ec \u0111\u01b0\u1ee3c s\u1ef1 t\u01b0\u01a1ng h\u1ee3p v\u00e0 v\u1eabn c\u1ea3i thi\u1ec7n \u0111\u01b0\u1ee3c \u0111\u1ed9 b\u1ec1n \u1edf m\u1ed7i c\u00e2y g\u1eady rescue. LAUNCH CAO H\u01a0N &amp; KH\u1ea2 N\u0102NG CH\u01a0I \u0110\u01a0N GI\u1ea2N [&hellip;]<\/p>","protected":false},"featured_media":3813,"comment_status":"open","ping_status":"closed","template":"","meta":{"_acf_changed":false,"site-sidebar-layout":"default","site-content-layout":"","ast-site-content-layout":"default","site-content-style":"default","site-sidebar-style":"default","ast-global-header-display":"","ast-banner-title-visibility":"","ast-main-header-display":"","ast-hfb-above-header-display":"","ast-hfb-below-header-display":"","ast-hfb-mobile-header-display":"","site-post-title":"","ast-breadcrumbs-content":"","ast-featured-img":"","footer-sml-layout":"","theme-transparent-header-meta":"default","adv-header-id-meta":"","stick-header-meta":"default","header-above-stick-meta":"","header-main-stick-meta":"","header-below-stick-meta":"","astra-migrate-meta-layouts":"set","ast-page-background-enabled":"default","ast-page-background-meta":{"desktop":{"background-color":"","background-image":"","background-repeat":"repeat","background-position":"center center","background-size":"auto","background-attachment":"scroll","background-type":"","background-media":"","overlay-type":"","overlay-color":"","overlay-opacity":"","overlay-gradient":""},"tablet":{"background-color":"","background-image":"","background-repeat":"repeat","background-position":"center center","background-size":"auto","background-attachment":"scroll","background-type":"","background-media":"","overlay-type":"","overlay-color":"","overlay-opacity":"","overlay-gradient":""},"mobile":{"background-color":"","background-image":"","background-repeat":"repeat","background-position":"center center","background-size":"auto","background-attachment":"scroll","background-type":"","background-media":"","overlay-type":"","overlay-color":"","overlay-opacity":"","overlay-gradient":""}},"ast-content-background-meta":{"desktop":{"background-color":"var(--ast-global-color-5)","background-image":"","background-repeat":"repeat","background-position":"center center","background-size":"auto","background-attachment":"scroll","background-type":"","background-media":"","overlay-type":"","overlay-color":"","overlay-opacity":"","overlay-gradient":""},"tablet":{"background-color":"var(--ast-global-color-5)","background-image":"","background-repeat":"repeat","background-position":"center center","background-size":"auto","background-attachment":"scroll","background-type":"","background-media":"","overlay-type":"","overlay-color":"","overlay-opacity":"","overlay-gradient":""},"mobile":{"background-color":"var(--ast-global-color-5)","background-image":"","background-repeat":"repeat","background-position":"center center","background-size":"auto","background-attachment":"scroll","background-type":"","background-media":"","overlay-type":"","overlay-color":"","overlay-opacity":"","overlay-gradient":""}}},"product_brand":[],"product_cat":[71,74,79],"product_tag":[320],"class_list":{"0":"post-3792","1":"product","2":"type-product","3":"status-publish","4":"has-post-thumbnail","6":"product_cat-gay-gon","7":"product_cat-hybrid","8":"product_cat-stealth-2-gay-gon","9":"product_tag-320","10":"desktop-align-center","11":"tablet-align-center","12":"mobile-align-center","13":"ast-product-gallery-layout-first-image-large","14":"ast-product-single-variable","15":"ast-product-tabs-layout-distributed","17":"first","18":"instock","19":"shipping-taxable","20":"purchasable","21":"product-type-variable"},"acf":[],"_links":{"self":[{"href":"https:\/\/taylormade-golf.vn\/en\/wp-json\/wp\/v2\/product\/3792","targetHints":{"allow":["GET"]}}],"collection":[{"href":"https:\/\/taylormade-golf.vn\/en\/wp-json\/wp\/v2\/product"}],"about":[{"href":"https:\/\/taylormade-golf.vn\/en\/wp-json\/wp\/v2\/types\/product"}],"replies":[{"embeddable":true,"href":"https:\/\/taylormade-golf.vn\/en\/wp-json\/wp\/v2\/comments?post=3792"}],"wp:featuredmedia":[{"embeddable":true,"href":"https:\/\/taylormade-golf.vn\/en\/wp-json\/wp\/v2\/media\/3813"}],"wp:attachment":[{"href":"https:\/\/taylormade-golf.vn\/en\/wp-json\/wp\/v2\/media?parent=3792"}],"wp:term":[{"taxonomy":"product_brand","embeddable":true,"href":"https:\/\/taylormade-golf.vn\/en\/wp-json\/wp\/v2\/product_brand?post=3792"},{"taxonomy":"product_cat","embeddable":true,"href":"https:\/\/taylormade-golf.vn\/en\/wp-json\/wp\/v2\/product_cat?post=3792"},{"taxonomy":"product_tag","embeddable":true,"href":"https:\/\/taylormade-golf.vn\/en\/wp-json\/wp\/v2\/product_tag?post=3792"}],"curies":[{"name":"wp","href":"https:\/\/api.w.org\/{rel}","templated":true}]}}