{"id":3757,"date":"2023-05-28T11:04:18","date_gmt":"2023-05-28T04:04:18","guid":{"rendered":"https:\/\/taylormade-golf.vn\/?post_type=product&#038;p=3757"},"modified":"2024-06-26T16:16:54","modified_gmt":"2024-06-26T09:16:54","slug":"stealth-hd-steel-irons","status":"publish","type":"product","link":"https:\/\/taylormade-golf.vn\/en\/product\/stealth-hd-steel-irons\/","title":{"rendered":"Stealth HD Steel Irons"},"content":{"rendered":"<p><strong>DESIGNED FOR SUCCESS<\/strong><\/p>\n<p>Engineered to deliver high launching distance with draw bias, the Stealth HD iron has been designed for the golfer looking to hit more successful shots more often.<\/p>\n<p><strong>PERFORMANCE DRIVEN SHAPING<\/strong><\/p>\n<p>The low profile head has a shallow face height and a wide sole with a large step down to keep CG low for easier launch. Increased sole curvature assists with turf interaction.<\/p>\n<p><strong>CAP BACK\u2122 DESIGN<\/strong><\/p>\n<p>The multi-material Cap Back\u2122 Design utilizes high-strength stainless steel and ultralight weight polymers. Designed to maximize distance, forgiveness and feel with an extremely low CG.<\/p>\n<p><strong>ECHO\u00ae DAMPING SYSTEM<\/strong><\/p>\n<p>Positioned inside the iron head, the ECHO\u00ae Damping System uses a soft polymer blend and multiple contact points across the face to channel away harsh vibrations creating a forged-like feel.<\/p>\n<p><strong>THRU-SLOT SPEED POCKET<\/strong><\/p>\n<p>Patented TaylorMade\u00ae technology engineered to maximize face flexibility for increased ball speed and forgiveness for mis-hits low on the face.<\/p>","protected":false},"excerpt":{"rendered":"<p>THI\u1ebeT K\u1ebe MANG \u0110\u1ebeN TH\u00c0NH C\u00d4NG \u0110\u01b0\u1ee3c c\u00e1c k\u1ef9 s\u01b0 nghi\u00ean c\u1ee9u thi\u1ebft k\u1ebf mang \u0111\u1ebfn kho\u1ea3ng c\u00e1ch launch cao c\u00f9ng drawbias, g\u1eady s\u1eaft Stealth HD gi\u00fap c\u00e1c golfer ng\u1eafm v\u00e0 th\u1ef1c hi\u1ec7n \u0111\u01b0\u1ee3c nhi\u1ec1u c\u00fa \u0111\u00e1nh th\u00e0nh c\u00f4ng v\u1edbi t\u1ea7n su\u1ea5t th\u01b0\u1eddng xuy\u00ean h\u01a1n. THI\u1ebeT K\u1ebe D\u00c1NG G\u1eacY TH\u00daC \u0110\u1ea8Y HI\u1ec6U SU\u1ea4T \u0110\u1ea7u g\u1eady [&hellip;]<\/p>","protected":false},"featured_media":3759,"comment_status":"open","ping_status":"closed","template":"","meta":{"_acf_changed":false,"site-sidebar-layout":"default","site-content-layout":"","ast-site-content-layout":"default","site-content-style":"default","site-sidebar-style":"default","ast-global-header-display":"","ast-banner-title-visibility":"","ast-main-header-display":"","ast-hfb-above-header-display":"","ast-hfb-below-header-display":"","ast-hfb-mobile-header-display":"","site-post-title":"","ast-breadcrumbs-content":"","ast-featured-img":"","footer-sml-layout":"","theme-transparent-header-meta":"default","adv-header-id-meta":"","stick-header-meta":"default","header-above-stick-meta":"","header-main-stick-meta":"","header-below-stick-meta":"","astra-migrate-meta-layouts":"set","ast-page-background-enabled":"default","ast-page-background-meta":{"desktop":{"background-color":"","background-image":"","background-repeat":"repeat","background-position":"center center","background-size":"auto","background-attachment":"scroll","background-type":"","background-media":"","overlay-type":"","overlay-color":"","overlay-opacity":"","overlay-gradient":""},"tablet":{"background-color":"","background-image":"","background-repeat":"repeat","background-position":"center center","background-size":"auto","background-attachment":"scroll","background-type":"","background-media":"","overlay-type":"","overlay-color":"","overlay-opacity":"","overlay-gradient":""},"mobile":{"background-color":"","background-image":"","background-repeat":"repeat","background-position":"center center","background-size":"auto","background-attachment":"scroll","background-type":"","background-media":"","overlay-type":"","overlay-color":"","overlay-opacity":"","overlay-gradient":""}},"ast-content-background-meta":{"desktop":{"background-color":"var(--ast-global-color-5)","background-image":"","background-repeat":"repeat","background-position":"center center","background-size":"auto","background-attachment":"scroll","background-type":"","background-media":"","overlay-type":"","overlay-color":"","overlay-opacity":"","overlay-gradient":""},"tablet":{"background-color":"var(--ast-global-color-5)","background-image":"","background-repeat":"repeat","background-position":"center center","background-size":"auto","background-attachment":"scroll","background-type":"","background-media":"","overlay-type":"","overlay-color":"","overlay-opacity":"","overlay-gradient":""},"mobile":{"background-color":"var(--ast-global-color-5)","background-image":"","background-repeat":"repeat","background-position":"center center","background-size":"auto","background-attachment":"scroll","background-type":"","background-media":"","overlay-type":"","overlay-color":"","overlay-opacity":"","overlay-gradient":""}}},"product_brand":[],"product_cat":[71,75,80],"product_tag":[320],"class_list":{"0":"post-3757","1":"product","2":"type-product","3":"status-publish","4":"has-post-thumbnail","6":"product_cat-gay-gon","7":"product_cat-iron","8":"product_cat-stealth-gay-gon","9":"product_tag-320","10":"desktop-align-center","11":"tablet-align-center","12":"mobile-align-center","13":"ast-product-gallery-layout-first-image-large","14":"ast-product-single-variable","15":"ast-product-tabs-layout-distributed","17":"first","18":"instock","19":"shipping-taxable","20":"purchasable","21":"product-type-variable","22":"has-default-attributes"},"acf":[],"_links":{"self":[{"href":"https:\/\/taylormade-golf.vn\/en\/wp-json\/wp\/v2\/product\/3757","targetHints":{"allow":["GET"]}}],"collection":[{"href":"https:\/\/taylormade-golf.vn\/en\/wp-json\/wp\/v2\/product"}],"about":[{"href":"https:\/\/taylormade-golf.vn\/en\/wp-json\/wp\/v2\/types\/product"}],"replies":[{"embeddable":true,"href":"https:\/\/taylormade-golf.vn\/en\/wp-json\/wp\/v2\/comments?post=3757"}],"wp:featuredmedia":[{"embeddable":true,"href":"https:\/\/taylormade-golf.vn\/en\/wp-json\/wp\/v2\/media\/3759"}],"wp:attachment":[{"href":"https:\/\/taylormade-golf.vn\/en\/wp-json\/wp\/v2\/media?parent=3757"}],"wp:term":[{"taxonomy":"product_brand","embeddable":true,"href":"https:\/\/taylormade-golf.vn\/en\/wp-json\/wp\/v2\/product_brand?post=3757"},{"taxonomy":"product_cat","embeddable":true,"href":"https:\/\/taylormade-golf.vn\/en\/wp-json\/wp\/v2\/product_cat?post=3757"},{"taxonomy":"product_tag","embeddable":true,"href":"https:\/\/taylormade-golf.vn\/en\/wp-json\/wp\/v2\/product_tag?post=3757"}],"curies":[{"name":"wp","href":"https:\/\/api.w.org\/{rel}","templated":true}]}}