{"id":3686,"date":"2023-05-28T10:41:51","date_gmt":"2023-05-28T03:41:51","guid":{"rendered":"https:\/\/taylormade-golf.vn\/?post_type=product&#038;p=3686"},"modified":"2024-07-04T15:02:14","modified_gmt":"2024-07-04T08:02:14","slug":"stealth-2-hd-womens-driver","status":"publish","type":"product","link":"https:\/\/taylormade-golf.vn\/en\/product\/stealth-2-hd-womens-driver\/","title":{"rendered":"[Women] Driver Stealth 2 HD"},"content":{"rendered":"<p>NEW 60X CARBON TWIST FACE<\/p>\n<p>Building on the speed producing success of the original 60X Carbon Twist Face\u2122, the new face design features an enhanced take on Inverted Cone Technology to help maintain ball speed on off-center strikes and increase forgiveness.<\/p>\n<p>MORE CARBON THAN EVER BEFORE<\/p>\n<p>Compared to the original Carbonwood, Stealth 2 HD features nearly twice the amount of carbon. It is constructed using a new Carbon Reinforced Composite Ring and collectively features more of the lightweight material than any driver in TaylorMade history. Our advanced application of carbon allows for the redistribution of mass for more forgiveness and stability.<\/p>\n<p>DRAW-BIAS AND FORGIVING<\/p>\n<p>Engineers utilized weight savings from the full-body carbon construction and shifted the Inertia Generator closer to the heel, allowing us to maintain draw-bias and extreme MOI. Stealth 2 HD is the most stable and forgiving driver in the family.<\/p>\n<p>PREMIUM SOUND\u202f<\/p>\n<p>A combination of curvature, shape, and internal stiffening ribs to finely tune acoustics, delivering a sound profile that is both bright and powerful.<\/p>","protected":false},"excerpt":{"rendered":"<p>C\u00d4NG NGH\u1ec6 CARBON 60X TWIST FACE M\u1edaI D\u1ef1a tr\u00ean s\u1ef1 th\u00e0nh c\u00f4ng v\u1ec1 t\u1ed1c \u0111\u1ed9 \u0111\u1ea1t \u0111\u01b0\u1ee3c c\u1ee7a 60X Carbon Twist Face\u2122 ban \u0111\u1ea7u, thi\u1ebft k\u1ebf m\u1eb7t g\u1eady m\u1edbi n\u00e2ng cao C\u00f4ng ngh\u1ec7 h\u00ecnh n\u00f3n \u0111\u1ea3o ng\u01b0\u1ee3c Inverted Cone Technology \u0111\u1ec3 gi\u00fap duy tr\u00ec t\u1ed1c \u0111\u1ed9 b\u00f3ng trong c\u00e1c c\u00fa \u0111\u00e1nh l\u1ec7ch t\u00e2m v\u00e0 t\u0103ng [&hellip;]<\/p>","protected":false},"featured_media":15081,"comment_status":"open","ping_status":"closed","template":"","meta":{"_acf_changed":false,"site-sidebar-layout":"default","site-content-layout":"","ast-site-content-layout":"default","site-content-style":"default","site-sidebar-style":"default","ast-global-header-display":"","ast-banner-title-visibility":"","ast-main-header-display":"","ast-hfb-above-header-display":"","ast-hfb-below-header-display":"","ast-hfb-mobile-header-display":"","site-post-title":"","ast-breadcrumbs-content":"","ast-featured-img":"","footer-sml-layout":"","theme-transparent-header-meta":"default","adv-header-id-meta":"","stick-header-meta":"default","header-above-stick-meta":"","header-main-stick-meta":"","header-below-stick-meta":"","astra-migrate-meta-layouts":"set","ast-page-background-enabled":"default","ast-page-background-meta":{"desktop":{"background-color":"","background-image":"","background-repeat":"repeat","background-position":"center center","background-size":"auto","background-attachment":"scroll","background-type":"","background-media":"","overlay-type":"","overlay-color":"","overlay-opacity":"","overlay-gradient":""},"tablet":{"background-color":"","background-image":"","background-repeat":"repeat","background-position":"center center","background-size":"auto","background-attachment":"scroll","background-type":"","background-media":"","overlay-type":"","overlay-color":"","overlay-opacity":"","overlay-gradient":""},"mobile":{"background-color":"","background-image":"","background-repeat":"repeat","background-position":"center center","background-size":"auto","background-attachment":"scroll","background-type":"","background-media":"","overlay-type":"","overlay-color":"","overlay-opacity":"","overlay-gradient":""}},"ast-content-background-meta":{"desktop":{"background-color":"var(--ast-global-color-5)","background-image":"","background-repeat":"repeat","background-position":"center center","background-size":"auto","background-attachment":"scroll","background-type":"","background-media":"","overlay-type":"","overlay-color":"","overlay-opacity":"","overlay-gradient":""},"tablet":{"background-color":"var(--ast-global-color-5)","background-image":"","background-repeat":"repeat","background-position":"center center","background-size":"auto","background-attachment":"scroll","background-type":"","background-media":"","overlay-type":"","overlay-color":"","overlay-opacity":"","overlay-gradient":""},"mobile":{"background-color":"var(--ast-global-color-5)","background-image":"","background-repeat":"repeat","background-position":"center center","background-size":"auto","background-attachment":"scroll","background-type":"","background-media":"","overlay-type":"","overlay-color":"","overlay-opacity":"","overlay-gradient":""}}},"product_brand":[],"product_cat":[72,263,79],"product_tag":[320],"class_list":{"0":"post-3686","1":"product","2":"type-product","3":"status-publish","4":"has-post-thumbnail","6":"product_cat-driver","7":"product_cat-nu","8":"product_cat-stealth-2-gay-gon","9":"product_tag-320","10":"desktop-align-center","11":"tablet-align-center","12":"mobile-align-center","13":"ast-product-gallery-layout-first-image-large","14":"ast-product-single-variable","15":"ast-product-tabs-layout-distributed","17":"first","18":"instock","19":"shipping-taxable","20":"purchasable","21":"product-type-variable","22":"has-default-attributes"},"acf":[],"_links":{"self":[{"href":"https:\/\/taylormade-golf.vn\/en\/wp-json\/wp\/v2\/product\/3686","targetHints":{"allow":["GET"]}}],"collection":[{"href":"https:\/\/taylormade-golf.vn\/en\/wp-json\/wp\/v2\/product"}],"about":[{"href":"https:\/\/taylormade-golf.vn\/en\/wp-json\/wp\/v2\/types\/product"}],"replies":[{"embeddable":true,"href":"https:\/\/taylormade-golf.vn\/en\/wp-json\/wp\/v2\/comments?post=3686"}],"wp:featuredmedia":[{"embeddable":true,"href":"https:\/\/taylormade-golf.vn\/en\/wp-json\/wp\/v2\/media\/15081"}],"wp:attachment":[{"href":"https:\/\/taylormade-golf.vn\/en\/wp-json\/wp\/v2\/media?parent=3686"}],"wp:term":[{"taxonomy":"product_brand","embeddable":true,"href":"https:\/\/taylormade-golf.vn\/en\/wp-json\/wp\/v2\/product_brand?post=3686"},{"taxonomy":"product_cat","embeddable":true,"href":"https:\/\/taylormade-golf.vn\/en\/wp-json\/wp\/v2\/product_cat?post=3686"},{"taxonomy":"product_tag","embeddable":true,"href":"https:\/\/taylormade-golf.vn\/en\/wp-json\/wp\/v2\/product_tag?post=3686"}],"curies":[{"name":"wp","href":"https:\/\/api.w.org\/{rel}","templated":true}]}}