{"id":3577,"date":"2022-05-28T09:43:48","date_gmt":"2022-05-28T02:43:48","guid":{"rendered":"https:\/\/taylormade-golf.vn\/?post_type=product&#038;p=3577"},"modified":"2024-06-17T16:51:21","modified_gmt":"2024-06-17T09:51:21","slug":"tour-response-stripe-golf-balls-b-p","status":"publish","type":"product","link":"https:\/\/taylormade-golf.vn\/en\/product\/tour-response-stripe-golf-balls-b-p\/","title":{"rendered":"Tour Response Stripe Ball Blue Pink"},"content":{"rendered":"<p>360\u00b0 CLEARPATH\u2122 ALIGNMENT<\/p>\n<p>The large center alignment section helps golfers align more easily.<\/p>\n<p>Outstanding design with many unique colors makes it easier to find the ball.<\/p>\n<p>100% CAST URETHANE<\/p>\n<p>Urethane is a more durable and softer material that interacts with the club's grooves to optimize spin and increase control, especially around the green.<\/p>\n<p>IMPROVE SPEED<\/p>\n<p>Upgraded HFM Speedmantle\u2122 and Tour Flight Dimple Pattern are designed to optimize aerodynamics, lift, and ball speed.<\/p>\n<p>CONSTRUCTION: 3 layers<\/p>","protected":false},"excerpt":{"rendered":"<p>C\u0102N CH\u1ec8NH 360\u00b0 CLEARPATH\u2122 Ph\u1ea7n c\u0103n ch\u1ec9nh trung t\u00e2m l\u1edbn gi\u00fap g\u00f4n th\u1ee7 c\u0103n ch\u1ec9nh d\u1ec5 d\u00e0ng h\u01a1n. Thi\u1ebft k\u1ebf n\u1ed5i b\u1eadt v\u1edbi nhi\u1ec1u m\u00e0u s\u1eafc \u0111\u1ed9c \u0111\u00e1o gi\u00fap t\u00ecm b\u00f3ng d\u1ec5 h\u01a1n. 100% CAST URETHANE Urethane l\u00e0 v\u1eadt li\u1ec7u b\u1ec1n v\u00e0 m\u1ec1m h\u01a1n, c\u00f3 th\u1ec3 t\u01b0\u01a1ng t\u00e1c v\u1edbi c\u00e1c r\u00e3nh g\u1eady gi\u00fap t\u1ed1i \u01b0u [&hellip;]<\/p>","protected":false},"featured_media":3584,"comment_status":"open","ping_status":"closed","template":"","meta":{"_acf_changed":false,"site-sidebar-layout":"default","site-content-layout":"","ast-site-content-layout":"default","site-content-style":"default","site-sidebar-style":"default","ast-global-header-display":"","ast-banner-title-visibility":"","ast-main-header-display":"","ast-hfb-above-header-display":"","ast-hfb-below-header-display":"","ast-hfb-mobile-header-display":"","site-post-title":"","ast-breadcrumbs-content":"","ast-featured-img":"","footer-sml-layout":"","theme-transparent-header-meta":"default","adv-header-id-meta":"","stick-header-meta":"default","header-above-stick-meta":"","header-main-stick-meta":"","header-below-stick-meta":"","astra-migrate-meta-layouts":"set","ast-page-background-enabled":"default","ast-page-background-meta":{"desktop":{"background-color":"","background-image":"","background-repeat":"repeat","background-position":"center center","background-size":"auto","background-attachment":"scroll","background-type":"","background-media":"","overlay-type":"","overlay-color":"","overlay-opacity":"","overlay-gradient":""},"tablet":{"background-color":"","background-image":"","background-repeat":"repeat","background-position":"center center","background-size":"auto","background-attachment":"scroll","background-type":"","background-media":"","overlay-type":"","overlay-color":"","overlay-opacity":"","overlay-gradient":""},"mobile":{"background-color":"","background-image":"","background-repeat":"repeat","background-position":"center center","background-size":"auto","background-attachment":"scroll","background-type":"","background-media":"","overlay-type":"","overlay-color":"","overlay-opacity":"","overlay-gradient":""}},"ast-content-background-meta":{"desktop":{"background-color":"var(--ast-global-color-5)","background-image":"","background-repeat":"repeat","background-position":"center center","background-size":"auto","background-attachment":"scroll","background-type":"","background-media":"","overlay-type":"","overlay-color":"","overlay-opacity":"","overlay-gradient":""},"tablet":{"background-color":"var(--ast-global-color-5)","background-image":"","background-repeat":"repeat","background-position":"center center","background-size":"auto","background-attachment":"scroll","background-type":"","background-media":"","overlay-type":"","overlay-color":"","overlay-opacity":"","overlay-gradient":""},"mobile":{"background-color":"var(--ast-global-color-5)","background-image":"","background-repeat":"repeat","background-position":"center center","background-size":"auto","background-attachment":"scroll","background-type":"","background-media":"","overlay-type":"","overlay-color":"","overlay-opacity":"","overlay-gradient":""}}},"product_brand":[],"product_cat":[87],"product_tag":[322],"class_list":{"0":"post-3577","1":"product","2":"type-product","3":"status-publish","4":"has-post-thumbnail","6":"product_cat-tour-response-bong-gon","7":"product_tag-322","8":"desktop-align-center","9":"tablet-align-center","10":"mobile-align-center","11":"ast-product-gallery-layout-first-image-large","12":"ast-product-tabs-layout-distributed","14":"first","15":"instock","16":"shipping-taxable","17":"purchasable","18":"product-type-simple"},"acf":[],"_links":{"self":[{"href":"https:\/\/taylormade-golf.vn\/en\/wp-json\/wp\/v2\/product\/3577","targetHints":{"allow":["GET"]}}],"collection":[{"href":"https:\/\/taylormade-golf.vn\/en\/wp-json\/wp\/v2\/product"}],"about":[{"href":"https:\/\/taylormade-golf.vn\/en\/wp-json\/wp\/v2\/types\/product"}],"replies":[{"embeddable":true,"href":"https:\/\/taylormade-golf.vn\/en\/wp-json\/wp\/v2\/comments?post=3577"}],"wp:featuredmedia":[{"embeddable":true,"href":"https:\/\/taylormade-golf.vn\/en\/wp-json\/wp\/v2\/media\/3584"}],"wp:attachment":[{"href":"https:\/\/taylormade-golf.vn\/en\/wp-json\/wp\/v2\/media?parent=3577"}],"wp:term":[{"taxonomy":"product_brand","embeddable":true,"href":"https:\/\/taylormade-golf.vn\/en\/wp-json\/wp\/v2\/product_brand?post=3577"},{"taxonomy":"product_cat","embeddable":true,"href":"https:\/\/taylormade-golf.vn\/en\/wp-json\/wp\/v2\/product_cat?post=3577"},{"taxonomy":"product_tag","embeddable":true,"href":"https:\/\/taylormade-golf.vn\/en\/wp-json\/wp\/v2\/product_tag?post=3577"}],"curies":[{"name":"wp","href":"https:\/\/api.w.org\/{rel}","templated":true}]}}