{"id":3076,"date":"2024-05-23T11:14:24","date_gmt":"2024-05-23T04:14:24","guid":{"rendered":"https:\/\/taylormade-golf.vn\/?post_type=product&#038;p=3076"},"modified":"2024-06-24T08:23:51","modified_gmt":"2024-06-24T01:23:51","slug":"qi10-tour-fairway","status":"publish","type":"product","link":"https:\/\/taylormade-golf.vn\/en\/product\/qi10-tour-fairway\/","title":{"rendered":"Fairway Qi10 Tour"},"content":{"rendered":"<p>NEW INFINITY CARBON CROWN W\/ ENHANCED ALIGNMENT<\/p>\n<p>The new Infinity Carbon Crown and sleek hosel design frees up mass for optimal weight distribution and lower CG to deliver longer distance.<\/p>\n<p>The clean address view highlights the advanced laser alignment feature that allows for precision aim.<\/p>\n<p>MASSIVE 50-GRAM SLIDING WEIGHT<\/p>\n<p>Take control of your flight by sliding the re designed 50g weight to produce your desired distance, launch and spin.<\/p>\n<p>The new lower profile weight is engineered to optimize CG for easier launch, reduced spin and extreme distance.<\/p>\n<p>TOUR INSPIRED SHAPE<\/p>\n<p>The new meticulously shaped head design sits beautifully behind the ball, square to target and provides confidence to the player in any situation.<\/p>\n<p>The slightly more compact 170cc head size provides the optimal blend of forgiveness and versatility.<\/p>\n<p>PROVEN TAYLORMADE TECHNOLOGIES<\/p>\n<p>Adjust your desired shot shape by using the 4\u00b0 loft sleeve to dial in distance, launch and shot shape.<\/p>\n<p>Protect ball speed with the Thru-Slot Speed Pocket, designed to optimize ball speed on low face hits.<\/p>\n<p>Clean and powerful sound &amp; feel is one of the key cornerstones of a TaylorMade Rescue, as it builds confidence.<\/p>\n<p>Twist Face uses corrective face angles designed to overcome inherent golfer tendencies on mis-hits and to produce straighter shots.<\/p>","protected":false},"excerpt":{"rendered":"<p>M\u1eb6T \u0110\u1ea6U G\u1eacY CARBON INFINITY M\u1edaI V\u1edaI C\u0102N CH\u1ec8NH N\u00c2NG CAO Ph\u1ea7n crown c\u1ee7a g\u1eady \u0111\u01b0\u1ee3c ph\u1ee7 l\u1edbp Carbon v\u00f4 h\u1ea1n m\u1edbi v\u00e0 thi\u1ebft k\u1ebf c\u1ed5 g\u1eady m\u01b0\u1ee3t m\u00e0 gi\u00fap t\u1ed1i \u01b0u tr\u1ecdng l\u01b0\u1ee3ng ph\u00e2n b\u1ed5 v\u00e0 tr\u1ecdng t\u00e2m th\u1ea5p, \u0111em l\u1ea1i nh\u1eefng c\u00fa \u0111\u00e1nh v\u1edbi kho\u1ea3ng c\u00e1ch xa h\u01a1n. G\u00f3c nh\u00ecn g\u1ecdn g\u00e0ng khi [&hellip;]<\/p>","protected":false},"featured_media":8956,"comment_status":"open","ping_status":"closed","template":"","meta":{"_acf_changed":false,"site-sidebar-layout":"default","site-content-layout":"","ast-site-content-layout":"default","site-content-style":"default","site-sidebar-style":"default","ast-global-header-display":"","ast-banner-title-visibility":"","ast-main-header-display":"","ast-hfb-above-header-display":"","ast-hfb-below-header-display":"","ast-hfb-mobile-header-display":"","site-post-title":"","ast-breadcrumbs-content":"","ast-featured-img":"","footer-sml-layout":"","theme-transparent-header-meta":"default","adv-header-id-meta":"","stick-header-meta":"default","header-above-stick-meta":"","header-main-stick-meta":"","header-below-stick-meta":"","astra-migrate-meta-layouts":"set","ast-page-background-enabled":"default","ast-page-background-meta":{"desktop":{"background-color":"","background-image":"","background-repeat":"repeat","background-position":"center center","background-size":"auto","background-attachment":"scroll","background-type":"","background-media":"","overlay-type":"","overlay-color":"","overlay-opacity":"","overlay-gradient":""},"tablet":{"background-color":"","background-image":"","background-repeat":"repeat","background-position":"center center","background-size":"auto","background-attachment":"scroll","background-type":"","background-media":"","overlay-type":"","overlay-color":"","overlay-opacity":"","overlay-gradient":""},"mobile":{"background-color":"","background-image":"","background-repeat":"repeat","background-position":"center center","background-size":"auto","background-attachment":"scroll","background-type":"","background-media":"","overlay-type":"","overlay-color":"","overlay-opacity":"","overlay-gradient":""}},"ast-content-background-meta":{"desktop":{"background-color":"var(--ast-global-color-5)","background-image":"","background-repeat":"repeat","background-position":"center center","background-size":"auto","background-attachment":"scroll","background-type":"","background-media":"","overlay-type":"","overlay-color":"","overlay-opacity":"","overlay-gradient":""},"tablet":{"background-color":"var(--ast-global-color-5)","background-image":"","background-repeat":"repeat","background-position":"center center","background-size":"auto","background-attachment":"scroll","background-type":"","background-media":"","overlay-type":"","overlay-color":"","overlay-opacity":"","overlay-gradient":""},"mobile":{"background-color":"var(--ast-global-color-5)","background-image":"","background-repeat":"repeat","background-position":"center center","background-size":"auto","background-attachment":"scroll","background-type":"","background-media":"","overlay-type":"","overlay-color":"","overlay-opacity":"","overlay-gradient":""}}},"product_brand":[],"product_cat":[262,73],"product_tag":[318],"class_list":{"0":"post-3076","1":"product","2":"type-product","3":"status-publish","4":"has-post-thumbnail","6":"product_cat-nam","7":"product_cat-fairway-wood","8":"product_tag-318","9":"desktop-align-center","10":"tablet-align-center","11":"mobile-align-center","12":"ast-product-gallery-layout-first-image-large","13":"ast-product-single-variable","14":"ast-product-tabs-layout-distributed","16":"first","17":"instock","18":"featured","19":"shipping-taxable","20":"purchasable","21":"product-type-variable","22":"has-default-attributes"},"acf":[],"_links":{"self":[{"href":"https:\/\/taylormade-golf.vn\/en\/wp-json\/wp\/v2\/product\/3076","targetHints":{"allow":["GET"]}}],"collection":[{"href":"https:\/\/taylormade-golf.vn\/en\/wp-json\/wp\/v2\/product"}],"about":[{"href":"https:\/\/taylormade-golf.vn\/en\/wp-json\/wp\/v2\/types\/product"}],"replies":[{"embeddable":true,"href":"https:\/\/taylormade-golf.vn\/en\/wp-json\/wp\/v2\/comments?post=3076"}],"wp:featuredmedia":[{"embeddable":true,"href":"https:\/\/taylormade-golf.vn\/en\/wp-json\/wp\/v2\/media\/8956"}],"wp:attachment":[{"href":"https:\/\/taylormade-golf.vn\/en\/wp-json\/wp\/v2\/media?parent=3076"}],"wp:term":[{"taxonomy":"product_brand","embeddable":true,"href":"https:\/\/taylormade-golf.vn\/en\/wp-json\/wp\/v2\/product_brand?post=3076"},{"taxonomy":"product_cat","embeddable":true,"href":"https:\/\/taylormade-golf.vn\/en\/wp-json\/wp\/v2\/product_cat?post=3076"},{"taxonomy":"product_tag","embeddable":true,"href":"https:\/\/taylormade-golf.vn\/en\/wp-json\/wp\/v2\/product_tag?post=3076"}],"curies":[{"name":"wp","href":"https:\/\/api.w.org\/{rel}","templated":true}]}}