{"id":3041,"date":"2024-05-23T13:04:57","date_gmt":"2024-05-23T06:04:57","guid":{"rendered":"https:\/\/taylormade-golf.vn\/?post_type=product&#038;p=3041"},"modified":"2024-06-17T09:13:12","modified_gmt":"2024-06-17T02:13:12","slug":"qi-irons-steel-shaft","status":"publish","type":"product","link":"https:\/\/taylormade-golf.vn\/en\/product\/qi-irons-steel-shaft\/","title":{"rendered":"Iron set Qi"},"content":{"rendered":"<p>STRAIGHT DISTANCE<\/p>\n<p>The majority of game improvement irons are designed in a way that exaggerates the right miss (left miss for left handed players). The Qi Iron features TaylorMade\u2019s patented face technology designed to control face flexibility and eliminate \u201ccut\u201d spin for straighter shots through the whole set.<\/p>\n<p>INDIVIDUAL HEAD OPTIMIZATION<\/p>\n<p>Each head has been designed to deliver specific performance for that individual iron. Starting with a foundation of maximum distance and forgiveness, the face design is tailored to deliver the launch and spin needed for straight, consistent shots with each iron.<\/p>\n<p>FLTD CG<\/p>\n<p>FLTD CG\u2122 strategically positions the center of gravity (CG) lowest in the long irons and progressively shifts it higher throughout the set. The design produces better launch and playability in long irons with precision and control in the scoring clubs.<\/p>\n<p>CONSISTENT PERFORMANCE<\/p>\n<p>The Qi Iron shaping has been designed for consistent contact and a larger sweet spot. The increased blade length improves forgiveness while the redefined leading edge geometry is designed give players a consistent strike for higher launch.<\/p>\n<p>&nbsp;<\/p>","protected":false},"excerpt":{"rendered":"<p>C\u00da \u0110\u00c1NH TH\u1eb2NG Ph\u1ea7n l\u1edbn c\u00e1c c\u00e2y g\u1eady s\u1eaft gi\u00fap n\u00e2ng cao cu\u1ed9c ch\u01a1i \u0111\u01b0\u1ee3c\u00a0 thi\u1ebft k\u1ebf theo c\u00e1ch h\u01b0\u1edbng t\u1edbi c\u00e1c c\u00fa \u0111\u00e1nh l\u1ec7ch ph\u1ea3i (c\u00fa l\u1ec7ch tr\u00e1i \u0111\u1ed1i v\u1edbi ng\u01b0\u1eddi ch\u01a1i thu\u1eadn tay tr\u00e1i). Qi Iron \u0111\u01b0\u1ee3c thi\u1ebft k\u1ebf v\u1edbi c\u00f4ng ngh\u1ec7 m\u1eb7t g\u1eady \u0111\u00e3 \u0111\u01b0\u1ee3c c\u1ea5p b\u1eb1ng s\u00e1ng ch\u1ebf c\u1ee7a TaylorMade gi\u00fap [&hellip;]<\/p>","protected":false},"featured_media":3122,"comment_status":"open","ping_status":"closed","template":"","meta":{"_acf_changed":false,"site-sidebar-layout":"default","site-content-layout":"","ast-site-content-layout":"default","site-content-style":"default","site-sidebar-style":"default","ast-global-header-display":"","ast-banner-title-visibility":"","ast-main-header-display":"","ast-hfb-above-header-display":"","ast-hfb-below-header-display":"","ast-hfb-mobile-header-display":"","site-post-title":"","ast-breadcrumbs-content":"","ast-featured-img":"","footer-sml-layout":"","theme-transparent-header-meta":"default","adv-header-id-meta":"","stick-header-meta":"default","header-above-stick-meta":"","header-main-stick-meta":"","header-below-stick-meta":"","astra-migrate-meta-layouts":"set","ast-page-background-enabled":"default","ast-page-background-meta":{"desktop":{"background-color":"","background-image":"","background-repeat":"repeat","background-position":"center center","background-size":"auto","background-attachment":"scroll","background-type":"","background-media":"","overlay-type":"","overlay-color":"","overlay-opacity":"","overlay-gradient":""},"tablet":{"background-color":"","background-image":"","background-repeat":"repeat","background-position":"center center","background-size":"auto","background-attachment":"scroll","background-type":"","background-media":"","overlay-type":"","overlay-color":"","overlay-opacity":"","overlay-gradient":""},"mobile":{"background-color":"","background-image":"","background-repeat":"repeat","background-position":"center center","background-size":"auto","background-attachment":"scroll","background-type":"","background-media":"","overlay-type":"","overlay-color":"","overlay-opacity":"","overlay-gradient":""}},"ast-content-background-meta":{"desktop":{"background-color":"var(--ast-global-color-5)","background-image":"","background-repeat":"repeat","background-position":"center center","background-size":"auto","background-attachment":"scroll","background-type":"","background-media":"","overlay-type":"","overlay-color":"","overlay-opacity":"","overlay-gradient":""},"tablet":{"background-color":"var(--ast-global-color-5)","background-image":"","background-repeat":"repeat","background-position":"center center","background-size":"auto","background-attachment":"scroll","background-type":"","background-media":"","overlay-type":"","overlay-color":"","overlay-opacity":"","overlay-gradient":""},"mobile":{"background-color":"var(--ast-global-color-5)","background-image":"","background-repeat":"repeat","background-position":"center center","background-size":"auto","background-attachment":"scroll","background-type":"","background-media":"","overlay-type":"","overlay-color":"","overlay-opacity":"","overlay-gradient":""}}},"product_brand":[],"product_cat":[262,75],"product_tag":[318],"class_list":{"0":"post-3041","1":"product","2":"type-product","3":"status-publish","4":"has-post-thumbnail","6":"product_cat-nam","7":"product_cat-iron","8":"product_tag-318","9":"desktop-align-center","10":"tablet-align-center","11":"mobile-align-center","12":"ast-product-gallery-layout-first-image-large","13":"ast-product-single-variable","14":"ast-product-tabs-layout-distributed","16":"first","17":"instock","18":"shipping-taxable","19":"purchasable","20":"product-type-variable","21":"has-default-attributes"},"acf":[],"_links":{"self":[{"href":"https:\/\/taylormade-golf.vn\/en\/wp-json\/wp\/v2\/product\/3041","targetHints":{"allow":["GET"]}}],"collection":[{"href":"https:\/\/taylormade-golf.vn\/en\/wp-json\/wp\/v2\/product"}],"about":[{"href":"https:\/\/taylormade-golf.vn\/en\/wp-json\/wp\/v2\/types\/product"}],"replies":[{"embeddable":true,"href":"https:\/\/taylormade-golf.vn\/en\/wp-json\/wp\/v2\/comments?post=3041"}],"wp:featuredmedia":[{"embeddable":true,"href":"https:\/\/taylormade-golf.vn\/en\/wp-json\/wp\/v2\/media\/3122"}],"wp:attachment":[{"href":"https:\/\/taylormade-golf.vn\/en\/wp-json\/wp\/v2\/media?parent=3041"}],"wp:term":[{"taxonomy":"product_brand","embeddable":true,"href":"https:\/\/taylormade-golf.vn\/en\/wp-json\/wp\/v2\/product_brand?post=3041"},{"taxonomy":"product_cat","embeddable":true,"href":"https:\/\/taylormade-golf.vn\/en\/wp-json\/wp\/v2\/product_cat?post=3041"},{"taxonomy":"product_tag","embeddable":true,"href":"https:\/\/taylormade-golf.vn\/en\/wp-json\/wp\/v2\/product_tag?post=3041"}],"curies":[{"name":"wp","href":"https:\/\/api.w.org\/{rel}","templated":true}]}}