{"id":2935,"date":"2024-05-23T12:59:19","date_gmt":"2024-05-23T05:59:19","guid":{"rendered":"https:\/\/taylormade-golf.vn\/?post_type=product&#038;p=2935"},"modified":"2024-06-24T08:23:56","modified_gmt":"2024-06-24T01:23:56","slug":"qi10-tour-rescue","status":"publish","type":"product","link":"https:\/\/taylormade-golf.vn\/en\/product\/qi10-tour-rescue\/","title":{"rendered":"Rescue Qi10 Tour"},"content":{"rendered":"<p>DEEP FACE PROFILE<\/p>\n<p>The high-toe deeper face provides a look and performance for players seeking the ultimate combination of distance, workability, and control.<\/p>\n<p>Designed for players seeking iron-like turf interaction with excellent versatility.<\/p>\n<p>TOUR PRECISION SHAPE<\/p>\n<p>The new tour-inspired precision shape sits beautifully behind the ball, square to the target and provides confidence, whether you\u2019re going for a par-5 in two or playing for position off the tee.<\/p>\n<p>Internal heel-toe weighting provides added forgiveness with a more compact look.<\/p>\n<p>ADJUSTABLE LOFT SLEEVE<\/p>\n<p>Adjust the 3\u00b0 loft sleeve to fine tune your preferred distance, trajectory and shot shape.<\/p>\n<p>PROVEN TAYLORMADE TECHNOLOGIES<\/p>\n<p>Protect ball speed with the Thru-Slot Speed Pocket, designed to increase low face flexibility designed to optimize ball speed on low face hits.<\/p>\n<p>Clean and powerful sound &amp; feel is one of the key cornerstones of a TaylorMade Rescue, as it builds confidence.<\/p>\n<p>Twist Face uses corrective face angles designed to overcome inherent golfer tendencies on mis-hits and to produce straighter shots.<\/p>","protected":false},"excerpt":{"rendered":"<p>M\u1eb6T NGHI\u00caNG S\u00c2U M\u1eb7t high-toe s\u00e2u h\u01a1n v\u1edbi v\u1ebb ngo\u00e0i v\u00e0 hi\u1ec7u su\u1ea5t ph\u00f9 h\u1ee3p cho ng\u01b0\u1eddi ch\u01a1i \u0111ang t\u00ecm ki\u1ebfm s\u1ef1 k\u1ebft h\u1ee3p t\u1ed1i \u01b0u gi\u1eefa kho\u1ea3ng c\u00e1ch, kh\u1ea3 n\u0103ng th\u1ef1c hi\u1ec7n c\u00e1c c\u00fa \u0111\u00e1nh v\u00e0 kh\u1ea3 n\u0103ng ki\u1ec3m so\u00e1t. \u0110\u01b0\u1ee3c thi\u1ebft k\u1ebf d\u00e0nh cho ng\u01b0\u1eddi ch\u01a1i mong mu\u1ed1n t\u00ecm ki\u1ebfm s\u1ef1 ti\u1ebfp x\u00fac [&hellip;]<\/p>","protected":false},"featured_media":9212,"comment_status":"open","ping_status":"closed","template":"","meta":{"_acf_changed":false,"site-sidebar-layout":"default","site-content-layout":"","ast-site-content-layout":"default","site-content-style":"default","site-sidebar-style":"default","ast-global-header-display":"","ast-banner-title-visibility":"","ast-main-header-display":"","ast-hfb-above-header-display":"","ast-hfb-below-header-display":"","ast-hfb-mobile-header-display":"","site-post-title":"","ast-breadcrumbs-content":"","ast-featured-img":"","footer-sml-layout":"","theme-transparent-header-meta":"default","adv-header-id-meta":"","stick-header-meta":"default","header-above-stick-meta":"","header-main-stick-meta":"","header-below-stick-meta":"","astra-migrate-meta-layouts":"set","ast-page-background-enabled":"default","ast-page-background-meta":{"desktop":{"background-color":"","background-image":"","background-repeat":"repeat","background-position":"center center","background-size":"auto","background-attachment":"scroll","background-type":"","background-media":"","overlay-type":"","overlay-color":"","overlay-opacity":"","overlay-gradient":""},"tablet":{"background-color":"","background-image":"","background-repeat":"repeat","background-position":"center center","background-size":"auto","background-attachment":"scroll","background-type":"","background-media":"","overlay-type":"","overlay-color":"","overlay-opacity":"","overlay-gradient":""},"mobile":{"background-color":"","background-image":"","background-repeat":"repeat","background-position":"center center","background-size":"auto","background-attachment":"scroll","background-type":"","background-media":"","overlay-type":"","overlay-color":"","overlay-opacity":"","overlay-gradient":""}},"ast-content-background-meta":{"desktop":{"background-color":"var(--ast-global-color-5)","background-image":"","background-repeat":"repeat","background-position":"center center","background-size":"auto","background-attachment":"scroll","background-type":"","background-media":"","overlay-type":"","overlay-color":"","overlay-opacity":"","overlay-gradient":""},"tablet":{"background-color":"var(--ast-global-color-5)","background-image":"","background-repeat":"repeat","background-position":"center center","background-size":"auto","background-attachment":"scroll","background-type":"","background-media":"","overlay-type":"","overlay-color":"","overlay-opacity":"","overlay-gradient":""},"mobile":{"background-color":"var(--ast-global-color-5)","background-image":"","background-repeat":"repeat","background-position":"center center","background-size":"auto","background-attachment":"scroll","background-type":"","background-media":"","overlay-type":"","overlay-color":"","overlay-opacity":"","overlay-gradient":""}}},"product_brand":[],"product_cat":[262,74],"product_tag":[318],"class_list":{"0":"post-2935","1":"product","2":"type-product","3":"status-publish","4":"has-post-thumbnail","6":"product_cat-nam","7":"product_cat-hybrid","8":"product_tag-318","9":"desktop-align-center","10":"tablet-align-center","11":"mobile-align-center","12":"ast-product-gallery-layout-first-image-large","13":"ast-product-single-variable","14":"ast-product-tabs-layout-distributed","16":"first","17":"instock","18":"featured","19":"shipping-taxable","20":"purchasable","21":"product-type-variable","22":"has-default-attributes"},"acf":[],"_links":{"self":[{"href":"https:\/\/taylormade-golf.vn\/en\/wp-json\/wp\/v2\/product\/2935","targetHints":{"allow":["GET"]}}],"collection":[{"href":"https:\/\/taylormade-golf.vn\/en\/wp-json\/wp\/v2\/product"}],"about":[{"href":"https:\/\/taylormade-golf.vn\/en\/wp-json\/wp\/v2\/types\/product"}],"replies":[{"embeddable":true,"href":"https:\/\/taylormade-golf.vn\/en\/wp-json\/wp\/v2\/comments?post=2935"}],"wp:featuredmedia":[{"embeddable":true,"href":"https:\/\/taylormade-golf.vn\/en\/wp-json\/wp\/v2\/media\/9212"}],"wp:attachment":[{"href":"https:\/\/taylormade-golf.vn\/en\/wp-json\/wp\/v2\/media?parent=2935"}],"wp:term":[{"taxonomy":"product_brand","embeddable":true,"href":"https:\/\/taylormade-golf.vn\/en\/wp-json\/wp\/v2\/product_brand?post=2935"},{"taxonomy":"product_cat","embeddable":true,"href":"https:\/\/taylormade-golf.vn\/en\/wp-json\/wp\/v2\/product_cat?post=2935"},{"taxonomy":"product_tag","embeddable":true,"href":"https:\/\/taylormade-golf.vn\/en\/wp-json\/wp\/v2\/product_tag?post=2935"}],"curies":[{"name":"wp","href":"https:\/\/api.w.org\/{rel}","templated":true}]}}