{"id":2923,"date":"2024-05-23T10:37:18","date_gmt":"2024-05-23T03:37:18","guid":{"rendered":"https:\/\/taylormade-golf.vn\/?post_type=product&#038;p=2923"},"modified":"2024-05-30T15:54:08","modified_gmt":"2024-05-30T08:54:08","slug":"p790-23-irons-steel-shaft","status":"publish","type":"product","link":"https:\/\/taylormade-golf.vn\/en\/product\/p790-23-irons-steel-shaft\/","title":{"rendered":"P790 (&#8217;23) Irons Steel Shaft"},"content":{"rendered":"<p><strong>#4-PW<\/strong><\/p>\n<p>As striking as they are on the outside, the all-new P\u00b7790 irons\u2019 true beauty lies within. Every iron has been AI-optimized to have its own unique internal design, so the long irons offer better launch and playability, while the scoring clubs are dialed to give you more control. It all adds up to create a perfect blend of consistency, distance and forgiveness. Hit the link in bio to learn more.<\/p>\n<p><strong>NEW RELEASE ON 9\/8 (FRI.)!<\/strong><br \/>\n<strong>NEW P790 IRONS<\/strong><\/p>\n<p>In addition to the control performance demanded by athlete golfers, the distance performance and forgiveness of the latest technology, and the beautiful appearance of the popular P700 series, we have designed the optimum center of gravity position for each club to demonstrate the necessary performance for each club. NEW \u201cP790\u201d iron debuts.<\/p>\n<p>*The release date is subject to change without notice.<\/p>\n<p><strong>OPTIMAL CENTER OF GRAVITY DESIGN FOR HIGH PERFORMANCE<\/strong><\/p>\n<p>Adopted \u201cFLTD \u00b7 CG design\u201d head design by count. By arranging tungsten weights with different weights and shapes for each number, you can feel \u201cease of flight\u201d with long irons, \u201cease of aiming\u201d with middle irons, and \u201cease of stopping\u201d with short irons that many golfers want. , more tolerant and more stable.<\/p>\n<p><strong>\u201cTHICK-THIN BACK WALL CASTING\u201d THAT ENABLES FURTHER WEIGHT REDUCTION<\/strong><\/p>\n<p>\u201cTHICK-THIN back wall casting\u201d is newly adopted. By making the back wall inside the face a dimple shape, we succeeded in reducing the weight by thinning it. By rearranging the surplus weight that was created by count, it contributes to improving the moment of inertia and optimizing the center of gravity. Demonstrate the performance required for each count.<\/p>\n<p><strong>PREMIUM SOUND AND FEEL<\/strong><\/p>\n<p>The lightweight and soft \u201cSPEEDFORM\u2122 AIR filler\u201d has succeeded in further improving the feeling and forgiveness without impairing the repulsive force of the thinner face. In addition, by incorporating a different \u201csound stabilization bar\u201d for each count, the synergistic effect with \u201cSPEEDFORM\u2122 AIR filler\u201d further enhances the feeling.<\/p>\n<p><strong>OPTIMIZED SWEET SPOT<\/strong><\/p>\n<p>The \u201cpenetration type speed pocket*\u201d installed in the sole suppresses unnecessary spin even on mis-hits at the bottom of the face and contributes to maintaining the initial speed of the ball. In addition, \u201cchromoly steel L-shaped forged face\u201d and \u201cprogressive ICT\u201d are adopted for the face part. By optimizing the thickness distribution of the face surface for each count, the variation in trajectory is reduced even on off-center hits.<\/p>\n<p>*Installed on the sole of the 3rd to 7th irons<\/p>","protected":false},"excerpt":{"rendered":"<p>#4-PW Tuy s\u1edf h\u1eefu v\u1ebb ngo\u00e0i v\u00f4 c\u00f9ng n\u1ed5i b\u1eadt nh\u01b0ng v\u1ebb \u0111\u1eb9p th\u1ef1c s\u1ef1 c\u1ee7a g\u1eady s\u1eaft P\u00b7790 l\u1ea1i \u1ea9n s\u00e2u b\u00ean trong. M\u1ed7i c\u00e2y g\u1eady s\u1eaft \u0111\u1ec1u s\u1edf h\u1eefu thi\u1ebft k\u1ebf b\u00ean trong \u0111\u1ed9c \u0111\u00e1o do \u0111\u01b0\u1ee3c t\u1ed1i \u01b0u h\u00f3a b\u1eb1ng AI, do \u0111\u00f3 m\u00e0 g\u1eady s\u1eaft d\u00e0i s\u1ebd c\u1ea3i thi\u1ec7n g\u00f3c ph\u00f3ng [&hellip;]<\/p>","protected":false},"featured_media":2936,"comment_status":"open","ping_status":"closed","template":"","meta":{"_acf_changed":false,"site-sidebar-layout":"default","site-content-layout":"","ast-site-content-layout":"default","site-content-style":"default","site-sidebar-style":"default","ast-global-header-display":"","ast-banner-title-visibility":"","ast-main-header-display":"","ast-hfb-above-header-display":"","ast-hfb-below-header-display":"","ast-hfb-mobile-header-display":"","site-post-title":"","ast-breadcrumbs-content":"","ast-featured-img":"","footer-sml-layout":"","theme-transparent-header-meta":"default","adv-header-id-meta":"","stick-header-meta":"default","header-above-stick-meta":"","header-main-stick-meta":"","header-below-stick-meta":"","astra-migrate-meta-layouts":"set","ast-page-background-enabled":"default","ast-page-background-meta":{"desktop":{"background-color":"","background-image":"","background-repeat":"repeat","background-position":"center center","background-size":"auto","background-attachment":"scroll","background-type":"","background-media":"","overlay-type":"","overlay-color":"","overlay-opacity":"","overlay-gradient":""},"tablet":{"background-color":"","background-image":"","background-repeat":"repeat","background-position":"center center","background-size":"auto","background-attachment":"scroll","background-type":"","background-media":"","overlay-type":"","overlay-color":"","overlay-opacity":"","overlay-gradient":""},"mobile":{"background-color":"","background-image":"","background-repeat":"repeat","background-position":"center center","background-size":"auto","background-attachment":"scroll","background-type":"","background-media":"","overlay-type":"","overlay-color":"","overlay-opacity":"","overlay-gradient":""}},"ast-content-background-meta":{"desktop":{"background-color":"var(--ast-global-color-5)","background-image":"","background-repeat":"repeat","background-position":"center center","background-size":"auto","background-attachment":"scroll","background-type":"","background-media":"","overlay-type":"","overlay-color":"","overlay-opacity":"","overlay-gradient":""},"tablet":{"background-color":"var(--ast-global-color-5)","background-image":"","background-repeat":"repeat","background-position":"center center","background-size":"auto","background-attachment":"scroll","background-type":"","background-media":"","overlay-type":"","overlay-color":"","overlay-opacity":"","overlay-gradient":""},"mobile":{"background-color":"var(--ast-global-color-5)","background-image":"","background-repeat":"repeat","background-position":"center center","background-size":"auto","background-attachment":"scroll","background-type":"","background-media":"","overlay-type":"","overlay-color":"","overlay-opacity":"","overlay-gradient":""}}},"product_brand":[],"product_cat":[81,71,75],"product_tag":[],"class_list":{"0":"post-2923","1":"product","2":"type-product","3":"status-publish","4":"has-post-thumbnail","6":"product_cat-dong-gay-gon-p700","7":"product_cat-gay-gon","8":"product_cat-iron","9":"desktop-align-center","10":"tablet-align-center","11":"mobile-align-center","12":"ast-product-gallery-layout-first-image-large","13":"ast-product-single-variable","14":"ast-product-tabs-layout-distributed","16":"first","17":"instock","18":"shipping-taxable","19":"purchasable","20":"product-type-variable"},"acf":[],"_links":{"self":[{"href":"https:\/\/taylormade-golf.vn\/en\/wp-json\/wp\/v2\/product\/2923","targetHints":{"allow":["GET"]}}],"collection":[{"href":"https:\/\/taylormade-golf.vn\/en\/wp-json\/wp\/v2\/product"}],"about":[{"href":"https:\/\/taylormade-golf.vn\/en\/wp-json\/wp\/v2\/types\/product"}],"replies":[{"embeddable":true,"href":"https:\/\/taylormade-golf.vn\/en\/wp-json\/wp\/v2\/comments?post=2923"}],"wp:featuredmedia":[{"embeddable":true,"href":"https:\/\/taylormade-golf.vn\/en\/wp-json\/wp\/v2\/media\/2936"}],"wp:attachment":[{"href":"https:\/\/taylormade-golf.vn\/en\/wp-json\/wp\/v2\/media?parent=2923"}],"wp:term":[{"taxonomy":"product_brand","embeddable":true,"href":"https:\/\/taylormade-golf.vn\/en\/wp-json\/wp\/v2\/product_brand?post=2923"},{"taxonomy":"product_cat","embeddable":true,"href":"https:\/\/taylormade-golf.vn\/en\/wp-json\/wp\/v2\/product_cat?post=2923"},{"taxonomy":"product_tag","embeddable":true,"href":"https:\/\/taylormade-golf.vn\/en\/wp-json\/wp\/v2\/product_tag?post=2923"}],"curies":[{"name":"wp","href":"https:\/\/api.w.org\/{rel}","templated":true}]}}