{"id":2761,"date":"2024-05-23T10:22:47","date_gmt":"2024-05-23T03:22:47","guid":{"rendered":"https:\/\/taylormade-golf.vn\/?post_type=product&#038;p=2761"},"modified":"2024-05-30T15:51:06","modified_gmt":"2024-05-30T08:51:06","slug":"2023-p770-irons","status":"publish","type":"product","link":"https:\/\/taylormade-golf.vn\/en\/product\/2023-p770-irons\/","title":{"rendered":"2023 P770 Irons"},"content":{"rendered":"<p><strong>COMPACT SHAPE WITH DISTANCE &amp; FORGIVENESS<\/strong><\/p>\n<p>This more compact players iron has no problem keeping up with the heavy hitters, delivering explosive power and distance.\u202f P\u00b7770 has a thinner topline, less offset (in the long irons) and shorter blade length compared to big brother P\u00b7790.<\/p>\n<p><strong>PROGRESSIVE LAUNCH &amp; SPIN CONTROL<\/strong><\/p>\n<p>FLTD CG\u2122 is a strategic design that positions the center of gravity (CG) lowest in long irons and progressively shifts it higher throughout the set. It encourages easier launch and playability in the long irons, while optimizing trajectory and spin in the scoring clubs. The intuitive concept promotes consistency and control from top to bottom.<\/p>\n<p><strong>FORGED PERFORMANCE &amp; ADVANCED TECHNOLOGY<\/strong><\/p>\n<p>A forged hollowed-body construction and ultra-thin face are designed for enhanced feel, distance and forgiveness. The combination of a Thru-Slot Speed Pocket and Progressive Inverted Cone Technology (ICT) are designed to protect ball speed across the face and improve playability.<\/p>\n<p><strong>INTELLIGENT SWEET SPOT<\/strong><\/p>\n<p>SpeedFoam\u2122 Air is 69% less dense than its predecessor, unlocking\u202four thinnest P\u00b7770 face ever with an intelligent sweet spot that\u2019s been repositioned\u202fto capture more shots, pinpointing performance where golfers need it the most.<\/p>","protected":false},"excerpt":{"rendered":"<p>NH\u1ece G\u1eccN NH\u01afNG \u0110\u00c1NH XA V\u00c0 \u1ed4N \u0110\u1ecaNH Thi\u1ebft k\u1ebf g\u1eady s\u1eaft d\u00e0nh cho ng\u01b0\u1eddi ch\u01a1i c\u00f3 d\u00e1ng ng\u01b0\u1eddi nh\u1ecf g\u1ecdn n\u00e0y gi\u00fap h\u1ecd d\u1ec5 d\u00e0ng theo k\u1ecbp nh\u1eefng ng\u01b0\u1eddi ch\u01a1i uy l\u1ef1c, mang l\u1ea1i l\u1ef1c \u0111\u00e1nh b\u00f9ng n\u1ed5 c\u0169ng nh\u01b0 kho\u1ea3ng c\u00e1ch \u0111\u00e1nh xa.\u202f P\u00b7770 c\u00f3 \u0111\u01b0\u1eddng vi\u1ec1n tr\u00ean m\u1ecfng h\u01a1n, \u0111\u1ed9 l\u1ec7ch \u00edt [&hellip;]<\/p>","protected":false},"featured_media":2798,"comment_status":"open","ping_status":"closed","template":"","meta":{"_acf_changed":false,"site-sidebar-layout":"default","site-content-layout":"","ast-site-content-layout":"default","site-content-style":"default","site-sidebar-style":"default","ast-global-header-display":"","ast-banner-title-visibility":"","ast-main-header-display":"","ast-hfb-above-header-display":"","ast-hfb-below-header-display":"","ast-hfb-mobile-header-display":"","site-post-title":"","ast-breadcrumbs-content":"","ast-featured-img":"","footer-sml-layout":"","theme-transparent-header-meta":"default","adv-header-id-meta":"","stick-header-meta":"default","header-above-stick-meta":"","header-main-stick-meta":"","header-below-stick-meta":"","astra-migrate-meta-layouts":"set","ast-page-background-enabled":"default","ast-page-background-meta":{"desktop":{"background-color":"","background-image":"","background-repeat":"repeat","background-position":"center center","background-size":"auto","background-attachment":"scroll","background-type":"","background-media":"","overlay-type":"","overlay-color":"","overlay-opacity":"","overlay-gradient":""},"tablet":{"background-color":"","background-image":"","background-repeat":"repeat","background-position":"center center","background-size":"auto","background-attachment":"scroll","background-type":"","background-media":"","overlay-type":"","overlay-color":"","overlay-opacity":"","overlay-gradient":""},"mobile":{"background-color":"","background-image":"","background-repeat":"repeat","background-position":"center center","background-size":"auto","background-attachment":"scroll","background-type":"","background-media":"","overlay-type":"","overlay-color":"","overlay-opacity":"","overlay-gradient":""}},"ast-content-background-meta":{"desktop":{"background-color":"var(--ast-global-color-5)","background-image":"","background-repeat":"repeat","background-position":"center center","background-size":"auto","background-attachment":"scroll","background-type":"","background-media":"","overlay-type":"","overlay-color":"","overlay-opacity":"","overlay-gradient":""},"tablet":{"background-color":"var(--ast-global-color-5)","background-image":"","background-repeat":"repeat","background-position":"center center","background-size":"auto","background-attachment":"scroll","background-type":"","background-media":"","overlay-type":"","overlay-color":"","overlay-opacity":"","overlay-gradient":""},"mobile":{"background-color":"var(--ast-global-color-5)","background-image":"","background-repeat":"repeat","background-position":"center center","background-size":"auto","background-attachment":"scroll","background-type":"","background-media":"","overlay-type":"","overlay-color":"","overlay-opacity":"","overlay-gradient":""}}},"product_brand":[],"product_cat":[81,71,75],"product_tag":[],"class_list":{"0":"post-2761","1":"product","2":"type-product","3":"status-publish","4":"has-post-thumbnail","6":"product_cat-dong-gay-gon-p700","7":"product_cat-gay-gon","8":"product_cat-iron","9":"desktop-align-center","10":"tablet-align-center","11":"mobile-align-center","12":"ast-product-gallery-layout-first-image-large","13":"ast-product-single-variable","14":"ast-product-tabs-layout-distributed","16":"first","17":"instock","18":"shipping-taxable","19":"purchasable","20":"product-type-variable"},"acf":[],"_links":{"self":[{"href":"https:\/\/taylormade-golf.vn\/en\/wp-json\/wp\/v2\/product\/2761","targetHints":{"allow":["GET"]}}],"collection":[{"href":"https:\/\/taylormade-golf.vn\/en\/wp-json\/wp\/v2\/product"}],"about":[{"href":"https:\/\/taylormade-golf.vn\/en\/wp-json\/wp\/v2\/types\/product"}],"replies":[{"embeddable":true,"href":"https:\/\/taylormade-golf.vn\/en\/wp-json\/wp\/v2\/comments?post=2761"}],"wp:featuredmedia":[{"embeddable":true,"href":"https:\/\/taylormade-golf.vn\/en\/wp-json\/wp\/v2\/media\/2798"}],"wp:attachment":[{"href":"https:\/\/taylormade-golf.vn\/en\/wp-json\/wp\/v2\/media?parent=2761"}],"wp:term":[{"taxonomy":"product_brand","embeddable":true,"href":"https:\/\/taylormade-golf.vn\/en\/wp-json\/wp\/v2\/product_brand?post=2761"},{"taxonomy":"product_cat","embeddable":true,"href":"https:\/\/taylormade-golf.vn\/en\/wp-json\/wp\/v2\/product_cat?post=2761"},{"taxonomy":"product_tag","embeddable":true,"href":"https:\/\/taylormade-golf.vn\/en\/wp-json\/wp\/v2\/product_tag?post=2761"}],"curies":[{"name":"wp","href":"https:\/\/api.w.org\/{rel}","templated":true}]}}