{"id":2659,"date":"2023-05-23T10:10:56","date_gmt":"2023-05-23T03:10:56","guid":{"rendered":"https:\/\/taylormade-golf.vn\/?post_type=product&#038;p=2659"},"modified":"2024-06-14T17:14:00","modified_gmt":"2024-06-14T10:14:00","slug":"mg4-wedge-chrome","status":"publish","type":"product","link":"https:\/\/taylormade-golf.vn\/en\/product\/mg4-wedge-chrome\/","title":{"rendered":"Wedge MG4 Chrome"},"content":{"rendered":"<div class=\"ewa-rteLine\">SPIN TREAD GROOVES<\/div>\n<p><div class=\"ewa-rteLine\"><\/div>\n<div class=\"ewa-rteLine\">Deep laser etching between the grooves providesa channel for the water to escape upon impact, maintaining spin in wet conditions.<\/div>\n<p><div class=\"ewa-rteLine\"><\/div>\n<div class=\"ewa-rteLine\">INCREASED FLANGE THICKNESS<\/div>\n<p><div class=\"ewa-rteLine\"><\/div>\n<div class=\"ewa-rteLine\">This design offers improved sound and feel on shots struck across the face.<\/div>\n<p><div class=\"ewa-rteLine\"><\/div>\n<div class=\"ewa-rteLine\">RAW FACE<\/div>\n<p><div class=\"ewa-rteLine\"><\/div>\n<div class=\"ewa-rteLine\">The raw surface and toe area works in conjunction\nwith the new Spin Tread Grooves to provide the best spin propertiesin wet conditions.<\/div>\n<p><div class=\"ewa-rteLine\"><\/div>\n<div class=\"ewa-rteLine\"><\/div>\n<div class=\"ewa-rteLine\">IMPROVED TOUR INSPIRED SHAPING<\/div>\n<p><div class=\"ewa-rteLine\"><\/div>\n<div class=\"ewa-rteLine\">The reshaped top line, leading edge and hosel blend to createa smoother and fuller look for improved shot making.<\/div>\n<p><div class=\"ewa-rteLine\"><\/div>\n<div class=\"ewa-rteLine\">MACHINED SOLE<\/div>\n<p><div class=\"ewa-rteLine\"><\/div>\n<div class=\"ewa-rteLine\">A fully machined sole ensures the exact grind and bounce geometryevery\ntime.<\/div>\n<p>\n&nbsp;<\/p>","protected":false},"excerpt":{"rendered":"<p>SPIN TREAD GROOVES Vi\u1ec7c kh\u1eafc laser s\u00e2u gi\u1eefa c\u00e1c r\u00e3nh gi\u00fap n\u01b0\u1edbc tho\u00e1t ra ngo\u00e0i khi ti\u1ebfp x\u00fac, duy tr\u00ec \u0111\u1ed9 xo\u00e1y trong \u0111i\u1ec1u ki\u1ec7n \u1ea9m \u01b0\u1edbt. T\u0102NG \u0110\u1ed8 D\u00c0Y FLANGE V\u1edbi thi\u1ebft k\u1ebf n\u00e0y, \u00e2m thanh v\u00e0 c\u1ea3m nh\u1eadn tr\u00ean t\u1eebng c\u00fa \u0111\u00e1nh \u0111\u01b0\u1ee3c c\u1ea3i thi\u1ec7n. M\u1eb6T G\u1eacY TH\u00d4 M\u1eb7t g\u1eady th\u00f4 v\u00e0 khu [&hellip;]<\/p>","protected":false},"featured_media":8581,"comment_status":"open","ping_status":"closed","template":"","meta":{"_acf_changed":false,"site-sidebar-layout":"default","site-content-layout":"","ast-site-content-layout":"default","site-content-style":"default","site-sidebar-style":"default","ast-global-header-display":"","ast-banner-title-visibility":"","ast-main-header-display":"","ast-hfb-above-header-display":"","ast-hfb-below-header-display":"","ast-hfb-mobile-header-display":"","site-post-title":"","ast-breadcrumbs-content":"","ast-featured-img":"","footer-sml-layout":"","theme-transparent-header-meta":"default","adv-header-id-meta":"","stick-header-meta":"default","header-above-stick-meta":"","header-main-stick-meta":"","header-below-stick-meta":"","astra-migrate-meta-layouts":"set","ast-page-background-enabled":"default","ast-page-background-meta":{"desktop":{"background-color":"","background-image":"","background-repeat":"repeat","background-position":"center center","background-size":"auto","background-attachment":"scroll","background-type":"","background-media":"","overlay-type":"","overlay-color":"","overlay-opacity":"","overlay-gradient":""},"tablet":{"background-color":"","background-image":"","background-repeat":"repeat","background-position":"center center","background-size":"auto","background-attachment":"scroll","background-type":"","background-media":"","overlay-type":"","overlay-color":"","overlay-opacity":"","overlay-gradient":""},"mobile":{"background-color":"","background-image":"","background-repeat":"repeat","background-position":"center center","background-size":"auto","background-attachment":"scroll","background-type":"","background-media":"","overlay-type":"","overlay-color":"","overlay-opacity":"","overlay-gradient":""}},"ast-content-background-meta":{"desktop":{"background-color":"var(--ast-global-color-5)","background-image":"","background-repeat":"repeat","background-position":"center center","background-size":"auto","background-attachment":"scroll","background-type":"","background-media":"","overlay-type":"","overlay-color":"","overlay-opacity":"","overlay-gradient":""},"tablet":{"background-color":"var(--ast-global-color-5)","background-image":"","background-repeat":"repeat","background-position":"center center","background-size":"auto","background-attachment":"scroll","background-type":"","background-media":"","overlay-type":"","overlay-color":"","overlay-opacity":"","overlay-gradient":""},"mobile":{"background-color":"var(--ast-global-color-5)","background-image":"","background-repeat":"repeat","background-position":"center center","background-size":"auto","background-attachment":"scroll","background-type":"","background-media":"","overlay-type":"","overlay-color":"","overlay-opacity":"","overlay-gradient":""}}},"product_brand":[],"product_cat":[76,262,263],"product_tag":[320],"class_list":{"0":"post-2659","1":"product","2":"type-product","3":"status-publish","4":"has-post-thumbnail","6":"product_cat-wedge","7":"product_cat-nam","8":"product_cat-nu","9":"product_tag-320","10":"desktop-align-center","11":"tablet-align-center","12":"mobile-align-center","13":"ast-product-gallery-layout-first-image-large","14":"ast-product-single-variable","15":"ast-product-tabs-layout-distributed","17":"first","18":"instock","19":"shipping-taxable","20":"purchasable","21":"product-type-variable","22":"has-default-attributes"},"acf":[],"_links":{"self":[{"href":"https:\/\/taylormade-golf.vn\/en\/wp-json\/wp\/v2\/product\/2659","targetHints":{"allow":["GET"]}}],"collection":[{"href":"https:\/\/taylormade-golf.vn\/en\/wp-json\/wp\/v2\/product"}],"about":[{"href":"https:\/\/taylormade-golf.vn\/en\/wp-json\/wp\/v2\/types\/product"}],"replies":[{"embeddable":true,"href":"https:\/\/taylormade-golf.vn\/en\/wp-json\/wp\/v2\/comments?post=2659"}],"wp:featuredmedia":[{"embeddable":true,"href":"https:\/\/taylormade-golf.vn\/en\/wp-json\/wp\/v2\/media\/8581"}],"wp:attachment":[{"href":"https:\/\/taylormade-golf.vn\/en\/wp-json\/wp\/v2\/media?parent=2659"}],"wp:term":[{"taxonomy":"product_brand","embeddable":true,"href":"https:\/\/taylormade-golf.vn\/en\/wp-json\/wp\/v2\/product_brand?post=2659"},{"taxonomy":"product_cat","embeddable":true,"href":"https:\/\/taylormade-golf.vn\/en\/wp-json\/wp\/v2\/product_cat?post=2659"},{"taxonomy":"product_tag","embeddable":true,"href":"https:\/\/taylormade-golf.vn\/en\/wp-json\/wp\/v2\/product_tag?post=2659"}],"curies":[{"name":"wp","href":"https:\/\/api.w.org\/{rel}","templated":true}]}}