{"id":2644,"date":"2024-05-23T09:58:35","date_gmt":"2024-05-23T02:58:35","guid":{"rendered":"https:\/\/taylormade-golf.vn\/?post_type=product&#038;p=2644"},"modified":"2024-05-29T17:40:31","modified_gmt":"2024-05-29T10:40:31","slug":"spider-tour","status":"publish","type":"product","link":"https:\/\/taylormade-golf.vn\/en\/product\/spider-tour\/","title":{"rendered":"Spider Tour"},"content":{"rendered":"<p class=\"ewa-rteLine\"><strong>IT\u2019S BACK<\/strong><\/p>\n<p class=\"ewa-rteLine\">Rebirth of a Legacy<\/p>\n<p class=\"ewa-rteLine\">For nearly two decades Spider putters have been claiming major championships, clinching the biggest team competitions, and stacking victories across professional tours globally. Now, we have revitalized the essence of this iconic franchise with the all-new Spider Tour Series.<\/p>\n<p class=\"ewa-rteLine\"><strong>SPIDER TOUR<\/strong><\/p>\n<p class=\"ewa-rteLine\">As one of the most recognized and distinguished putter shapes, Spider Tour is an icon in the world of putting. It is the epitome of high-MOI performance and delivers stability, consistency and forgiveness. Spider Tour\u2019s stable design is especially impactful on off-center strikes, as it helps maintain the direction and control of the putt.<\/p>\n<p class=\"ewa-rteLine\"><strong>TRUE PATH\u2122 ALIGNMENT | SEE YOUR LINE<\/strong><\/p>\n<p class=\"ewa-rteLine\">Navigate the greens with clarity with the optically-engineered True Path\u2122 Alignment system. This legacy tech from TaylorMade helps you better visualize the line to the hole while also making it easier to aim the putter towards your target.<\/p>\n<p class=\"ewa-rteLine\"><strong>WHITE TPU PURE ROLL\u2122 INSERT | FEEL THE DIFFERENCE<\/strong><\/p>\n<p class=\"ewa-rteLine\">Experience a softer feel with our White TPU Pure Roll\u2122 insert. Crafted from a blend of Surlyn and aluminum, it features grooves angled at 45\u00b0 for optimal forward roll and better overall roll characteristics. The white insert also ensures symmetry with the white True Path Alignment.<\/p>\n<p class=\"ewa-rteLine\"><strong>PRECISION WEIGHTING AND DESIGN<\/strong><\/p>\n<p class=\"ewa-rteLine\">A thin wall undercut and steel wireframe allow for precision CG placement, creating a superstructure with enhanced stability and forgiveness. In addition, each Spider Tour Series model boasts a different CG location to fit a wide variety of putting styles and preferences.<\/p>\n<p class=\"ewa-rteLine\"><strong>PREMIUM SOUND AND FEEL<\/strong><\/p>\n<p class=\"ewa-rteLine\">The HYBRAR ECHO\u00ae Damper is positioned behind the face to help remove unwanted vibrations and deliver premium sound and feel on every putt. Experience the game with the best possible sensation.<\/p>","protected":false},"excerpt":{"rendered":"<p>HUY\u1ec0N THO\u1ea0I T\u00c1I XU\u1ea4T S\u1ef1 t\u00e1i sinh c\u1ee7a m\u1ed9t di s\u1ea3n Trong g\u1ea7n hai th\u1eadp k\u1ef7 qua, thi\u1ebft k\u1ebf g\u1eady Putter Spider \u0111\u00e3 gi\u00fap c\u00e1c golfer gi\u01b0\u01a1ng cao c\u00fap v\u00f4 \u0111\u1ecbch major, \u0111o\u1ea1t ch\u1ee9c v\u00f4 \u0111\u1ecbch \u1edf c\u00e1c gi\u1ea3i \u0111\u1ea5u \u0111\u1ed3ng \u0111\u1ed9i l\u1edbn nh\u1ea5t v\u00e0 gi\u00e0nh nhi\u1ec1u chi\u1ebfn th\u1eafng trong c\u00e1c gi\u1ea3i \u0111\u1ea5u chuy\u00ean nghi\u1ec7p [&hellip;]<\/p>","protected":false},"featured_media":2646,"comment_status":"open","ping_status":"closed","template":"","meta":{"_acf_changed":false,"site-sidebar-layout":"default","site-content-layout":"","ast-site-content-layout":"default","site-content-style":"default","site-sidebar-style":"default","ast-global-header-display":"","ast-banner-title-visibility":"","ast-main-header-display":"","ast-hfb-above-header-display":"","ast-hfb-below-header-display":"","ast-hfb-mobile-header-display":"","site-post-title":"","ast-breadcrumbs-content":"","ast-featured-img":"","footer-sml-layout":"","theme-transparent-header-meta":"default","adv-header-id-meta":"","stick-header-meta":"default","header-above-stick-meta":"","header-main-stick-meta":"","header-below-stick-meta":"","astra-migrate-meta-layouts":"set","ast-page-background-enabled":"default","ast-page-background-meta":{"desktop":{"background-color":"","background-image":"","background-repeat":"repeat","background-position":"center center","background-size":"auto","background-attachment":"scroll","background-type":"","background-media":"","overlay-type":"","overlay-color":"","overlay-opacity":"","overlay-gradient":""},"tablet":{"background-color":"","background-image":"","background-repeat":"repeat","background-position":"center center","background-size":"auto","background-attachment":"scroll","background-type":"","background-media":"","overlay-type":"","overlay-color":"","overlay-opacity":"","overlay-gradient":""},"mobile":{"background-color":"","background-image":"","background-repeat":"repeat","background-position":"center center","background-size":"auto","background-attachment":"scroll","background-type":"","background-media":"","overlay-type":"","overlay-color":"","overlay-opacity":"","overlay-gradient":""}},"ast-content-background-meta":{"desktop":{"background-color":"var(--ast-global-color-5)","background-image":"","background-repeat":"repeat","background-position":"center center","background-size":"auto","background-attachment":"scroll","background-type":"","background-media":"","overlay-type":"","overlay-color":"","overlay-opacity":"","overlay-gradient":""},"tablet":{"background-color":"var(--ast-global-color-5)","background-image":"","background-repeat":"repeat","background-position":"center center","background-size":"auto","background-attachment":"scroll","background-type":"","background-media":"","overlay-type":"","overlay-color":"","overlay-opacity":"","overlay-gradient":""},"mobile":{"background-color":"var(--ast-global-color-5)","background-image":"","background-repeat":"repeat","background-position":"center center","background-size":"auto","background-attachment":"scroll","background-type":"","background-media":"","overlay-type":"","overlay-color":"","overlay-opacity":"","overlay-gradient":""}}},"product_brand":[],"product_cat":[71,77],"product_tag":[],"class_list":{"0":"post-2644","1":"product","2":"type-product","3":"status-publish","4":"has-post-thumbnail","6":"product_cat-gay-gon","7":"product_cat-putter","8":"desktop-align-center","9":"tablet-align-center","10":"mobile-align-center","11":"ast-product-gallery-layout-first-image-large","12":"ast-product-single-variable","13":"ast-product-tabs-layout-distributed","15":"first","16":"instock","17":"shipping-taxable","18":"purchasable","19":"product-type-variable"},"acf":[],"_links":{"self":[{"href":"https:\/\/taylormade-golf.vn\/en\/wp-json\/wp\/v2\/product\/2644","targetHints":{"allow":["GET"]}}],"collection":[{"href":"https:\/\/taylormade-golf.vn\/en\/wp-json\/wp\/v2\/product"}],"about":[{"href":"https:\/\/taylormade-golf.vn\/en\/wp-json\/wp\/v2\/types\/product"}],"replies":[{"embeddable":true,"href":"https:\/\/taylormade-golf.vn\/en\/wp-json\/wp\/v2\/comments?post=2644"}],"wp:featuredmedia":[{"embeddable":true,"href":"https:\/\/taylormade-golf.vn\/en\/wp-json\/wp\/v2\/media\/2646"}],"wp:attachment":[{"href":"https:\/\/taylormade-golf.vn\/en\/wp-json\/wp\/v2\/media?parent=2644"}],"wp:term":[{"taxonomy":"product_brand","embeddable":true,"href":"https:\/\/taylormade-golf.vn\/en\/wp-json\/wp\/v2\/product_brand?post=2644"},{"taxonomy":"product_cat","embeddable":true,"href":"https:\/\/taylormade-golf.vn\/en\/wp-json\/wp\/v2\/product_cat?post=2644"},{"taxonomy":"product_tag","embeddable":true,"href":"https:\/\/taylormade-golf.vn\/en\/wp-json\/wp\/v2\/product_tag?post=2644"}],"curies":[{"name":"wp","href":"https:\/\/api.w.org\/{rel}","templated":true}]}}