{"id":19497,"date":"2026-04-29T13:35:13","date_gmt":"2026-04-29T06:35:13","guid":{"rendered":"https:\/\/taylormade-golf.vn\/?post_type=product&#038;p=19497"},"modified":"2026-04-29T13:35:14","modified_gmt":"2026-04-29T06:35:14","slug":"tay-ao-lien-mach","status":"publish","type":"product","link":"https:\/\/taylormade-golf.vn\/en\/product\/tay-ao-lien-mach\/","title":{"rendered":"Tay \u00e1o li\u1ec1n m\u1ea1ch"},"content":{"rendered":"<p><span dir=\"auto\">M\u00f4 t\u1ea3 s\u1ea3n ph\u1ea9m: \u1ed0ng tay ch\u1ed1ng tia UV l\u00e0m t\u1eeb ch\u1ea5t li\u1ec7u nylon c\u00f3 t\u00e1c d\u1ee5ng l\u00e0m m\u00e1t. Thi\u1ebft k\u1ebf li\u1ec1n m\u1ea1ch cho c\u1ea3m gi\u00e1c tho\u1ea3i m\u00e1i khi m\u1eb7c.<\/span><\/p>\n<p><span dir=\"auto\">K\u00edch c\u1ee1: M\/L<\/span><br \/>\n<span dir=\"auto\">Ch\u1ea5t li\u1ec7u: 70% Nylon, 30% Polyurethane<\/span><br \/>\n<span dir=\"auto\">\u0110\u1eb7c \u0111i\u1ec3m: Ch\u1ed1ng tia UV (UPF50+), Thi\u1ebft k\u1ebf li\u1ec1n m\u1ea1ch<\/span><\/p>\n<p><span dir=\"auto\">*H\u00ecnh \u1ea3nh ch\u1ec9 mang t\u00ednh minh h\u1ecda. M\u00e0u s\u1eafc s\u1ea3n ph\u1ea9m th\u1ef1c t\u1ebf c\u00f3 th\u1ec3 kh\u00e1c t\u00f9y thu\u1ed9c v\u00e0o c\u00e0i \u0111\u1eb7t m\u00e0n h\u00ecnh v\u00e0 \u00e1nh s\u00e1ng ph\u00f2ng.<\/span><\/p>","protected":false},"excerpt":{"rendered":"<p><span dir=\"auto\">\u1ed0ng tay ch\u1ed1ng tia UV l\u00e0m t\u1eeb ch\u1ea5t li\u1ec7u nylon c\u00f3 t\u00e1c d\u1ee5ng l\u00e0m m\u00e1t. Thi\u1ebft k\u1ebf li\u1ec1n m\u1ea1ch cho c\u1ea3m gi\u00e1c tho\u1ea3i m\u00e1i khi m\u1eb7c.<\/span><\/p>","protected":false},"featured_media":0,"comment_status":"open","ping_status":"closed","template":"","meta":{"_acf_changed":false,"site-sidebar-layout":"default","site-content-layout":"","ast-site-content-layout":"default","site-content-style":"default","site-sidebar-style":"default","ast-global-header-display":"","ast-banner-title-visibility":"","ast-main-header-display":"","ast-hfb-above-header-display":"","ast-hfb-below-header-display":"","ast-hfb-mobile-header-display":"","site-post-title":"","ast-breadcrumbs-content":"","ast-featured-img":"","footer-sml-layout":"","theme-transparent-header-meta":"default","adv-header-id-meta":"","stick-header-meta":"default","header-above-stick-meta":"","header-main-stick-meta":"","header-below-stick-meta":"","astra-migrate-meta-layouts":"set","ast-page-background-enabled":"default","ast-page-background-meta":{"desktop":{"background-color":"","background-image":"","background-repeat":"repeat","background-position":"center center","background-size":"auto","background-attachment":"scroll","background-type":"","background-media":"","overlay-type":"","overlay-color":"","overlay-opacity":"","overlay-gradient":""},"tablet":{"background-color":"","background-image":"","background-repeat":"repeat","background-position":"center center","background-size":"auto","background-attachment":"scroll","background-type":"","background-media":"","overlay-type":"","overlay-color":"","overlay-opacity":"","overlay-gradient":""},"mobile":{"background-color":"","background-image":"","background-repeat":"repeat","background-position":"center center","background-size":"auto","background-attachment":"scroll","background-type":"","background-media":"","overlay-type":"","overlay-color":"","overlay-opacity":"","overlay-gradient":""}},"ast-content-background-meta":{"desktop":{"background-color":"var(--ast-global-color-5)","background-image":"","background-repeat":"repeat","background-position":"center center","background-size":"auto","background-attachment":"scroll","background-type":"","background-media":"","overlay-type":"","overlay-color":"","overlay-opacity":"","overlay-gradient":""},"tablet":{"background-color":"var(--ast-global-color-5)","background-image":"","background-repeat":"repeat","background-position":"center center","background-size":"auto","background-attachment":"scroll","background-type":"","background-media":"","overlay-type":"","overlay-color":"","overlay-opacity":"","overlay-gradient":""},"mobile":{"background-color":"var(--ast-global-color-5)","background-image":"","background-repeat":"repeat","background-position":"center center","background-size":"auto","background-attachment":"scroll","background-type":"","background-media":"","overlay-type":"","overlay-color":"","overlay-opacity":"","overlay-gradient":""}}},"product_brand":[],"product_cat":[93,262,91],"product_tag":[],"class_list":{"0":"post-19497","1":"product","2":"type-product","3":"status-publish","5":"product_cat-gang-tay","6":"product_cat-nam","7":"product_cat-phu-kien","8":"desktop-align-center","9":"tablet-align-center","10":"mobile-align-center","11":"ast-product-gallery-layout-first-image-large","12":"ast-product-tabs-layout-distributed","14":"first","15":"instock","16":"shipping-taxable","17":"product-type-simple"},"acf":[],"_links":{"self":[{"href":"https:\/\/taylormade-golf.vn\/en\/wp-json\/wp\/v2\/product\/19497","targetHints":{"allow":["GET"]}}],"collection":[{"href":"https:\/\/taylormade-golf.vn\/en\/wp-json\/wp\/v2\/product"}],"about":[{"href":"https:\/\/taylormade-golf.vn\/en\/wp-json\/wp\/v2\/types\/product"}],"replies":[{"embeddable":true,"href":"https:\/\/taylormade-golf.vn\/en\/wp-json\/wp\/v2\/comments?post=19497"}],"wp:attachment":[{"href":"https:\/\/taylormade-golf.vn\/en\/wp-json\/wp\/v2\/media?parent=19497"}],"wp:term":[{"taxonomy":"product_brand","embeddable":true,"href":"https:\/\/taylormade-golf.vn\/en\/wp-json\/wp\/v2\/product_brand?post=19497"},{"taxonomy":"product_cat","embeddable":true,"href":"https:\/\/taylormade-golf.vn\/en\/wp-json\/wp\/v2\/product_cat?post=19497"},{"taxonomy":"product_tag","embeddable":true,"href":"https:\/\/taylormade-golf.vn\/en\/wp-json\/wp\/v2\/product_tag?post=19497"}],"curies":[{"name":"wp","href":"https:\/\/api.w.org\/{rel}","templated":true}]}}