{"id":19484,"date":"2026-04-29T13:32:42","date_gmt":"2026-04-29T06:32:42","guid":{"rendered":"https:\/\/taylormade-golf.vn\/?post_type=product&#038;p=19484"},"modified":"2026-04-29T13:32:44","modified_gmt":"2026-04-29T06:32:44","slug":"%e3%80%90ws%e3%80%91tat-cao-co","status":"publish","type":"product","link":"https:\/\/taylormade-golf.vn\/en\/product\/%e3%80%90ws%e3%80%91tat-cao-co\/","title":{"rendered":"\u3010Ws\u3011T\u1ea5t cao c\u1ed5"},"content":{"rendered":"<h2><span dir=\"auto\">Th\u00f4ng tin s\u1ea3n ph\u1ea9m<\/span><\/h2>\n<p><span dir=\"auto\">\u0110\u00e2y l\u00e0 lo\u1ea1i t\u1ea5t m\u00f9a h\u00e8 k\u1ebft h\u1ee3p gi\u1eefa t\u1ea5t cao \u0111\u1ebfn \u0111\u1ea7u g\u1ed1i v\u00e0 t\u1ea5t ch\u00e2n th\u00e0nh m\u1ed9t s\u1ea3n ph\u1ea9m duy nh\u1ea5t. V\u00ec ch\u00fang \u0111\u00e1p \u1ee9ng c\u1ea3 ch\u1ee9c n\u0103ng c\u1ee7a t\u1ea5t v\u00e0 t\u1ea5t ch\u00e2n, n\u00ean ch\u00fang cung c\u1ea5p kh\u1ea3 n\u0103ng ch\u1ed1ng tia UV ch\u1ec9 trong m\u1ed9t l\u1edbp duy nh\u1ea5t m\u00e0 kh\u00f4ng c\u1ea7n nhi\u1ec1u l\u1edbp ri\u00eang bi\u1ec7t.<\/span><\/p>\n<h2><span dir=\"auto\">v\u1eadt li\u1ec7u<\/span><\/h2>\n<p><span dir=\"auto\">85% Polyester,<\/span><br \/>\n<span dir=\"auto\">10% Polyurethane,<\/span><br \/>\n<span dir=\"auto\">50% Nylon<\/span><\/p>\n<h2><span dir=\"auto\">k\u00edch c\u1ee1<\/span><\/h2>\n<div><span dir=\"auto\">N\u01b0\u1edbc xu\u1ea5t x\u1ee9: Trung Qu\u1ed1c.<\/span><br \/>\n<span dir=\"auto\">*H\u00ecnh \u1ea3nh ch\u1ec9 mang t\u00ednh minh h\u1ecda. M\u00e0u s\u1eafc th\u1ef1c t\u1ebf c\u1ee7a s\u1ea3n ph\u1ea9m c\u00f3 th\u1ec3 kh\u00e1c t\u00f9y thu\u1ed9c v\u00e0o c\u00e0i \u0111\u1eb7t m\u00e0n h\u00ecnh v\u00e0 \u00e1nh s\u00e1ng trong ph\u00f2ng.<\/span><\/div>","protected":false},"excerpt":{"rendered":"<p><span dir=\"auto\">\u0110\u00e2y l\u00e0 lo\u1ea1i t\u1ea5t m\u00f9a h\u00e8 k\u1ebft h\u1ee3p gi\u1eefa t\u1ea5t cao \u0111\u1ebfn \u0111\u1ea7u g\u1ed1i v\u00e0 t\u1ea5t ch\u00e2n th\u00e0nh m\u1ed9t s\u1ea3n ph\u1ea9m duy nh\u1ea5t. V\u00ec ch\u00fang \u0111\u00e1p \u1ee9ng c\u1ea3 ch\u1ee9c n\u0103ng c\u1ee7a t\u1ea5t v\u00e0 t\u1ea5t ch\u00e2n, n\u00ean ch\u00fang cung c\u1ea5p kh\u1ea3 n\u0103ng ch\u1ed1ng tia UV ch\u1ec9 trong m\u1ed9t l\u1edbp duy nh\u1ea5t m\u00e0 kh\u00f4ng c\u1ea7n nhi\u1ec1u l\u1edbp ri\u00eang bi\u1ec7t.<\/span><\/p>","protected":false},"featured_media":19486,"comment_status":"open","ping_status":"closed","template":"","meta":{"_acf_changed":false,"site-sidebar-layout":"default","site-content-layout":"","ast-site-content-layout":"default","site-content-style":"default","site-sidebar-style":"default","ast-global-header-display":"","ast-banner-title-visibility":"","ast-main-header-display":"","ast-hfb-above-header-display":"","ast-hfb-below-header-display":"","ast-hfb-mobile-header-display":"","site-post-title":"","ast-breadcrumbs-content":"","ast-featured-img":"","footer-sml-layout":"","theme-transparent-header-meta":"default","adv-header-id-meta":"","stick-header-meta":"default","header-above-stick-meta":"","header-main-stick-meta":"","header-below-stick-meta":"","astra-migrate-meta-layouts":"set","ast-page-background-enabled":"default","ast-page-background-meta":{"desktop":{"background-color":"","background-image":"","background-repeat":"repeat","background-position":"center center","background-size":"auto","background-attachment":"scroll","background-type":"","background-media":"","overlay-type":"","overlay-color":"","overlay-opacity":"","overlay-gradient":""},"tablet":{"background-color":"","background-image":"","background-repeat":"repeat","background-position":"center center","background-size":"auto","background-attachment":"scroll","background-type":"","background-media":"","overlay-type":"","overlay-color":"","overlay-opacity":"","overlay-gradient":""},"mobile":{"background-color":"","background-image":"","background-repeat":"repeat","background-position":"center center","background-size":"auto","background-attachment":"scroll","background-type":"","background-media":"","overlay-type":"","overlay-color":"","overlay-opacity":"","overlay-gradient":""}},"ast-content-background-meta":{"desktop":{"background-color":"var(--ast-global-color-5)","background-image":"","background-repeat":"repeat","background-position":"center center","background-size":"auto","background-attachment":"scroll","background-type":"","background-media":"","overlay-type":"","overlay-color":"","overlay-opacity":"","overlay-gradient":""},"tablet":{"background-color":"var(--ast-global-color-5)","background-image":"","background-repeat":"repeat","background-position":"center center","background-size":"auto","background-attachment":"scroll","background-type":"","background-media":"","overlay-type":"","overlay-color":"","overlay-opacity":"","overlay-gradient":""},"mobile":{"background-color":"var(--ast-global-color-5)","background-image":"","background-repeat":"repeat","background-position":"center center","background-size":"auto","background-attachment":"scroll","background-type":"","background-media":"","overlay-type":"","overlay-color":"","overlay-opacity":"","overlay-gradient":""}}},"product_brand":[],"product_cat":[263,385],"product_tag":[],"class_list":{"0":"post-19484","1":"product","2":"type-product","3":"status-publish","4":"has-post-thumbnail","6":"product_cat-nu","7":"product_cat-tat","8":"desktop-align-center","9":"tablet-align-center","10":"mobile-align-center","11":"ast-product-gallery-layout-first-image-large","12":"ast-product-tabs-layout-distributed","14":"first","15":"instock","16":"shipping-taxable","17":"product-type-simple"},"acf":[],"_links":{"self":[{"href":"https:\/\/taylormade-golf.vn\/en\/wp-json\/wp\/v2\/product\/19484","targetHints":{"allow":["GET"]}}],"collection":[{"href":"https:\/\/taylormade-golf.vn\/en\/wp-json\/wp\/v2\/product"}],"about":[{"href":"https:\/\/taylormade-golf.vn\/en\/wp-json\/wp\/v2\/types\/product"}],"replies":[{"embeddable":true,"href":"https:\/\/taylormade-golf.vn\/en\/wp-json\/wp\/v2\/comments?post=19484"}],"wp:featuredmedia":[{"embeddable":true,"href":"https:\/\/taylormade-golf.vn\/en\/wp-json\/wp\/v2\/media\/19486"}],"wp:attachment":[{"href":"https:\/\/taylormade-golf.vn\/en\/wp-json\/wp\/v2\/media?parent=19484"}],"wp:term":[{"taxonomy":"product_brand","embeddable":true,"href":"https:\/\/taylormade-golf.vn\/en\/wp-json\/wp\/v2\/product_brand?post=19484"},{"taxonomy":"product_cat","embeddable":true,"href":"https:\/\/taylormade-golf.vn\/en\/wp-json\/wp\/v2\/product_cat?post=19484"},{"taxonomy":"product_tag","embeddable":true,"href":"https:\/\/taylormade-golf.vn\/en\/wp-json\/wp\/v2\/product_tag?post=19484"}],"curies":[{"name":"wp","href":"https:\/\/api.w.org\/{rel}","templated":true}]}}