{"id":19460,"date":"2026-04-29T11:22:35","date_gmt":"2026-04-29T04:22:35","guid":{"rendered":"https:\/\/taylormade-golf.vn\/?post_type=product&#038;p=19460"},"modified":"2026-04-29T11:22:36","modified_gmt":"2026-04-29T04:22:36","slug":"ao-polo-tay-ngan-t-ice-t-air-border","status":"publish","type":"product","link":"https:\/\/taylormade-golf.vn\/en\/product\/ao-polo-tay-ngan-t-ice-t-air-border\/","title":{"rendered":"\u00c1o Polo tay ng\u1eafn T-ICE T-AIR Border"},"content":{"rendered":"<h2><span dir=\"auto\">Th\u00f4ng tin s\u1ea3n ph\u1ea9m<\/span><\/h2>\n<p><span dir=\"auto\">\u00c1o polo tay ng\u1eafn n\u00e0y \u0111\u01b0\u1ee3c trang b\u1ecb c\u00f4ng ngh\u1ec7 T-ICE, m\u1ed9t ch\u1ee9c n\u0103ng l\u00e0m m\u00e1t \u0111\u01b0\u1ee3c l\u00e0m t\u1eeb ch\u1ea5t li\u1ec7u polyethylene v\u1edbi \u0111\u1eb7c t\u00ednh l\u00e0m m\u00e1t ti\u1ebfp x\u00fac \u0111\u1eb7c bi\u1ec7t cao. M\u1eb7t sau \u0111\u01b0\u1ee3c l\u00f3t b\u1eb1ng ch\u1ea5t li\u1ec7u l\u01b0\u1edbi c\u0169ng mang l\u1ea1i c\u1ea3m gi\u00e1c m\u00e1t m\u1ebb. S\u1ef1 k\u1ebft h\u1ee3p gi\u1eefa kh\u1ea3 n\u0103ng l\u00e0m m\u00e1t v\u00e0 tho\u00e1ng kh\u00ed mang \u0111\u1ebfn hi\u1ec7u su\u1ea5t l\u00e0m m\u00e1t v\u01b0\u1ee3t tr\u1ed9i. Ph\u1ea7n c\u1ed5 \u00e1o c\u0169ng \u0111\u01b0\u1ee3c thi\u1ebft k\u1ebf b\u1eb1ng ch\u1ea5t li\u1ec7u l\u01b0\u1edbi, t\u1ea1o c\u1ea3m gi\u00e1c nh\u01b0 m\u1ed9t chi\u1ebfc \u00e1o s\u01a1 mi c\u1ed5 tr\u00f2n tho\u00e1ng m\u00e1t.<\/span><\/p>\n<h2><span dir=\"auto\">v\u1eadt li\u1ec7u<\/span><\/h2>\n<p><span dir=\"auto\">Body:<\/span><br \/>\n<span dir=\"auto\">55% polyester,<\/span><br \/>\n<span dir=\"auto\">45% polyethylene<\/span><br \/>\n<span dir=\"auto\">; M\u1eb7t sau:<\/span><br \/>\n<span dir=\"auto\">59% polyester,<\/span><br \/>\n<span dir=\"auto\">41% nylon<\/span><\/p>\n<p><strong><span dir=\"auto\">[L\u01b0u \u00fd]<\/span><\/strong><br \/>\n<span dir=\"auto\">\u2022 K\u00edch th\u01b0\u1edbc s\u1ea3n ph\u1ea9m (k\u00edch th\u01b0\u1edbc ho\u00e0n thi\u1ec7n) \u0111\u01b0\u1ee3c ghi l\u00e0 k\u00edch th\u01b0\u1edbc th\u1ef1c t\u1ebf c\u1ee7a s\u1ea3n ph\u1ea9m \u0111\u01b0\u1ee3c \u0111o theo h\u01b0\u1edbng d\u1eabn sau.<\/span><br \/>\n<span dir=\"auto\">\u2022 Ngay c\u1ea3 khi c\u00f9ng m\u1ed9t k\u00fd hi\u1ec7u k\u00edch th\u01b0\u1edbc, \u0111\u1ed9 v\u1eeba v\u1eb7n c\u00f3 th\u1ec3 kh\u00e1c nhau t\u00f9y thu\u1ed9c v\u00e0o thi\u1ebft k\u1ebf v\u00e0 \u0111\u1ed9 co gi\u00e3n c\u1ee7a ch\u1ea5t li\u1ec7u t\u1eebng s\u1ea3n ph\u1ea9m.<\/span><br \/>\n<span dir=\"auto\">\u2022 C\u00e1c ph\u1ea7n co gi\u00e3n nh\u01b0 n\u1ebfp g\u1ea5p v\u00e0 x\u1ebfp ly \u0111\u01b0\u1ee3c \u0111o khi ch\u01b0a k\u00e9o gi\u00e3n.<\/span><br \/>\n<span dir=\"auto\">\u2022 Vui l\u00f2ng l\u01b0u \u00fd r\u1eb1ng c\u00f3 th\u1ec3 c\u00f3 sai s\u1ed1 nh\u1ecf (1-2 cm) t\u00f9y thu\u1ed9c v\u00e0o s\u1ea3n ph\u1ea9m.<\/span><br \/>\n<span dir=\"auto\">\u2022 K\u00edch th\u01b0\u1edbc \u0111\u01b0\u1ee3c ghi tr\u00ean nh\u00e3n s\u1ea3n ph\u1ea9m l\u00e0 k\u00edch th\u01b0\u1edbc \u0111o khi ch\u01b0a m\u1eb7c.<\/span><br \/>\n<span dir=\"auto\">*\u0110\u01a1n v\u1ecb l\u00e0 (cm).<\/span><br \/>\n<span dir=\"auto\">Xu\u1ea5t x\u1ee9 l\u00e0 Vi\u1ec7t Nam.<\/span><br \/>\n<span dir=\"auto\">*H\u00ecnh \u1ea3nh ch\u1ec9 mang t\u00ednh minh h\u1ecda. M\u00e0u s\u1eafc c\u1ee7a s\u1ea3n ph\u1ea9m th\u1ef1c t\u1ebf c\u00f3 th\u1ec3 kh\u00e1c nhau t\u00f9y thu\u1ed9c v\u00e0o c\u00e0i \u0111\u1eb7t m\u00e0n h\u00ecnh v\u00e0 \u00e1nh s\u00e1ng ph\u00f2ng c\u1ee7a b\u1ea1n.<\/span><\/p>","protected":false},"excerpt":{"rendered":"<p><span dir=\"auto\">\u00c1o polo tay ng\u1eafn n\u00e0y \u0111\u01b0\u1ee3c trang b\u1ecb c\u00f4ng ngh\u1ec7 T-ICE, m\u1ed9t ch\u1ee9c n\u0103ng l\u00e0m m\u00e1t \u0111\u01b0\u1ee3c l\u00e0m t\u1eeb ch\u1ea5t li\u1ec7u polyethylene v\u1edbi \u0111\u1eb7c t\u00ednh l\u00e0m m\u00e1t ti\u1ebfp x\u00fac \u0111\u1eb7c bi\u1ec7t cao. M\u1eb7t sau \u0111\u01b0\u1ee3c l\u00f3t b\u1eb1ng ch\u1ea5t li\u1ec7u l\u01b0\u1edbi c\u0169ng mang l\u1ea1i c\u1ea3m gi\u00e1c m\u00e1t m\u1ebb. S\u1ef1 k\u1ebft h\u1ee3p gi\u1eefa kh\u1ea3 n\u0103ng l\u00e0m m\u00e1t v\u00e0 tho\u00e1ng kh\u00ed mang \u0111\u1ebfn hi\u1ec7u su\u1ea5t l\u00e0m m\u00e1t v\u01b0\u1ee3t tr\u1ed9i. Ph\u1ea7n c\u1ed5 \u00e1o c\u0169ng \u0111\u01b0\u1ee3c thi\u1ebft k\u1ebf b\u1eb1ng ch\u1ea5t li\u1ec7u l\u01b0\u1edbi, t\u1ea1o c\u1ea3m gi\u00e1c nh\u01b0 m\u1ed9t chi\u1ebfc \u00e1o s\u01a1 mi c\u1ed5 tr\u00f2n tho\u00e1ng m\u00e1t.<\/span><\/p>","protected":false},"featured_media":19461,"comment_status":"open","ping_status":"closed","template":"","meta":{"_acf_changed":false,"site-sidebar-layout":"default","site-content-layout":"","ast-site-content-layout":"default","site-content-style":"default","site-sidebar-style":"default","ast-global-header-display":"","ast-banner-title-visibility":"","ast-main-header-display":"","ast-hfb-above-header-display":"","ast-hfb-below-header-display":"","ast-hfb-mobile-header-display":"","site-post-title":"","ast-breadcrumbs-content":"","ast-featured-img":"","footer-sml-layout":"","theme-transparent-header-meta":"default","adv-header-id-meta":"","stick-header-meta":"default","header-above-stick-meta":"","header-main-stick-meta":"","header-below-stick-meta":"","astra-migrate-meta-layouts":"set","ast-page-background-enabled":"default","ast-page-background-meta":{"desktop":{"background-color":"","background-image":"","background-repeat":"repeat","background-position":"center center","background-size":"auto","background-attachment":"scroll","background-type":"","background-media":"","overlay-type":"","overlay-color":"","overlay-opacity":"","overlay-gradient":""},"tablet":{"background-color":"","background-image":"","background-repeat":"repeat","background-position":"center center","background-size":"auto","background-attachment":"scroll","background-type":"","background-media":"","overlay-type":"","overlay-color":"","overlay-opacity":"","overlay-gradient":""},"mobile":{"background-color":"","background-image":"","background-repeat":"repeat","background-position":"center center","background-size":"auto","background-attachment":"scroll","background-type":"","background-media":"","overlay-type":"","overlay-color":"","overlay-opacity":"","overlay-gradient":""}},"ast-content-background-meta":{"desktop":{"background-color":"var(--ast-global-color-5)","background-image":"","background-repeat":"repeat","background-position":"center center","background-size":"auto","background-attachment":"scroll","background-type":"","background-media":"","overlay-type":"","overlay-color":"","overlay-opacity":"","overlay-gradient":""},"tablet":{"background-color":"var(--ast-global-color-5)","background-image":"","background-repeat":"repeat","background-position":"center center","background-size":"auto","background-attachment":"scroll","background-type":"","background-media":"","overlay-type":"","overlay-color":"","overlay-opacity":"","overlay-gradient":""},"mobile":{"background-color":"var(--ast-global-color-5)","background-image":"","background-repeat":"repeat","background-position":"center center","background-size":"auto","background-attachment":"scroll","background-type":"","background-media":"","overlay-type":"","overlay-color":"","overlay-opacity":"","overlay-gradient":""}}},"product_brand":[],"product_cat":[72],"product_tag":[],"class_list":{"0":"post-19460","1":"product","2":"type-product","3":"status-publish","4":"has-post-thumbnail","6":"product_cat-driver","7":"desktop-align-center","8":"tablet-align-center","9":"mobile-align-center","10":"ast-product-gallery-layout-first-image-large","11":"ast-product-tabs-layout-distributed","13":"first","14":"instock","15":"shipping-taxable","16":"product-type-simple"},"acf":[],"_links":{"self":[{"href":"https:\/\/taylormade-golf.vn\/en\/wp-json\/wp\/v2\/product\/19460","targetHints":{"allow":["GET"]}}],"collection":[{"href":"https:\/\/taylormade-golf.vn\/en\/wp-json\/wp\/v2\/product"}],"about":[{"href":"https:\/\/taylormade-golf.vn\/en\/wp-json\/wp\/v2\/types\/product"}],"replies":[{"embeddable":true,"href":"https:\/\/taylormade-golf.vn\/en\/wp-json\/wp\/v2\/comments?post=19460"}],"wp:featuredmedia":[{"embeddable":true,"href":"https:\/\/taylormade-golf.vn\/en\/wp-json\/wp\/v2\/media\/19461"}],"wp:attachment":[{"href":"https:\/\/taylormade-golf.vn\/en\/wp-json\/wp\/v2\/media?parent=19460"}],"wp:term":[{"taxonomy":"product_brand","embeddable":true,"href":"https:\/\/taylormade-golf.vn\/en\/wp-json\/wp\/v2\/product_brand?post=19460"},{"taxonomy":"product_cat","embeddable":true,"href":"https:\/\/taylormade-golf.vn\/en\/wp-json\/wp\/v2\/product_cat?post=19460"},{"taxonomy":"product_tag","embeddable":true,"href":"https:\/\/taylormade-golf.vn\/en\/wp-json\/wp\/v2\/product_tag?post=19460"}],"curies":[{"name":"wp","href":"https:\/\/api.w.org\/{rel}","templated":true}]}}