{"id":19326,"date":"2026-04-29T10:46:22","date_gmt":"2026-04-29T03:46:22","guid":{"rendered":"https:\/\/taylormade-golf.vn\/?post_type=product&#038;p=19326"},"modified":"2026-04-29T10:46:23","modified_gmt":"2026-04-29T03:46:23","slug":"ao-khoac-ngan-tay-t-ice-t-air-so-cool-zip-up-mock","status":"publish","type":"product","link":"https:\/\/taylormade-golf.vn\/en\/product\/ao-khoac-ngan-tay-t-ice-t-air-so-cool-zip-up-mock\/","title":{"rendered":"\u00c1o kho\u00e1c ng\u1eafn tay T-ICE T-AIR So Cool Zip-Up Mock"},"content":{"rendered":"<h2><span dir=\"auto\">Th\u00f4ng tin s\u1ea3n ph\u1ea9m<\/span><\/h2>\n<p><span dir=\"auto\">M\u1eb7t tr\u01b0\u1edbc c\u00f3 ch\u1ea5t li\u1ec7u v\u1edbi ch\u1ee9c n\u0103ng T-SHADE gi\u00fap ch\u1eafn n\u1eafng v\u00e0 h\u1ecda ti\u1ebft T-ICE gi\u00fap l\u00e0m m\u00e1t li\u00ean t\u1ee5c. H\u01a1n n\u1eefa, m\u1ed9t h\u1ecda ti\u1ebft l\u00e0m m\u00e1t b\u1ed5 sung \u0111\u01b0\u1ee3c \u0111\u1eb7t \u1edf ph\u00eda sau c\u1ed5 \u0111\u1ec3 t\u0103ng c\u01b0\u1eddng kh\u1ea3 n\u0103ng l\u00e0m m\u00e1t, v\u00e0 m\u1eb7t sau \u0111\u01b0\u1ee3c l\u00f3t b\u1eb1ng T-AIR, m\u1ed9t ch\u1ea5t li\u1ec7u l\u01b0\u1edbi c\u00f3 t\u00e1c d\u1ee5ng l\u00e0m m\u00e1t, khi\u1ebfn \u0111\u00e2y tr\u1edf th\u00e0nh m\u1ed9t s\u1ea3n ph\u1ea9m c\u1ef1c k\u1ef3 tho\u00e1ng m\u00e1t.<\/span><\/p>\n<h2><span dir=\"auto\">Material<\/span><\/h2>\n<p><span dir=\"auto\">Ch\u1ea5t li\u1ec7u ch\u00ednh:<\/span><br \/>\n<span dir=\"auto\">55% nylon,<\/span><br \/>\n<span dir=\"auto\">45% polyester;<\/span><br \/>\n<span dir=\"auto\">Ph\u1ea7n l\u01b0\u1edbi:<\/span><br \/>\n<span dir=\"auto\">59% polyester,<\/span><br \/>\n<span dir=\"auto\">41% nylon<\/span><\/p>\n<h2><span dir=\"auto\">K\u00edch c\u1ee1<\/span><\/h2>\n<div class=\"size_image\"><img decoding=\"async\" class=\"product-sizing-image\" src=\"https:\/\/www.taylormadegolf.jp\/on\/demandware.static\/-\/Sites-tmag-master-catalog\/ja_JP\/v1777400992611\/sizechart\/polo-short.jpg\" alt=\"\" \/><\/div>\n<div class=\"scroll\">\n<table class=\"product-sizing-table\">\n<thead>\n<tr>\n<th><span dir=\"auto\">k\u00edch c\u1ee1<\/span><\/th>\n<th><span dir=\"auto\">S<\/span><\/th>\n<th><span dir=\"auto\">M<\/span><\/th>\n<th><span dir=\"auto\">L<\/span><\/th>\n<th><span dir=\"auto\">O<\/span><\/th>\n<th><span dir=\"auto\">XO<\/span><\/th>\n<th><span dir=\"auto\">2XO<\/span><\/th>\n<\/tr>\n<\/thead>\n<tbody>\n<tr>\n<td><span dir=\"auto\">Chi\u1ec1u d\u00e0i (cm)<\/span><\/td>\n<td><span dir=\"auto\">70<\/span><\/td>\n<td><span dir=\"auto\">70<\/span><\/td>\n<td><span dir=\"auto\">72<\/span><\/td>\n<td><span dir=\"auto\">74<\/span><\/td>\n<td><span dir=\"auto\">76<\/span><\/td>\n<td><span dir=\"auto\">78<\/span><\/td>\n<\/tr>\n<tr>\n<td><span dir=\"auto\">Chi\u1ec1u r\u1ed9ng vai (cm)<\/span><\/td>\n<td><span dir=\"auto\">41.2<\/span><\/td>\n<td><span dir=\"auto\">42,6<\/span><\/td>\n<td><span dir=\"auto\">44<\/span><\/td>\n<td><span dir=\"auto\">45,4<\/span><\/td>\n<td><span dir=\"auto\">46,8<\/span><\/td>\n<td><span dir=\"auto\">48,2<\/span><\/td>\n<\/tr>\n<tr>\n<td><span dir=\"auto\">Chi\u1ec1u r\u1ed9ng (cm)<\/span><\/td>\n<td><span dir=\"auto\">50<\/span><\/td>\n<td><span dir=\"auto\">52<\/span><\/td>\n<td><span dir=\"auto\">54<\/span><\/td>\n<td><span dir=\"auto\">56<\/span><\/td>\n<td><span dir=\"auto\">58<\/span><\/td>\n<td><span dir=\"auto\">60<\/span><\/td>\n<\/tr>\n<\/tbody>\n<\/table>\n<\/div>\n<div><span dir=\"auto\">[L\u01b0u \u00fd]<\/span><br \/>\n<span dir=\"auto\">\u2022 K\u00edch th\u01b0\u1edbc s\u1ea3n ph\u1ea9m (k\u00edch th\u01b0\u1edbc ho\u00e0n thi\u1ec7n) \u0111\u01b0\u1ee3c ghi l\u00e0 k\u00edch th\u01b0\u1edbc th\u1ef1c t\u1ebf c\u1ee7a s\u1ea3n ph\u1ea9m \u0111\u01b0\u1ee3c \u0111o theo h\u01b0\u1edbng d\u1eabn sau.<\/span><br \/>\n<span dir=\"auto\">\u2022 Ngay c\u1ea3 khi c\u00f9ng m\u1ed9t k\u00fd hi\u1ec7u k\u00edch th\u01b0\u1edbc, \u0111\u1ed9 v\u1eeba v\u1eb7n c\u00f3 th\u1ec3 kh\u00e1c nhau t\u00f9y thu\u1ed9c v\u00e0o thi\u1ebft k\u1ebf v\u00e0 \u0111\u1ed9 co gi\u00e3n c\u1ee7a ch\u1ea5t li\u1ec7u t\u1eebng s\u1ea3n ph\u1ea9m.<\/span><br \/>\n<span dir=\"auto\">\u2022 C\u00e1c ph\u1ea7n co gi\u00e3n nh\u01b0 n\u1ebfp g\u1ea5p v\u00e0 x\u1ebfp ly \u0111\u01b0\u1ee3c \u0111o khi ch\u01b0a k\u00e9o gi\u00e3n.<\/span><br \/>\n<span dir=\"auto\">\u2022 Vui l\u00f2ng l\u01b0u \u00fd r\u1eb1ng c\u00f3 th\u1ec3 c\u00f3 sai s\u1ed1 nh\u1ecf (1-2 cm) t\u00f9y thu\u1ed9c v\u00e0o s\u1ea3n ph\u1ea9m.<\/span><br \/>\n<span dir=\"auto\">\u2022 K\u00edch th\u01b0\u1edbc \u0111\u01b0\u1ee3c ghi tr\u00ean nh\u00e3n s\u1ea3n ph\u1ea9m l\u00e0 k\u00edch th\u01b0\u1edbc \u0111o khi ch\u01b0a m\u1eb7c.<\/span><br \/>\n<span dir=\"auto\">*\u0110\u01a1n v\u1ecb l\u00e0 (cm).<\/span><br \/>\n<span dir=\"auto\">Xu\u1ea5t x\u1ee9 l\u00e0 Vi\u1ec7t Nam.<\/span><br \/>\n<span dir=\"auto\">*H\u00ecnh \u1ea3nh ch\u1ec9 mang t\u00ednh minh h\u1ecda. M\u00e0u s\u1eafc c\u1ee7a s\u1ea3n ph\u1ea9m th\u1ef1c t\u1ebf c\u00f3 th\u1ec3 kh\u00e1c nhau t\u00f9y thu\u1ed9c v\u00e0o c\u00e0i \u0111\u1eb7t m\u00e0n h\u00ecnh v\u00e0 \u00e1nh s\u00e1ng ph\u00f2ng c\u1ee7a b\u1ea1n.<\/span><\/div>","protected":false},"excerpt":{"rendered":"<p><span dir=\"auto\">M\u1eb7t tr\u01b0\u1edbc c\u00f3 ch\u1ea5t li\u1ec7u v\u1edbi ch\u1ee9c n\u0103ng T-SHADE gi\u00fap ch\u1eafn n\u1eafng v\u00e0 h\u1ecda ti\u1ebft T-ICE gi\u00fap l\u00e0m m\u00e1t li\u00ean t\u1ee5c. H\u01a1n n\u1eefa, m\u1ed9t h\u1ecda ti\u1ebft l\u00e0m m\u00e1t b\u1ed5 sung \u0111\u01b0\u1ee3c \u0111\u1eb7t \u1edf ph\u00eda sau c\u1ed5 \u0111\u1ec3 t\u0103ng c\u01b0\u1eddng kh\u1ea3 n\u0103ng l\u00e0m m\u00e1t, v\u00e0 m\u1eb7t sau \u0111\u01b0\u1ee3c l\u00f3t b\u1eb1ng T-AIR, m\u1ed9t ch\u1ea5t li\u1ec7u l\u01b0\u1edbi c\u00f3 t\u00e1c d\u1ee5ng l\u00e0m m\u00e1t, khi\u1ebfn \u0111\u00e2y tr\u1edf th\u00e0nh m\u1ed9t s\u1ea3n ph\u1ea9m c\u1ef1c k\u1ef3 tho\u00e1ng m\u00e1t.<\/span><\/p>","protected":false},"featured_media":19327,"comment_status":"open","ping_status":"closed","template":"","meta":{"_acf_changed":false,"site-sidebar-layout":"default","site-content-layout":"","ast-site-content-layout":"default","site-content-style":"default","site-sidebar-style":"default","ast-global-header-display":"","ast-banner-title-visibility":"","ast-main-header-display":"","ast-hfb-above-header-display":"","ast-hfb-below-header-display":"","ast-hfb-mobile-header-display":"","site-post-title":"","ast-breadcrumbs-content":"","ast-featured-img":"","footer-sml-layout":"","theme-transparent-header-meta":"default","adv-header-id-meta":"","stick-header-meta":"default","header-above-stick-meta":"","header-main-stick-meta":"","header-below-stick-meta":"","astra-migrate-meta-layouts":"set","ast-page-background-enabled":"default","ast-page-background-meta":{"desktop":{"background-color":"","background-image":"","background-repeat":"repeat","background-position":"center center","background-size":"auto","background-attachment":"scroll","background-type":"","background-media":"","overlay-type":"","overlay-color":"","overlay-opacity":"","overlay-gradient":""},"tablet":{"background-color":"","background-image":"","background-repeat":"repeat","background-position":"center center","background-size":"auto","background-attachment":"scroll","background-type":"","background-media":"","overlay-type":"","overlay-color":"","overlay-opacity":"","overlay-gradient":""},"mobile":{"background-color":"","background-image":"","background-repeat":"repeat","background-position":"center center","background-size":"auto","background-attachment":"scroll","background-type":"","background-media":"","overlay-type":"","overlay-color":"","overlay-opacity":"","overlay-gradient":""}},"ast-content-background-meta":{"desktop":{"background-color":"var(--ast-global-color-5)","background-image":"","background-repeat":"repeat","background-position":"center center","background-size":"auto","background-attachment":"scroll","background-type":"","background-media":"","overlay-type":"","overlay-color":"","overlay-opacity":"","overlay-gradient":""},"tablet":{"background-color":"var(--ast-global-color-5)","background-image":"","background-repeat":"repeat","background-position":"center center","background-size":"auto","background-attachment":"scroll","background-type":"","background-media":"","overlay-type":"","overlay-color":"","overlay-opacity":"","overlay-gradient":""},"mobile":{"background-color":"var(--ast-global-color-5)","background-image":"","background-repeat":"repeat","background-position":"center center","background-size":"auto","background-attachment":"scroll","background-type":"","background-media":"","overlay-type":"","overlay-color":"","overlay-opacity":"","overlay-gradient":""}}},"product_brand":[],"product_cat":[101,102],"product_tag":[],"class_list":{"0":"post-19326","1":"product","2":"type-product","3":"status-publish","4":"has-post-thumbnail","6":"product_cat-quan-ao","7":"product_cat-ao-coc-tay","8":"desktop-align-center","9":"tablet-align-center","10":"mobile-align-center","11":"ast-product-gallery-layout-first-image-large","12":"ast-product-tabs-layout-distributed","14":"first","15":"instock","16":"shipping-taxable","17":"product-type-simple"},"acf":[],"_links":{"self":[{"href":"https:\/\/taylormade-golf.vn\/en\/wp-json\/wp\/v2\/product\/19326","targetHints":{"allow":["GET"]}}],"collection":[{"href":"https:\/\/taylormade-golf.vn\/en\/wp-json\/wp\/v2\/product"}],"about":[{"href":"https:\/\/taylormade-golf.vn\/en\/wp-json\/wp\/v2\/types\/product"}],"replies":[{"embeddable":true,"href":"https:\/\/taylormade-golf.vn\/en\/wp-json\/wp\/v2\/comments?post=19326"}],"wp:featuredmedia":[{"embeddable":true,"href":"https:\/\/taylormade-golf.vn\/en\/wp-json\/wp\/v2\/media\/19327"}],"wp:attachment":[{"href":"https:\/\/taylormade-golf.vn\/en\/wp-json\/wp\/v2\/media?parent=19326"}],"wp:term":[{"taxonomy":"product_brand","embeddable":true,"href":"https:\/\/taylormade-golf.vn\/en\/wp-json\/wp\/v2\/product_brand?post=19326"},{"taxonomy":"product_cat","embeddable":true,"href":"https:\/\/taylormade-golf.vn\/en\/wp-json\/wp\/v2\/product_cat?post=19326"},{"taxonomy":"product_tag","embeddable":true,"href":"https:\/\/taylormade-golf.vn\/en\/wp-json\/wp\/v2\/product_tag?post=19326"}],"curies":[{"name":"wp","href":"https:\/\/api.w.org\/{rel}","templated":true}]}}