{"id":19311,"date":"2026-04-23T10:09:37","date_gmt":"2026-04-23T03:09:37","guid":{"rendered":"https:\/\/taylormade-golf.vn\/?post_type=product&#038;p=19311"},"modified":"2026-04-23T10:09:39","modified_gmt":"2026-04-23T03:09:39","slug":"womens-season-opener-collection","status":"publish","type":"product","link":"https:\/\/taylormade-golf.vn\/en\/product\/womens-season-opener-collection\/","title":{"rendered":"Women&#8217;s Season Opener Collection"},"content":{"rendered":"<p>M\u1ed7i s\u1ea3n ph\u1ea9m trong b\u1ed9 headcover n\u00e0y \u0111\u1ec1u \u0111\u01b0\u1ee3c l\u1ea5y c\u1ea3m h\u1ee9ng t\u1eeb <strong data-start=\"455\" data-end=\"482\">v\u0103n h\u00f3a rodeo (cao b\u1ed3i)<\/strong> \u2013 m\u1ed9t bi\u1ec3u t\u01b0\u1ee3ng \u0111\u1eb7c tr\u01b0ng c\u1ee7a th\u00e0nh ph\u1ed1 Houston.<br data-start=\"532\" data-end=\"535\" \/>T\u1eeb driver \u0111\u1ebfn putter, m\u1ed7i headcover \u0111\u1ec1u k\u1ec3 m\u1ed9t c\u00e2u chuy\u1ec7n ri\u00eang, nh\u01b0ng khi k\u1ebft h\u1ee3p l\u1ea1i t\u1ea1o th\u00e0nh m\u1ed9t b\u1ed9 s\u01b0u t\u1eadp ho\u00e0n ch\u1ec9nh.<\/p>\n<p>Concept: Cao b\u1ed3i Texas \/ Rodeo<\/p>\n<ul>\n<li data-section-id=\"1febr3g\" data-start=\"2329\" data-end=\"2470\">\u0110i\u1ec3m n\u1ed5i b\u1eadt:\n<ul data-start=\"2347\" data-end=\"2470\">\n<li data-section-id=\"1sthjy0\" data-start=\"2347\" data-end=\"2381\">Thi\u1ebft k\u1ebf \u0111\u1ed9c \u0111\u00e1o t\u1eebng lo\u1ea1i g\u1eady<\/li>\n<li data-section-id=\"n6wi5g\" data-start=\"2384\" data-end=\"2429\">Ch\u1ea5t li\u1ec7u \u0111a d\u1ea1ng (da b\u00f2, v\u1ea3i d\u1ec7t, suede)<\/li>\n<li data-section-id=\"1vli70z\" data-start=\"2432\" data-end=\"2470\">T\u00ednh s\u01b0u t\u1ea7m cao (limited edition)<\/li>\n<\/ul>\n<\/li>\n<li data-section-id=\"jrhxo7\" data-start=\"2471\" data-end=\"2582\">Ph\u00f9 h\u1ee3p:\n<ul data-start=\"2484\" data-end=\"2582\">\n<li data-section-id=\"113gcrt\" data-start=\"2484\" data-end=\"2531\">Golfer n\u1eef th\u00edch phong c\u00e1ch c\u00e1 t\u00ednh, n\u1ed5i b\u1eadt<\/li>\n<li data-section-id=\"18fnydy\" data-start=\"2534\" data-end=\"2582\">Ng\u01b0\u1eddi ch\u01a1i golf th\u00edch \u0111\u1ed3 edition \/ lifestyle<\/li>\n<\/ul>\n<\/li>\n<\/ul>","protected":false},"excerpt":{"rendered":"<p>M\u1ed7i s\u1ea3n ph\u1ea9m trong b\u1ed9 headcover n\u00e0y \u0111\u1ec1u \u0111\u01b0\u1ee3c l\u1ea5y c\u1ea3m h\u1ee9ng t\u1eeb <strong data-start=\"455\" data-end=\"482\">v\u0103n h\u00f3a rodeo (cao b\u1ed3i)<\/strong> \u2013 m\u1ed9t bi\u1ec3u t\u01b0\u1ee3ng \u0111\u1eb7c tr\u01b0ng c\u1ee7a th\u00e0nh ph\u1ed1 Houston.<br data-start=\"532\" data-end=\"535\" \/>T\u1eeb driver \u0111\u1ebfn putter, m\u1ed7i headcover \u0111\u1ec1u k\u1ec3 m\u1ed9t c\u00e2u chuy\u1ec7n ri\u00eang, nh\u01b0ng khi k\u1ebft h\u1ee3p l\u1ea1i t\u1ea1o th\u00e0nh m\u1ed9t b\u1ed9 s\u01b0u t\u1eadp ho\u00e0n ch\u1ec9nh.<\/p>","protected":false},"featured_media":19317,"comment_status":"open","ping_status":"closed","template":"","meta":{"_acf_changed":false,"site-sidebar-layout":"default","site-content-layout":"","ast-site-content-layout":"default","site-content-style":"default","site-sidebar-style":"default","ast-global-header-display":"","ast-banner-title-visibility":"","ast-main-header-display":"","ast-hfb-above-header-display":"","ast-hfb-below-header-display":"","ast-hfb-mobile-header-display":"","site-post-title":"","ast-breadcrumbs-content":"","ast-featured-img":"","footer-sml-layout":"","theme-transparent-header-meta":"default","adv-header-id-meta":"","stick-header-meta":"default","header-above-stick-meta":"","header-main-stick-meta":"","header-below-stick-meta":"","astra-migrate-meta-layouts":"set","ast-page-background-enabled":"default","ast-page-background-meta":{"desktop":{"background-color":"","background-image":"","background-repeat":"repeat","background-position":"center center","background-size":"auto","background-attachment":"scroll","background-type":"","background-media":"","overlay-type":"","overlay-color":"","overlay-opacity":"","overlay-gradient":""},"tablet":{"background-color":"","background-image":"","background-repeat":"repeat","background-position":"center center","background-size":"auto","background-attachment":"scroll","background-type":"","background-media":"","overlay-type":"","overlay-color":"","overlay-opacity":"","overlay-gradient":""},"mobile":{"background-color":"","background-image":"","background-repeat":"repeat","background-position":"center center","background-size":"auto","background-attachment":"scroll","background-type":"","background-media":"","overlay-type":"","overlay-color":"","overlay-opacity":"","overlay-gradient":""}},"ast-content-background-meta":{"desktop":{"background-color":"var(--ast-global-color-5)","background-image":"","background-repeat":"repeat","background-position":"center center","background-size":"auto","background-attachment":"scroll","background-type":"","background-media":"","overlay-type":"","overlay-color":"","overlay-opacity":"","overlay-gradient":""},"tablet":{"background-color":"var(--ast-global-color-5)","background-image":"","background-repeat":"repeat","background-position":"center center","background-size":"auto","background-attachment":"scroll","background-type":"","background-media":"","overlay-type":"","overlay-color":"","overlay-opacity":"","overlay-gradient":""},"mobile":{"background-color":"var(--ast-global-color-5)","background-image":"","background-repeat":"repeat","background-position":"center center","background-size":"auto","background-attachment":"scroll","background-type":"","background-media":"","overlay-type":"","overlay-color":"","overlay-opacity":"","overlay-gradient":""}}},"product_brand":[],"product_cat":[263],"product_tag":[],"class_list":{"0":"post-19311","1":"product","2":"type-product","3":"status-publish","4":"has-post-thumbnail","6":"product_cat-nu","7":"desktop-align-center","8":"tablet-align-center","9":"mobile-align-center","10":"ast-product-gallery-layout-first-image-large","11":"ast-product-tabs-layout-distributed","13":"first","14":"instock","15":"shipping-taxable","16":"product-type-simple"},"acf":[],"_links":{"self":[{"href":"https:\/\/taylormade-golf.vn\/en\/wp-json\/wp\/v2\/product\/19311","targetHints":{"allow":["GET"]}}],"collection":[{"href":"https:\/\/taylormade-golf.vn\/en\/wp-json\/wp\/v2\/product"}],"about":[{"href":"https:\/\/taylormade-golf.vn\/en\/wp-json\/wp\/v2\/types\/product"}],"replies":[{"embeddable":true,"href":"https:\/\/taylormade-golf.vn\/en\/wp-json\/wp\/v2\/comments?post=19311"}],"wp:featuredmedia":[{"embeddable":true,"href":"https:\/\/taylormade-golf.vn\/en\/wp-json\/wp\/v2\/media\/19317"}],"wp:attachment":[{"href":"https:\/\/taylormade-golf.vn\/en\/wp-json\/wp\/v2\/media?parent=19311"}],"wp:term":[{"taxonomy":"product_brand","embeddable":true,"href":"https:\/\/taylormade-golf.vn\/en\/wp-json\/wp\/v2\/product_brand?post=19311"},{"taxonomy":"product_cat","embeddable":true,"href":"https:\/\/taylormade-golf.vn\/en\/wp-json\/wp\/v2\/product_cat?post=19311"},{"taxonomy":"product_tag","embeddable":true,"href":"https:\/\/taylormade-golf.vn\/en\/wp-json\/wp\/v2\/product_tag?post=19311"}],"curies":[{"name":"wp","href":"https:\/\/api.w.org\/{rel}","templated":true}]}}