{"id":19199,"date":"2026-04-13T09:26:51","date_gmt":"2026-04-13T02:26:51","guid":{"rendered":"https:\/\/taylormade-golf.vn\/?post_type=product&#038;p=19199"},"modified":"2026-04-13T09:56:02","modified_gmt":"2026-04-13T02:56:02","slug":"bong-golf-taylormade-tp5-pix-phien-ban-khai-man-mua-giai-season-opener","status":"publish","type":"product","link":"https:\/\/taylormade-golf.vn\/en\/product\/bong-golf-taylormade-tp5-pix-phien-ban-khai-man-mua-giai-season-opener\/","title":{"rendered":"B\u00f3ng Golf TaylorMade TP5 pix\u2122 \u2013 Phi\u00ean b\u1ea3n Khai m\u00e0n M\u00f9a gi\u1ea3i (Season Opener)"},"content":{"rendered":"<p data-path-to-node=\"6\"><b data-path-to-node=\"6\" data-index-in-node=\"0\">1. C\u00f4ng ngh\u1ec7 C\u0103n ch\u1ec9nh ClearPath Alignment\u2122<\/b><\/p>\n<ul data-path-to-node=\"7\">\n<li>\n<p data-path-to-node=\"7,0,0\"><b data-path-to-node=\"7,0,0\" data-index-in-node=\"0\">H\u1ec7 th\u1ed1ng Pix\u2122:<\/b> S\u1eed d\u1ee5ng 12 h\u1ecda ti\u1ebft h\u00ecnh h\u1ecdc \u0111\u01b0\u1ee3c s\u1eafp x\u1ebfp \u0111\u1ed1i x\u1ee9ng m\u1ed9t c\u00e1ch khoa h\u1ecdc.<\/p>\n<\/li>\n<li>\n<p data-path-to-node=\"7,1,0\"><b data-path-to-node=\"7,1,0\" data-index-in-node=\"0\">Ph\u1ea3n h\u1ed3i h\u00ecnh \u1ea3nh t\u1ee9c th\u00ec:<\/b> Khi b\u1ea1n th\u1ef1c hi\u1ec7n c\u00fa g\u1ea1t (putt), n\u1ebfu b\u00f3ng l\u0103n chu\u1ea9n (pure roll), c\u00e1c h\u1ecda ti\u1ebft s\u1ebd t\u1ea1o th\u00e0nh m\u1ed9t \u0111\u01b0\u1eddng r\u00e3nh m\u00e0u s\u1eafc r\u00f5 n\u00e9t h\u01b0\u1edbng th\u1eb3ng v\u1ec1 h\u1ed1. \u0110i\u1ec1u n\u00e0y gi\u00fap golfer ki\u1ec3m tra ngay l\u1eadp t\u1ee9c m\u1eb7t g\u1eady c\u00f3 ti\u1ebfp x\u00fac vu\u00f4ng g\u00f3c hay kh\u00f4ng.<\/p>\n<\/li>\n<\/ul>\n<p data-path-to-node=\"8\"><b data-path-to-node=\"8\" data-index-in-node=\"0\">2. Thi\u1ebft k\u1ebf L\u1ea5y c\u1ea3m h\u1ee9ng t\u1eeb Truy\u1ec1n th\u1ed1ng<\/b><\/p>\n<ul data-path-to-node=\"9\">\n<li>\n<p data-path-to-node=\"9,0,0\">H\u1ecda ti\u1ebft tr\u00ean b\u00f3ng l\u00e0 s\u1ef1 k\u1ebft h\u1ee3p gi\u1eefa hoa \u0111\u1ed7 quy\u00ean (Azaleas) v\u00e0 qu\u1ea3 \u0111\u00e0o \u2013 nh\u1eefng bi\u1ec3u t\u01b0\u1ee3ng kh\u00f4ng th\u1ec3 nh\u1ea7m l\u1eabn c\u1ee7a v\u00f9ng Georgia, mang l\u1ea1i di\u1ec7n m\u1ea1o tinh t\u1ebf v\u00e0 \u0111\u1eb3ng c\u1ea5p cho t\u00fai g\u1eady c\u1ee7a b\u1ea1n.<\/p>\n<\/li>\n<\/ul>\n<p data-path-to-node=\"10\"><b data-path-to-node=\"10\" data-index-in-node=\"0\">3. C\u1ea5u t\u1ea1o 5 l\u1edbp (5-Layer Construction)<\/b><\/p>\n<ul data-path-to-node=\"11\">\n<li>\n<p data-path-to-node=\"11,0,0\">TaylorMade l\u00e0 th\u01b0\u01a1ng hi\u1ec7u duy nh\u1ea5t s\u1edf h\u1eefu c\u00f4ng ngh\u1ec7 b\u00f3ng 5 l\u1edbp.<\/p>\n<\/li>\n<li>\n<p data-path-to-node=\"11,1,0\">S\u1ef1 k\u1ebft h\u1ee3p n\u00e0y gi\u00fap t\u1ed1i \u01b0u h\u00f3a hi\u1ec7u su\u1ea5t cho m\u1ecdi lo\u1ea1i g\u1eady trong t\u00fai: T\u0103ng t\u1ed1c \u0111\u1ed9 b\u00f3ng v\u1edbi g\u1eady Driver, nh\u01b0ng v\u1eabn gi\u1eef \u0111\u01b0\u1ee3c \u0111\u1ed9 ki\u1ec3m so\u00e1t c\u1ef1c cao khi th\u1ef1c hi\u1ec7n c\u00e1c c\u00fa \u0111\u00e1nh ti\u1ebfp c\u1eadn (approach shots) b\u1eb1ng g\u1eady s\u1eaft.<\/p>\n<\/li>\n<\/ul>\n<p data-path-to-node=\"12\"><b data-path-to-node=\"12\" data-index-in-node=\"0\">4. L\u00f5i Speed-Wrapped Core m\u1edbi<\/b><\/p>\n<ul data-path-to-node=\"13\">\n<li>\n<p data-path-to-node=\"13,0,0\">\u0110\u00e2y l\u00e0 b\u01b0\u1edbc \u0111\u1ed9t ph\u00e1 gi\u00fap b\u00f3ng \u0111\u1ea1t t\u1ed1c \u0111\u1ed9 bay nhanh h\u01a1n \u0111\u00e1ng k\u1ec3.<\/p>\n<\/li>\n<li>\n<p data-path-to-node=\"13,1,0\">\u00c2m thanh khi ti\u1ebfp x\u00fac g\u1eady tr\u1edf n\u00ean &#8220;\u0111anh&#8221; v\u00e0 r\u00f5 r\u00e0ng h\u01a1n, trong khi v\u1eabn duy tr\u00ec c\u1ea3m gi\u00e1c \u00eam \u00e1i (soft feel) \u0111\u1eb7c tr\u01b0ng c\u1ee7a d\u00f2ng TP5.<\/p>\n<\/li>\n<\/ul>","protected":false},"excerpt":{"rendered":"<h3 data-path-to-node=\"15\"><b data-path-to-node=\"15\" data-index-in-node=\"0\">TH\u00d4NG S\u1ed0 K\u1ef8 THU\u1eacT (TECH SPECS)<\/b><\/h3>\n<ul data-path-to-node=\"16\">\n<li>\n<p data-path-to-node=\"16,0,0\"><b data-path-to-node=\"16,0,0\" data-index-in-node=\"0\">C\u1ea3m gi\u00e1c (Feel):<\/b> Si\u00eau m\u1ec1m (Softest).<\/p>\n<\/li>\n<li>\n<p data-path-to-node=\"16,1,0\"><b data-path-to-node=\"16,1,0\" data-index-in-node=\"0\">\u0110\u1ed9 xo\u00e1y g\u1eady Wedge (Wedge Spin):<\/b> Cao nh\u1ea5t (Highest) \u2013 Gi\u00fap b\u00f3ng &#8220;stop&#8221; nhanh tr\u00ean m\u1eb7t green.<\/p>\n<\/li>\n<li>\n<p data-path-to-node=\"16,2,0\"><b data-path-to-node=\"16,2,0\" data-index-in-node=\"0\">G\u00f3c c\u1ea5t b\u00f3ng (Launch):<\/b> Cao (High).<\/p>\n<\/li>\n<li>\n<p data-path-to-node=\"16,3,0\"><b data-path-to-node=\"16,3,0\" data-index-in-node=\"0\">\u0110\u01b0\u1eddng b\u00f3ng (Flight):<\/b> \u1ed4n \u0111\u1ecbnh, ch\u1ed1ng gi\u00f3 t\u1ed1t nh\u1edd h\u1ec7 th\u1ed1ng v\u1ebft l\u00f5m kh\u00ed \u0111\u1ed9ng h\u1ecdc (Tour Flight Dimple Pattern).<\/p>\n<\/li>\n<li>\n<p data-path-to-node=\"16,4,0\"><b data-path-to-node=\"16,4,0\" data-index-in-node=\"0\">V\u1ecf b\u00f3ng (Cover):<\/b> Cast Urethane (Urethane \u0111\u00fac) \u2013 Lo\u1ea1i v\u1eadt li\u1ec7u cao c\u1ea5p nh\u1ea5t cho \u0111\u1ed9 b\u00e1m m\u1eb7t g\u1eady t\u1ed1i \u01b0u.<\/p>\n<\/li>\n<\/ul>","protected":false},"featured_media":19205,"comment_status":"open","ping_status":"closed","template":"","meta":{"_acf_changed":false,"site-sidebar-layout":"default","site-content-layout":"","ast-site-content-layout":"default","site-content-style":"default","site-sidebar-style":"default","ast-global-header-display":"","ast-banner-title-visibility":"","ast-main-header-display":"","ast-hfb-above-header-display":"","ast-hfb-below-header-display":"","ast-hfb-mobile-header-display":"","site-post-title":"","ast-breadcrumbs-content":"","ast-featured-img":"","footer-sml-layout":"","theme-transparent-header-meta":"default","adv-header-id-meta":"","stick-header-meta":"default","header-above-stick-meta":"","header-main-stick-meta":"","header-below-stick-meta":"","astra-migrate-meta-layouts":"set","ast-page-background-enabled":"default","ast-page-background-meta":{"desktop":{"background-color":"","background-image":"","background-repeat":"repeat","background-position":"center center","background-size":"auto","background-attachment":"scroll","background-type":"","background-media":"","overlay-type":"","overlay-color":"","overlay-opacity":"","overlay-gradient":""},"tablet":{"background-color":"","background-image":"","background-repeat":"repeat","background-position":"center center","background-size":"auto","background-attachment":"scroll","background-type":"","background-media":"","overlay-type":"","overlay-color":"","overlay-opacity":"","overlay-gradient":""},"mobile":{"background-color":"","background-image":"","background-repeat":"repeat","background-position":"center center","background-size":"auto","background-attachment":"scroll","background-type":"","background-media":"","overlay-type":"","overlay-color":"","overlay-opacity":"","overlay-gradient":""}},"ast-content-background-meta":{"desktop":{"background-color":"var(--ast-global-color-5)","background-image":"","background-repeat":"repeat","background-position":"center center","background-size":"auto","background-attachment":"scroll","background-type":"","background-media":"","overlay-type":"","overlay-color":"","overlay-opacity":"","overlay-gradient":""},"tablet":{"background-color":"var(--ast-global-color-5)","background-image":"","background-repeat":"repeat","background-position":"center center","background-size":"auto","background-attachment":"scroll","background-type":"","background-media":"","overlay-type":"","overlay-color":"","overlay-opacity":"","overlay-gradient":""},"mobile":{"background-color":"var(--ast-global-color-5)","background-image":"","background-repeat":"repeat","background-position":"center center","background-size":"auto","background-attachment":"scroll","background-type":"","background-media":"","overlay-type":"","overlay-color":"","overlay-opacity":"","overlay-gradient":""}}},"product_brand":[],"product_cat":[61,319],"product_tag":[],"class_list":{"0":"post-19199","1":"product","2":"type-product","3":"status-publish","4":"has-post-thumbnail","6":"product_cat-bong-gon","7":"product_cat-limited-edition-bong-gon","8":"desktop-align-center","9":"tablet-align-center","10":"mobile-align-center","11":"ast-product-gallery-layout-first-image-large","12":"ast-product-tabs-layout-distributed","14":"first","15":"instock","16":"shipping-taxable","17":"product-type-simple"},"acf":[],"_links":{"self":[{"href":"https:\/\/taylormade-golf.vn\/en\/wp-json\/wp\/v2\/product\/19199","targetHints":{"allow":["GET"]}}],"collection":[{"href":"https:\/\/taylormade-golf.vn\/en\/wp-json\/wp\/v2\/product"}],"about":[{"href":"https:\/\/taylormade-golf.vn\/en\/wp-json\/wp\/v2\/types\/product"}],"replies":[{"embeddable":true,"href":"https:\/\/taylormade-golf.vn\/en\/wp-json\/wp\/v2\/comments?post=19199"}],"wp:featuredmedia":[{"embeddable":true,"href":"https:\/\/taylormade-golf.vn\/en\/wp-json\/wp\/v2\/media\/19205"}],"wp:attachment":[{"href":"https:\/\/taylormade-golf.vn\/en\/wp-json\/wp\/v2\/media?parent=19199"}],"wp:term":[{"taxonomy":"product_brand","embeddable":true,"href":"https:\/\/taylormade-golf.vn\/en\/wp-json\/wp\/v2\/product_brand?post=19199"},{"taxonomy":"product_cat","embeddable":true,"href":"https:\/\/taylormade-golf.vn\/en\/wp-json\/wp\/v2\/product_cat?post=19199"},{"taxonomy":"product_tag","embeddable":true,"href":"https:\/\/taylormade-golf.vn\/en\/wp-json\/wp\/v2\/product_tag?post=19199"}],"curies":[{"name":"wp","href":"https:\/\/api.w.org\/{rel}","templated":true}]}}