{"id":19032,"date":"2026-04-07T15:44:55","date_gmt":"2026-04-07T08:44:55","guid":{"rendered":"https:\/\/taylormade-golf.vn\/?post_type=product&#038;p=19032"},"modified":"2026-04-07T15:44:55","modified_gmt":"2026-04-07T08:44:55","slug":"tui-gay-golf-staff-bag-season-opener","status":"publish","type":"product","link":"https:\/\/taylormade-golf.vn\/en\/product\/tui-gay-golf-staff-bag-season-opener\/","title":{"rendered":"T\u00fai g\u1eady golf Staff Bag Season Opener"},"content":{"rendered":"<h3><strong>SEASON OPENER STAFF BAG 2026: DI S\u1ea2N M\u00d9A XU\u00c2N T\u1ea0I AUGUSTA<\/strong><\/h3>\n<p data-path-to-node=\"3\">Ch\u00e0o \u0111\u00f3n m\u00f9a gi\u1ea3i Major \u0111\u1ea7u ti\u00ean trong n\u0103m t\u1ea1i Augusta, Georgia, TaylorMade t\u1ef1 h\u00e0o gi\u1edbi thi\u1ec7u phi\u00ean b\u1ea3n gi\u1edbi h\u1ea1n <b data-path-to-node=\"3\" data-index-in-node=\"113\">Season Opener Staff Bag 2026<\/b>. Kh\u00f4ng ch\u1ec9 l\u00e0 m\u1ed9t chi\u1ebfc t\u00fai g\u1eady, \u0111\u00e2y l\u00e0 m\u1ed9t t\u00e1c ph\u1ea9m ngh\u1ec7 thu\u1eadt t\u00f4n vinh l\u1ecbch s\u1eed v\u00e0 v\u1ebb \u0111\u1eb9p v\u0129nh c\u1eedu c\u1ee7a gi\u1ea3i \u0111\u1ea5u danh gi\u00e1 nh\u1ea5t h\u00e0nh tinh.<\/p>\n<h3 data-path-to-node=\"4\"><b data-path-to-node=\"4\" data-index-in-node=\"0\">Thi\u1ebft K\u1ebf \u0110\u1eadm Ch\u1ea5t Di S\u1ea3n<\/b><\/h3>\n<ul data-path-to-node=\"5\">\n<li>\n<p data-path-to-node=\"5,0,0\"><b data-path-to-node=\"5,0,0\" data-index-in-node=\"0\">Ph\u1ed1i m\u00e0u \u0111\u1ed9c b\u1ea3n:<\/b> S\u1ef1 k\u1ebft h\u1ee3p ho\u00e0n m\u1ef9 gi\u1eefa s\u1eafc <b data-path-to-node=\"5,0,0\" data-index-in-node=\"46\">Xanh l\u00e1 truy\u1ec1n th\u1ed1ng<\/b> v\u00e0 <b data-path-to-node=\"5,0,0\" data-index-in-node=\"70\">Tr\u1eafng tinh kh\u00f4i<\/b>, \u0111i\u1ec3m xuy\u1ebft b\u1eb1ng c\u00e1c chi ti\u1ebft kh\u00f3a k\u00e9o v\u00e0 ph\u1ee5 ki\u1ec7n m\u1ea1 <b data-path-to-node=\"5,0,0\" data-index-in-node=\"140\">v\u00e0ng sang tr\u1ecdng<\/b>.<\/p>\n<\/li>\n<li>\n<p data-path-to-node=\"5,1,0\"><b data-path-to-node=\"5,1,0\" data-index-in-node=\"0\">H\u1ecda ti\u1ebft Azalea:<\/b> Nh\u1eefng nh\u00e0nh hoa \u0111\u1ed7 quy\u00ean (Azalea) \u2013 linh h\u1ed3n c\u1ee7a s\u00e2n \u0111\u1ea5u huy\u1ec1n tho\u1ea1i \u2013 \u0111\u01b0\u1ee3c th\u00eau tinh x\u1ea3o d\u1ecdc hai b\u00ean th\u00e2n t\u00fai, t\u1ea1o n\u00ean v\u1ebb \u0111\u1eb9p c\u1ed5 \u0111i\u1ec3n v\u00e0 \u0111\u1ea7y cu\u1ed1n h\u00fat.<\/p>\n<\/li>\n<\/ul>\n<h3 data-path-to-node=\"6\"><b data-path-to-node=\"6\" data-index-in-node=\"0\">Nh\u1eefng Chi Ti\u1ebft &#8220;Bi\u1ebft N\u00f3i&#8221;<\/b><\/h3>\n<p data-path-to-node=\"7\">M\u1ed7i chi ti\u1ebft tr\u00ean t\u00fai \u0111\u1ec1u l\u00e0 m\u1ed9t c\u00e2u chuy\u1ec7n th\u00fa v\u1ecb v\u1ec1 gi\u1ea3i \u0111\u1ea5u m\u00e0 m\u1ecdi golfer \u0111\u1ec1u khao kh\u00e1t:<\/p>\n<ul data-path-to-node=\"8\">\n<li>\n<p data-path-to-node=\"8,0,0\"><b data-path-to-node=\"8,0,0\" data-index-in-node=\"0\">Caddie Badge #26:<\/b> Mi\u1ebfng patch mang s\u1ed1 &#8220;26&#8221; t\u00e1i hi\u1ec7n chi\u1ebfc ph\u00f9 hi\u1ec7u \u0111\u1eb7c tr\u01b0ng c\u1ee7a c\u00e1c caddie trong m\u00f9a gi\u1ea3i 2026.<\/p>\n<\/li>\n<li>\n<p data-path-to-node=\"8,1,0\"><b data-path-to-node=\"8,1,0\" data-index-in-node=\"0\">Th\u00f4ng \u0111i\u1ec7p &#8220;No Phones&#8221;:<\/b> Bi\u1ec3u t\u01b0\u1ee3ng \u0111i\u1ec7n tho\u1ea1i quay s\u1ed1 c\u1ed5 \u0111i\u1ec3n t\u1ea1i t\u00fai tr\u01b0\u1edbc nh\u1eafc nh\u1edb v\u1ec1 quy \u0111\u1ecbnh truy\u1ec1n th\u1ed1ng nghi\u00eam ng\u1eb7t: &#8220;T\u1ea1m r\u1eddi xa c\u00f4ng ngh\u1ec7 \u0111\u1ec3 t\u1eadn h\u01b0\u1edfng cu\u1ed9c ch\u01a1i&#8221;.<\/p>\n<\/li>\n<li>\n<p data-path-to-node=\"8,2,0\"><b data-path-to-node=\"8,2,0\" data-index-in-node=\"0\">D\u1ea5u \u1ea5n Georgia:<\/b> Bi\u1ec3n s\u1ed1 xe bang Georgia v\u1edbi d\u00f2ng ch\u1eef <b data-path-to-node=\"8,2,0\" data-index-in-node=\"53\">&#8220;TMADE26&#8221;<\/b> \u1edf m\u1eb7t sau kh\u1eb3ng \u0111\u1ecbnh t\u00ednh \u0111\u1ed9c b\u1ea3n v\u00e0 gi\u00e1 tr\u1ecb s\u01b0u t\u1ea7m c\u1ee7a s\u1ea3n ph\u1ea9m.<\/p>\n<\/li>\n<\/ul>\n<h3 data-path-to-node=\"9\"><b data-path-to-node=\"9\" data-index-in-node=\"0\">Ch\u1ea5t L\u01b0\u1ee3ng Th\u1ee7 C\u00f4ng Cao C\u1ea5p<\/b><\/h3>\n<ul data-path-to-node=\"10\">\n<li>\n<p data-path-to-node=\"10,0,0\">\u0110\u01b0\u1ee3c ch\u1ebf t\u00e1c t\u1eeb nh\u1eefng v\u1eadt li\u1ec7u th\u01b0\u1ee3ng h\u1ea1ng, \u0111\u1ea3m b\u1ea3o \u0111\u1ed9 b\u1ec1n b\u1ec9 trong m\u1ecdi \u0111i\u1ec1u ki\u1ec7n th\u1eddi ti\u1ebft.<\/p>\n<\/li>\n<li>\n<p data-path-to-node=\"10,1,0\">H\u1ec7 th\u1ed1ng ng\u0103n ch\u1ee9a th\u00f4ng minh v\u1edbi l\u1edbp l\u00f3t h\u1ecda ti\u1ebft \u0111\u1ed9c quy\u1ec1n, b\u1ea3o v\u1ec7 t\u1ed1i \u01b0u cho c\u00e1c d\u00f2ng g\u1eady c\u00f4ng ngh\u1ec7 cao nh\u01b0 Qi10.<\/p>\n<\/li>\n<\/ul>\n<p data-path-to-node=\"11\"><b data-path-to-node=\"11\" data-index-in-node=\"0\">Season Opener Staff Bag 2026<\/b> kh\u00f4ng ch\u1ec9 l\u00e0 trang b\u1ecb thi \u0111\u1ea5u, m\u00e0 l\u00e0 ni\u1ec1m t\u1ef1 h\u00e0o c\u1ee7a m\u1ed7i golfer khi b\u01b0\u1edbc ra s\u00e2n trong nh\u1eefng ng\u00e0y th\u00e1ng 4 l\u1ecbch s\u1eed.<\/p>","protected":false},"excerpt":{"rendered":"<p>SEASON OPENER STAFF BAG 2026: DI S\u1ea2N M\u00d9A XU\u00c2N T\u1ea0I AUGUSTA Ch\u00e0o \u0111\u00f3n m\u00f9a gi\u1ea3i Major \u0111\u1ea7u ti\u00ean trong n\u0103m t\u1ea1i Augusta, Georgia, TaylorMade t\u1ef1 h\u00e0o gi\u1edbi thi\u1ec7u phi\u00ean b\u1ea3n gi\u1edbi h\u1ea1n Season Opener Staff Bag 2026. Kh\u00f4ng ch\u1ec9 l\u00e0 m\u1ed9t chi\u1ebfc t\u00fai g\u1eady, \u0111\u00e2y l\u00e0 m\u1ed9t t\u00e1c ph\u1ea9m ngh\u1ec7 thu\u1eadt t\u00f4n vinh l\u1ecbch s\u1eed [&hellip;]<\/p>","protected":false},"featured_media":19037,"comment_status":"open","ping_status":"closed","template":"","meta":{"_acf_changed":false,"site-sidebar-layout":"default","site-content-layout":"","ast-site-content-layout":"default","site-content-style":"default","site-sidebar-style":"default","ast-global-header-display":"","ast-banner-title-visibility":"","ast-main-header-display":"","ast-hfb-above-header-display":"","ast-hfb-below-header-display":"","ast-hfb-mobile-header-display":"","site-post-title":"","ast-breadcrumbs-content":"","ast-featured-img":"","footer-sml-layout":"","theme-transparent-header-meta":"default","adv-header-id-meta":"","stick-header-meta":"default","header-above-stick-meta":"","header-main-stick-meta":"","header-below-stick-meta":"","astra-migrate-meta-layouts":"set","ast-page-background-enabled":"default","ast-page-background-meta":{"desktop":{"background-color":"","background-image":"","background-repeat":"repeat","background-position":"center center","background-size":"auto","background-attachment":"scroll","background-type":"","background-media":"","overlay-type":"","overlay-color":"","overlay-opacity":"","overlay-gradient":""},"tablet":{"background-color":"","background-image":"","background-repeat":"repeat","background-position":"center center","background-size":"auto","background-attachment":"scroll","background-type":"","background-media":"","overlay-type":"","overlay-color":"","overlay-opacity":"","overlay-gradient":""},"mobile":{"background-color":"","background-image":"","background-repeat":"repeat","background-position":"center center","background-size":"auto","background-attachment":"scroll","background-type":"","background-media":"","overlay-type":"","overlay-color":"","overlay-opacity":"","overlay-gradient":""}},"ast-content-background-meta":{"desktop":{"background-color":"var(--ast-global-color-5)","background-image":"","background-repeat":"repeat","background-position":"center center","background-size":"auto","background-attachment":"scroll","background-type":"","background-media":"","overlay-type":"","overlay-color":"","overlay-opacity":"","overlay-gradient":""},"tablet":{"background-color":"var(--ast-global-color-5)","background-image":"","background-repeat":"repeat","background-position":"center center","background-size":"auto","background-attachment":"scroll","background-type":"","background-media":"","overlay-type":"","overlay-color":"","overlay-opacity":"","overlay-gradient":""},"mobile":{"background-color":"var(--ast-global-color-5)","background-image":"","background-repeat":"repeat","background-position":"center center","background-size":"auto","background-attachment":"scroll","background-type":"","background-media":"","overlay-type":"","overlay-color":"","overlay-opacity":"","overlay-gradient":""}}},"product_brand":[],"product_cat":[253,92],"product_tag":[],"class_list":{"0":"post-19032","1":"product","2":"type-product","3":"status-publish","4":"has-post-thumbnail","6":"product_cat-tui-taylormade","7":"product_cat-tui-gay","8":"desktop-align-center","9":"tablet-align-center","10":"mobile-align-center","11":"ast-product-gallery-layout-first-image-large","12":"ast-product-tabs-layout-distributed","14":"first","15":"instock","16":"shipping-taxable","17":"product-type-simple"},"acf":[],"_links":{"self":[{"href":"https:\/\/taylormade-golf.vn\/en\/wp-json\/wp\/v2\/product\/19032","targetHints":{"allow":["GET"]}}],"collection":[{"href":"https:\/\/taylormade-golf.vn\/en\/wp-json\/wp\/v2\/product"}],"about":[{"href":"https:\/\/taylormade-golf.vn\/en\/wp-json\/wp\/v2\/types\/product"}],"replies":[{"embeddable":true,"href":"https:\/\/taylormade-golf.vn\/en\/wp-json\/wp\/v2\/comments?post=19032"}],"wp:featuredmedia":[{"embeddable":true,"href":"https:\/\/taylormade-golf.vn\/en\/wp-json\/wp\/v2\/media\/19037"}],"wp:attachment":[{"href":"https:\/\/taylormade-golf.vn\/en\/wp-json\/wp\/v2\/media?parent=19032"}],"wp:term":[{"taxonomy":"product_brand","embeddable":true,"href":"https:\/\/taylormade-golf.vn\/en\/wp-json\/wp\/v2\/product_brand?post=19032"},{"taxonomy":"product_cat","embeddable":true,"href":"https:\/\/taylormade-golf.vn\/en\/wp-json\/wp\/v2\/product_cat?post=19032"},{"taxonomy":"product_tag","embeddable":true,"href":"https:\/\/taylormade-golf.vn\/en\/wp-json\/wp\/v2\/product_tag?post=19032"}],"curies":[{"name":"wp","href":"https:\/\/api.w.org\/{rel}","templated":true}]}}