{"id":19023,"date":"2026-04-07T15:37:53","date_gmt":"2026-04-07T08:37:53","guid":{"rendered":"https:\/\/taylormade-golf.vn\/?post_type=product&#038;p=19023"},"modified":"2026-04-07T15:37:54","modified_gmt":"2026-04-07T08:37:54","slug":"bo-dau-boc-gay-golf-master-nam","status":"publish","type":"product","link":"https:\/\/taylormade-golf.vn\/en\/product\/bo-dau-boc-gay-golf-master-nam\/","title":{"rendered":"B\u1ed9 \u0110\u1ea7u B\u1ecdc G\u1eady Golf MASTER Nam"},"content":{"rendered":"<h2 data-start=\"141\" data-end=\"600\">Season Opener Headcovers<\/h2>\n<div class=\"flex flex-col text-sm pb-25\">\n<section class=\"text-token-text-primary w-full focus:outline-none [--shadow-height:45px] has-data-writing-block:pointer-events-none has-data-writing-block:-mt-(--shadow-height) has-data-writing-block:pt-(--shadow-height) [&amp;:has([data-writing-block])&gt;*]:pointer-events-auto scroll-mt-[calc(var(--header-height)+min(200px,max(70px,20svh)))]\" dir=\"auto\" data-turn-id=\"request-WEB:988d2173-e399-48a4-9bbd-a1b84ee10fa1-23\" data-testid=\"conversation-turn-2\" data-scroll-anchor=\"true\" data-turn=\"assistant\">\n<div class=\"text-base my-auto mx-auto pb-10 [--thread-content-margin:var(--thread-content-margin-xs,calc(var(--spacing)*4))] @w-sm\/main:[--thread-content-margin:var(--thread-content-margin-sm,calc(var(--spacing)*6))] @w-lg\/main:[--thread-content-margin:var(--thread-content-margin-lg,calc(var(--spacing)*16))] px-(--thread-content-margin)\">\n<div class=\"[--thread-content-max-width:40rem] @w-lg\/main:[--thread-content-max-width:48rem] mx-auto max-w-(--thread-content-max-width) flex-1 group\/turn-messages focus-visible:outline-hidden relative flex w-full min-w-0 flex-col agent-turn\">\n<div class=\"flex max-w-full flex-col gap-4 grow\">\n<div class=\"min-h-8 text-message relative flex w-full flex-col items-end gap-2 text-start break-words whitespace-normal outline-none keyboard-focused:focus-ring [.text-message+&amp;]:mt-1\" dir=\"auto\" tabindex=\"0\" data-message-author-role=\"assistant\" data-message-id=\"5667e1a7-a43a-461f-bd73-2b92748bb54d\" data-message-model-slug=\"gpt-5-3\" data-turn-start-message=\"true\">\n<div class=\"flex w-full flex-col gap-1 empty:hidden\">\n<div class=\"markdown prose dark:prose-invert w-full wrap-break-word light markdown-new-styling\">\n<p data-start=\"75\" data-end=\"324\">M\u00f9a xu\u00e2n \u2013 th\u1eddi kh\u1eafc r\u1ef1c r\u1ee1 v\u00e0 tr\u00e0n \u0111\u1ea7y s\u1ee9c s\u1ed1ng nh\u1ea5t trong n\u0103m \u2013 \u0111\u01b0\u1ee3c t\u00e1i hi\u1ec7n \u0111\u1ea7y \u1ea5n t\u01b0\u1ee3ng qua b\u1ed9 headcover Season Opener l\u1ea7n n\u00e0y. Nh\u1eefng gam m\u00e0u h\u1ed3ng, v\u00e0ng, tr\u1eafng v\u00e0 xanh l\u00e1 n\u1ed5i b\u1eadt h\u00f2a quy\u1ec7n, nh\u01b0 l\u1eddi kh\u1eb3ng \u0111\u1ecbnh r\u1eb1ng m\u00f9a xu\u00e2n \u0111\u00e3 ch\u00ednh th\u1ee9c g\u00f5 c\u1eeda.<\/p>\n<p data-start=\"326\" data-end=\"635\">Headcover d\u00e0nh cho g\u1eady wood mang thi\u1ebft k\u1ebf t\u1ed1i gi\u1ea3n nh\u01b0ng tinh t\u1ebf, v\u1edbi n\u1ec1n m\u00e0u h\u1ed3ng, v\u00e0ng v\u00e0 tr\u1eafng, \u0111i\u1ec3m xuy\u1ebft logo TaylorMade m\u00e0u xanh l\u00e1 \u0111\u1ea7y thanh l\u1ecbch. Trong khi \u0111\u00f3, headcover cho putter l\u1ea1i g\u00e2y \u1ea5n t\u01b0\u1ee3ng v\u1edbi h\u1ecda ti\u1ebft hoa h\u1ed3ng v\u00e0 tr\u1eafng n\u1ed5i b\u1eadt tr\u00ean n\u1ec1n xanh l\u00e1 d\u1ecbu nh\u1eb9, g\u1ee3i c\u1ea3m gi\u00e1c t\u01b0\u01a1i m\u1edbi v\u00e0 \u0111\u1ea7y s\u1ee9c s\u1ed1ng.<\/p>\n<p data-start=\"637\" data-end=\"783\" data-is-last-node=\"\" data-is-only-node=\"\">B\u00ean trong m\u1ed7i headcover \u0111\u01b0\u1ee3c l\u00f3t l\u1edbp v\u1ea3i velour m\u00e0u xanh \u0111\u1eadm m\u1ec1m m\u1ea1i, kh\u00f4ng ch\u1ec9 t\u0103ng th\u00eam v\u1ebb sang tr\u1ecdng m\u00e0 c\u00f2n gi\u00fap b\u1ea3o v\u1ec7 t\u1ed1i \u01b0u cho g\u1eady c\u1ee7a b\u1ea1n.<\/p>\n<\/div>\n<\/div>\n<\/div>\n<\/div>\n<\/div>\n<\/div>\n<\/section>\n<\/div>","protected":false},"excerpt":{"rendered":"<p>Season Opener Headcovers M\u00f9a xu\u00e2n \u2013 th\u1eddi kh\u1eafc r\u1ef1c r\u1ee1 v\u00e0 tr\u00e0n \u0111\u1ea7y s\u1ee9c s\u1ed1ng nh\u1ea5t trong n\u0103m \u2013 \u0111\u01b0\u1ee3c t\u00e1i hi\u1ec7n \u0111\u1ea7y \u1ea5n t\u01b0\u1ee3ng qua b\u1ed9 headcover Season Opener l\u1ea7n n\u00e0y. Nh\u1eefng gam m\u00e0u h\u1ed3ng, v\u00e0ng, tr\u1eafng v\u00e0 xanh l\u00e1 n\u1ed5i b\u1eadt h\u00f2a quy\u1ec7n, nh\u01b0 l\u1eddi kh\u1eb3ng \u0111\u1ecbnh r\u1eb1ng m\u00f9a xu\u00e2n \u0111\u00e3 ch\u00ednh th\u1ee9c [&hellip;]<\/p>","protected":false},"featured_media":19024,"comment_status":"open","ping_status":"closed","template":"","meta":{"_acf_changed":false,"site-sidebar-layout":"default","site-content-layout":"","ast-site-content-layout":"default","site-content-style":"default","site-sidebar-style":"default","ast-global-header-display":"","ast-banner-title-visibility":"","ast-main-header-display":"","ast-hfb-above-header-display":"","ast-hfb-below-header-display":"","ast-hfb-mobile-header-display":"","site-post-title":"","ast-breadcrumbs-content":"","ast-featured-img":"","footer-sml-layout":"","theme-transparent-header-meta":"default","adv-header-id-meta":"","stick-header-meta":"default","header-above-stick-meta":"","header-main-stick-meta":"","header-below-stick-meta":"","astra-migrate-meta-layouts":"set","ast-page-background-enabled":"default","ast-page-background-meta":{"desktop":{"background-color":"","background-image":"","background-repeat":"repeat","background-position":"center center","background-size":"auto","background-attachment":"scroll","background-type":"","background-media":"","overlay-type":"","overlay-color":"","overlay-opacity":"","overlay-gradient":""},"tablet":{"background-color":"","background-image":"","background-repeat":"repeat","background-position":"center center","background-size":"auto","background-attachment":"scroll","background-type":"","background-media":"","overlay-type":"","overlay-color":"","overlay-opacity":"","overlay-gradient":""},"mobile":{"background-color":"","background-image":"","background-repeat":"repeat","background-position":"center center","background-size":"auto","background-attachment":"scroll","background-type":"","background-media":"","overlay-type":"","overlay-color":"","overlay-opacity":"","overlay-gradient":""}},"ast-content-background-meta":{"desktop":{"background-color":"var(--ast-global-color-5)","background-image":"","background-repeat":"repeat","background-position":"center center","background-size":"auto","background-attachment":"scroll","background-type":"","background-media":"","overlay-type":"","overlay-color":"","overlay-opacity":"","overlay-gradient":""},"tablet":{"background-color":"var(--ast-global-color-5)","background-image":"","background-repeat":"repeat","background-position":"center center","background-size":"auto","background-attachment":"scroll","background-type":"","background-media":"","overlay-type":"","overlay-color":"","overlay-opacity":"","overlay-gradient":""},"mobile":{"background-color":"var(--ast-global-color-5)","background-image":"","background-repeat":"repeat","background-position":"center center","background-size":"auto","background-attachment":"scroll","background-type":"","background-media":"","overlay-type":"","overlay-color":"","overlay-opacity":"","overlay-gradient":""}}},"product_brand":[],"product_cat":[91,97],"product_tag":[],"class_list":{"0":"post-19023","1":"product","2":"type-product","3":"status-publish","4":"has-post-thumbnail","6":"product_cat-phu-kien","7":"product_cat-dau-boc-gay-gon","8":"desktop-align-center","9":"tablet-align-center","10":"mobile-align-center","11":"ast-product-gallery-layout-first-image-large","12":"ast-product-tabs-layout-distributed","14":"first","15":"instock","16":"shipping-taxable","17":"product-type-simple"},"acf":[],"_links":{"self":[{"href":"https:\/\/taylormade-golf.vn\/en\/wp-json\/wp\/v2\/product\/19023","targetHints":{"allow":["GET"]}}],"collection":[{"href":"https:\/\/taylormade-golf.vn\/en\/wp-json\/wp\/v2\/product"}],"about":[{"href":"https:\/\/taylormade-golf.vn\/en\/wp-json\/wp\/v2\/types\/product"}],"replies":[{"embeddable":true,"href":"https:\/\/taylormade-golf.vn\/en\/wp-json\/wp\/v2\/comments?post=19023"}],"wp:featuredmedia":[{"embeddable":true,"href":"https:\/\/taylormade-golf.vn\/en\/wp-json\/wp\/v2\/media\/19024"}],"wp:attachment":[{"href":"https:\/\/taylormade-golf.vn\/en\/wp-json\/wp\/v2\/media?parent=19023"}],"wp:term":[{"taxonomy":"product_brand","embeddable":true,"href":"https:\/\/taylormade-golf.vn\/en\/wp-json\/wp\/v2\/product_brand?post=19023"},{"taxonomy":"product_cat","embeddable":true,"href":"https:\/\/taylormade-golf.vn\/en\/wp-json\/wp\/v2\/product_cat?post=19023"},{"taxonomy":"product_tag","embeddable":true,"href":"https:\/\/taylormade-golf.vn\/en\/wp-json\/wp\/v2\/product_tag?post=19023"}],"curies":[{"name":"wp","href":"https:\/\/api.w.org\/{rel}","templated":true}]}}