{"id":18910,"date":"2026-01-29T10:22:36","date_gmt":"2026-01-29T03:22:36","guid":{"rendered":"https:\/\/taylormade-golf.vn\/?post_type=product&#038;p=18910"},"modified":"2026-01-29T10:22:37","modified_gmt":"2026-01-29T03:22:37","slug":"qi-max-irons","status":"publish","type":"product","link":"https:\/\/taylormade-golf.vn\/en\/product\/qi-max-irons\/","title":{"rendered":"Qi Max Irons"},"content":{"rendered":"<h3 data-start=\"115\" data-end=\"164\">B\u1ed8 G\u1eacY S\u1eaeT H\u1ed6 TR\u1ee2 NG\u01af\u1edcI CH\u01a0I TO\u00c0N DI\u1ec6N NH\u1ea4T<\/h3>\n<p data-start=\"165\" data-end=\"457\">G\u1eady s\u1eaft <strong data-start=\"173\" data-end=\"183\">Qi Max<\/strong> t\u1ea1o n\u00ean s\u1ef1 c\u00e2n b\u1eb1ng l\u00fd t\u01b0\u1edfng gi\u1eefa <strong data-start=\"218\" data-end=\"247\">kho\u1ea3ng c\u00e1ch v\u00e0 \u0111\u1ed9 \u1ed5n \u0111\u1ecbnh<\/strong> m\u00e0 golfer mong mu\u1ed1n, c\u00f9ng <strong data-start=\"274\" data-end=\"313\">\u00e2m thanh v\u00e0 c\u1ea3m gi\u00e1c \u0111\u00e1nh v\u01b0\u1ee3t tr\u1ed9i<\/strong> tr\u00ean to\u00e0n b\u1ed9 set g\u1eady. V\u1edbi thi\u1ebft k\u1ebf hi\u1ec7n \u0111\u1ea1i, \u0111\u1ea7y c\u1ea3m h\u1ee9ng, Qi Max l\u00e0 b\u1ed9 g\u1eady s\u1eaft h\u1ed7 tr\u1ee3 ng\u01b0\u1eddi ch\u01a1i to\u00e0n di\u1ec7n nh\u1ea5t m\u00e0 TaylorMade t\u1eebng ph\u00e1t tri\u1ec3n.<\/p>\n<hr data-start=\"459\" data-end=\"462\" \/>\n<h3 data-start=\"464\" data-end=\"505\">\u00c2M THANH V\u00c0 C\u1ea2M GI\u00c1C \u0110\u00c1NH V\u01af\u1ee2T TR\u1ed8I<\/h3>\n<p data-start=\"506\" data-end=\"729\">\u0110\u1ed9 \u1ed5n \u0111\u1ecbnh cao mang l\u1ea1i \u00e2m thanh v\u00e0 c\u1ea3m gi\u00e1c \u0111\u00e1nh t\u1ed1t h\u01a1n. Qi Max \u0111\u01b0\u1ee3c trang b\u1ecb <strong data-start=\"586\" data-end=\"612\">thanh \u1ed5n \u0111\u1ecbnh \u00e2m thanh<\/strong> c\u00f9ng <strong data-start=\"618\" data-end=\"641\">ECHO Damper m\u1edf r\u1ed9ng<\/strong>, gi\u00fap gi\u1ea3m rung ch\u1ea5n tr\u00ean to\u00e0n b\u1ed9 \u0111\u1ea7u g\u1eady, mang \u0111\u1ebfn \u00e2m thanh v\u00e0 c\u1ea3m gi\u00e1c \u0111\u00e1nh \u0111\u1eb3ng c\u1ea5p.<\/p>\n<hr data-start=\"731\" data-end=\"734\" \/>\n<h3 data-start=\"736\" data-end=\"770\">KHO\u1ea2NG C\u00c1CH TH\u1eb2NG V\u00c0 \u1ed4N \u0110\u1ecaNH<\/h3>\n<p data-start=\"771\" data-end=\"991\">Qi Max s\u1eed d\u1ee5ng <strong data-start=\"786\" data-end=\"830\">c\u00f4ng ngh\u1ec7 m\u1eb7t g\u1eady \u0111\u01b0\u1ee3c c\u1ea5p b\u1eb1ng s\u00e1ng ch\u1ebf<\/strong>, cho ph\u00e9p to\u00e0n b\u1ed9 m\u1eb7t g\u1eady u\u1ed1n cong \u0111\u1ed3ng \u0111\u1ec1u t\u1ea1i th\u1eddi \u0111i\u1ec3m impact. K\u1ebft qu\u1ea3 l\u00e0 <strong data-start=\"908\" data-end=\"945\">\u0111\u01b0\u1eddng b\u00f3ng th\u1eb3ng h\u01a1n, \u1ed5n \u0111\u1ecbnh h\u01a1n<\/strong>, gi\u00fap golfer c\u00f3 nhi\u1ec1u c\u01a1 h\u1ed9i ti\u1ebfp c\u1eadn c\u1edd h\u01a1n.<\/p>\n<hr data-start=\"993\" data-end=\"996\" \/>\n<h3 data-start=\"998\" data-end=\"1021\">T\u1ed0I \u01afU \u0110\u01af\u1edcNG B\u00d3NG<\/h3>\n<p data-start=\"1022\" data-end=\"1216\">V\u1edbi <strong data-start=\"1026\" data-end=\"1037\">FLTD CG<\/strong>, tr\u1ecdng t\u00e2m \u0111\u01b0\u1ee3c \u0111\u1eb7t <strong data-start=\"1058\" data-end=\"1088\">th\u1ea5p h\u01a1n \u1edf c\u00e1c g\u1eady s\u1eaft d\u00e0i<\/strong> nh\u1eb1m t\u0103ng \u0111\u1ed9 b\u1ed5ng v\u00e0 d\u1ec5 \u0111\u00e1nh, \u0111\u1ed3ng th\u1eddi <strong data-start=\"1129\" data-end=\"1168\">d\u1ecbch d\u1ea7n l\u00ean cao \u1edf c\u00e1c g\u1eady s\u1eaft ng\u1eafn<\/strong> \u0111\u1ec3 n\u00e2ng cao \u0111\u1ed9 ch\u00ednh x\u00e1c v\u00e0 kh\u1ea3 n\u0103ng ki\u1ec3m so\u00e1t.<\/p>\n<hr data-start=\"1218\" data-end=\"1221\" \/>\n<h3 data-start=\"1223\" data-end=\"1259\">THI\u1ebeT K\u1ebe \u0110\u01af\u1ee2C GOLFER \u01afA CHU\u1ed8NG<\/h3>\n<p data-start=\"1260\" data-end=\"1466\">Qi Max s\u1edf h\u1eefu thi\u1ebft k\u1ebf hi\u1ec7n \u0111\u1ea1i theo gu c\u1ee7a ng\u01b0\u1eddi ch\u01a1i, v\u1edbi <strong data-start=\"1320\" data-end=\"1350\">topline m\u1ea3nh t\u1ea1o s\u1ef1 t\u1ef1 tin<\/strong>, <strong data-start=\"1352\" data-end=\"1382\">chi\u1ec1u d\u00e0i m\u1eb7t g\u1eady ng\u1eafn h\u01a1n<\/strong> v\u00e0 <strong data-start=\"1386\" data-end=\"1401\">offset gi\u1ea3m<\/strong>, gi\u00fap ph\u1ea7n \u0111\u1ea7u g\u1eady v\u00e0 c\u1ed5 g\u1eady li\u1ec1n m\u1ea1ch, g\u1ecdn g\u00e0ng v\u00e0 d\u1ec5 v\u00e0o b\u00f3ng.<\/p>","protected":false},"excerpt":{"rendered":"<p>B\u1ed9 g\u1eady s\u1eaft Qi Max t\u1ea1o n\u00ean s\u1ef1 c\u00e2n b\u1eb1ng ho\u00e0n h\u1ea3o gi\u1eefa kho\u1ea3ng c\u00e1ch v\u00e0 \u0111\u1ed9 \u1ed5n \u0111\u1ecbnh m\u00e0 golfer mong mu\u1ed1n, \u0111\u1ed3ng th\u1eddi mang l\u1ea1i \u00e2m thanh v\u00e0 c\u1ea3m gi\u00e1c \u0111\u00e1nh v\u01b0\u1ee3t tr\u1ed9i xuy\u00ean su\u1ed1t b\u1ed9 g\u1eady. \u0110\u01b0\u1ee3c kho\u00e1c l\u00ean thi\u1ebft k\u1ebf hi\u1ec7n \u0111\u1ea1i, \u0111\u1ea7y c\u1ea3m h\u1ee9ng, Qi Max l\u00e0 b\u1ed9 g\u1eady s\u1eaft h\u1ed7 tr\u1ee3 ng\u01b0\u1eddi ch\u01a1i to\u00e0n di\u1ec7n nh\u1ea5t m\u00e0 TaylorMade t\u1eebng ph\u00e1t tri\u1ec3n.<\/p>","protected":false},"featured_media":18911,"comment_status":"open","ping_status":"closed","template":"","meta":{"_acf_changed":false,"site-sidebar-layout":"default","site-content-layout":"","ast-site-content-layout":"default","site-content-style":"default","site-sidebar-style":"default","ast-global-header-display":"","ast-banner-title-visibility":"","ast-main-header-display":"","ast-hfb-above-header-display":"","ast-hfb-below-header-display":"","ast-hfb-mobile-header-display":"","site-post-title":"","ast-breadcrumbs-content":"","ast-featured-img":"","footer-sml-layout":"","theme-transparent-header-meta":"default","adv-header-id-meta":"","stick-header-meta":"default","header-above-stick-meta":"","header-main-stick-meta":"","header-below-stick-meta":"","astra-migrate-meta-layouts":"set","ast-page-background-enabled":"default","ast-page-background-meta":{"desktop":{"background-color":"","background-image":"","background-repeat":"repeat","background-position":"center center","background-size":"auto","background-attachment":"scroll","background-type":"","background-media":"","overlay-type":"","overlay-color":"","overlay-opacity":"","overlay-gradient":""},"tablet":{"background-color":"","background-image":"","background-repeat":"repeat","background-position":"center center","background-size":"auto","background-attachment":"scroll","background-type":"","background-media":"","overlay-type":"","overlay-color":"","overlay-opacity":"","overlay-gradient":""},"mobile":{"background-color":"","background-image":"","background-repeat":"repeat","background-position":"center center","background-size":"auto","background-attachment":"scroll","background-type":"","background-media":"","overlay-type":"","overlay-color":"","overlay-opacity":"","overlay-gradient":""}},"ast-content-background-meta":{"desktop":{"background-color":"var(--ast-global-color-5)","background-image":"","background-repeat":"repeat","background-position":"center center","background-size":"auto","background-attachment":"scroll","background-type":"","background-media":"","overlay-type":"","overlay-color":"","overlay-opacity":"","overlay-gradient":""},"tablet":{"background-color":"var(--ast-global-color-5)","background-image":"","background-repeat":"repeat","background-position":"center center","background-size":"auto","background-attachment":"scroll","background-type":"","background-media":"","overlay-type":"","overlay-color":"","overlay-opacity":"","overlay-gradient":""},"mobile":{"background-color":"var(--ast-global-color-5)","background-image":"","background-repeat":"repeat","background-position":"center center","background-size":"auto","background-attachment":"scroll","background-type":"","background-media":"","overlay-type":"","overlay-color":"","overlay-opacity":"","overlay-gradient":""}}},"product_brand":[],"product_cat":[71,75,554],"product_tag":[],"class_list":{"0":"post-18910","1":"product","2":"type-product","3":"status-publish","4":"has-post-thumbnail","6":"product_cat-gay-gon","7":"product_cat-iron","8":"product_cat-qi4d","9":"desktop-align-center","10":"tablet-align-center","11":"mobile-align-center","12":"ast-product-gallery-layout-first-image-large","13":"ast-product-single-variable","14":"ast-product-tabs-layout-distributed","16":"first","17":"instock","18":"shipping-taxable","19":"purchasable","20":"product-type-variable"},"acf":[],"_links":{"self":[{"href":"https:\/\/taylormade-golf.vn\/en\/wp-json\/wp\/v2\/product\/18910","targetHints":{"allow":["GET"]}}],"collection":[{"href":"https:\/\/taylormade-golf.vn\/en\/wp-json\/wp\/v2\/product"}],"about":[{"href":"https:\/\/taylormade-golf.vn\/en\/wp-json\/wp\/v2\/types\/product"}],"replies":[{"embeddable":true,"href":"https:\/\/taylormade-golf.vn\/en\/wp-json\/wp\/v2\/comments?post=18910"}],"wp:featuredmedia":[{"embeddable":true,"href":"https:\/\/taylormade-golf.vn\/en\/wp-json\/wp\/v2\/media\/18911"}],"wp:attachment":[{"href":"https:\/\/taylormade-golf.vn\/en\/wp-json\/wp\/v2\/media?parent=18910"}],"wp:term":[{"taxonomy":"product_brand","embeddable":true,"href":"https:\/\/taylormade-golf.vn\/en\/wp-json\/wp\/v2\/product_brand?post=18910"},{"taxonomy":"product_cat","embeddable":true,"href":"https:\/\/taylormade-golf.vn\/en\/wp-json\/wp\/v2\/product_cat?post=18910"},{"taxonomy":"product_tag","embeddable":true,"href":"https:\/\/taylormade-golf.vn\/en\/wp-json\/wp\/v2\/product_tag?post=18910"}],"curies":[{"name":"wp","href":"https:\/\/api.w.org\/{rel}","templated":true}]}}