{"id":18902,"date":"2026-01-29T10:04:59","date_gmt":"2026-01-29T03:04:59","guid":{"rendered":"https:\/\/taylormade-golf.vn\/?post_type=product&#038;p=18902"},"modified":"2026-01-29T10:05:00","modified_gmt":"2026-01-29T03:05:00","slug":"qi4d-max-lite-rescue","status":"publish","type":"product","link":"https:\/\/taylormade-golf.vn\/en\/product\/qi4d-max-lite-rescue\/","title":{"rendered":"Qi4D Max Lite Rescue"},"content":{"rendered":"<h3 data-start=\"115\" data-end=\"164\">GI\u1ea2I PH\u00c1P THAY TH\u1ebe HO\u00c0N H\u1ea2O CHO G\u1eacY S\u1eaeT D\u00c0I<\/h3>\n<p data-start=\"165\" data-end=\"435\">H\u00e3y n\u00f3i l\u1eddi t\u1ea1m bi\u1ec7t v\u1edbi nh\u1eefng c\u00fa \u0111\u00e1nh d\u00e0y, m\u1ecfng v\u00e0 thi\u1ebfu \u1ed5n \u0111\u1ecbnh khi s\u1eed d\u1ee5ng g\u1eady s\u1eaft d\u00e0i, v\u00e0 ch\u00e0o \u0111\u00f3n kh\u1ea3 n\u0103ng ch\u01a1i d\u1ec5 d\u00e0ng v\u01b0\u1ee3t tr\u1ed9i c\u00f9ng <strong data-start=\"305\" data-end=\"324\">g\u1eady hybrid Qi4D<\/strong>. V\u1edbi c\u1ea5u tr\u00fac \u0111a v\u1eadt li\u1ec7u v\u00e0 v\u1ecb tr\u00ed tr\u1ecdng t\u00e2m \u0111\u01b0\u1ee3c t\u1ed1i \u01b0u, Qi4D l\u00e0 l\u1ef1a ch\u1ecdn thay th\u1ebf l\u00fd t\u01b0\u1edfng cho g\u1eady s\u1eaft d\u00e0i.<\/p>\n<hr data-start=\"437\" data-end=\"440\" \/>\n<h3 data-start=\"442\" data-end=\"473\">SI\u00caU NH\u1eb8 \u2013 \u0110\u01af\u1edcNG B\u00d3NG CAO<\/h3>\n<p data-start=\"474\" data-end=\"647\">G\u1eady hybrid <strong data-start=\"485\" data-end=\"502\">Qi4D Max Lite<\/strong> s\u1eed d\u1ee5ng <strong data-start=\"511\" data-end=\"546\">\u0111\u1ea7u g\u1eady, shaft v\u00e0 grip nh\u1eb9 nh\u1ea5t<\/strong>, gi\u00fap golfer \u0111\u1ea1t <strong data-start=\"564\" data-end=\"587\">t\u1ed1c \u0111\u1ed9 swing t\u1ed1i \u0111a<\/strong>, t\u1ea1o <strong data-start=\"593\" data-end=\"611\">\u0111\u01b0\u1eddng b\u00f3ng cao<\/strong> v\u00e0 <strong data-start=\"615\" data-end=\"646\">kho\u1ea3ng c\u00e1ch carry v\u01b0\u1ee3t tr\u1ed9i<\/strong>.<\/p>\n<hr data-start=\"649\" data-end=\"652\" \/>\n<h3 data-start=\"654\" data-end=\"687\">\u01afU TH\u1ebe T\u1eea C\u1ea4U TR\u00daC V\u1eacT LI\u1ec6U<\/h3>\n<p data-start=\"688\" data-end=\"858\">Qi4D Max Lite Rescue s\u1eed d\u1ee5ng <strong data-start=\"717\" data-end=\"741\">c\u1ea5u tr\u00fac \u0111a v\u1eadt li\u1ec7u<\/strong>, \u0111\u01b0\u1ee3c thi\u1ebft k\u1ebf \u0111\u1ec3 mang l\u1ea1i <strong data-start=\"769\" data-end=\"809\">c\u1ea3m gi\u00e1c v\u00e0 \u0111\u1ed9 ch\u00ednh x\u00e1c nh\u01b0 g\u1eady s\u1eaft<\/strong>, \u0111\u1ed3ng th\u1eddi t\u1ed1i \u0111a h\u00f3a <strong data-start=\"832\" data-end=\"857\">\u0111\u1ed9 \u1ed5n \u0111\u1ecbnh v\u00e0 d\u1ec5 \u0111\u00e1nh<\/strong>.<\/p>\n<hr data-start=\"860\" data-end=\"863\" \/>\n<h3 data-start=\"865\" data-end=\"896\">PH\u00d9 H\u1ee2P V\u1edaI T\u1eeaNG C\u00da SWING<\/h3>\n<p data-start=\"897\" data-end=\"1018\">Tr\u1ecdng l\u01b0\u1ee3ng \u0111i\u1ec1u ch\u1ec9nh qu\u1ef9 \u0111\u1ea1o <strong data-start=\"928\" data-end=\"934\">4g<\/strong> cho ph\u00e9p tinh ch\u1ec9nh <strong data-start=\"955\" data-end=\"990\">\u0111\u01b0\u1eddng bay, spin v\u00e0 swing weight<\/strong> theo t\u1eebng phong c\u00e1ch swing.<\/p>\n<hr data-start=\"1020\" data-end=\"1023\" \/>\n<h3 data-start=\"1025\" data-end=\"1052\">TR\u1eccNG T\u00c2M \u0110\u01af\u1ee2C T\u1ed0I \u01afU<\/h3>\n<p data-start=\"1053\" data-end=\"1223\">Qi4D Max Lite s\u1edf h\u1eefu <strong data-start=\"1074\" data-end=\"1114\">v\u1ecb tr\u00ed tr\u1ecdng t\u00e2m \u0111\u1eb7t l\u00f9i v\u1ec1 ph\u00eda sau<\/strong>, gi\u00fap t\u0103ng \u0111\u1ed9 \u1ed5n \u0111\u1ecbnh, t\u1ea1o <strong data-start=\"1142\" data-end=\"1153\">MOI cao<\/strong>, h\u1ed7 tr\u1ee3 <strong data-start=\"1162\" data-end=\"1181\">\u0111\u01b0\u1eddng b\u00f3ng b\u1ed5ng<\/strong> v\u00e0 gia t\u0103ng \u0111\u1ed9 \u1ed5n \u0111\u1ecbnh khi \u0111\u00e1nh l\u1ec7ch t\u00e2m.<\/p>\n<hr data-start=\"1225\" data-end=\"1228\" \/>\n<h3 data-start=\"1230\" data-end=\"1274\">C\u00d4NG NGH\u1ec6 \u0110\u00c3 \u0110\u01af\u1ee2C KI\u1ec2M CH\u1ee8NG TR\u00caN TOUR<\/h3>\n<p data-start=\"1275\" data-end=\"1353\">G\u1eady hybrid Qi4D Max Lite \u1ee9ng d\u1ee5ng c\u00e1c c\u00f4ng ngh\u1ec7 TaylorMade \u0111\u00e3 \u0111\u01b0\u1ee3c ki\u1ec3m ch\u1ee9ng:<\/p>\n<ul data-start=\"1355\" data-end=\"1563\">\n<li data-start=\"1355\" data-end=\"1469\">\n<p data-start=\"1357\" data-end=\"1469\"><strong data-start=\"1357\" data-end=\"1390\">Speed Pocket d\u1ea1ng cut-through<\/strong> gi\u00fap gi\u1ea3m spin v\u00e0 duy tr\u00ec t\u1ed1c \u0111\u1ed9 b\u00f3ng \u1edf c\u00e1c c\u00fa \u0111\u00e1nh tr\u00fang th\u1ea5p tr\u00ean m\u1eb7t g\u1eady.<\/p>\n<\/li>\n<li data-start=\"1470\" data-end=\"1563\">\n<p data-start=\"1472\" data-end=\"1563\"><strong data-start=\"1472\" data-end=\"1486\">Twist Face<\/strong> v\u1edbi \u0111\u1ed9 cong hi\u1ec7u ch\u1ec9nh m\u1eb7t g\u1eady gi\u00fap gi\u1ea3m \u0111\u1ed9 ph\u00e2n t\u00e1n b\u00f3ng khi \u0111\u00e1nh l\u1ec7ch t\u00e2m.<\/p>\n<\/li>\n<\/ul>","protected":false},"excerpt":{"rendered":"<p>G\u1eady hybrid Qi4D Max Lite s\u1eed d\u1ee5ng \u0111\u1ea7u g\u1eady, shaft v\u00e0 grip nh\u1eb9 nh\u1ea5t, gi\u00fap golfer \u0111\u1ea1t t\u1ed1c \u0111\u1ed9 swing t\u1ed1i \u0111a, \u0111\u01b0\u1eddng b\u00f3ng cao v\u00e0 kho\u1ea3ng c\u00e1ch carry v\u01b0\u1ee3t tr\u1ed9i.<\/p>","protected":false},"featured_media":18903,"comment_status":"open","ping_status":"closed","template":"","meta":{"_acf_changed":false,"site-sidebar-layout":"default","site-content-layout":"","ast-site-content-layout":"default","site-content-style":"default","site-sidebar-style":"default","ast-global-header-display":"","ast-banner-title-visibility":"","ast-main-header-display":"","ast-hfb-above-header-display":"","ast-hfb-below-header-display":"","ast-hfb-mobile-header-display":"","site-post-title":"","ast-breadcrumbs-content":"","ast-featured-img":"","footer-sml-layout":"","theme-transparent-header-meta":"default","adv-header-id-meta":"","stick-header-meta":"default","header-above-stick-meta":"","header-main-stick-meta":"","header-below-stick-meta":"","astra-migrate-meta-layouts":"set","ast-page-background-enabled":"default","ast-page-background-meta":{"desktop":{"background-color":"","background-image":"","background-repeat":"repeat","background-position":"center center","background-size":"auto","background-attachment":"scroll","background-type":"","background-media":"","overlay-type":"","overlay-color":"","overlay-opacity":"","overlay-gradient":""},"tablet":{"background-color":"","background-image":"","background-repeat":"repeat","background-position":"center center","background-size":"auto","background-attachment":"scroll","background-type":"","background-media":"","overlay-type":"","overlay-color":"","overlay-opacity":"","overlay-gradient":""},"mobile":{"background-color":"","background-image":"","background-repeat":"repeat","background-position":"center center","background-size":"auto","background-attachment":"scroll","background-type":"","background-media":"","overlay-type":"","overlay-color":"","overlay-opacity":"","overlay-gradient":""}},"ast-content-background-meta":{"desktop":{"background-color":"var(--ast-global-color-5)","background-image":"","background-repeat":"repeat","background-position":"center center","background-size":"auto","background-attachment":"scroll","background-type":"","background-media":"","overlay-type":"","overlay-color":"","overlay-opacity":"","overlay-gradient":""},"tablet":{"background-color":"var(--ast-global-color-5)","background-image":"","background-repeat":"repeat","background-position":"center center","background-size":"auto","background-attachment":"scroll","background-type":"","background-media":"","overlay-type":"","overlay-color":"","overlay-opacity":"","overlay-gradient":""},"mobile":{"background-color":"var(--ast-global-color-5)","background-image":"","background-repeat":"repeat","background-position":"center center","background-size":"auto","background-attachment":"scroll","background-type":"","background-media":"","overlay-type":"","overlay-color":"","overlay-opacity":"","overlay-gradient":""}}},"product_brand":[],"product_cat":[71,74,554],"product_tag":[],"class_list":{"0":"post-18902","1":"product","2":"type-product","3":"status-publish","4":"has-post-thumbnail","6":"product_cat-gay-gon","7":"product_cat-hybrid","8":"product_cat-qi4d","9":"desktop-align-center","10":"tablet-align-center","11":"mobile-align-center","12":"ast-product-gallery-layout-first-image-large","13":"ast-product-single-variable","14":"ast-product-tabs-layout-distributed","16":"first","17":"instock","18":"shipping-taxable","19":"purchasable","20":"product-type-variable"},"acf":[],"_links":{"self":[{"href":"https:\/\/taylormade-golf.vn\/en\/wp-json\/wp\/v2\/product\/18902","targetHints":{"allow":["GET"]}}],"collection":[{"href":"https:\/\/taylormade-golf.vn\/en\/wp-json\/wp\/v2\/product"}],"about":[{"href":"https:\/\/taylormade-golf.vn\/en\/wp-json\/wp\/v2\/types\/product"}],"replies":[{"embeddable":true,"href":"https:\/\/taylormade-golf.vn\/en\/wp-json\/wp\/v2\/comments?post=18902"}],"wp:featuredmedia":[{"embeddable":true,"href":"https:\/\/taylormade-golf.vn\/en\/wp-json\/wp\/v2\/media\/18903"}],"wp:attachment":[{"href":"https:\/\/taylormade-golf.vn\/en\/wp-json\/wp\/v2\/media?parent=18902"}],"wp:term":[{"taxonomy":"product_brand","embeddable":true,"href":"https:\/\/taylormade-golf.vn\/en\/wp-json\/wp\/v2\/product_brand?post=18902"},{"taxonomy":"product_cat","embeddable":true,"href":"https:\/\/taylormade-golf.vn\/en\/wp-json\/wp\/v2\/product_cat?post=18902"},{"taxonomy":"product_tag","embeddable":true,"href":"https:\/\/taylormade-golf.vn\/en\/wp-json\/wp\/v2\/product_tag?post=18902"}],"curies":[{"name":"wp","href":"https:\/\/api.w.org\/{rel}","templated":true}]}}