{"id":18866,"date":"2026-01-29T09:42:56","date_gmt":"2026-01-29T02:42:56","guid":{"rendered":"https:\/\/taylormade-golf.vn\/?post_type=product&#038;p=18866"},"modified":"2026-01-29T09:42:56","modified_gmt":"2026-01-29T02:42:56","slug":"qi4d-rescue","status":"publish","type":"product","link":"https:\/\/taylormade-golf.vn\/en\/product\/qi4d-rescue\/","title":{"rendered":"Qi4D Rescue"},"content":{"rendered":"<h3 data-start=\"139\" data-end=\"188\">GI\u1ea2I PH\u00c1P THAY TH\u1ebe HO\u00c0N H\u1ea2O CHO G\u1eacY S\u1eaeT D\u00c0I<\/h3>\n<p data-start=\"189\" data-end=\"459\">H\u00e3y n\u00f3i l\u1eddi t\u1ea1m bi\u1ec7t v\u1edbi nh\u1eefng c\u00fa \u0111\u00e1nh d\u00e0y, m\u1ecfng v\u00e0 thi\u1ebfu \u1ed5n \u0111\u1ecbnh khi s\u1eed d\u1ee5ng g\u1eady s\u1eaft d\u00e0i, v\u00e0 ch\u00e0o \u0111\u00f3n kh\u1ea3 n\u0103ng ch\u01a1i d\u1ec5 d\u00e0ng v\u01b0\u1ee3t tr\u1ed9i c\u00f9ng <strong data-start=\"329\" data-end=\"348\">g\u1eady hybrid Qi4D<\/strong>. V\u1edbi c\u1ea5u tr\u00fac \u0111a v\u1eadt li\u1ec7u v\u00e0 v\u1ecb tr\u00ed tr\u1ecdng t\u00e2m \u0111\u01b0\u1ee3c t\u1ed1i \u01b0u, Qi4D l\u00e0 l\u1ef1a ch\u1ecdn thay th\u1ebf ho\u00e0n h\u1ea3o cho g\u1eady s\u1eaft d\u00e0i.<\/p>\n<hr data-start=\"461\" data-end=\"464\" \/>\n<h3 data-start=\"466\" data-end=\"490\">\u01afU TH\u1ebe T\u1eea V\u1eacT LI\u1ec6U<\/h3>\n<p data-start=\"491\" data-end=\"693\">G\u1eady hybrid Qi4D k\u1ebft h\u1ee3p <strong data-start=\"515\" data-end=\"536\">th\u00e9p kh\u00f4ng g\u1ec9 450<\/strong> v\u00e0 <strong data-start=\"540\" data-end=\"574\">ph\u1ea7n crown s\u1ee3i carbon si\u00eau nh\u1eb9<\/strong>, gi\u00fap golfer \u0111\u1ea1t \u0111\u01b0\u1ee3c <strong data-start=\"597\" data-end=\"626\">kho\u1ea3ng c\u00e1ch carry \u1ed5n \u0111\u1ecbnh<\/strong>, \u0111\u1ed3ng th\u1eddi t\u1ea1o <strong data-start=\"642\" data-end=\"657\">g\u00f3c r\u01a1i d\u1ed1c<\/strong>, h\u1ed7 tr\u1ee3 b\u00f3ng d\u1eebng nhanh tr\u00ean green.<\/p>\n<hr data-start=\"695\" data-end=\"698\" \/>\n<h3 data-start=\"700\" data-end=\"731\">PH\u00d9 H\u1ee2P V\u1edaI T\u1eeaNG C\u00da SWING<\/h3>\n<p data-start=\"732\" data-end=\"847\">Tr\u1ecdng l\u01b0\u1ee3ng \u0111i\u1ec1u ch\u1ec9nh qu\u1ef9 \u0111\u1ea1o <strong data-start=\"763\" data-end=\"769\">8g<\/strong> cho ph\u00e9p tinh ch\u1ec9nh <strong data-start=\"790\" data-end=\"825\">\u0111\u01b0\u1eddng bay, spin v\u00e0 swing weight<\/strong> theo t\u1eebng ki\u1ec3u swing.<\/p>\n<p data-start=\"849\" data-end=\"961\">\u1ed0ng ch\u1ec9nh <strong data-start=\"859\" data-end=\"872\">loft 3 \u0111\u1ed9<\/strong> gi\u00fap \u0111i\u1ec1u ch\u1ec9nh <strong data-start=\"889\" data-end=\"921\">loft, g\u00f3c lie v\u00e0 g\u00f3c m\u1eb7t g\u1eady<\/strong>, mang l\u1ea1i kh\u1ea3 n\u0103ng c\u00e1 nh\u00e2n h\u00f3a cao h\u01a1n.<\/p>\n<hr data-start=\"963\" data-end=\"966\" \/>\n<h3 data-start=\"968\" data-end=\"995\">TR\u1eccNG T\u00c2M \u0110\u01af\u1ee2C T\u1ed0I \u01afU<\/h3>\n<p data-start=\"996\" data-end=\"1164\">Qi4D s\u1edf h\u1eefu <strong data-start=\"1008\" data-end=\"1037\">v\u1ecb tr\u00ed tr\u1ecdng t\u00e2m c\u00e2n b\u1eb1ng<\/strong>, gi\u00fap t\u1ed1i \u01b0u \u0111\u01b0\u1eddng b\u00f3ng v\u00e0 kh\u1ea3 n\u0103ng ki\u1ec3m so\u00e1t, mang l\u1ea1i <strong data-start=\"1094\" data-end=\"1122\">\u0111\u1ed9 ch\u00ednh x\u00e1c nh\u01b0 g\u1eady s\u1eaft<\/strong> nh\u01b0ng v\u1eabn gi\u1eef \u0111\u01b0\u1ee3c s\u1ef1 d\u1ec5 \u0111\u00e1nh c\u1ee7a hybrid.<\/p>\n<hr data-start=\"1166\" data-end=\"1169\" \/>\n<h3 data-start=\"1171\" data-end=\"1215\">C\u00d4NG NGH\u1ec6 \u0110\u00c3 \u0110\u01af\u1ee2C KI\u1ec2M CH\u1ee8NG TR\u00caN TOUR<\/h3>\n<p data-start=\"1216\" data-end=\"1285\">G\u1eady hybrid Qi4D \u1ee9ng d\u1ee5ng c\u00e1c c\u00f4ng ngh\u1ec7 TaylorMade \u0111\u00e3 \u0111\u01b0\u1ee3c ki\u1ec3m ch\u1ee9ng:<\/p>\n<ul data-start=\"1287\" data-end=\"1495\">\n<li data-start=\"1287\" data-end=\"1401\">\n<p data-start=\"1289\" data-end=\"1401\"><strong data-start=\"1289\" data-end=\"1322\">Speed Pocket d\u1ea1ng cut-through<\/strong> gi\u00fap gi\u1ea3m spin v\u00e0 duy tr\u00ec t\u1ed1c \u0111\u1ed9 b\u00f3ng \u1edf c\u00e1c c\u00fa \u0111\u00e1nh tr\u00fang th\u1ea5p tr\u00ean m\u1eb7t g\u1eady.<\/p>\n<\/li>\n<li data-start=\"1402\" data-end=\"1495\">\n<p data-start=\"1404\" data-end=\"1495\"><strong data-start=\"1404\" data-end=\"1418\">Twist Face<\/strong> v\u1edbi \u0111\u1ed9 cong hi\u1ec7u ch\u1ec9nh m\u1eb7t g\u1eady gi\u00fap gi\u1ea3m \u0111\u1ed9 ph\u00e2n t\u00e1n b\u00f3ng khi \u0111\u00e1nh l\u1ec7ch t\u00e2m.<\/p>\n<\/li>\n<\/ul>","protected":false},"excerpt":{"rendered":"<p data-start=\"88\" data-end=\"302\">G\u1eady hybrid Qi4D k\u1ebft h\u1ee3p th\u00e9p kh\u00f4ng g\u1ec9 450 v\u00e0 ph\u1ea7n crown s\u1ee3i carbon si\u00eau nh\u1eb9, t\u1ea1o n\u00ean thi\u1ebft k\u1ebf gi\u00fap golfer ki\u1ec3m so\u00e1t \u1ed5n \u0111\u1ecbnh kho\u1ea3ng c\u00e1ch carry mong mu\u1ed1n, \u0111\u1ed3ng th\u1eddi duy tr\u00ec g\u00f3c r\u01a1i d\u1ed1c \u0111\u1ec3 b\u00f3ng d\u1ec5 d\u1eebng tr\u00ean green.<\/p>\n<p data-start=\"304\" data-end=\"430\" data-is-last-node=\"\" data-is-only-node=\"\">","protected":false},"featured_media":18867,"comment_status":"open","ping_status":"closed","template":"","meta":{"_acf_changed":false,"site-sidebar-layout":"default","site-content-layout":"","ast-site-content-layout":"default","site-content-style":"default","site-sidebar-style":"default","ast-global-header-display":"","ast-banner-title-visibility":"","ast-main-header-display":"","ast-hfb-above-header-display":"","ast-hfb-below-header-display":"","ast-hfb-mobile-header-display":"","site-post-title":"","ast-breadcrumbs-content":"","ast-featured-img":"","footer-sml-layout":"","theme-transparent-header-meta":"default","adv-header-id-meta":"","stick-header-meta":"default","header-above-stick-meta":"","header-main-stick-meta":"","header-below-stick-meta":"","astra-migrate-meta-layouts":"set","ast-page-background-enabled":"default","ast-page-background-meta":{"desktop":{"background-color":"","background-image":"","background-repeat":"repeat","background-position":"center center","background-size":"auto","background-attachment":"scroll","background-type":"","background-media":"","overlay-type":"","overlay-color":"","overlay-opacity":"","overlay-gradient":""},"tablet":{"background-color":"","background-image":"","background-repeat":"repeat","background-position":"center center","background-size":"auto","background-attachment":"scroll","background-type":"","background-media":"","overlay-type":"","overlay-color":"","overlay-opacity":"","overlay-gradient":""},"mobile":{"background-color":"","background-image":"","background-repeat":"repeat","background-position":"center center","background-size":"auto","background-attachment":"scroll","background-type":"","background-media":"","overlay-type":"","overlay-color":"","overlay-opacity":"","overlay-gradient":""}},"ast-content-background-meta":{"desktop":{"background-color":"var(--ast-global-color-5)","background-image":"","background-repeat":"repeat","background-position":"center center","background-size":"auto","background-attachment":"scroll","background-type":"","background-media":"","overlay-type":"","overlay-color":"","overlay-opacity":"","overlay-gradient":""},"tablet":{"background-color":"var(--ast-global-color-5)","background-image":"","background-repeat":"repeat","background-position":"center center","background-size":"auto","background-attachment":"scroll","background-type":"","background-media":"","overlay-type":"","overlay-color":"","overlay-opacity":"","overlay-gradient":""},"mobile":{"background-color":"var(--ast-global-color-5)","background-image":"","background-repeat":"repeat","background-position":"center center","background-size":"auto","background-attachment":"scroll","background-type":"","background-media":"","overlay-type":"","overlay-color":"","overlay-opacity":"","overlay-gradient":""}}},"product_brand":[],"product_cat":[71,74,554],"product_tag":[],"class_list":{"0":"post-18866","1":"product","2":"type-product","3":"status-publish","4":"has-post-thumbnail","6":"product_cat-gay-gon","7":"product_cat-hybrid","8":"product_cat-qi4d","9":"desktop-align-center","10":"tablet-align-center","11":"mobile-align-center","12":"ast-product-gallery-layout-first-image-large","13":"ast-product-single-variable","14":"ast-product-tabs-layout-distributed","16":"first","17":"instock","18":"shipping-taxable","19":"purchasable","20":"product-type-variable"},"acf":[],"_links":{"self":[{"href":"https:\/\/taylormade-golf.vn\/en\/wp-json\/wp\/v2\/product\/18866","targetHints":{"allow":["GET"]}}],"collection":[{"href":"https:\/\/taylormade-golf.vn\/en\/wp-json\/wp\/v2\/product"}],"about":[{"href":"https:\/\/taylormade-golf.vn\/en\/wp-json\/wp\/v2\/types\/product"}],"replies":[{"embeddable":true,"href":"https:\/\/taylormade-golf.vn\/en\/wp-json\/wp\/v2\/comments?post=18866"}],"wp:featuredmedia":[{"embeddable":true,"href":"https:\/\/taylormade-golf.vn\/en\/wp-json\/wp\/v2\/media\/18867"}],"wp:attachment":[{"href":"https:\/\/taylormade-golf.vn\/en\/wp-json\/wp\/v2\/media?parent=18866"}],"wp:term":[{"taxonomy":"product_brand","embeddable":true,"href":"https:\/\/taylormade-golf.vn\/en\/wp-json\/wp\/v2\/product_brand?post=18866"},{"taxonomy":"product_cat","embeddable":true,"href":"https:\/\/taylormade-golf.vn\/en\/wp-json\/wp\/v2\/product_cat?post=18866"},{"taxonomy":"product_tag","embeddable":true,"href":"https:\/\/taylormade-golf.vn\/en\/wp-json\/wp\/v2\/product_tag?post=18866"}],"curies":[{"name":"wp","href":"https:\/\/api.w.org\/{rel}","templated":true}]}}